{"id":7536,"date":"2026-04-16T12:04:19","date_gmt":"2026-04-16T04:04:19","guid":{"rendered":"https:\/\/www.medical-sponge.com\/conjunto-de-esponjas-veterinarias-com-cobertura-de-pu\/"},"modified":"2026-04-16T12:04:19","modified_gmt":"2026-04-16T04:04:19","slug":"conjunto-de-esponjas-veterinarias-com-cobertura-de-pu","status":"publish","type":"product","link":"https:\/\/www.medical-sponge.com\/pt-br\/product\/conjunto-de-esponjas-veterinarias-com-cobertura-de-pu\/","title":{"rendered":"Conjunto de esponjas veterin\u00e1rias com cobertura de PU"},"content":{"rendered":"<h2>Projetado para conforto, suporte e higiene<\/h2>\n<p>Este conjunto de esponjas de posicionamento veterin\u00e1rio com cobertura de PU foi desenvolvido para apoiar os pacientes animais com seguran\u00e7a e conforto durante a cirurgia. O n\u00facleo de espuma leve proporciona firmeza sem peso excessivo, enquanto a cobertura de PU cria uma camada externa mais suave e dur\u00e1vel do que as esponjas de posicionamento tradicionais cobertas por tecido. <\/p>\n<p>A superf\u00edcie n\u00e3o porosa ajuda a reduzir a absor\u00e7\u00e3o de fluidos e facilita a limpeza p\u00f3s-procedimento. Com costura completa em toda a capa, o conjunto foi desenvolvido para uso cl\u00ednico repetido, mantendo um alto padr\u00e3o de higiene. <\/p>\n<h2>O conjunto de esponjas veterin\u00e1rias com cobertura de PU inclui<\/h2>\n<table>\n<tbody>\n<tr>\n<td>N\u00famero do modelo<\/td>\n<td>Nome do produto<\/td>\n<td>Tamanho (cm)<\/td>\n<\/tr>\n<tr>\n<td>MFL2F02C<\/td>\n<td>Suporte de cabe\u00e7a de calha em forma de V revestido de PU<\/td>\n<td>38.10 \u00d7 35.56 \u00d7 17.15<\/td>\n<\/tr>\n<tr>\n<td>MFL2F03C<\/td>\n<td>Esponja de refor\u00e7o da cunha espinhal de 45\u00b0 com cobertura de PU<\/td>\n<td>53.34 \u00d7 17.78 \u00d7 17.78<\/td>\n<\/tr>\n<tr>\n<td>MFL2F04C<\/td>\n<td>Esponja em cunha de 15\u00b0 com cobertura de PU<\/td>\n<td>25.40 \u00d7 17.78 \u00d7 5.08<\/td>\n<\/tr>\n<tr>\n<td>MFL2F05C<\/td>\n<td>Esponja retangular com cobertura de PU<\/td>\n<td>15.24 \u00d7 10.16 \u00d7 5.08<\/td>\n<\/tr>\n<tr>\n<td>MFL2F06C<\/td>\n<td>Esponja retangular com cobertura de PU<\/td>\n<td>15.24 \u00d7 10.16 \u00d7 2.54<\/td>\n<\/tr>\n<\/tbody>\n<\/table>\n<h2>Mais op\u00e7\u00f5es de tamanho dispon\u00edveis<\/h2>\n<p>Para atender a diferentes requisitos de posicionamento de animais, h\u00e1 tamanhos adicionais dispon\u00edveis:<\/p>\n<table>\n<tbody>\n<tr>\n<td>N\u00famero do modelo<\/td>\n<td>Nome do produto<\/td>\n<td>Tamanho (cm)<\/td>\n<\/tr>\n<tr>\n<td>MFL2F02C-1<\/td>\n<td>Suporte para cabe\u00e7ote de calha em forma de V revestido de PU<\/td>\n<td>60 \u00d7 45 \u00d7 30<\/td>\n<\/tr>\n<tr>\n<td>MFL2F04C-1<\/td>\n<td>Esponja em cunha com cobertura de PU<\/td>\n<td>40 \u00d7 30 \u00d7 8<\/td>\n<\/tr>\n<tr>\n<td>MFL2F04C-2<\/td>\n<td>Esponja em cunha com cobertura de PU<\/td>\n<td>40 \u00d7 30 \u00d7 17<\/td>\n<\/tr>\n<tr>\n<td>MFL2F04C-3<\/td>\n<td>Esponja em cunha com cobertura de PU<\/td>\n<td>40 \u00d7 30 \u00d7 30<\/td>\n<\/tr>\n<tr>\n<td>MFL2F05C-S<\/td>\n<td>Esponja retangular revestida com PU<\/td>\n<td>30 \u00d7 20 \u00d7 10<\/td>\n<\/tr>\n<tr>\n<td>MFL2F05C-L<\/td>\n<td>Esponja retangular revestida de PU<\/td>\n<td>40 \u00d7 30 \u00d7 20<\/td>\n<\/tr>\n<\/tbody>\n<\/table>\n<h2>Aplicativos<\/h2>\n<p>Esse conjunto de posicionamento de esponja veterin\u00e1ria \u00e9 adequado para voc\u00ea:<\/p>\n<ul>\n<li>Cirurgia veterin\u00e1ria<\/li>\n<li>Exame e tratamento de animais<\/li>\n<li>Posicionamento do paciente durante procedimentos prolongados<\/li>\n<li>Suporte de cabe\u00e7a, coluna e corpo para animais<\/li>\n<li>Uso em hospitais veterin\u00e1rios, cl\u00ednicas e salas de cirurgia<\/li>\n<\/ul>\n<h2>Instru\u00e7\u00f5es de limpeza e cuidados<\/h2>\n<p>Siga as instru\u00e7\u00f5es de cuidados a seguir para preservar a funcionalidade e a vida \u00fatil de suas esponjas veterin\u00e1rias revestidas de PU:<\/p>\n<ul>\n<li>Limpe com \u00e1gua fria e detergente neutro imediatamente ap\u00f3s o contato com fluidos<\/li>\n<li>Armazene em uma \u00e1rea limpa e seca quando n\u00e3o estiver em uso<\/li>\n<li>N\u00e3o autoclavar ou lavar<\/li>\n<li>N\u00e3o deixe as esponjas de molho ou submersas em \u00e1gua<\/li>\n<\/ul>\n","protected":false},"excerpt":{"rendered":"<ul>\n<li>Espuma leve de alta densidade para um suporte est\u00e1vel<\/li>\n<li>Capa de PU dur\u00e1vel para maior conforto e respirabilidade<\/li>\n<li>Superf\u00edcie lisa e n\u00e3o porosa para facilitar a limpeza<\/li>\n<li>Costura completa para maior durabilidade e prote\u00e7\u00e3o<\/li>\n<li>Oferece suporte ao posicionamento do animal durante procedimentos longos<\/li>\n<li>Ideal para v\u00e1rias cirurgias e exames veterin\u00e1rios<\/li>\n<\/ul>\n","protected":false},"featured_media":7441,"comment_status":"open","ping_status":"closed","template":"","meta":{"site-sidebar-layout":"default","site-content-layout":"","ast-site-content-layout":"default","site-content-style":"default","site-sidebar-style":"default","ast-global-header-display":"","ast-banner-title-visibility":"","ast-main-header-display":"","ast-hfb-above-header-display":"","ast-hfb-below-header-display":"","ast-hfb-mobile-header-display":"","site-post-title":"","ast-breadcrumbs-content":"","ast-featured-img":"","footer-sml-layout":"","theme-transparent-header-meta":"default","adv-header-id-meta":"","stick-header-meta":"","header-above-stick-meta":"","header-main-stick-meta":"","header-below-stick-meta":"","astra-migrate-meta-layouts":"default","ast-page-background-enabled":"default","ast-page-background-meta":{"desktop":{"background-color":"var(--ast-global-color-4)","background-image":"","background-repeat":"repeat","background-position":"center center","background-size":"auto","background-attachment":"scroll","background-type":"","background-media":"","overlay-type":"","overlay-color":"","overlay-opacity":"","overlay-gradient":""},"tablet":{"background-color":"","background-image":"","background-repeat":"repeat","background-position":"center center","background-size":"auto","background-attachment":"scroll","background-type":"","background-media":"","overlay-type":"","overlay-color":"","overlay-opacity":"","overlay-gradient":""},"mobile":{"background-color":"","background-image":"","background-repeat":"repeat","background-position":"center center","background-size":"auto","background-attachment":"scroll","background-type":"","background-media":"","overlay-type":"","overlay-color":"","overlay-opacity":"","overlay-gradient":""}},"ast-content-background-meta":{"desktop":{"background-color":"var(--ast-global-color-5)","background-image":"","background-repeat":"repeat","background-position":"center center","background-size":"auto","background-attachment":"scroll","background-type":"","background-media":"","overlay-type":"","overlay-color":"","overlay-opacity":"","overlay-gradient":""},"tablet":{"background-color":"var(--ast-global-color-5)","background-image":"","background-repeat":"repeat","background-position":"center center","background-size":"auto","background-attachment":"scroll","background-type":"","background-media":"","overlay-type":"","overlay-color":"","overlay-opacity":"","overlay-gradient":""},"mobile":{"background-color":"var(--ast-global-color-5)","background-image":"","background-repeat":"repeat","background-position":"center center","background-size":"auto","background-attachment":"scroll","background-type":"","background-media":"","overlay-type":"","overlay-color":"","overlay-opacity":"","overlay-gradient":""}}},"product_brand":[],"product_cat":[108,87],"product_tag":[],"class_list":{"0":"post-7536","1":"product","2":"type-product","3":"status-publish","4":"has-post-thumbnail","6":"product_cat-conjunto-de-esponjas-veterinarias-revestidas-em-pu","7":"product_cat-almofada-de-posicionamento","8":"desktop-align-left","9":"tablet-align-left","10":"mobile-align-left","12":"first","13":"instock","14":"shipping-taxable","15":"product-type-simple"},"_links":{"self":[{"href":"https:\/\/www.medical-sponge.com\/pt-br\/wp-json\/wp\/v2\/product\/7536","targetHints":{"allow":["GET"]}}],"collection":[{"href":"https:\/\/www.medical-sponge.com\/pt-br\/wp-json\/wp\/v2\/product"}],"about":[{"href":"https:\/\/www.medical-sponge.com\/pt-br\/wp-json\/wp\/v2\/types\/product"}],"replies":[{"embeddable":true,"href":"https:\/\/www.medical-sponge.com\/pt-br\/wp-json\/wp\/v2\/comments?post=7536"}],"version-history":[{"count":0,"href":"https:\/\/www.medical-sponge.com\/pt-br\/wp-json\/wp\/v2\/product\/7536\/revisions"}],"wp:featuredmedia":[{"embeddable":true,"href":"https:\/\/www.medical-sponge.com\/pt-br\/wp-json\/wp\/v2\/media\/7441"}],"wp:attachment":[{"href":"https:\/\/www.medical-sponge.com\/pt-br\/wp-json\/wp\/v2\/media?parent=7536"}],"wp:term":[{"taxonomy":"product_brand","embeddable":true,"href":"https:\/\/www.medical-sponge.com\/pt-br\/wp-json\/wp\/v2\/product_brand?post=7536"},{"taxonomy":"product_cat","embeddable":true,"href":"https:\/\/www.medical-sponge.com\/pt-br\/wp-json\/wp\/v2\/product_cat?post=7536"},{"taxonomy":"product_tag","embeddable":true,"href":"https:\/\/www.medical-sponge.com\/pt-br\/wp-json\/wp\/v2\/product_tag?post=7536"}],"curies":[{"name":"wp","href":"https:\/\/api.w.org\/{rel}","templated":true}]}}