{"id":6019,"date":"2024-09-14T16:43:51","date_gmt":"2024-09-14T08:43:51","guid":{"rendered":"https:\/\/www.medical-sponge.com\/apoios-de-cabeca-descartaveis\/"},"modified":"2024-09-14T16:43:51","modified_gmt":"2024-09-14T08:43:51","slug":"apoios-de-cabeca-descartaveis","status":"publish","type":"product","link":"https:\/\/www.medical-sponge.com\/pt-br\/apoios-de-cabeca-descartaveis\/","title":{"rendered":"Apoios de cabe\u00e7a descart\u00e1veis"},"content":{"rendered":"<table>\n<tbody>\n<tr>\n<td>Modelo<\/td>\n<td>Tamanho padr\u00e3o<\/td>\n<td>Material<\/td>\n<td>Cor<\/td>\n<\/tr>\n<tr>\n<td>REF MFL3103<\/td>\n<td>22cm x 20cm x 10cm, ou personalizado<\/td>\n<td rowspan=\"2\">Personalizado<\/td>\n<td rowspan=\"2\">Amarelo, verde, Panton personalizado<\/td>\n<\/tr>\n<tr>\n<td>REF MFL3108<\/td>\n<td>23cm x 21cm x12cm, ou personalizado<\/td>\n<\/tr>\n<\/tbody>\n<\/table>\n<p>&nbsp;<\/p>\n","protected":false},"excerpt":{"rendered":"<ul>\n<li><strong>Material de alta qualidade:<\/strong> tecido macio e respir\u00e1vel para durabilidade e conforto.<\/li>\n<li><strong>Confort\u00e1vel: <\/strong> Textura macia aumenta o conforto do cliente durante o uso.<\/li>\n<li><strong>Ajuste universal: <\/strong> adapta-se \u00e0 maioria das mesas de massagem padr\u00e3o e camas m\u00e9dicas.<\/li>\n<li><strong>Hipoalerg\u00eanico: <\/strong> seguro para peles sens\u00edveis, reduzindo o risco de irrita\u00e7\u00e3o.<\/li>\n<li><strong>Absorvente de umidade: <\/strong> absorve a umidade, mantendo as superf\u00edcies secas e confort\u00e1veis.<\/li>\n<\/ul>\n","protected":false},"featured_media":1056,"comment_status":"open","ping_status":"closed","template":"","meta":{"site-sidebar-layout":"default","site-content-layout":"","ast-site-content-layout":"default","site-content-style":"default","site-sidebar-style":"default","ast-global-header-display":"","ast-banner-title-visibility":"","ast-main-header-display":"","ast-hfb-above-header-display":"","ast-hfb-below-header-display":"","ast-hfb-mobile-header-display":"","site-post-title":"","ast-breadcrumbs-content":"","ast-featured-img":"","footer-sml-layout":"","theme-transparent-header-meta":"default","adv-header-id-meta":"","stick-header-meta":"","header-above-stick-meta":"","header-main-stick-meta":"","header-below-stick-meta":"","astra-migrate-meta-layouts":"default","ast-page-background-enabled":"default","ast-page-background-meta":{"desktop":{"background-color":"var(--ast-global-color-4)","background-image":"","background-repeat":"repeat","background-position":"center center","background-size":"auto","background-attachment":"scroll","background-type":"","background-media":"","overlay-type":"","overlay-color":"","overlay-opacity":"","overlay-gradient":""},"tablet":{"background-color":"","background-image":"","background-repeat":"repeat","background-position":"center center","background-size":"auto","background-attachment":"scroll","background-type":"","background-media":"","overlay-type":"","overlay-color":"","overlay-opacity":"","overlay-gradient":""},"mobile":{"background-color":"","background-image":"","background-repeat":"repeat","background-position":"center center","background-size":"auto","background-attachment":"scroll","background-type":"","background-media":"","overlay-type":"","overlay-color":"","overlay-opacity":"","overlay-gradient":""}},"ast-content-background-meta":{"desktop":{"background-color":"var(--ast-global-color-5)","background-image":"","background-repeat":"repeat","background-position":"center center","background-size":"auto","background-attachment":"scroll","background-type":"","background-media":"","overlay-type":"","overlay-color":"","overlay-opacity":"","overlay-gradient":""},"tablet":{"background-color":"var(--ast-global-color-5)","background-image":"","background-repeat":"repeat","background-position":"center center","background-size":"auto","background-attachment":"scroll","background-type":"","background-media":"","overlay-type":"","overlay-color":"","overlay-opacity":"","overlay-gradient":""},"mobile":{"background-color":"var(--ast-global-color-5)","background-image":"","background-repeat":"repeat","background-position":"center center","background-size":"auto","background-attachment":"scroll","background-type":"","background-media":"","overlay-type":"","overlay-color":"","overlay-opacity":"","overlay-gradient":""}}},"product_brand":[],"product_cat":[87],"product_tag":[],"class_list":{"0":"post-6019","1":"product","2":"type-product","3":"status-publish","4":"has-post-thumbnail","6":"product_cat-almofada-de-posicionamento","7":"desktop-align-left","8":"tablet-align-left","9":"mobile-align-left","11":"first","12":"instock","13":"shipping-taxable","14":"product-type-simple"},"_links":{"self":[{"href":"https:\/\/www.medical-sponge.com\/pt-br\/wp-json\/wp\/v2\/product\/6019","targetHints":{"allow":["GET"]}}],"collection":[{"href":"https:\/\/www.medical-sponge.com\/pt-br\/wp-json\/wp\/v2\/product"}],"about":[{"href":"https:\/\/www.medical-sponge.com\/pt-br\/wp-json\/wp\/v2\/types\/product"}],"replies":[{"embeddable":true,"href":"https:\/\/www.medical-sponge.com\/pt-br\/wp-json\/wp\/v2\/comments?post=6019"}],"version-history":[{"count":0,"href":"https:\/\/www.medical-sponge.com\/pt-br\/wp-json\/wp\/v2\/product\/6019\/revisions"}],"wp:featuredmedia":[{"embeddable":true,"href":"https:\/\/www.medical-sponge.com\/pt-br\/wp-json\/wp\/v2\/media\/1056"}],"wp:attachment":[{"href":"https:\/\/www.medical-sponge.com\/pt-br\/wp-json\/wp\/v2\/media?parent=6019"}],"wp:term":[{"taxonomy":"product_brand","embeddable":true,"href":"https:\/\/www.medical-sponge.com\/pt-br\/wp-json\/wp\/v2\/product_brand?post=6019"},{"taxonomy":"product_cat","embeddable":true,"href":"https:\/\/www.medical-sponge.com\/pt-br\/wp-json\/wp\/v2\/product_cat?post=6019"},{"taxonomy":"product_tag","embeddable":true,"href":"https:\/\/www.medical-sponge.com\/pt-br\/wp-json\/wp\/v2\/product_tag?post=6019"}],"curies":[{"name":"wp","href":"https:\/\/api.w.org\/{rel}","templated":true}]}}