{"id":6017,"date":"2024-09-14T16:42:31","date_gmt":"2024-09-14T08:42:31","guid":{"rendered":"https:\/\/www.medical-sponge.com\/encostos-de-cabeca-descartaveis-com-fenda\/"},"modified":"2024-09-14T16:42:31","modified_gmt":"2024-09-14T08:42:31","slug":"encostos-de-cabeca-descartaveis-com-fenda","status":"publish","type":"product","link":"https:\/\/www.medical-sponge.com\/pt-br\/encostos-de-cabeca-descartaveis-com-fenda\/","title":{"rendered":"Encostos de cabe\u00e7a descart\u00e1veis \u200b\u200bcom fenda"},"content":{"rendered":"<table>\n<tbody>\n<tr>\n<td>Modelo<\/td>\n<td>Tamanho padr\u00e3o<\/td>\n<td>Cor<\/td>\n<td>Material<\/td>\n<\/tr>\n<tr>\n<td>REF MFL3103<\/td>\n<td>22 cm x 20 cm x 10 cm, ou personalizado<\/td>\n<td>Amarelo, verde, azul, Panton personalizado<\/td>\n<td>Personalizado<\/td>\n<\/tr>\n<\/tbody>\n<\/table>\n<h2>Aplica\u00e7\u00f5es:<\/h2>\n<ul>\n<li>Exames m\u00e9dicos<\/li>\n<li>Projetado especificamente para acomodar confortavelmente um tubo endotraqueal.<\/li>\n<li>Projetado para uso em posi\u00e7\u00f5es prona e supina.<\/li>\n<li>Procedimentos odontol\u00f3gicos<\/li>\n<li>Sess\u00f5es de fisioterapia<\/li>\n<li>Opera\u00e7\u00f5es cir\u00fargicas<\/li>\n<li>Tratamentos cosm\u00e9ticos<\/li>\n<\/ul>\n","protected":false},"excerpt":{"rendered":"<ul>\n<li><strong>Limpeza:<\/strong> Reduz a possibilidade de contamina\u00e7\u00e3o cruzada<\/li>\n<li><strong>Sem esfor\u00e7o: <\/strong> Descart\u00e1vel facilmente ap\u00f3s o uso, eliminando a necessidade de limpeza.<\/li>\n<li><strong>Confort\u00e1vel: <\/strong> material macio e agrad\u00e1vel \u00e0 pele evita irrita\u00e7\u00e3o durante procedimentos prolongados<\/li>\n<li><strong>Adapt\u00e1vel: <\/strong> adequado para uma variedade de prop\u00f3sitos m\u00e9dicos<\/li>\n<li><strong>Custo-benef\u00edcio: <\/strong> op\u00e7\u00e3o descart\u00e1vel de baixo custo para cl\u00ednicas e hospitais<\/li>\n<\/ul>\n","protected":false},"featured_media":1050,"comment_status":"open","ping_status":"closed","template":"","meta":{"site-sidebar-layout":"default","site-content-layout":"","ast-site-content-layout":"default","site-content-style":"default","site-sidebar-style":"default","ast-global-header-display":"","ast-banner-title-visibility":"","ast-main-header-display":"","ast-hfb-above-header-display":"","ast-hfb-below-header-display":"","ast-hfb-mobile-header-display":"","site-post-title":"","ast-breadcrumbs-content":"","ast-featured-img":"","footer-sml-layout":"","theme-transparent-header-meta":"default","adv-header-id-meta":"","stick-header-meta":"","header-above-stick-meta":"","header-main-stick-meta":"","header-below-stick-meta":"","astra-migrate-meta-layouts":"default","ast-page-background-enabled":"default","ast-page-background-meta":{"desktop":{"background-color":"var(--ast-global-color-4)","background-image":"","background-repeat":"repeat","background-position":"center center","background-size":"auto","background-attachment":"scroll","background-type":"","background-media":"","overlay-type":"","overlay-color":"","overlay-opacity":"","overlay-gradient":""},"tablet":{"background-color":"","background-image":"","background-repeat":"repeat","background-position":"center center","background-size":"auto","background-attachment":"scroll","background-type":"","background-media":"","overlay-type":"","overlay-color":"","overlay-opacity":"","overlay-gradient":""},"mobile":{"background-color":"","background-image":"","background-repeat":"repeat","background-position":"center center","background-size":"auto","background-attachment":"scroll","background-type":"","background-media":"","overlay-type":"","overlay-color":"","overlay-opacity":"","overlay-gradient":""}},"ast-content-background-meta":{"desktop":{"background-color":"var(--ast-global-color-5)","background-image":"","background-repeat":"repeat","background-position":"center center","background-size":"auto","background-attachment":"scroll","background-type":"","background-media":"","overlay-type":"","overlay-color":"","overlay-opacity":"","overlay-gradient":""},"tablet":{"background-color":"var(--ast-global-color-5)","background-image":"","background-repeat":"repeat","background-position":"center center","background-size":"auto","background-attachment":"scroll","background-type":"","background-media":"","overlay-type":"","overlay-color":"","overlay-opacity":"","overlay-gradient":""},"mobile":{"background-color":"var(--ast-global-color-5)","background-image":"","background-repeat":"repeat","background-position":"center center","background-size":"auto","background-attachment":"scroll","background-type":"","background-media":"","overlay-type":"","overlay-color":"","overlay-opacity":"","overlay-gradient":""}}},"product_brand":[],"product_cat":[87],"product_tag":[],"class_list":{"0":"post-6017","1":"product","2":"type-product","3":"status-publish","4":"has-post-thumbnail","6":"product_cat-almofada-de-posicionamento","7":"desktop-align-left","8":"tablet-align-left","9":"mobile-align-left","11":"first","12":"instock","13":"shipping-taxable","14":"product-type-simple"},"_links":{"self":[{"href":"https:\/\/www.medical-sponge.com\/pt-br\/wp-json\/wp\/v2\/product\/6017","targetHints":{"allow":["GET"]}}],"collection":[{"href":"https:\/\/www.medical-sponge.com\/pt-br\/wp-json\/wp\/v2\/product"}],"about":[{"href":"https:\/\/www.medical-sponge.com\/pt-br\/wp-json\/wp\/v2\/types\/product"}],"replies":[{"embeddable":true,"href":"https:\/\/www.medical-sponge.com\/pt-br\/wp-json\/wp\/v2\/comments?post=6017"}],"version-history":[{"count":0,"href":"https:\/\/www.medical-sponge.com\/pt-br\/wp-json\/wp\/v2\/product\/6017\/revisions"}],"wp:featuredmedia":[{"embeddable":true,"href":"https:\/\/www.medical-sponge.com\/pt-br\/wp-json\/wp\/v2\/media\/1050"}],"wp:attachment":[{"href":"https:\/\/www.medical-sponge.com\/pt-br\/wp-json\/wp\/v2\/media?parent=6017"}],"wp:term":[{"taxonomy":"product_brand","embeddable":true,"href":"https:\/\/www.medical-sponge.com\/pt-br\/wp-json\/wp\/v2\/product_brand?post=6017"},{"taxonomy":"product_cat","embeddable":true,"href":"https:\/\/www.medical-sponge.com\/pt-br\/wp-json\/wp\/v2\/product_cat?post=6017"},{"taxonomy":"product_tag","embeddable":true,"href":"https:\/\/www.medical-sponge.com\/pt-br\/wp-json\/wp\/v2\/product_tag?post=6017"}],"curies":[{"name":"wp","href":"https:\/\/api.w.org\/{rel}","templated":true}]}}