{"id":6014,"date":"2024-09-14T16:25:54","date_gmt":"2024-09-14T08:25:54","guid":{"rendered":"https:\/\/www.medical-sponge.com\/posicionador-de-cabeca-descartavel\/"},"modified":"2024-09-14T16:25:54","modified_gmt":"2024-09-14T08:25:54","slug":"posicionador-de-cabeca-descartavel","status":"publish","type":"product","link":"https:\/\/www.medical-sponge.com\/pt-br\/posicionador-de-cabeca-descartavel\/","title":{"rendered":"Posicionador de cabe\u00e7a descart\u00e1vel"},"content":{"rendered":"<table>\n<tbody>\n<tr>\n<td>Modelo<\/td>\n<td>Tamanho padr\u00e3o<\/td>\n<td>Material<\/td>\n<td>Cor<\/td>\n<\/tr>\n<tr>\n<td>REF MFL3101P (para pediatria)<\/td>\n<td>6 1\/2 &#8220;L x 7 &#8220;W x 3 1\/4 &#8220;H (17cm x 18cm x 8cm)<\/td>\n<td rowspan=\"2\">Personalizado<\/td>\n<td rowspan=\"2\">Amarelo, verde, panton personalizado<\/td>\n<\/tr>\n<tr>\n<td>REF MFL3101A (para adultos)<\/td>\n<td> 9 &#8220;L x 8 &#8220;W x 3 1\/2 &#8220;H (23cm x 20cm x 9cm)<\/td>\n<\/tr>\n<\/tbody>\n<\/table>\n<h2>Caracter\u00edsticos<\/h2>\n<ul>\n<li>Auxilia no alinhamento adequado da coluna e do pesco\u00e7o.<\/li>\n<li>Posicionadores de espuma de alta densidade oferecem excelente suporte, conforto e custo-benef\u00edcio.<\/li>\n<li>O design ergon\u00f4mico foi criado para maximizar o conforto ao apoiar suavemente a cabe\u00e7a e o pesco\u00e7o.<\/li>\n<li>O design da abertura minimiza a press\u00e3o e se adapta aos contornos faciais e occipitais.<\/li>\n<li>O recorte em formato de fechadura permite a coloca\u00e7\u00e3o segura do tubo endotraqueal.<\/li>\n<li>Compacte a embalagem para armazenamento eficiente<\/li>\n<li>Uso exclusivo para um \u00fanico paciente<\/li>\n<li>Sem l\u00e1tex<\/li>\n<\/ul>\n<p><img fetchpriority=\"high\" decoding=\"async\" class=\"aligncenter wp-image-1360\" src=\"https:\/\/www.medical-sponge.com\/wp-content\/uploads\/2024\/09\/Disposable-Head-Supports-1.jpg\" alt=\"Apoios de cabe\u00e7a descart\u00e1veis-1\" width=\"600\" height=\"600\" srcset=\"https:\/\/www.medical-sponge.com\/wp-content\/uploads\/2024\/09\/Disposable-Head-Supports-1.jpg 840w, https:\/\/www.medical-sponge.com\/wp-content\/uploads\/2024\/09\/Disposable-Head-Supports-1-300x300.jpg 300w, https:\/\/www.medical-sponge.com\/wp-content\/uploads\/2024\/09\/Disposable-Head-Supports-1-150x150.jpg 150w, https:\/\/www.medical-sponge.com\/wp-content\/uploads\/2024\/09\/Disposable-Head-Supports-1-768x768.jpg 768w, https:\/\/www.medical-sponge.com\/wp-content\/uploads\/2024\/09\/Disposable-Head-Supports-1-600x600.jpg 600w, https:\/\/www.medical-sponge.com\/wp-content\/uploads\/2024\/09\/Disposable-Head-Supports-1-100x100.jpg 100w\" sizes=\"(max-width: 600px) 100vw, 600px\" \/><\/p>\n<p>&nbsp;<\/p>\n<div id=\"gtx-trans\" style=\"position: absolute; left: 432px; top: 58.1875px;\">\n<div class=\"gtx-trans-icon\"><\/div>\n<\/div>\n","protected":false},"excerpt":{"rendered":"<ul>\n<li><strong>Descart\u00e1vel:<\/strong> Uso \u00fanico para minimizar o risco de infec\u00e7\u00e3o.<\/li>\n<li><strong>Material hipoalerg\u00eanico:<\/strong> feito de materiais macios e suaves para a pele.<\/li>\n<li><strong>Leve:<\/strong> garante facilidade de uso e descarte.<\/li>\n<li><strong>Compacto:<\/strong> Empilh\u00e1vel para armazenamento pr\u00e1tico.<\/li>\n<li><strong>Tamanho: <\/strong> Pode ser personalizado, incluindo espessura.<\/li>\n<\/ul>\n","protected":false},"featured_media":6015,"comment_status":"open","ping_status":"closed","template":"","meta":{"site-sidebar-layout":"default","site-content-layout":"","ast-site-content-layout":"default","site-content-style":"default","site-sidebar-style":"default","ast-global-header-display":"","ast-banner-title-visibility":"","ast-main-header-display":"","ast-hfb-above-header-display":"","ast-hfb-below-header-display":"","ast-hfb-mobile-header-display":"","site-post-title":"","ast-breadcrumbs-content":"","ast-featured-img":"","footer-sml-layout":"","theme-transparent-header-meta":"default","adv-header-id-meta":"","stick-header-meta":"","header-above-stick-meta":"","header-main-stick-meta":"","header-below-stick-meta":"","astra-migrate-meta-layouts":"default","ast-page-background-enabled":"default","ast-page-background-meta":{"desktop":{"background-color":"var(--ast-global-color-4)","background-image":"","background-repeat":"repeat","background-position":"center center","background-size":"auto","background-attachment":"scroll","background-type":"","background-media":"","overlay-type":"","overlay-color":"","overlay-opacity":"","overlay-gradient":""},"tablet":{"background-color":"","background-image":"","background-repeat":"repeat","background-position":"center center","background-size":"auto","background-attachment":"scroll","background-type":"","background-media":"","overlay-type":"","overlay-color":"","overlay-opacity":"","overlay-gradient":""},"mobile":{"background-color":"","background-image":"","background-repeat":"repeat","background-position":"center center","background-size":"auto","background-attachment":"scroll","background-type":"","background-media":"","overlay-type":"","overlay-color":"","overlay-opacity":"","overlay-gradient":""}},"ast-content-background-meta":{"desktop":{"background-color":"var(--ast-global-color-5)","background-image":"","background-repeat":"repeat","background-position":"center center","background-size":"auto","background-attachment":"scroll","background-type":"","background-media":"","overlay-type":"","overlay-color":"","overlay-opacity":"","overlay-gradient":""},"tablet":{"background-color":"var(--ast-global-color-5)","background-image":"","background-repeat":"repeat","background-position":"center center","background-size":"auto","background-attachment":"scroll","background-type":"","background-media":"","overlay-type":"","overlay-color":"","overlay-opacity":"","overlay-gradient":""},"mobile":{"background-color":"var(--ast-global-color-5)","background-image":"","background-repeat":"repeat","background-position":"center center","background-size":"auto","background-attachment":"scroll","background-type":"","background-media":"","overlay-type":"","overlay-color":"","overlay-opacity":"","overlay-gradient":""}}},"product_brand":[],"product_cat":[87],"product_tag":[],"class_list":{"0":"post-6014","1":"product","2":"type-product","3":"status-publish","4":"has-post-thumbnail","6":"product_cat-almofada-de-posicionamento","7":"desktop-align-left","8":"tablet-align-left","9":"mobile-align-left","11":"first","12":"instock","13":"shipping-taxable","14":"product-type-simple"},"_links":{"self":[{"href":"https:\/\/www.medical-sponge.com\/pt-br\/wp-json\/wp\/v2\/product\/6014","targetHints":{"allow":["GET"]}}],"collection":[{"href":"https:\/\/www.medical-sponge.com\/pt-br\/wp-json\/wp\/v2\/product"}],"about":[{"href":"https:\/\/www.medical-sponge.com\/pt-br\/wp-json\/wp\/v2\/types\/product"}],"replies":[{"embeddable":true,"href":"https:\/\/www.medical-sponge.com\/pt-br\/wp-json\/wp\/v2\/comments?post=6014"}],"version-history":[{"count":0,"href":"https:\/\/www.medical-sponge.com\/pt-br\/wp-json\/wp\/v2\/product\/6014\/revisions"}],"wp:featuredmedia":[{"embeddable":true,"href":"https:\/\/www.medical-sponge.com\/pt-br\/wp-json\/wp\/v2\/media\/6015"}],"wp:attachment":[{"href":"https:\/\/www.medical-sponge.com\/pt-br\/wp-json\/wp\/v2\/media?parent=6014"}],"wp:term":[{"taxonomy":"product_brand","embeddable":true,"href":"https:\/\/www.medical-sponge.com\/pt-br\/wp-json\/wp\/v2\/product_brand?post=6014"},{"taxonomy":"product_cat","embeddable":true,"href":"https:\/\/www.medical-sponge.com\/pt-br\/wp-json\/wp\/v2\/product_cat?post=6014"},{"taxonomy":"product_tag","embeddable":true,"href":"https:\/\/www.medical-sponge.com\/pt-br\/wp-json\/wp\/v2\/product_tag?post=6014"}],"curies":[{"name":"wp","href":"https:\/\/api.w.org\/{rel}","templated":true}]}}