{"id":6011,"date":"2024-09-14T16:05:13","date_gmt":"2024-09-14T08:05:13","guid":{"rendered":"https:\/\/www.medical-sponge.com\/rolos-de-peito-descartaveis\/"},"modified":"2024-09-14T16:05:13","modified_gmt":"2024-09-14T08:05:13","slug":"rolos-de-peito-descartaveis","status":"publish","type":"product","link":"https:\/\/www.medical-sponge.com\/pt-br\/rolos-de-peito-descartaveis\/","title":{"rendered":"Rolos de peito descart\u00e1veis"},"content":{"rendered":"<table>\n<tbody>\n<tr>\n<td>Recurso<\/td>\n<td>Descri\u00e7\u00e3o<\/td>\n<\/tr>\n<tr>\n<td>Material<\/td>\n<td>Personalizado<\/td>\n<\/tr>\n<tr>\n<td>Dimens\u00f5es<\/td>\n<td>Dispon\u00edvel em v\u00e1rios tamanhos para atender a diferentes mesas e necessidades dos pacientes (por exemplo, 12&#8243;, 18&#8243;, 21&#8243; de largura)<\/td>\n<\/tr>\n<tr>\n<td>Embalagem<\/td>\n<td>Embalado individualmente ou a granel para maior conveni\u00eancia<\/td>\n<\/tr>\n<tr>\n<td>Higi\u00eanico<\/td>\n<td>O design de uso \u00fanico reduz o risco de contamina\u00e7\u00e3o cruzada<\/td>\n<\/tr>\n<tr>\n<td>Camada resistente \u00e0 \u00e1gua<\/td>\n<td>Evita que a umidade penetre na mesa de tratamento<\/td>\n<\/tr>\n<tr>\n<td>Color<\/td>\n<td>White (other colors available upon request)<\/td>\n<\/tr>\n<tr>\n<td>Perfurado para facilitar o corte:<\/td>\n<td>Pr\u00e1tico de usar, voc\u00ea pode rasgar o comprimento necess\u00e1rio<\/td>\n<\/tr>\n<tr>\n<td>Embalagem<\/td>\n<td>Embalado individualmente ou a granel<\/td>\n<\/tr>\n<tr>\n<td>Certifica\u00e7\u00f5es<\/td>\n<td>ISO 13485, marca CE, aprovado pela FDA<\/td>\n<\/tr>\n<\/tbody>\n<\/table>\n<h2>Apoio<\/h2>\n<ul>\n<li>Vendido individualmente.<\/li>\n<li>Confort\u00e1vel.<\/li>\n<li>Uso exclusivo em um \u00fanico paciente.<\/li>\n<li>Econ\u00f4mico.<\/li>\n<li>Sem l\u00e1tex.<\/li>\n<li>Posicionadores de poliespuma de alta densidade para cada necessidade de posicionamento est\u00e3o dispon\u00edveis em uma variedade de formatos e tamanhos.<\/li>\n<\/ul>\n<p><img fetchpriority=\"high\" decoding=\"async\" class=\"aligncenter wp-image-1336\" src=\"https:\/\/www.medical-sponge.com\/wp-content\/uploads\/2024\/09\/Disposable-Chest-Rolls-1.jpeg\" alt=\"Rolos de peito descart\u00e1veis-1\" width=\"600\" height=\"600\" srcset=\"https:\/\/www.medical-sponge.com\/wp-content\/uploads\/2024\/09\/Disposable-Chest-Rolls-1.jpeg 750w, https:\/\/www.medical-sponge.com\/wp-content\/uploads\/2024\/09\/Disposable-Chest-Rolls-1-300x300.jpeg 300w, https:\/\/www.medical-sponge.com\/wp-content\/uploads\/2024\/09\/Disposable-Chest-Rolls-1-150x150.jpeg 150w, https:\/\/www.medical-sponge.com\/wp-content\/uploads\/2024\/09\/Disposable-Chest-Rolls-1-600x600.jpeg 600w, https:\/\/www.medical-sponge.com\/wp-content\/uploads\/2024\/09\/Disposable-Chest-Rolls-1-100x100.jpeg 100w\" sizes=\"(max-width: 600px) 100vw, 600px\" \/><\/p>\n","protected":false},"excerpt":{"rendered":"<ul>\n<li>Design de uso \u00fanico para higiene e conveni\u00eancia<\/li>\n<li>Tamanho: 5 \u201cD x 17\u201d L (13cm x 43cm)<\/li>\n<li>Leve e f\u00e1cil de manusear<\/li>\n<li>Embalagem individual ou a granel<\/li>\n<li>Reduz o risco de contamina\u00e7\u00e3o cruzada<\/li>\n<li>Adequado para uma variedade de ambientes m\u00e9dicos e terap\u00eauticos<\/li>\n<\/ul>\n","protected":false},"featured_media":1015,"comment_status":"open","ping_status":"closed","template":"","meta":{"site-sidebar-layout":"default","site-content-layout":"","ast-site-content-layout":"default","site-content-style":"default","site-sidebar-style":"default","ast-global-header-display":"","ast-banner-title-visibility":"","ast-main-header-display":"","ast-hfb-above-header-display":"","ast-hfb-below-header-display":"","ast-hfb-mobile-header-display":"","site-post-title":"","ast-breadcrumbs-content":"","ast-featured-img":"","footer-sml-layout":"","theme-transparent-header-meta":"default","adv-header-id-meta":"","stick-header-meta":"","header-above-stick-meta":"","header-main-stick-meta":"","header-below-stick-meta":"","astra-migrate-meta-layouts":"default","ast-page-background-enabled":"default","ast-page-background-meta":{"desktop":{"background-color":"var(--ast-global-color-4)","background-image":"","background-repeat":"repeat","background-position":"center center","background-size":"auto","background-attachment":"scroll","background-type":"","background-media":"","overlay-type":"","overlay-color":"","overlay-opacity":"","overlay-gradient":""},"tablet":{"background-color":"","background-image":"","background-repeat":"repeat","background-position":"center center","background-size":"auto","background-attachment":"scroll","background-type":"","background-media":"","overlay-type":"","overlay-color":"","overlay-opacity":"","overlay-gradient":""},"mobile":{"background-color":"","background-image":"","background-repeat":"repeat","background-position":"center center","background-size":"auto","background-attachment":"scroll","background-type":"","background-media":"","overlay-type":"","overlay-color":"","overlay-opacity":"","overlay-gradient":""}},"ast-content-background-meta":{"desktop":{"background-color":"var(--ast-global-color-5)","background-image":"","background-repeat":"repeat","background-position":"center center","background-size":"auto","background-attachment":"scroll","background-type":"","background-media":"","overlay-type":"","overlay-color":"","overlay-opacity":"","overlay-gradient":""},"tablet":{"background-color":"var(--ast-global-color-5)","background-image":"","background-repeat":"repeat","background-position":"center center","background-size":"auto","background-attachment":"scroll","background-type":"","background-media":"","overlay-type":"","overlay-color":"","overlay-opacity":"","overlay-gradient":""},"mobile":{"background-color":"var(--ast-global-color-5)","background-image":"","background-repeat":"repeat","background-position":"center center","background-size":"auto","background-attachment":"scroll","background-type":"","background-media":"","overlay-type":"","overlay-color":"","overlay-opacity":"","overlay-gradient":""}}},"product_brand":[],"product_cat":[87],"product_tag":[],"class_list":{"0":"post-6011","1":"product","2":"type-product","3":"status-publish","4":"has-post-thumbnail","6":"product_cat-almofada-de-posicionamento","7":"desktop-align-left","8":"tablet-align-left","9":"mobile-align-left","11":"first","12":"instock","13":"shipping-taxable","14":"product-type-simple"},"_links":{"self":[{"href":"https:\/\/www.medical-sponge.com\/pt-br\/wp-json\/wp\/v2\/product\/6011","targetHints":{"allow":["GET"]}}],"collection":[{"href":"https:\/\/www.medical-sponge.com\/pt-br\/wp-json\/wp\/v2\/product"}],"about":[{"href":"https:\/\/www.medical-sponge.com\/pt-br\/wp-json\/wp\/v2\/types\/product"}],"replies":[{"embeddable":true,"href":"https:\/\/www.medical-sponge.com\/pt-br\/wp-json\/wp\/v2\/comments?post=6011"}],"version-history":[{"count":0,"href":"https:\/\/www.medical-sponge.com\/pt-br\/wp-json\/wp\/v2\/product\/6011\/revisions"}],"wp:featuredmedia":[{"embeddable":true,"href":"https:\/\/www.medical-sponge.com\/pt-br\/wp-json\/wp\/v2\/media\/1015"}],"wp:attachment":[{"href":"https:\/\/www.medical-sponge.com\/pt-br\/wp-json\/wp\/v2\/media?parent=6011"}],"wp:term":[{"taxonomy":"product_brand","embeddable":true,"href":"https:\/\/www.medical-sponge.com\/pt-br\/wp-json\/wp\/v2\/product_brand?post=6011"},{"taxonomy":"product_cat","embeddable":true,"href":"https:\/\/www.medical-sponge.com\/pt-br\/wp-json\/wp\/v2\/product_cat?post=6011"},{"taxonomy":"product_tag","embeddable":true,"href":"https:\/\/www.medical-sponge.com\/pt-br\/wp-json\/wp\/v2\/product_tag?post=6011"}],"curies":[{"name":"wp","href":"https:\/\/api.w.org\/{rel}","templated":true}]}}