{"id":6009,"date":"2024-09-19T09:47:17","date_gmt":"2024-09-19T01:47:17","guid":{"rendered":"https:\/\/www.medical-sponge.com\/cunhas-de-posicionamento-de-espuma-descartaveis\/"},"modified":"2024-09-19T09:47:17","modified_gmt":"2024-09-19T01:47:17","slug":"cunhas-de-posicionamento-de-espuma-descartaveis","status":"publish","type":"product","link":"https:\/\/www.medical-sponge.com\/pt-br\/cunhas-de-posicionamento-de-espuma-descartaveis\/","title":{"rendered":"Cunhas de Posicionamento de Espuma Descart\u00e1veis"},"content":{"rendered":"<table>\n<tbody>\n<tr>\n<td>Modelo<\/td>\n<td>Tamanho padr\u00e3o<\/td>\n<\/tr>\n<tr>\n<td>REF-MFL3301A<\/td>\n<td>36 cm x 20 cm x 25 cm<\/td>\n<\/tr>\n<tr>\n<td>REF-MFL3301B<\/td>\n<td>71 cm x 20 cm x 25 cm<\/td>\n<\/tr>\n<tr>\n<td>REF-MFL3301C<\/td>\n<td>61 cm x 25 cm x 17 cm<\/td>\n<\/tr>\n<tr>\n<td>REF-MFL3301D<\/td>\n<td>61 cm x 18 cm x 18 cm<\/td>\n<\/tr>\n<\/tbody>\n<\/table>\n<p>Nosso posicionamento de espuma descart\u00e1vel est\u00e1 dispon\u00edvel em diversos formatos e tamanhos, como triangular, retangular ou em formato de almofada, para atender a diferentes necessidades de posicionamento. Ele ajuda a distribuir a press\u00e3o uniformemente, o que pode ser crucial para pacientes imobilizados ou acamados por longos per\u00edodos. <\/p>\n<div id=\"gtx-trans\" style=\"position: absolute; left: 818px; top: 58.1875px;\">\n<div class=\"gtx-trans-icon\"><\/div>\n<\/div>\n","protected":false},"excerpt":{"rendered":"<ul>\n<li><strong>Modelo: <\/strong> REF-MFL 3301A-D<\/li>\n<li><strong>Tamanho:<\/strong> 36 cm x 20 cm x 25 cm\/71 cm x 20 cm x 25 cm, personalizado<\/li>\n<li><strong>Formatos: <\/strong> triangulares, retangulares, em formato de almofada ou personalizados.<\/li>\n<li><strong>Cor: <\/strong> Amarelo, verde, azul, Panton personalizado<\/li>\n<li><strong>Material:<\/strong> Personalizado<\/li>\n<\/ul>\n","protected":false},"featured_media":1318,"comment_status":"open","ping_status":"closed","template":"","meta":{"site-sidebar-layout":"default","site-content-layout":"","ast-site-content-layout":"default","site-content-style":"default","site-sidebar-style":"default","ast-global-header-display":"","ast-banner-title-visibility":"","ast-main-header-display":"","ast-hfb-above-header-display":"","ast-hfb-below-header-display":"","ast-hfb-mobile-header-display":"","site-post-title":"","ast-breadcrumbs-content":"","ast-featured-img":"","footer-sml-layout":"","theme-transparent-header-meta":"default","adv-header-id-meta":"","stick-header-meta":"","header-above-stick-meta":"","header-main-stick-meta":"","header-below-stick-meta":"","astra-migrate-meta-layouts":"default","ast-page-background-enabled":"default","ast-page-background-meta":{"desktop":{"background-color":"var(--ast-global-color-4)","background-image":"","background-repeat":"repeat","background-position":"center center","background-size":"auto","background-attachment":"scroll","background-type":"","background-media":"","overlay-type":"","overlay-color":"","overlay-opacity":"","overlay-gradient":""},"tablet":{"background-color":"","background-image":"","background-repeat":"repeat","background-position":"center center","background-size":"auto","background-attachment":"scroll","background-type":"","background-media":"","overlay-type":"","overlay-color":"","overlay-opacity":"","overlay-gradient":""},"mobile":{"background-color":"","background-image":"","background-repeat":"repeat","background-position":"center center","background-size":"auto","background-attachment":"scroll","background-type":"","background-media":"","overlay-type":"","overlay-color":"","overlay-opacity":"","overlay-gradient":""}},"ast-content-background-meta":{"desktop":{"background-color":"var(--ast-global-color-5)","background-image":"","background-repeat":"repeat","background-position":"center center","background-size":"auto","background-attachment":"scroll","background-type":"","background-media":"","overlay-type":"","overlay-color":"","overlay-opacity":"","overlay-gradient":""},"tablet":{"background-color":"var(--ast-global-color-5)","background-image":"","background-repeat":"repeat","background-position":"center center","background-size":"auto","background-attachment":"scroll","background-type":"","background-media":"","overlay-type":"","overlay-color":"","overlay-opacity":"","overlay-gradient":""},"mobile":{"background-color":"var(--ast-global-color-5)","background-image":"","background-repeat":"repeat","background-position":"center center","background-size":"auto","background-attachment":"scroll","background-type":"","background-media":"","overlay-type":"","overlay-color":"","overlay-opacity":"","overlay-gradient":""}}},"product_brand":[],"product_cat":[87],"product_tag":[],"class_list":{"0":"post-6009","1":"product","2":"type-product","3":"status-publish","4":"has-post-thumbnail","6":"product_cat-almofada-de-posicionamento","7":"desktop-align-left","8":"tablet-align-left","9":"mobile-align-left","11":"first","12":"instock","13":"shipping-taxable","14":"product-type-simple"},"_links":{"self":[{"href":"https:\/\/www.medical-sponge.com\/pt-br\/wp-json\/wp\/v2\/product\/6009","targetHints":{"allow":["GET"]}}],"collection":[{"href":"https:\/\/www.medical-sponge.com\/pt-br\/wp-json\/wp\/v2\/product"}],"about":[{"href":"https:\/\/www.medical-sponge.com\/pt-br\/wp-json\/wp\/v2\/types\/product"}],"replies":[{"embeddable":true,"href":"https:\/\/www.medical-sponge.com\/pt-br\/wp-json\/wp\/v2\/comments?post=6009"}],"version-history":[{"count":0,"href":"https:\/\/www.medical-sponge.com\/pt-br\/wp-json\/wp\/v2\/product\/6009\/revisions"}],"wp:featuredmedia":[{"embeddable":true,"href":"https:\/\/www.medical-sponge.com\/pt-br\/wp-json\/wp\/v2\/media\/1318"}],"wp:attachment":[{"href":"https:\/\/www.medical-sponge.com\/pt-br\/wp-json\/wp\/v2\/media?parent=6009"}],"wp:term":[{"taxonomy":"product_brand","embeddable":true,"href":"https:\/\/www.medical-sponge.com\/pt-br\/wp-json\/wp\/v2\/product_brand?post=6009"},{"taxonomy":"product_cat","embeddable":true,"href":"https:\/\/www.medical-sponge.com\/pt-br\/wp-json\/wp\/v2\/product_cat?post=6009"},{"taxonomy":"product_tag","embeddable":true,"href":"https:\/\/www.medical-sponge.com\/pt-br\/wp-json\/wp\/v2\/product_tag?post=6009"}],"curies":[{"name":"wp","href":"https:\/\/api.w.org\/{rel}","templated":true}]}}