{"id":6007,"date":"2024-09-14T15:07:07","date_gmt":"2024-09-14T07:07:07","guid":{"rendered":"https:\/\/www.medical-sponge.com\/almofadas-descartaveis-para-donuts\/"},"modified":"2024-09-14T15:07:07","modified_gmt":"2024-09-14T07:07:07","slug":"almofadas-descartaveis-para-donuts","status":"publish","type":"product","link":"https:\/\/www.medical-sponge.com\/pt-br\/product\/almofadas-descartaveis-para-donuts\/","title":{"rendered":"Almofadas descart\u00e1veis \u200b\u200bpara donuts"},"content":{"rendered":"<table>\n<tbody>\n<tr>\n<td>Modelo<\/td>\n<td>Tamanho padr\u00e3o<\/td>\n<td>Cor<\/td>\n<td>Material<\/td>\n<\/tr>\n<tr>\n<td>REF-MFL3107<\/td>\n<td>23cm x 25cm x 3cm, ou personalizado<\/td>\n<td>Amarelo, verde, azul, Panton personalizado<\/td>\n<td>Personalizado<\/td>\n<\/tr>\n<\/tbody>\n<\/table>\n<h2>Instru\u00e7\u00f5es de uso<\/h2>\n<ul>\n<li>Coloque a base do donut sobre uma superf\u00edcie plana.<\/li>\n<li>Coloque a base do donut sobre uma superf\u00edcie plana.<\/li>\n<li>Descarte o absorvente ap\u00f3s o uso, conforme recomendado pelo seu profissional de sa\u00fade.<\/li>\n<li>Cada donut \u00e9 remov\u00edvel<\/li>\n<\/ul>\n<h2>Certifica\u00e7\u00f5es e Padr\u00f5es<\/h2>\n<ul>\n<li>Certificado ISO 13485<\/li>\n<li>Aprovado pela FDA<\/li>\n<li>Sem l\u00e1tex<\/li>\n<li>Atende aos padr\u00f5es de n\u00edvel m\u00e9dico<\/li>\n<\/ul>\n","protected":false},"excerpt":{"rendered":"<ul>\n<li>Constru\u00e7\u00e3o em poliespuma de alta densidade<\/li>\n<li>Dispon\u00edvel em tr\u00eas tamanhos convenientes<\/li>\n<li>Dispon\u00edvel em tr\u00eas tamanhos convenientes<\/li>\n<li>Vendido em caixas com quantidades vari\u00e1veis<\/li>\n<li>Dispositivo redutor de press\u00e3o.<\/li>\n<li>Uso exclusivo em um \u00fanico paciente.<\/li>\n<li>Utilizado em diversos procedimentos cir\u00fargicos.<\/li>\n<\/ul>\n","protected":false},"featured_media":991,"comment_status":"open","ping_status":"closed","template":"","meta":{"site-sidebar-layout":"default","site-content-layout":"","ast-site-content-layout":"default","site-content-style":"default","site-sidebar-style":"default","ast-global-header-display":"","ast-banner-title-visibility":"","ast-main-header-display":"","ast-hfb-above-header-display":"","ast-hfb-below-header-display":"","ast-hfb-mobile-header-display":"","site-post-title":"","ast-breadcrumbs-content":"","ast-featured-img":"","footer-sml-layout":"","theme-transparent-header-meta":"default","adv-header-id-meta":"","stick-header-meta":"","header-above-stick-meta":"","header-main-stick-meta":"","header-below-stick-meta":"","astra-migrate-meta-layouts":"default","ast-page-background-enabled":"default","ast-page-background-meta":{"desktop":{"background-color":"var(--ast-global-color-4)","background-image":"","background-repeat":"repeat","background-position":"center center","background-size":"auto","background-attachment":"scroll","background-type":"","background-media":"","overlay-type":"","overlay-color":"","overlay-opacity":"","overlay-gradient":""},"tablet":{"background-color":"","background-image":"","background-repeat":"repeat","background-position":"center center","background-size":"auto","background-attachment":"scroll","background-type":"","background-media":"","overlay-type":"","overlay-color":"","overlay-opacity":"","overlay-gradient":""},"mobile":{"background-color":"","background-image":"","background-repeat":"repeat","background-position":"center center","background-size":"auto","background-attachment":"scroll","background-type":"","background-media":"","overlay-type":"","overlay-color":"","overlay-opacity":"","overlay-gradient":""}},"ast-content-background-meta":{"desktop":{"background-color":"var(--ast-global-color-5)","background-image":"","background-repeat":"repeat","background-position":"center center","background-size":"auto","background-attachment":"scroll","background-type":"","background-media":"","overlay-type":"","overlay-color":"","overlay-opacity":"","overlay-gradient":""},"tablet":{"background-color":"var(--ast-global-color-5)","background-image":"","background-repeat":"repeat","background-position":"center center","background-size":"auto","background-attachment":"scroll","background-type":"","background-media":"","overlay-type":"","overlay-color":"","overlay-opacity":"","overlay-gradient":""},"mobile":{"background-color":"var(--ast-global-color-5)","background-image":"","background-repeat":"repeat","background-position":"center center","background-size":"auto","background-attachment":"scroll","background-type":"","background-media":"","overlay-type":"","overlay-color":"","overlay-opacity":"","overlay-gradient":""}}},"product_brand":[],"product_cat":[87],"product_tag":[],"class_list":{"0":"post-6007","1":"product","2":"type-product","3":"status-publish","4":"has-post-thumbnail","6":"product_cat-almofada-de-posicionamento","7":"desktop-align-left","8":"tablet-align-left","9":"mobile-align-left","11":"first","12":"instock","13":"shipping-taxable","14":"product-type-simple"},"_links":{"self":[{"href":"https:\/\/www.medical-sponge.com\/pt-br\/wp-json\/wp\/v2\/product\/6007","targetHints":{"allow":["GET"]}}],"collection":[{"href":"https:\/\/www.medical-sponge.com\/pt-br\/wp-json\/wp\/v2\/product"}],"about":[{"href":"https:\/\/www.medical-sponge.com\/pt-br\/wp-json\/wp\/v2\/types\/product"}],"replies":[{"embeddable":true,"href":"https:\/\/www.medical-sponge.com\/pt-br\/wp-json\/wp\/v2\/comments?post=6007"}],"version-history":[{"count":0,"href":"https:\/\/www.medical-sponge.com\/pt-br\/wp-json\/wp\/v2\/product\/6007\/revisions"}],"wp:featuredmedia":[{"embeddable":true,"href":"https:\/\/www.medical-sponge.com\/pt-br\/wp-json\/wp\/v2\/media\/991"}],"wp:attachment":[{"href":"https:\/\/www.medical-sponge.com\/pt-br\/wp-json\/wp\/v2\/media?parent=6007"}],"wp:term":[{"taxonomy":"product_brand","embeddable":true,"href":"https:\/\/www.medical-sponge.com\/pt-br\/wp-json\/wp\/v2\/product_brand?post=6007"},{"taxonomy":"product_cat","embeddable":true,"href":"https:\/\/www.medical-sponge.com\/pt-br\/wp-json\/wp\/v2\/product_cat?post=6007"},{"taxonomy":"product_tag","embeddable":true,"href":"https:\/\/www.medical-sponge.com\/pt-br\/wp-json\/wp\/v2\/product_tag?post=6007"}],"curies":[{"name":"wp","href":"https:\/\/api.w.org\/{rel}","templated":true}]}}