{"id":5998,"date":"2024-09-14T14:22:42","date_gmt":"2024-09-14T06:22:42","guid":{"rendered":"https:\/\/www.medical-sponge.com\/kits-de-posicionadores-de-esponja-descartaveis-para-estrutura-de-mesa-jackson\/"},"modified":"2024-09-14T14:22:42","modified_gmt":"2024-09-14T06:22:42","slug":"kits-de-posicionadores-de-esponja-descartaveis-para-estrutura-de-mesa-jackson","status":"publish","type":"product","link":"https:\/\/www.medical-sponge.com\/pt-br\/kits-de-posicionadores-de-esponja-descartaveis-para-estrutura-de-mesa-jackson\/","title":{"rendered":"Kits de posicionadores de esponja descart\u00e1veis \u200b\u200bpara estrutura de mesa Jackson"},"content":{"rendered":"<table>\n<tbody>\n<tr>\n<td width=\"158\">Nome do produto<\/td>\n<td width=\"330\">Kits de posicionadores de esponja descart\u00e1veis \u200b\u200bpara estrutura de mesa Jackson<\/td>\n<\/tr>\n<tr>\n<td width=\"158\">Tamanho do produto<\/td>\n<td width=\"330\">28*25*17cm, 62*14*8cm Personalizado<\/td>\n<\/tr>\n<tr>\n<td width=\"158\">C\u00f3digo de cores<\/td>\n<td width=\"330\">Verde, Azul, Branco ou personalizado<\/td>\n<\/tr>\n<tr>\n<td width=\"158\">Certifica\u00e7\u00e3o de Qualidade<\/td>\n<td width=\"330\">CE, ISO13485<\/td>\n<\/tr>\n<tr>\n<td width=\"158\">Classifica\u00e7\u00e3o de instrumentos<\/td>\n<td width=\"330\">Classe I<\/td>\n<\/tr>\n<tr>\n<td width=\"158\">Material<\/td>\n<td width=\"330\">Esponja m\u00e9dica + tecido n\u00e3o tecido<\/td>\n<\/tr>\n<tr>\n<td width=\"158\">Tipo de produto<\/td>\n<td width=\"330\">Almofada de Posicionamento para UTI<\/td>\n<\/tr>\n<\/tbody>\n<\/table>\n<h2>A configura\u00e7\u00e3o inclui:<\/h2>\n<ul>\n<li>1 Posicionador de Cabe\u00e7a Ranhurado com Camada Superior DermaProx<\/li>\n<li>2 ber\u00e7os de bra\u00e7o<\/li>\n<li>4 protetores de quadril e coxa com camada DermaProx<\/li>\n<li>1 Capa para Lifting de Tronco com Camada DermaProx<\/li>\n<\/ul>\n<p>&nbsp;<\/p>\n","protected":false},"excerpt":{"rendered":"<ul>\n<li>Garante o posicionamento ideal do paciente durante a cirurgia.<\/li>\n<li>Feito de uma esponja macia e de alta densidade para maior conforto.<\/li>\n<li>Leve e f\u00e1cil de aplicar.<\/li>\n<li>Descart\u00e1vel para maior higiene e conveni\u00eancia.<\/li>\n<li>Reduz os pontos de press\u00e3o e o desconforto do paciente.<\/li>\n<li>Compat\u00edvel com arma\u00e7\u00f5es de mesa Jackson.<\/li>\n<li>O design de uso \u00fanico minimiza o risco de infec\u00e7\u00e3o.<\/li>\n<\/ul>\n","protected":false},"featured_media":5999,"comment_status":"open","ping_status":"closed","template":"","meta":{"site-sidebar-layout":"default","site-content-layout":"","ast-site-content-layout":"default","site-content-style":"default","site-sidebar-style":"default","ast-global-header-display":"","ast-banner-title-visibility":"","ast-main-header-display":"","ast-hfb-above-header-display":"","ast-hfb-below-header-display":"","ast-hfb-mobile-header-display":"","site-post-title":"","ast-breadcrumbs-content":"","ast-featured-img":"","footer-sml-layout":"","theme-transparent-header-meta":"default","adv-header-id-meta":"","stick-header-meta":"","header-above-stick-meta":"","header-main-stick-meta":"","header-below-stick-meta":"","astra-migrate-meta-layouts":"default","ast-page-background-enabled":"default","ast-page-background-meta":{"desktop":{"background-color":"var(--ast-global-color-4)","background-image":"","background-repeat":"repeat","background-position":"center center","background-size":"auto","background-attachment":"scroll","background-type":"","background-media":"","overlay-type":"","overlay-color":"","overlay-opacity":"","overlay-gradient":""},"tablet":{"background-color":"","background-image":"","background-repeat":"repeat","background-position":"center center","background-size":"auto","background-attachment":"scroll","background-type":"","background-media":"","overlay-type":"","overlay-color":"","overlay-opacity":"","overlay-gradient":""},"mobile":{"background-color":"","background-image":"","background-repeat":"repeat","background-position":"center center","background-size":"auto","background-attachment":"scroll","background-type":"","background-media":"","overlay-type":"","overlay-color":"","overlay-opacity":"","overlay-gradient":""}},"ast-content-background-meta":{"desktop":{"background-color":"var(--ast-global-color-5)","background-image":"","background-repeat":"repeat","background-position":"center center","background-size":"auto","background-attachment":"scroll","background-type":"","background-media":"","overlay-type":"","overlay-color":"","overlay-opacity":"","overlay-gradient":""},"tablet":{"background-color":"var(--ast-global-color-5)","background-image":"","background-repeat":"repeat","background-position":"center center","background-size":"auto","background-attachment":"scroll","background-type":"","background-media":"","overlay-type":"","overlay-color":"","overlay-opacity":"","overlay-gradient":""},"mobile":{"background-color":"var(--ast-global-color-5)","background-image":"","background-repeat":"repeat","background-position":"center center","background-size":"auto","background-attachment":"scroll","background-type":"","background-media":"","overlay-type":"","overlay-color":"","overlay-opacity":"","overlay-gradient":""}}},"product_brand":[],"product_cat":[87],"product_tag":[],"class_list":{"0":"post-5998","1":"product","2":"type-product","3":"status-publish","4":"has-post-thumbnail","6":"product_cat-almofada-de-posicionamento","7":"desktop-align-left","8":"tablet-align-left","9":"mobile-align-left","11":"first","12":"instock","13":"shipping-taxable","14":"product-type-simple"},"_links":{"self":[{"href":"https:\/\/www.medical-sponge.com\/pt-br\/wp-json\/wp\/v2\/product\/5998","targetHints":{"allow":["GET"]}}],"collection":[{"href":"https:\/\/www.medical-sponge.com\/pt-br\/wp-json\/wp\/v2\/product"}],"about":[{"href":"https:\/\/www.medical-sponge.com\/pt-br\/wp-json\/wp\/v2\/types\/product"}],"replies":[{"embeddable":true,"href":"https:\/\/www.medical-sponge.com\/pt-br\/wp-json\/wp\/v2\/comments?post=5998"}],"version-history":[{"count":0,"href":"https:\/\/www.medical-sponge.com\/pt-br\/wp-json\/wp\/v2\/product\/5998\/revisions"}],"wp:featuredmedia":[{"embeddable":true,"href":"https:\/\/www.medical-sponge.com\/pt-br\/wp-json\/wp\/v2\/media\/5999"}],"wp:attachment":[{"href":"https:\/\/www.medical-sponge.com\/pt-br\/wp-json\/wp\/v2\/media?parent=5998"}],"wp:term":[{"taxonomy":"product_brand","embeddable":true,"href":"https:\/\/www.medical-sponge.com\/pt-br\/wp-json\/wp\/v2\/product_brand?post=5998"},{"taxonomy":"product_cat","embeddable":true,"href":"https:\/\/www.medical-sponge.com\/pt-br\/wp-json\/wp\/v2\/product_cat?post=5998"},{"taxonomy":"product_tag","embeddable":true,"href":"https:\/\/www.medical-sponge.com\/pt-br\/wp-json\/wp\/v2\/product_tag?post=5998"}],"curies":[{"name":"wp","href":"https:\/\/api.w.org\/{rel}","templated":true}]}}