{"id":5991,"date":"2024-09-14T11:18:12","date_gmt":"2024-09-14T03:18:12","guid":{"rendered":"https:\/\/www.medical-sponge.com\/kit-almofada-de-posicionamento-m-f-l\/"},"modified":"2024-09-14T11:18:12","modified_gmt":"2024-09-14T03:18:12","slug":"kit-almofada-de-posicionamento-m-f-l","status":"publish","type":"product","link":"https:\/\/www.medical-sponge.com\/pt-br\/kit-almofada-de-posicionamento-m-f-l\/","title":{"rendered":"Kit Almofada de Posicionamento M.F.L"},"content":{"rendered":"<table>\n<tbody>\n<tr>\n<td>Nome do produto<\/td>\n<td>Kit de almofada de posicionamento M.F.L<\/td>\n<\/tr>\n<tr>\n<td>Tamanho do produto<\/td>\n<td>22,86 cm x 35,56 cm x 3,81 cm de espessura, personalizado<\/td>\n<\/tr>\n<tr>\n<td>C\u00f3digo de cores<\/td>\n<td>Amarelo, Azul, Verde, Panton personalizado<\/td>\n<\/tr>\n<tr>\n<td>Material<\/td>\n<td>Esponja de PU m\u00e9dica + poliuretano (PU)<\/td>\n<\/tr>\n<tr>\n<td>Tipo de produto<\/td>\n<td>Almofada de Posicionamento para UTI<\/td>\n<\/tr>\n<\/tbody>\n<\/table>\n<h2>Op\u00e7\u00e3o de kit<\/h2>\n<table>\n<tbody>\n<tr>\n<td>Combina\u00e7\u00e3o 1<\/td>\n<td style=\"text-align: left;\">Combina\u00e7\u00e3o 2<\/td>\n<\/tr>\n<tr>\n<td style=\"text-align: left;\">&#8211; 1 Reverse Pad Posterior Support Contour<\/p>\n<p>&#8211; Pranchas grandes para os bra\u00e7os<\/p>\n<p>&#8211; 1 Lift Sheet<\/p>\n<p>&#8211; 2 conjuntos de cintas para o corpo que n\u00e3o agridem a pele<\/p>\n<p>&#8211; Posicionador de cabe\u00e7a para adultos de uso \u00fanico<\/p>\n<p>&#8211; Almofada para os p\u00e9s (20 &#8220;x12 &#8220;x2&#8221;)<\/td>\n<td>\n<p style=\"text-align: left;\">\u2022 1 Almofada Rosa XL<\/p>\n<p style=\"text-align: left;\">\u2022 Bra\u00e7os grandes<\/p>\n<p style=\"text-align: left;\">\u2022 1 Folha de eleva\u00e7\u00e3o<\/p>\n<p style=\"text-align: left;\">\u2022 2 conjuntos de tiras corporais que n\u00e3o agridem a pele<\/p>\n<p style=\"text-align: left;\">\u2022 Posicionador de cabe\u00e7a para adultos de uso \u00fanico<\/p>\n<p style=\"text-align: left;\">\u2022 Apoio para os p\u00e9s (20&#8243; x 12&#8243; x 2&#8243;)<\/p>\n<\/td>\n<\/tr>\n<\/tbody>\n<\/table>\n<h2>Vantagens<\/h2>\n<table>\n<tbody>\n<tr>\n<td>Design Inovador<\/td>\n<td>Prevenir o deslizamento do paciente<\/td>\n<td>Elimine o risco de les\u00e3o do plexo braquial<\/td>\n<\/tr>\n<tr>\n<td><img fetchpriority=\"high\" decoding=\"async\" class=\"size-medium wp-image-886 aligncenter\" src=\"https:\/\/www.medical-sponge.com\/wp-content\/uploads\/2024\/09\/Product-Detail-300x300.webp\" alt=\"Detalhes do produto\" width=\"300\" height=\"300\" srcset=\"https:\/\/www.medical-sponge.com\/wp-content\/uploads\/2024\/09\/Product-Detail-300x300.webp 300w, https:\/\/www.medical-sponge.com\/wp-content\/uploads\/2024\/09\/Product-Detail-150x150.webp 150w, https:\/\/www.medical-sponge.com\/wp-content\/uploads\/2024\/09\/Product-Detail-768x768.webp 768w, https:\/\/www.medical-sponge.com\/wp-content\/uploads\/2024\/09\/Product-Detail-600x600.webp 600w, https:\/\/www.medical-sponge.com\/wp-content\/uploads\/2024\/09\/Product-Detail-100x100.webp 100w, https:\/\/www.medical-sponge.com\/wp-content\/uploads\/2024\/09\/Product-Detail.webp 800w\" sizes=\"(max-width: 300px) 100vw, 300px\" \/><\/td>\n<td><img decoding=\"async\" class=\"size-full wp-image-889 aligncenter\" src=\"https:\/\/www.medical-sponge.com\/wp-content\/uploads\/2024\/09\/Prevent-Patient-Sliding.webp\" alt=\"Prevenir o deslizamento do paciente\" width=\"267\" height=\"262\"><\/td>\n<td><img decoding=\"async\" class=\"size-full wp-image-890 aligncenter\" src=\"https:\/\/www.medical-sponge.com\/wp-content\/uploads\/2024\/09\/Eliminate-Brachial-Plexus-Injury-Risk.webp\" alt=\"Elimine o risco de les\u00e3o do plexo braquial\" width=\"229\" height=\"225\"><\/td>\n<\/tr>\n<tr>\n<td>A crescente demanda por cirurgias impulsionou a necessidade de solu\u00e7\u00f5es avan\u00e7adas de posicionamento. O kit de almofadas M.F.L. melhora o suporte, o conforto e a recupera\u00e7\u00e3o, especialmente para pacientes com sobrepeso. <\/td>\n<td>O kit de almofada de posicionamento M.F.L. previne efetivamente escorreg\u00f5es do paciente, minimizando les\u00f5es relacionadas \u00e0 postura, mesmo para pacientes com maior peso corporal e IMC, garantindo estabilidade e seguran\u00e7a.<\/td>\n<td>O kit de almofadas de posicionamento M.F.L. pode reduzir a dor muscular em pacientes p\u00f3s-operat\u00f3rios. Sua fun\u00e7\u00e3o n\u00e3o exerce press\u00e3o sobre a cabe\u00e7a, pesco\u00e7o, ombros e pernas, eliminando e prevenindo o risco de danos nos nervos. <\/td>\n<\/tr>\n<\/tbody>\n<\/table>\n","protected":false},"excerpt":{"rendered":"<ul>\n<li><strong>Superf\u00edcie antiderrapante: <\/strong> garante melhor tra\u00e7\u00e3o e suporte est\u00e1vel.<\/li>\n<li><strong>Durabilidade excepcional: <\/strong> constru\u00eddo com materiais robustos e resistentes ao desgaste.<\/li>\n<li><strong>Design ergon\u00f4mico: <\/strong> garante conforto e f\u00e1cil posicionamento durante o uso.<\/li>\n<li><strong>Constru\u00e7\u00e3o leve: <\/strong> f\u00e1cil de transportar e manusear.<\/li>\n<li><strong>Absorvente de choque: <\/strong> reduz o impacto e a press\u00e3o durante o posicionamento.<\/li>\n<li><strong>Firmeza ajust\u00e1vel:<\/strong> Suporte personaliz\u00e1vel para diversas necessidades.<\/li>\n<\/ul>\n","protected":false},"featured_media":5992,"comment_status":"open","ping_status":"closed","template":"","meta":{"site-sidebar-layout":"default","site-content-layout":"","ast-site-content-layout":"default","site-content-style":"default","site-sidebar-style":"default","ast-global-header-display":"","ast-banner-title-visibility":"","ast-main-header-display":"","ast-hfb-above-header-display":"","ast-hfb-below-header-display":"","ast-hfb-mobile-header-display":"","site-post-title":"","ast-breadcrumbs-content":"","ast-featured-img":"","footer-sml-layout":"","theme-transparent-header-meta":"default","adv-header-id-meta":"","stick-header-meta":"","header-above-stick-meta":"","header-main-stick-meta":"","header-below-stick-meta":"","astra-migrate-meta-layouts":"default","ast-page-background-enabled":"default","ast-page-background-meta":{"desktop":{"background-color":"var(--ast-global-color-4)","background-image":"","background-repeat":"repeat","background-position":"center center","background-size":"auto","background-attachment":"scroll","background-type":"","background-media":"","overlay-type":"","overlay-color":"","overlay-opacity":"","overlay-gradient":""},"tablet":{"background-color":"","background-image":"","background-repeat":"repeat","background-position":"center center","background-size":"auto","background-attachment":"scroll","background-type":"","background-media":"","overlay-type":"","overlay-color":"","overlay-opacity":"","overlay-gradient":""},"mobile":{"background-color":"","background-image":"","background-repeat":"repeat","background-position":"center center","background-size":"auto","background-attachment":"scroll","background-type":"","background-media":"","overlay-type":"","overlay-color":"","overlay-opacity":"","overlay-gradient":""}},"ast-content-background-meta":{"desktop":{"background-color":"var(--ast-global-color-5)","background-image":"","background-repeat":"repeat","background-position":"center center","background-size":"auto","background-attachment":"scroll","background-type":"","background-media":"","overlay-type":"","overlay-color":"","overlay-opacity":"","overlay-gradient":""},"tablet":{"background-color":"var(--ast-global-color-5)","background-image":"","background-repeat":"repeat","background-position":"center center","background-size":"auto","background-attachment":"scroll","background-type":"","background-media":"","overlay-type":"","overlay-color":"","overlay-opacity":"","overlay-gradient":""},"mobile":{"background-color":"var(--ast-global-color-5)","background-image":"","background-repeat":"repeat","background-position":"center center","background-size":"auto","background-attachment":"scroll","background-type":"","background-media":"","overlay-type":"","overlay-color":"","overlay-opacity":"","overlay-gradient":""}}},"product_brand":[],"product_cat":[87],"product_tag":[],"class_list":{"0":"post-5991","1":"product","2":"type-product","3":"status-publish","4":"has-post-thumbnail","6":"product_cat-almofada-de-posicionamento","7":"desktop-align-left","8":"tablet-align-left","9":"mobile-align-left","11":"first","12":"instock","13":"shipping-taxable","14":"product-type-simple"},"_links":{"self":[{"href":"https:\/\/www.medical-sponge.com\/pt-br\/wp-json\/wp\/v2\/product\/5991","targetHints":{"allow":["GET"]}}],"collection":[{"href":"https:\/\/www.medical-sponge.com\/pt-br\/wp-json\/wp\/v2\/product"}],"about":[{"href":"https:\/\/www.medical-sponge.com\/pt-br\/wp-json\/wp\/v2\/types\/product"}],"replies":[{"embeddable":true,"href":"https:\/\/www.medical-sponge.com\/pt-br\/wp-json\/wp\/v2\/comments?post=5991"}],"version-history":[{"count":0,"href":"https:\/\/www.medical-sponge.com\/pt-br\/wp-json\/wp\/v2\/product\/5991\/revisions"}],"wp:featuredmedia":[{"embeddable":true,"href":"https:\/\/www.medical-sponge.com\/pt-br\/wp-json\/wp\/v2\/media\/5992"}],"wp:attachment":[{"href":"https:\/\/www.medical-sponge.com\/pt-br\/wp-json\/wp\/v2\/media?parent=5991"}],"wp:term":[{"taxonomy":"product_brand","embeddable":true,"href":"https:\/\/www.medical-sponge.com\/pt-br\/wp-json\/wp\/v2\/product_brand?post=5991"},{"taxonomy":"product_cat","embeddable":true,"href":"https:\/\/www.medical-sponge.com\/pt-br\/wp-json\/wp\/v2\/product_cat?post=5991"},{"taxonomy":"product_tag","embeddable":true,"href":"https:\/\/www.medical-sponge.com\/pt-br\/wp-json\/wp\/v2\/product_tag?post=5991"}],"curies":[{"name":"wp","href":"https:\/\/api.w.org\/{rel}","templated":true}]}}