{"id":5987,"date":"2024-09-14T10:49:14","date_gmt":"2024-09-14T02:49:14","guid":{"rendered":"https:\/\/www.medical-sponge.com\/dispositivo-posicionador-de-cabeca-em-decubito-ventral\/"},"modified":"2024-09-14T10:49:14","modified_gmt":"2024-09-14T02:49:14","slug":"dispositivo-posicionador-de-cabeca-em-decubito-ventral","status":"publish","type":"product","link":"https:\/\/www.medical-sponge.com\/pt-br\/dispositivo-posicionador-de-cabeca-em-decubito-ventral\/","title":{"rendered":"Dispositivo posicionador de cabe\u00e7a em dec\u00fabito ventral"},"content":{"rendered":"<table>\n<tbody>\n<tr>\n<td width=\"100\">Par\u00e2metro<\/td>\n<td width=\"262\">Especifica\u00e7\u00e3o<\/td>\n<\/tr>\n<tr>\n<td width=\"100\">Material<\/td>\n<td width=\"262\">Espuma de poliuretano + microespuma 3M<\/td>\n<\/tr>\n<tr>\n<td width=\"100\">Dimens\u00f5es<\/td>\n<td width=\"262\">22,86 cm x 35,56 cm x 3,81 cm de espessura, personalizado<\/td>\n<\/tr>\n<tr>\n<td width=\"100\">Peso<\/td>\n<td width=\"262\">0,5 kg (1,1 lbs)<\/td>\n<\/tr>\n<tr>\n<td width=\"100\">Cor<\/td>\n<td width=\"262\">Amarelo, verde, azul, Panton personalizado<\/td>\n<\/tr>\n<tr>\n<td width=\"100\">Compatibilidade<\/td>\n<td width=\"262\">Compat\u00edvel com v\u00e1rias mesas cir\u00fargicas<\/td>\n<\/tr>\n<tr>\n<td width=\"100\">Ajustabilidade<\/td>\n<td width=\"262\">Altura ajust\u00e1vel (2&#8243; &#8211; 5&#8243;)<\/td>\n<\/tr>\n<tr>\n<td width=\"100\">Al\u00edvio de press\u00e3o<\/td>\n<td width=\"262\">Espuma de alta densidade para al\u00edvio de press\u00e3o<\/td>\n<\/tr>\n<tr>\n<td width=\"100\">Tipo de superf\u00edcie<\/td>\n<td width=\"262\">Contornado, toque suave para maior conforto<\/td>\n<\/tr>\n<tr>\n<td width=\"100\">M\u00e9todo de limpeza<\/td>\n<td width=\"262\">F\u00e1cil de limpar, limpe com solu\u00e7\u00e3o desinfetante<\/td>\n<\/tr>\n<tr>\n<td width=\"100\">Tipo de uso<\/td>\n<td width=\"262\">Reutiliz\u00e1vel<\/td>\n<\/tr>\n<tr>\n<td width=\"100\">Reutiliz\u00e1vel<\/td>\n<td width=\"262\">N\u00e3o necess\u00e1rio (dispositivo n\u00e3o est\u00e9ril)<\/td>\n<\/tr>\n<tr>\n<td width=\"100\">Cor<\/td>\n<td width=\"262\">Branco ou Azul Claro<\/td>\n<\/tr>\n<tr>\n<td width=\"100\">Certifica\u00e7\u00f5es<\/td>\n<td width=\"262\">Marca CE, aprovado pela FDA<\/td>\n<\/tr>\n<\/tbody>\n<\/table>\n<h2>Caracter\u00edsticos<\/h2>\n<ul>\n<li>Por meio do design do espelho ranhurado, voc\u00ea pode ver e acessar a boca, o nariz, os olhos e o tubo traqueal do paciente com clareza.<\/li>\n<li>Os contornos do ber\u00e7o proporcionam conforto e suporte para a cabe\u00e7a e o pesco\u00e7o do paciente.<\/li>\n<li>Ajude a reduzir o reprocessamento e controlar infec\u00e7\u00f5es com um \u00fanico uso.<\/li>\n<li>Ele pode estabilizar a cabe\u00e7a de pacientes deitados de bru\u00e7os e em dec\u00fabito ventral na mesa cir\u00fargica de forma est\u00e1vel e confort\u00e1vel. O apoio de cabe\u00e7a foi projetado com uma janela para coloca\u00e7\u00e3o e conex\u00e3o de cateteres e outros consum\u00edveis m\u00e9dicos (como m\u00e1scaras lar\u00edngeas, tubos de ventila\u00e7\u00e3o orofar\u00edngea, etc.). <\/li>\n<li>A equipe m\u00e9dica pode observar o rosto do paciente e o estado dos consum\u00edveis m\u00e9dicos, como cateteres, em tempo real, a partir do espelho correspondente do encosto de cabe\u00e7a.<\/li>\n<li>O ponto de contato entre o apoio de cabe\u00e7a e o rosto \u00e9 feito de adesivos de algod\u00e3o m\u00e9dico 3M para evitar desconforto e alergias de pele causadas pela press\u00e3o na testa e no queixo causadas por longos per\u00edodos de opera\u00e7\u00e3o.<\/li>\n<\/ul>\n<table>\n<tbody>\n<tr>\n<td width=\"284\"><img fetchpriority=\"high\" decoding=\"async\" class=\"size-medium wp-image-876 aligncenter\" src=\"https:\/\/www.medical-sponge.com\/wp-content\/uploads\/2024\/09\/Prone-Head-Positioner-Device-Trial-Picture-300x294.webp\" alt=\"Imagem de teste do dispositivo posicionador de cabe\u00e7a em dec\u00fabito ventral\" width=\"300\" height=\"294\" srcset=\"https:\/\/www.medical-sponge.com\/wp-content\/uploads\/2024\/09\/Prone-Head-Positioner-Device-Trial-Picture-300x294.webp 300w, https:\/\/www.medical-sponge.com\/wp-content\/uploads\/2024\/09\/Prone-Head-Positioner-Device-Trial-Picture-600x587.webp 600w, https:\/\/www.medical-sponge.com\/wp-content\/uploads\/2024\/09\/Prone-Head-Positioner-Device-Trial-Picture.webp 619w\" sizes=\"(max-width: 300px) 100vw, 300px\" \/><\/td>\n<td width=\"284\"><img decoding=\"async\" class=\"size-medium wp-image-875 aligncenter\" src=\"https:\/\/www.medical-sponge.com\/wp-content\/uploads\/2024\/09\/Prone-Head-Positioner-Device-1-300x284.webp\" alt=\"Dispositivo Posicionador de Cabe\u00e7a em Dec\u00fabito Prono -1\" width=\"300\" height=\"284\" srcset=\"https:\/\/www.medical-sponge.com\/wp-content\/uploads\/2024\/09\/Prone-Head-Positioner-Device-1-300x284.webp 300w, https:\/\/www.medical-sponge.com\/wp-content\/uploads\/2024\/09\/Prone-Head-Positioner-Device-1-600x569.webp 600w, https:\/\/www.medical-sponge.com\/wp-content\/uploads\/2024\/09\/Prone-Head-Positioner-Device-1.webp 629w\" sizes=\"(max-width: 300px) 100vw, 300px\" \/><\/td>\n<\/tr>\n<\/tbody>\n<\/table>\n","protected":false},"excerpt":{"rendered":"<ul>\n<li>Ofere\u00e7a apoio firme para a cabe\u00e7a e o pesco\u00e7o quando estiver deitado de bru\u00e7os.<\/li>\n<li>Projetado para manter o alinhamento natural das vias a\u00e9reas<\/li>\n<li>Altura ajust\u00e1vel para um ajuste personalizado<\/li>\n<li>Compat\u00edvel com diversas mesas e arma\u00e7\u00f5es cir\u00fargicas<\/li>\n<li>Oferece acesso irrestrito a procedimentos m\u00e9dicos<\/li>\n<\/ul>\n","protected":false},"featured_media":5988,"comment_status":"open","ping_status":"closed","template":"","meta":{"site-sidebar-layout":"default","site-content-layout":"","ast-site-content-layout":"default","site-content-style":"default","site-sidebar-style":"default","ast-global-header-display":"","ast-banner-title-visibility":"","ast-main-header-display":"","ast-hfb-above-header-display":"","ast-hfb-below-header-display":"","ast-hfb-mobile-header-display":"","site-post-title":"","ast-breadcrumbs-content":"","ast-featured-img":"","footer-sml-layout":"","theme-transparent-header-meta":"default","adv-header-id-meta":"","stick-header-meta":"","header-above-stick-meta":"","header-main-stick-meta":"","header-below-stick-meta":"","astra-migrate-meta-layouts":"default","ast-page-background-enabled":"default","ast-page-background-meta":{"desktop":{"background-color":"var(--ast-global-color-4)","background-image":"","background-repeat":"repeat","background-position":"center center","background-size":"auto","background-attachment":"scroll","background-type":"","background-media":"","overlay-type":"","overlay-color":"","overlay-opacity":"","overlay-gradient":""},"tablet":{"background-color":"","background-image":"","background-repeat":"repeat","background-position":"center center","background-size":"auto","background-attachment":"scroll","background-type":"","background-media":"","overlay-type":"","overlay-color":"","overlay-opacity":"","overlay-gradient":""},"mobile":{"background-color":"","background-image":"","background-repeat":"repeat","background-position":"center center","background-size":"auto","background-attachment":"scroll","background-type":"","background-media":"","overlay-type":"","overlay-color":"","overlay-opacity":"","overlay-gradient":""}},"ast-content-background-meta":{"desktop":{"background-color":"var(--ast-global-color-5)","background-image":"","background-repeat":"repeat","background-position":"center center","background-size":"auto","background-attachment":"scroll","background-type":"","background-media":"","overlay-type":"","overlay-color":"","overlay-opacity":"","overlay-gradient":""},"tablet":{"background-color":"var(--ast-global-color-5)","background-image":"","background-repeat":"repeat","background-position":"center center","background-size":"auto","background-attachment":"scroll","background-type":"","background-media":"","overlay-type":"","overlay-color":"","overlay-opacity":"","overlay-gradient":""},"mobile":{"background-color":"var(--ast-global-color-5)","background-image":"","background-repeat":"repeat","background-position":"center center","background-size":"auto","background-attachment":"scroll","background-type":"","background-media":"","overlay-type":"","overlay-color":"","overlay-opacity":"","overlay-gradient":""}}},"product_brand":[],"product_cat":[87],"product_tag":[],"class_list":{"0":"post-5987","1":"product","2":"type-product","3":"status-publish","4":"has-post-thumbnail","6":"product_cat-almofada-de-posicionamento","7":"desktop-align-left","8":"tablet-align-left","9":"mobile-align-left","11":"first","12":"instock","13":"shipping-taxable","14":"product-type-simple"},"_links":{"self":[{"href":"https:\/\/www.medical-sponge.com\/pt-br\/wp-json\/wp\/v2\/product\/5987","targetHints":{"allow":["GET"]}}],"collection":[{"href":"https:\/\/www.medical-sponge.com\/pt-br\/wp-json\/wp\/v2\/product"}],"about":[{"href":"https:\/\/www.medical-sponge.com\/pt-br\/wp-json\/wp\/v2\/types\/product"}],"replies":[{"embeddable":true,"href":"https:\/\/www.medical-sponge.com\/pt-br\/wp-json\/wp\/v2\/comments?post=5987"}],"version-history":[{"count":0,"href":"https:\/\/www.medical-sponge.com\/pt-br\/wp-json\/wp\/v2\/product\/5987\/revisions"}],"wp:featuredmedia":[{"embeddable":true,"href":"https:\/\/www.medical-sponge.com\/pt-br\/wp-json\/wp\/v2\/media\/5988"}],"wp:attachment":[{"href":"https:\/\/www.medical-sponge.com\/pt-br\/wp-json\/wp\/v2\/media?parent=5987"}],"wp:term":[{"taxonomy":"product_brand","embeddable":true,"href":"https:\/\/www.medical-sponge.com\/pt-br\/wp-json\/wp\/v2\/product_brand?post=5987"},{"taxonomy":"product_cat","embeddable":true,"href":"https:\/\/www.medical-sponge.com\/pt-br\/wp-json\/wp\/v2\/product_cat?post=5987"},{"taxonomy":"product_tag","embeddable":true,"href":"https:\/\/www.medical-sponge.com\/pt-br\/wp-json\/wp\/v2\/product_tag?post=5987"}],"curies":[{"name":"wp","href":"https:\/\/api.w.org\/{rel}","templated":true}]}}