{"id":5984,"date":"2024-09-13T17:47:47","date_gmt":"2024-09-13T09:47:47","guid":{"rendered":"https:\/\/www.medical-sponge.com\/kit-de-estabilizacao-de-ombro\/"},"modified":"2024-09-13T17:47:47","modified_gmt":"2024-09-13T09:47:47","slug":"kit-de-estabilizacao-de-ombro","status":"publish","type":"product","link":"https:\/\/www.medical-sponge.com\/pt-br\/kit-de-estabilizacao-de-ombro\/","title":{"rendered":"Kit de estabiliza\u00e7\u00e3o de ombro"},"content":{"rendered":"<table>\n<tbody>\n<tr>\n<td>Nome do produto<\/td>\n<td>Kit de estabiliza\u00e7\u00e3o de ombro<\/td>\n<\/tr>\n<tr>\n<td>Conte\u00fado<\/td>\n<td>Faixa de bra\u00e7o, ader\u00eancia de espuma, cortina, faixa autoadesiva de 4 polegadas x 5 jardas<\/td>\n<\/tr>\n<tr>\n<td>C\u00f3digo de cores<\/td>\n<td>Creme, Azul, Branco, Amarelo ou personalizado<\/td>\n<\/tr>\n<tr>\n<td>Tamanho<\/td>\n<td>10cm*4,5cm 3M Coban<\/td>\n<\/tr>\n<tr>\n<td>Aplica\u00e7\u00e3o<\/td>\n<td>Kit de estabiliza\u00e7\u00e3o de ombro<\/td>\n<\/tr>\n<\/tbody>\n<\/table>\n<h2>Precau\u00e7\u00f5es de uso<\/h2>\n<p>1. Suporte de fixa\u00e7\u00e3o de ombro: o suporte de fixa\u00e7\u00e3o de ombro vem em uma variedade de tamanhos e estilos, e voc\u00ea deve escolher o modelo que mais lhe convier.<\/p>\n<p>2. Prepara\u00e7\u00e3o antes de usar: Antes de colocar o suporte de fixa\u00e7\u00e3o do ombro, limpe a pele do ombro para garantir que ela esteja seca e limpa.<\/p>\n<p>3. Use o suporte: Enrole a tira que segura o suporte ao redor do ombro, ajuste o aperto e certifique-se de que o suporte esteja bem ajustado \u00e0 pele, mas n\u00e3o muito apertado.<\/p>\n<p>4. Ajuste a posi\u00e7\u00e3o do suporte: ajuste a posi\u00e7\u00e3o e o \u00e2ngulo do suporte do ombro para garantir que ele possa segurar adequadamente a articula\u00e7\u00e3o do ombro.<\/p>\n<p>5. Verifique regularmente: Verifique regularmente o aperto e a posi\u00e7\u00e3o do suporte de fixa\u00e7\u00e3o do ombro para garantir que o suporte esteja sempre na posi\u00e7\u00e3o correta e para evitar que fique muito apertado ou muito frouxo.<\/p>\n<p>6. Evite movimentar demais: evite movimentar demais o ombro enquanto estiver usando uma cinta de ombro para evitar dor e les\u00f5es.<\/p>\n<p>7. Substitui\u00e7\u00e3o regular: para manter a efic\u00e1cia do tratamento, substitua o suporte de fixa\u00e7\u00e3o do ombro regularmente.<\/p>\n","protected":false},"excerpt":{"rendered":"<ul>\n<li>Al\u00e7as ajust\u00e1veis para um ajuste personalizado<\/li>\n<li>Suporte acolchoado para maior conforto durante o uso<\/li>\n<li>Fechos de velcro para f\u00e1cil aplica\u00e7\u00e3o e ajuste<\/li>\n<li>Fornece compress\u00e3o para reduzir a inflama\u00e7\u00e3o<\/li>\n<li>Projetado para estabilizar e restringir o movimento da articula\u00e7\u00e3o do ombro.<\/li>\n<li>Material projetado para respirabilidade e para evitar ac\u00famulo de umidade.<\/li>\n<\/ul>\n","protected":false},"featured_media":869,"comment_status":"open","ping_status":"closed","template":"","meta":{"site-sidebar-layout":"default","site-content-layout":"","ast-site-content-layout":"default","site-content-style":"default","site-sidebar-style":"default","ast-global-header-display":"","ast-banner-title-visibility":"","ast-main-header-display":"","ast-hfb-above-header-display":"","ast-hfb-below-header-display":"","ast-hfb-mobile-header-display":"","site-post-title":"","ast-breadcrumbs-content":"","ast-featured-img":"","footer-sml-layout":"","theme-transparent-header-meta":"default","adv-header-id-meta":"","stick-header-meta":"","header-above-stick-meta":"","header-main-stick-meta":"","header-below-stick-meta":"","astra-migrate-meta-layouts":"default","ast-page-background-enabled":"default","ast-page-background-meta":{"desktop":{"background-color":"var(--ast-global-color-4)","background-image":"","background-repeat":"repeat","background-position":"center center","background-size":"auto","background-attachment":"scroll","background-type":"","background-media":"","overlay-type":"","overlay-color":"","overlay-opacity":"","overlay-gradient":""},"tablet":{"background-color":"","background-image":"","background-repeat":"repeat","background-position":"center center","background-size":"auto","background-attachment":"scroll","background-type":"","background-media":"","overlay-type":"","overlay-color":"","overlay-opacity":"","overlay-gradient":""},"mobile":{"background-color":"","background-image":"","background-repeat":"repeat","background-position":"center center","background-size":"auto","background-attachment":"scroll","background-type":"","background-media":"","overlay-type":"","overlay-color":"","overlay-opacity":"","overlay-gradient":""}},"ast-content-background-meta":{"desktop":{"background-color":"var(--ast-global-color-5)","background-image":"","background-repeat":"repeat","background-position":"center center","background-size":"auto","background-attachment":"scroll","background-type":"","background-media":"","overlay-type":"","overlay-color":"","overlay-opacity":"","overlay-gradient":""},"tablet":{"background-color":"var(--ast-global-color-5)","background-image":"","background-repeat":"repeat","background-position":"center center","background-size":"auto","background-attachment":"scroll","background-type":"","background-media":"","overlay-type":"","overlay-color":"","overlay-opacity":"","overlay-gradient":""},"mobile":{"background-color":"var(--ast-global-color-5)","background-image":"","background-repeat":"repeat","background-position":"center center","background-size":"auto","background-attachment":"scroll","background-type":"","background-media":"","overlay-type":"","overlay-color":"","overlay-opacity":"","overlay-gradient":""}}},"product_brand":[],"product_cat":[87],"product_tag":[],"class_list":{"0":"post-5984","1":"product","2":"type-product","3":"status-publish","4":"has-post-thumbnail","6":"product_cat-almofada-de-posicionamento","7":"desktop-align-left","8":"tablet-align-left","9":"mobile-align-left","11":"first","12":"instock","13":"shipping-taxable","14":"product-type-simple"},"_links":{"self":[{"href":"https:\/\/www.medical-sponge.com\/pt-br\/wp-json\/wp\/v2\/product\/5984","targetHints":{"allow":["GET"]}}],"collection":[{"href":"https:\/\/www.medical-sponge.com\/pt-br\/wp-json\/wp\/v2\/product"}],"about":[{"href":"https:\/\/www.medical-sponge.com\/pt-br\/wp-json\/wp\/v2\/types\/product"}],"replies":[{"embeddable":true,"href":"https:\/\/www.medical-sponge.com\/pt-br\/wp-json\/wp\/v2\/comments?post=5984"}],"version-history":[{"count":0,"href":"https:\/\/www.medical-sponge.com\/pt-br\/wp-json\/wp\/v2\/product\/5984\/revisions"}],"wp:featuredmedia":[{"embeddable":true,"href":"https:\/\/www.medical-sponge.com\/pt-br\/wp-json\/wp\/v2\/media\/869"}],"wp:attachment":[{"href":"https:\/\/www.medical-sponge.com\/pt-br\/wp-json\/wp\/v2\/media?parent=5984"}],"wp:term":[{"taxonomy":"product_brand","embeddable":true,"href":"https:\/\/www.medical-sponge.com\/pt-br\/wp-json\/wp\/v2\/product_brand?post=5984"},{"taxonomy":"product_cat","embeddable":true,"href":"https:\/\/www.medical-sponge.com\/pt-br\/wp-json\/wp\/v2\/product_cat?post=5984"},{"taxonomy":"product_tag","embeddable":true,"href":"https:\/\/www.medical-sponge.com\/pt-br\/wp-json\/wp\/v2\/product_tag?post=5984"}],"curies":[{"name":"wp","href":"https:\/\/api.w.org\/{rel}","templated":true}]}}