{"id":5980,"date":"2024-09-13T17:20:03","date_gmt":"2024-09-13T09:20:03","guid":{"rendered":"https:\/\/www.medical-sponge.com\/mascara-facial-de-espuma-descartavel-para-cadeira-de-praia\/"},"modified":"2024-09-13T17:20:03","modified_gmt":"2024-09-13T09:20:03","slug":"mascara-facial-de-espuma-descartavel-para-cadeira-de-praia","status":"publish","type":"product","link":"https:\/\/www.medical-sponge.com\/pt-br\/mascara-facial-de-espuma-descartavel-para-cadeira-de-praia\/","title":{"rendered":"M\u00e1scara facial de espuma descart\u00e1vel para cadeira de praia"},"content":{"rendered":"<table>\n<tbody>\n<tr>\n<td>Nome do produto<\/td>\n<td>M\u00e1scara facial de espuma descart\u00e1vel para cadeira de praia<\/td>\n<\/tr>\n<tr>\n<td>Modelo:<\/td>\n<td>MFL3205<\/td>\n<\/tr>\n<tr>\n<td>Tamanho do produto<\/td>\n<td>22,86 cm x 35,56 cm x 3,81 cm de espessura, personalizado<\/td>\n<\/tr>\n<tr>\n<td>C\u00f3digo de cores<\/td>\n<td>Azul, branco, amarelo, verde ou personalizado<\/td>\n<\/tr>\n<tr>\n<td>Peso do produto<\/td>\n<td>1,6 oz<\/td>\n<\/tr>\n<tr>\n<td>Material<\/td>\n<td>Esponja m\u00e9dica, sem l\u00e1tex ou personalizada<\/td>\n<\/tr>\n<tr>\n<td>Origem<\/td>\n<td>China (Continente)<\/td>\n<\/tr>\n<\/tbody>\n<\/table>\n<h2>Precau\u00e7\u00f5es de uso<\/h2>\n<ul>\n<li>Certifique-se de que a m\u00e1scara esteja alinhada corretamente sobre os olhos e o nariz, seguindo as instru\u00e7\u00f5es fornecidas no diagrama para um posicionamento preciso.<\/li>\n<li>Ao prender o dispositivo, certifique-se de que tanto a pele quanto o cabelo estejam totalmente longe das tiras para evitar desconforto ou interfer\u00eancia.<\/li>\n<li>Certifique-se de que as tiras estejam firmemente presas ao dispositivo de posicionamento para um ajuste est\u00e1vel e desempenho confi\u00e1vel durante o uso.<\/li>\n<li>Tome cuidado para n\u00e3o apertar demais as tiras, pois isso pode colocar muita press\u00e3o no rosto ou causar dor.<\/li>\n<li>Este dispositivo foi projetado para ser usado uma \u00fanica vez e deve ser descartado ap\u00f3s cada uso para garantir a limpeza e o desempenho ideal.<\/li>\n<li>Como o aparelho deve ser usado apenas uma vez e n\u00e3o pode ser esterilizado, n\u00e3o tente esteriliz\u00e1-lo.<\/li>\n<\/ul>\n","protected":false},"excerpt":{"rendered":"<ul>\n<li>O material de espuma macia garante conforto durante o uso<\/li>\n<li>Design descart\u00e1vel para aplica\u00e7\u00e3o higi\u00eanica e de uso \u00fanico<\/li>\n<li>Contornado para se ajustar ao formato do rosto, proporcionando suporte m\u00e1ximo<\/li>\n<li>Fornece uma barreira protetora entre o rosto e a superf\u00edcie da cadeira<\/li>\n<li>Material hipoalerg\u00eanico minimiza a irrita\u00e7\u00e3o da pele<\/li>\n<\/ul>\n","protected":false},"featured_media":838,"comment_status":"open","ping_status":"closed","template":"","meta":{"site-sidebar-layout":"default","site-content-layout":"","ast-site-content-layout":"default","site-content-style":"default","site-sidebar-style":"default","ast-global-header-display":"","ast-banner-title-visibility":"","ast-main-header-display":"","ast-hfb-above-header-display":"","ast-hfb-below-header-display":"","ast-hfb-mobile-header-display":"","site-post-title":"","ast-breadcrumbs-content":"","ast-featured-img":"","footer-sml-layout":"","theme-transparent-header-meta":"default","adv-header-id-meta":"","stick-header-meta":"","header-above-stick-meta":"","header-main-stick-meta":"","header-below-stick-meta":"","astra-migrate-meta-layouts":"default","ast-page-background-enabled":"default","ast-page-background-meta":{"desktop":{"background-color":"var(--ast-global-color-4)","background-image":"","background-repeat":"repeat","background-position":"center center","background-size":"auto","background-attachment":"scroll","background-type":"","background-media":"","overlay-type":"","overlay-color":"","overlay-opacity":"","overlay-gradient":""},"tablet":{"background-color":"","background-image":"","background-repeat":"repeat","background-position":"center center","background-size":"auto","background-attachment":"scroll","background-type":"","background-media":"","overlay-type":"","overlay-color":"","overlay-opacity":"","overlay-gradient":""},"mobile":{"background-color":"","background-image":"","background-repeat":"repeat","background-position":"center center","background-size":"auto","background-attachment":"scroll","background-type":"","background-media":"","overlay-type":"","overlay-color":"","overlay-opacity":"","overlay-gradient":""}},"ast-content-background-meta":{"desktop":{"background-color":"var(--ast-global-color-5)","background-image":"","background-repeat":"repeat","background-position":"center center","background-size":"auto","background-attachment":"scroll","background-type":"","background-media":"","overlay-type":"","overlay-color":"","overlay-opacity":"","overlay-gradient":""},"tablet":{"background-color":"var(--ast-global-color-5)","background-image":"","background-repeat":"repeat","background-position":"center center","background-size":"auto","background-attachment":"scroll","background-type":"","background-media":"","overlay-type":"","overlay-color":"","overlay-opacity":"","overlay-gradient":""},"mobile":{"background-color":"var(--ast-global-color-5)","background-image":"","background-repeat":"repeat","background-position":"center center","background-size":"auto","background-attachment":"scroll","background-type":"","background-media":"","overlay-type":"","overlay-color":"","overlay-opacity":"","overlay-gradient":""}}},"product_brand":[],"product_cat":[87],"product_tag":[],"class_list":{"0":"post-5980","1":"product","2":"type-product","3":"status-publish","4":"has-post-thumbnail","6":"product_cat-almofada-de-posicionamento","7":"desktop-align-left","8":"tablet-align-left","9":"mobile-align-left","11":"first","12":"instock","13":"shipping-taxable","14":"product-type-simple"},"_links":{"self":[{"href":"https:\/\/www.medical-sponge.com\/pt-br\/wp-json\/wp\/v2\/product\/5980","targetHints":{"allow":["GET"]}}],"collection":[{"href":"https:\/\/www.medical-sponge.com\/pt-br\/wp-json\/wp\/v2\/product"}],"about":[{"href":"https:\/\/www.medical-sponge.com\/pt-br\/wp-json\/wp\/v2\/types\/product"}],"replies":[{"embeddable":true,"href":"https:\/\/www.medical-sponge.com\/pt-br\/wp-json\/wp\/v2\/comments?post=5980"}],"version-history":[{"count":0,"href":"https:\/\/www.medical-sponge.com\/pt-br\/wp-json\/wp\/v2\/product\/5980\/revisions"}],"wp:featuredmedia":[{"embeddable":true,"href":"https:\/\/www.medical-sponge.com\/pt-br\/wp-json\/wp\/v2\/media\/838"}],"wp:attachment":[{"href":"https:\/\/www.medical-sponge.com\/pt-br\/wp-json\/wp\/v2\/media?parent=5980"}],"wp:term":[{"taxonomy":"product_brand","embeddable":true,"href":"https:\/\/www.medical-sponge.com\/pt-br\/wp-json\/wp\/v2\/product_brand?post=5980"},{"taxonomy":"product_cat","embeddable":true,"href":"https:\/\/www.medical-sponge.com\/pt-br\/wp-json\/wp\/v2\/product_cat?post=5980"},{"taxonomy":"product_tag","embeddable":true,"href":"https:\/\/www.medical-sponge.com\/pt-br\/wp-json\/wp\/v2\/product_tag?post=5980"}],"curies":[{"name":"wp","href":"https:\/\/api.w.org\/{rel}","templated":true}]}}