{"id":5967,"date":"2024-09-19T10:36:30","date_gmt":"2024-09-19T02:36:30","guid":{"rendered":"https:\/\/www.medical-sponge.com\/absorventes-descartaveis-convolutos\/"},"modified":"2024-09-19T10:36:30","modified_gmt":"2024-09-19T02:36:30","slug":"absorventes-descartaveis-convolutos","status":"publish","type":"product","link":"https:\/\/www.medical-sponge.com\/pt-br\/absorventes-descartaveis-convolutos\/","title":{"rendered":"Absorventes descart\u00e1veis \u200b\u200bconvolutos"},"content":{"rendered":"<table>\n<tbody>\n<tr>\n<td>Modelo<\/td>\n<td>Tamanho padr\u00e3o<\/td>\n<\/tr>\n<tr>\n<td>DCP-MFL2201A<\/td>\n<td>2 cm x 8 cm x 20 cm<\/td>\n<\/tr>\n<tr>\n<td>DCP-MFL2201B<\/td>\n<td>2 cm x 8 cm x 26 cm<\/td>\n<\/tr>\n<tr>\n<td>DCP-MFL2201C<\/td>\n<td>2 cm x 9 cm x 16 cm<\/td>\n<\/tr>\n<tr>\n<td>DCP-MFL2201D<\/td>\n<td>2 cm x 6 cm x 16 cm<\/td>\n<\/tr>\n<\/tbody>\n<\/table>\n<h2>Fun\u00e7\u00e3o<\/h2>\n<ul>\n<li><strong>Distribui\u00e7\u00e3o de tens\u00e3o: <\/strong> ao redistribuir o peso uniformemente, o formato convoluto (em forma de caixa de ovo) diminui a tens\u00e3o em regi\u00f5es importantes, incluindo calcanhares, quadris e costas.<\/li>\n<li><strong>Previne escaras:<\/strong> Ao minimizar a press\u00e3o em \u00e1reas vulner\u00e1veis, as almofadas ajudam a reduzir o risco de desenvolver escaras ou \u00falceras de press\u00e3o. Melhora <\/li>\n<li><strong>Circula\u00e7\u00e3o de ar:<\/strong> O design permite melhor fluxo de ar, o que ajuda a reduzir o ac\u00famulo de calor e umidade, mantendo a pele do paciente seca e confort\u00e1vel.<\/li>\n<li><strong>Aumenta o conforto:<\/strong> Proporciona um efeito de amortecimento que aumenta o conforto do paciente, principalmente para aqueles que ficam acamados ou sentados por longos per\u00edodos.<\/li>\n<li><strong>Manuten\u00e7\u00e3o da higiene: <\/strong> como os absorventes s\u00e3o descart\u00e1veis \u200b\u200be feitos para uso \u00fanico, h\u00e1 menor chance de infec\u00e7\u00e3o e uma op\u00e7\u00e3o mais higi\u00eanica para o cuidado do paciente.<\/li>\n<\/ul>\n<p><img fetchpriority=\"high\" decoding=\"async\" class=\"size-full wp-image-1325 aligncenter\" src=\"https:\/\/www.medical-sponge.com\/wp-content\/uploads\/2024\/09\/Disposable-Convoluted-Pads.jpeg\" alt=\"Absorventes descart\u00e1veis \u200b\u200bconvolutos\" width=\"750\" height=\"750\" srcset=\"https:\/\/www.medical-sponge.com\/wp-content\/uploads\/2024\/09\/Disposable-Convoluted-Pads.jpeg 750w, https:\/\/www.medical-sponge.com\/wp-content\/uploads\/2024\/09\/Disposable-Convoluted-Pads-300x300.jpeg 300w, https:\/\/www.medical-sponge.com\/wp-content\/uploads\/2024\/09\/Disposable-Convoluted-Pads-150x150.jpeg 150w, https:\/\/www.medical-sponge.com\/wp-content\/uploads\/2024\/09\/Disposable-Convoluted-Pads-600x600.jpeg 600w, https:\/\/www.medical-sponge.com\/wp-content\/uploads\/2024\/09\/Disposable-Convoluted-Pads-100x100.jpeg 100w\" sizes=\"(max-width: 750px) 100vw, 750px\" \/><\/p>\n<div id=\"gtx-trans\" style=\"position: absolute; left: 781px; top: 10.1875px;\">\n<div class=\"gtx-trans-icon\"><\/div>\n<\/div>\n","protected":false},"excerpt":{"rendered":"<ul>\n<li><strong>Modelo: <\/strong> DCP-MFL2201A-D<\/li>\n<li><strong>Tamanho: <\/strong> 51 cm x 31 cm x 5 cm, personalizado<\/li>\n<li><strong>Cor: <\/strong> Amarelo, verde, azul, Panton personalizado<\/li>\n<li><strong>Material: <\/strong> Personalizado<\/li>\n<li><strong>Cen\u00e1rios de aplica\u00e7\u00e3o:<\/strong> ambientes de sa\u00fade, como hospitais e casas de repouso<\/li>\n<\/ul>\n","protected":false},"featured_media":1322,"comment_status":"open","ping_status":"closed","template":"","meta":{"site-sidebar-layout":"default","site-content-layout":"","ast-site-content-layout":"default","site-content-style":"default","site-sidebar-style":"default","ast-global-header-display":"","ast-banner-title-visibility":"","ast-main-header-display":"","ast-hfb-above-header-display":"","ast-hfb-below-header-display":"","ast-hfb-mobile-header-display":"","site-post-title":"","ast-breadcrumbs-content":"","ast-featured-img":"","footer-sml-layout":"","theme-transparent-header-meta":"default","adv-header-id-meta":"","stick-header-meta":"","header-above-stick-meta":"","header-main-stick-meta":"","header-below-stick-meta":"","astra-migrate-meta-layouts":"default","ast-page-background-enabled":"default","ast-page-background-meta":{"desktop":{"background-color":"var(--ast-global-color-4)","background-image":"","background-repeat":"repeat","background-position":"center center","background-size":"auto","background-attachment":"scroll","background-type":"","background-media":"","overlay-type":"","overlay-color":"","overlay-opacity":"","overlay-gradient":""},"tablet":{"background-color":"","background-image":"","background-repeat":"repeat","background-position":"center center","background-size":"auto","background-attachment":"scroll","background-type":"","background-media":"","overlay-type":"","overlay-color":"","overlay-opacity":"","overlay-gradient":""},"mobile":{"background-color":"","background-image":"","background-repeat":"repeat","background-position":"center center","background-size":"auto","background-attachment":"scroll","background-type":"","background-media":"","overlay-type":"","overlay-color":"","overlay-opacity":"","overlay-gradient":""}},"ast-content-background-meta":{"desktop":{"background-color":"var(--ast-global-color-5)","background-image":"","background-repeat":"repeat","background-position":"center center","background-size":"auto","background-attachment":"scroll","background-type":"","background-media":"","overlay-type":"","overlay-color":"","overlay-opacity":"","overlay-gradient":""},"tablet":{"background-color":"var(--ast-global-color-5)","background-image":"","background-repeat":"repeat","background-position":"center center","background-size":"auto","background-attachment":"scroll","background-type":"","background-media":"","overlay-type":"","overlay-color":"","overlay-opacity":"","overlay-gradient":""},"mobile":{"background-color":"var(--ast-global-color-5)","background-image":"","background-repeat":"repeat","background-position":"center center","background-size":"auto","background-attachment":"scroll","background-type":"","background-media":"","overlay-type":"","overlay-color":"","overlay-opacity":"","overlay-gradient":""}}},"product_brand":[],"product_cat":[87],"product_tag":[],"class_list":{"0":"post-5967","1":"product","2":"type-product","3":"status-publish","4":"has-post-thumbnail","6":"product_cat-almofada-de-posicionamento","7":"desktop-align-left","8":"tablet-align-left","9":"mobile-align-left","11":"first","12":"instock","13":"shipping-taxable","14":"product-type-simple"},"_links":{"self":[{"href":"https:\/\/www.medical-sponge.com\/pt-br\/wp-json\/wp\/v2\/product\/5967","targetHints":{"allow":["GET"]}}],"collection":[{"href":"https:\/\/www.medical-sponge.com\/pt-br\/wp-json\/wp\/v2\/product"}],"about":[{"href":"https:\/\/www.medical-sponge.com\/pt-br\/wp-json\/wp\/v2\/types\/product"}],"replies":[{"embeddable":true,"href":"https:\/\/www.medical-sponge.com\/pt-br\/wp-json\/wp\/v2\/comments?post=5967"}],"version-history":[{"count":0,"href":"https:\/\/www.medical-sponge.com\/pt-br\/wp-json\/wp\/v2\/product\/5967\/revisions"}],"wp:featuredmedia":[{"embeddable":true,"href":"https:\/\/www.medical-sponge.com\/pt-br\/wp-json\/wp\/v2\/media\/1322"}],"wp:attachment":[{"href":"https:\/\/www.medical-sponge.com\/pt-br\/wp-json\/wp\/v2\/media?parent=5967"}],"wp:term":[{"taxonomy":"product_brand","embeddable":true,"href":"https:\/\/www.medical-sponge.com\/pt-br\/wp-json\/wp\/v2\/product_brand?post=5967"},{"taxonomy":"product_cat","embeddable":true,"href":"https:\/\/www.medical-sponge.com\/pt-br\/wp-json\/wp\/v2\/product_cat?post=5967"},{"taxonomy":"product_tag","embeddable":true,"href":"https:\/\/www.medical-sponge.com\/pt-br\/wp-json\/wp\/v2\/product_tag?post=5967"}],"curies":[{"name":"wp","href":"https:\/\/api.w.org\/{rel}","templated":true}]}}