{"id":5948,"date":"2024-09-19T11:50:29","date_gmt":"2024-09-19T03:50:29","guid":{"rendered":"https:\/\/www.medical-sponge.com\/suportes-de-braco-descartaveis\/"},"modified":"2024-09-19T11:50:29","modified_gmt":"2024-09-19T03:50:29","slug":"suportes-de-braco-descartaveis","status":"publish","type":"product","link":"https:\/\/www.medical-sponge.com\/pt-br\/suportes-de-braco-descartaveis\/","title":{"rendered":"Suportes de bra\u00e7o descart\u00e1veis"},"content":{"rendered":"<table>\n<tbody>\n<tr>\n<td>Modelo<\/td>\n<td>Tamanho padr\u00e3o<\/td>\n<td>\u00c2ngulo<\/td>\n<\/tr>\n<tr>\n<td>MFL3201<\/td>\n<td>61 cm x 13 cm x 75 cm<\/td>\n<td>5\u00b0<\/td>\n<\/tr>\n<tr>\n<td>MFL3202<\/td>\n<td>58 cm x 13 cm x 70 cm<\/td>\n<td>10\u00b0<\/td>\n<\/tr>\n<tr>\n<td>MFL3203<\/td>\n<td>40 cm x 13 cm x 50 cm<\/td>\n<td>15\u00b0<\/td>\n<\/tr>\n<\/tbody>\n<\/table>\n<h2>Caracter\u00edsticos<\/h2>\n<ul>\n<li>Os suportes para bra\u00e7os fornecem suporte para os bra\u00e7os do paciente e ajudam a proteger o nervo ulnar.<\/li>\n<li>Design de alta densidade com \u00e2ngulos ajust\u00e1veis.<\/li>\n<li>A eleva\u00e7\u00e3o do bra\u00e7o oferece suporte aos bra\u00e7os do paciente.<\/li>\n<li>Oferece suporte, conforto e economia.<\/li>\n<li>Projetado apenas para uso em um \u00fanico paciente.<\/li>\n<li>Sem l\u00e1tex.<\/li>\n<\/ul>\n<p><img fetchpriority=\"high\" decoding=\"async\" class=\"size-full wp-image-1331 aligncenter\" src=\"https:\/\/www.medical-sponge.com\/wp-content\/uploads\/2024\/09\/Disposable-Arm-Cradles-1.jpeg\" alt=\"Suportes de bra\u00e7o descart\u00e1veis-1\" width=\"750\" height=\"750\" srcset=\"https:\/\/www.medical-sponge.com\/wp-content\/uploads\/2024\/09\/Disposable-Arm-Cradles-1.jpeg 750w, https:\/\/www.medical-sponge.com\/wp-content\/uploads\/2024\/09\/Disposable-Arm-Cradles-1-300x300.jpeg 300w, https:\/\/www.medical-sponge.com\/wp-content\/uploads\/2024\/09\/Disposable-Arm-Cradles-1-150x150.jpeg 150w, https:\/\/www.medical-sponge.com\/wp-content\/uploads\/2024\/09\/Disposable-Arm-Cradles-1-600x600.jpeg 600w, https:\/\/www.medical-sponge.com\/wp-content\/uploads\/2024\/09\/Disposable-Arm-Cradles-1-100x100.jpeg 100w\" sizes=\"(max-width: 750px) 100vw, 750px\" \/><\/p>\n","protected":false},"excerpt":{"rendered":"<ul>\n<li><strong>Modelo: <\/strong> MFL3201-3203<\/li>\n<li><strong>Tamanho: <\/strong> 61 cm x 13 cm x 75 cm, personalizado<\/li>\n<li><strong>Cor: <\/strong> Amarelo, verde, azul, Panton personalizado<\/li>\n<li><strong>\u00c2ngulo: <\/strong> Pode ser personalizado.<\/li>\n<li><strong>Material: <\/strong> Personalizado<\/li>\n<\/ul>\n","protected":false},"featured_media":1330,"comment_status":"open","ping_status":"closed","template":"","meta":{"site-sidebar-layout":"default","site-content-layout":"","ast-site-content-layout":"default","site-content-style":"default","site-sidebar-style":"default","ast-global-header-display":"","ast-banner-title-visibility":"","ast-main-header-display":"","ast-hfb-above-header-display":"","ast-hfb-below-header-display":"","ast-hfb-mobile-header-display":"","site-post-title":"","ast-breadcrumbs-content":"","ast-featured-img":"","footer-sml-layout":"","theme-transparent-header-meta":"default","adv-header-id-meta":"","stick-header-meta":"","header-above-stick-meta":"","header-main-stick-meta":"","header-below-stick-meta":"","astra-migrate-meta-layouts":"default","ast-page-background-enabled":"default","ast-page-background-meta":{"desktop":{"background-color":"var(--ast-global-color-4)","background-image":"","background-repeat":"repeat","background-position":"center center","background-size":"auto","background-attachment":"scroll","background-type":"","background-media":"","overlay-type":"","overlay-color":"","overlay-opacity":"","overlay-gradient":""},"tablet":{"background-color":"","background-image":"","background-repeat":"repeat","background-position":"center center","background-size":"auto","background-attachment":"scroll","background-type":"","background-media":"","overlay-type":"","overlay-color":"","overlay-opacity":"","overlay-gradient":""},"mobile":{"background-color":"","background-image":"","background-repeat":"repeat","background-position":"center center","background-size":"auto","background-attachment":"scroll","background-type":"","background-media":"","overlay-type":"","overlay-color":"","overlay-opacity":"","overlay-gradient":""}},"ast-content-background-meta":{"desktop":{"background-color":"var(--ast-global-color-5)","background-image":"","background-repeat":"repeat","background-position":"center center","background-size":"auto","background-attachment":"scroll","background-type":"","background-media":"","overlay-type":"","overlay-color":"","overlay-opacity":"","overlay-gradient":""},"tablet":{"background-color":"var(--ast-global-color-5)","background-image":"","background-repeat":"repeat","background-position":"center center","background-size":"auto","background-attachment":"scroll","background-type":"","background-media":"","overlay-type":"","overlay-color":"","overlay-opacity":"","overlay-gradient":""},"mobile":{"background-color":"var(--ast-global-color-5)","background-image":"","background-repeat":"repeat","background-position":"center center","background-size":"auto","background-attachment":"scroll","background-type":"","background-media":"","overlay-type":"","overlay-color":"","overlay-opacity":"","overlay-gradient":""}}},"product_brand":[],"product_cat":[87],"product_tag":[],"class_list":{"0":"post-5948","1":"product","2":"type-product","3":"status-publish","4":"has-post-thumbnail","6":"product_cat-almofada-de-posicionamento","7":"desktop-align-left","8":"tablet-align-left","9":"mobile-align-left","11":"first","12":"instock","13":"shipping-taxable","14":"product-type-simple"},"_links":{"self":[{"href":"https:\/\/www.medical-sponge.com\/pt-br\/wp-json\/wp\/v2\/product\/5948","targetHints":{"allow":["GET"]}}],"collection":[{"href":"https:\/\/www.medical-sponge.com\/pt-br\/wp-json\/wp\/v2\/product"}],"about":[{"href":"https:\/\/www.medical-sponge.com\/pt-br\/wp-json\/wp\/v2\/types\/product"}],"replies":[{"embeddable":true,"href":"https:\/\/www.medical-sponge.com\/pt-br\/wp-json\/wp\/v2\/comments?post=5948"}],"version-history":[{"count":0,"href":"https:\/\/www.medical-sponge.com\/pt-br\/wp-json\/wp\/v2\/product\/5948\/revisions"}],"wp:featuredmedia":[{"embeddable":true,"href":"https:\/\/www.medical-sponge.com\/pt-br\/wp-json\/wp\/v2\/media\/1330"}],"wp:attachment":[{"href":"https:\/\/www.medical-sponge.com\/pt-br\/wp-json\/wp\/v2\/media?parent=5948"}],"wp:term":[{"taxonomy":"product_brand","embeddable":true,"href":"https:\/\/www.medical-sponge.com\/pt-br\/wp-json\/wp\/v2\/product_brand?post=5948"},{"taxonomy":"product_cat","embeddable":true,"href":"https:\/\/www.medical-sponge.com\/pt-br\/wp-json\/wp\/v2\/product_cat?post=5948"},{"taxonomy":"product_tag","embeddable":true,"href":"https:\/\/www.medical-sponge.com\/pt-br\/wp-json\/wp\/v2\/product_tag?post=5948"}],"curies":[{"name":"wp","href":"https:\/\/api.w.org\/{rel}","templated":true}]}}