{"id":5944,"date":"2024-09-19T13:57:31","date_gmt":"2024-09-19T05:57:31","guid":{"rendered":"https:\/\/www.medical-sponge.com\/protetor-de-espuma-descartavel-para-calcanhar\/"},"modified":"2024-09-19T13:57:31","modified_gmt":"2024-09-19T05:57:31","slug":"protetor-de-espuma-descartavel-para-calcanhar","status":"publish","type":"product","link":"https:\/\/www.medical-sponge.com\/pt-br\/protetor-de-espuma-descartavel-para-calcanhar\/","title":{"rendered":"Protetor de espuma descart\u00e1vel para calcanhar"},"content":{"rendered":"<table>\n<tbody>\n<tr>\n<td>Modelo<\/td>\n<td>Tamanho padr\u00e3o<\/td>\n<\/tr>\n<tr>\n<td>HFP3210<\/td>\n<td>30 cm x 45 cm x 4 cm<\/td>\n<\/tr>\n<tr>\n<td>HFP3208<\/td>\n<td>22,86 cm x 35,56 cm x 3,81 cm<\/td>\n<\/tr>\n<tr>\n<td>HFP3205<\/td>\n<td>20 cm x 33 cm x 3,81 cm<\/td>\n<\/tr>\n<\/tbody>\n<\/table>\n<h2>Vantagem<\/h2>\n<ul>\n<li><strong>Al\u00edvio da press\u00e3o:<\/strong> amortece o calcanhar, reduzindo a press\u00e3o e o atrito para ajudar a prevenir escaras e \u00falceras, especialmente para pacientes confinados \u00e0 cama por longos per\u00edodos.<\/li>\n<li><strong>Prote\u00e7\u00e3o: <\/strong> Protege o calcanhar de les\u00f5es e irrita\u00e7\u00f5es causadas pelo contato com superf\u00edcies como len\u00e7\u00f3is ou equipamentos m\u00e9dicos.<\/li>\n<li><strong>Suporte e conforto: <\/strong> oferece suporte macio e confort\u00e1vel ao calcanhar, melhorando o conforto geral do paciente durante a recupera\u00e7\u00e3o ou imobilidade.<\/li>\n<li><strong>Fluxo de ar aprimorado:<\/strong> o design de espuma permite melhor ventila\u00e7\u00e3o ao redor do calcanhar, ajudando a manter a \u00e1rea seca e fresca, o que promove a sa\u00fade da pele.<\/li>\n<li><strong>Manuten\u00e7\u00e3o da higiene: <\/strong> Por ser descart\u00e1vel, garante uma solu\u00e7\u00e3o higi\u00eanica, reduzindo o risco de infec\u00e7\u00e3o ou contamina\u00e7\u00e3o em ambientes m\u00e9dicos.<\/li>\n<\/ul>\n<div id=\"gtx-trans\" style=\"position: absolute; left: 79px; top: 10.1875px;\">\n<div class=\"gtx-trans-icon\"><\/div>\n<\/div>\n","protected":false},"excerpt":{"rendered":"<ul>\n<li><strong>Modelo: <\/strong> HFP3205-3210<\/li>\n<li><strong>Tamanho:<\/strong> 22,86 cm x 35,56 cm x 3,81 cm de espessura, personalizado<\/li>\n<li><strong>Cor: <\/strong> Amarelo, verde, azul, Panton personalizado<\/li>\n<li><strong>Material: <\/strong> Personalizado<\/li>\n<\/ul>\n","protected":false},"featured_media":1342,"comment_status":"open","ping_status":"closed","template":"","meta":{"site-sidebar-layout":"default","site-content-layout":"","ast-site-content-layout":"default","site-content-style":"default","site-sidebar-style":"default","ast-global-header-display":"","ast-banner-title-visibility":"","ast-main-header-display":"","ast-hfb-above-header-display":"","ast-hfb-below-header-display":"","ast-hfb-mobile-header-display":"","site-post-title":"","ast-breadcrumbs-content":"","ast-featured-img":"","footer-sml-layout":"","theme-transparent-header-meta":"default","adv-header-id-meta":"","stick-header-meta":"","header-above-stick-meta":"","header-main-stick-meta":"","header-below-stick-meta":"","astra-migrate-meta-layouts":"default","ast-page-background-enabled":"default","ast-page-background-meta":{"desktop":{"background-color":"var(--ast-global-color-4)","background-image":"","background-repeat":"repeat","background-position":"center center","background-size":"auto","background-attachment":"scroll","background-type":"","background-media":"","overlay-type":"","overlay-color":"","overlay-opacity":"","overlay-gradient":""},"tablet":{"background-color":"","background-image":"","background-repeat":"repeat","background-position":"center center","background-size":"auto","background-attachment":"scroll","background-type":"","background-media":"","overlay-type":"","overlay-color":"","overlay-opacity":"","overlay-gradient":""},"mobile":{"background-color":"","background-image":"","background-repeat":"repeat","background-position":"center center","background-size":"auto","background-attachment":"scroll","background-type":"","background-media":"","overlay-type":"","overlay-color":"","overlay-opacity":"","overlay-gradient":""}},"ast-content-background-meta":{"desktop":{"background-color":"var(--ast-global-color-5)","background-image":"","background-repeat":"repeat","background-position":"center center","background-size":"auto","background-attachment":"scroll","background-type":"","background-media":"","overlay-type":"","overlay-color":"","overlay-opacity":"","overlay-gradient":""},"tablet":{"background-color":"var(--ast-global-color-5)","background-image":"","background-repeat":"repeat","background-position":"center center","background-size":"auto","background-attachment":"scroll","background-type":"","background-media":"","overlay-type":"","overlay-color":"","overlay-opacity":"","overlay-gradient":""},"mobile":{"background-color":"var(--ast-global-color-5)","background-image":"","background-repeat":"repeat","background-position":"center center","background-size":"auto","background-attachment":"scroll","background-type":"","background-media":"","overlay-type":"","overlay-color":"","overlay-opacity":"","overlay-gradient":""}}},"product_brand":[],"product_cat":[87],"product_tag":[],"class_list":{"0":"post-5944","1":"product","2":"type-product","3":"status-publish","4":"has-post-thumbnail","6":"product_cat-almofada-de-posicionamento","7":"desktop-align-left","8":"tablet-align-left","9":"mobile-align-left","11":"first","12":"instock","13":"shipping-taxable","14":"product-type-simple"},"_links":{"self":[{"href":"https:\/\/www.medical-sponge.com\/pt-br\/wp-json\/wp\/v2\/product\/5944","targetHints":{"allow":["GET"]}}],"collection":[{"href":"https:\/\/www.medical-sponge.com\/pt-br\/wp-json\/wp\/v2\/product"}],"about":[{"href":"https:\/\/www.medical-sponge.com\/pt-br\/wp-json\/wp\/v2\/types\/product"}],"replies":[{"embeddable":true,"href":"https:\/\/www.medical-sponge.com\/pt-br\/wp-json\/wp\/v2\/comments?post=5944"}],"version-history":[{"count":0,"href":"https:\/\/www.medical-sponge.com\/pt-br\/wp-json\/wp\/v2\/product\/5944\/revisions"}],"wp:featuredmedia":[{"embeddable":true,"href":"https:\/\/www.medical-sponge.com\/pt-br\/wp-json\/wp\/v2\/media\/1342"}],"wp:attachment":[{"href":"https:\/\/www.medical-sponge.com\/pt-br\/wp-json\/wp\/v2\/media?parent=5944"}],"wp:term":[{"taxonomy":"product_brand","embeddable":true,"href":"https:\/\/www.medical-sponge.com\/pt-br\/wp-json\/wp\/v2\/product_brand?post=5944"},{"taxonomy":"product_cat","embeddable":true,"href":"https:\/\/www.medical-sponge.com\/pt-br\/wp-json\/wp\/v2\/product_cat?post=5944"},{"taxonomy":"product_tag","embeddable":true,"href":"https:\/\/www.medical-sponge.com\/pt-br\/wp-json\/wp\/v2\/product_tag?post=5944"}],"curies":[{"name":"wp","href":"https:\/\/api.w.org\/{rel}","templated":true}]}}