{"id":5938,"date":"2024-09-19T16:15:08","date_gmt":"2024-09-19T08:15:08","guid":{"rendered":"https:\/\/www.medical-sponge.com\/manguito-de-braco\/"},"modified":"2024-09-19T16:15:08","modified_gmt":"2024-09-19T08:15:08","slug":"manguito-de-braco","status":"publish","type":"product","link":"https:\/\/www.medical-sponge.com\/pt-br\/manguito-de-braco\/","title":{"rendered":"Manguito de bra\u00e7o"},"content":{"rendered":"<table>\n<tbody>\n<tr>\n<td>Modelo<\/td>\n<td>Tamanho padr\u00e3o<\/td>\n<td>Peso<\/td>\n<\/tr>\n<tr>\n<td>AC-32<\/td>\n<td>25 cm x 25 cm x 25 cm<\/td>\n<td>8 on\u00e7as<\/td>\n<\/tr>\n<tr>\n<td>AC-30<\/td>\n<td>15,24 cm x 15,24 cm x 15,24 cm<\/td>\n<td>5 on\u00e7as<\/td>\n<\/tr>\n<tr>\n<td>AC-28<\/td>\n<td>8cm x8cm x 8cm<\/td>\n<td>3 on\u00e7as<\/td>\n<\/tr>\n<\/tbody>\n<\/table>\n<h2>Caracter\u00edsticos<\/h2>\n<ul>\n<li>Posicionador de espuma descart\u00e1vel e sem l\u00e1tex.<\/li>\n<li>Oferece prote\u00e7\u00e3o e suporte para o antebra\u00e7o do seu paciente durante procedimentos prolongados.<\/li>\n<li>Posicionador de espuma descart\u00e1vel e sem l\u00e1tex.<\/li>\n<li>Oferece prote\u00e7\u00e3o e suporte para o antebra\u00e7o do seu paciente durante procedimentos prolongados.<\/li>\n<li>Vem com al\u00e7as ajust\u00e1veis.<\/li>\n<li>Sele\u00e7\u00e3o completa de posicionadores de espuma descart\u00e1veis \u200b\u200bpara diversas necessidades de posicionamento do paciente.<\/li>\n<li>Dispon\u00edvel em cores Pantone personalizadas.<\/li>\n<\/ul>\n<p><img fetchpriority=\"high\" decoding=\"async\" class=\"aligncenter wp-image-1430\" src=\"https:\/\/www.medical-sponge.com\/wp-content\/uploads\/2024\/09\/Arm-Cuff-1.jpg\" alt=\"Bra\u00e7adeira-1\" width=\"600\" height=\"600\" srcset=\"https:\/\/www.medical-sponge.com\/wp-content\/uploads\/2024\/09\/Arm-Cuff-1.jpg 768w, https:\/\/www.medical-sponge.com\/wp-content\/uploads\/2024\/09\/Arm-Cuff-1-300x300.jpg 300w, https:\/\/www.medical-sponge.com\/wp-content\/uploads\/2024\/09\/Arm-Cuff-1-150x150.jpg 150w, https:\/\/www.medical-sponge.com\/wp-content\/uploads\/2024\/09\/Arm-Cuff-1-600x600.jpg 600w, https:\/\/www.medical-sponge.com\/wp-content\/uploads\/2024\/09\/Arm-Cuff-1-100x100.jpg 100w\" sizes=\"(max-width: 600px) 100vw, 600px\" \/><\/p>\n<div id=\"gtx-trans\" style=\"position: absolute; left: 396px; top: 10.1875px;\">\n<div class=\"gtx-trans-icon\"><\/div>\n<\/div>\n","protected":false},"excerpt":{"rendered":"<ul>\n<li><strong>Modelo:<\/strong> AC- 28-32<\/li>\n<li><strong>Tamanho:<\/strong> 15,24 cm x 15,24 cm x 15,24 cm, personalizado<\/li>\n<li><strong>Cor: <\/strong> Amarelo, verde, azul, Panton personalizado<\/li>\n<li><strong>Material: <\/strong> Personalizado<\/li>\n<\/ul>\n","protected":false},"featured_media":1390,"comment_status":"open","ping_status":"closed","template":"","meta":{"site-sidebar-layout":"default","site-content-layout":"","ast-site-content-layout":"default","site-content-style":"default","site-sidebar-style":"default","ast-global-header-display":"","ast-banner-title-visibility":"","ast-main-header-display":"","ast-hfb-above-header-display":"","ast-hfb-below-header-display":"","ast-hfb-mobile-header-display":"","site-post-title":"","ast-breadcrumbs-content":"","ast-featured-img":"","footer-sml-layout":"","theme-transparent-header-meta":"default","adv-header-id-meta":"","stick-header-meta":"","header-above-stick-meta":"","header-main-stick-meta":"","header-below-stick-meta":"","astra-migrate-meta-layouts":"default","ast-page-background-enabled":"default","ast-page-background-meta":{"desktop":{"background-color":"var(--ast-global-color-4)","background-image":"","background-repeat":"repeat","background-position":"center center","background-size":"auto","background-attachment":"scroll","background-type":"","background-media":"","overlay-type":"","overlay-color":"","overlay-opacity":"","overlay-gradient":""},"tablet":{"background-color":"","background-image":"","background-repeat":"repeat","background-position":"center center","background-size":"auto","background-attachment":"scroll","background-type":"","background-media":"","overlay-type":"","overlay-color":"","overlay-opacity":"","overlay-gradient":""},"mobile":{"background-color":"","background-image":"","background-repeat":"repeat","background-position":"center center","background-size":"auto","background-attachment":"scroll","background-type":"","background-media":"","overlay-type":"","overlay-color":"","overlay-opacity":"","overlay-gradient":""}},"ast-content-background-meta":{"desktop":{"background-color":"var(--ast-global-color-5)","background-image":"","background-repeat":"repeat","background-position":"center center","background-size":"auto","background-attachment":"scroll","background-type":"","background-media":"","overlay-type":"","overlay-color":"","overlay-opacity":"","overlay-gradient":""},"tablet":{"background-color":"var(--ast-global-color-5)","background-image":"","background-repeat":"repeat","background-position":"center center","background-size":"auto","background-attachment":"scroll","background-type":"","background-media":"","overlay-type":"","overlay-color":"","overlay-opacity":"","overlay-gradient":""},"mobile":{"background-color":"var(--ast-global-color-5)","background-image":"","background-repeat":"repeat","background-position":"center center","background-size":"auto","background-attachment":"scroll","background-type":"","background-media":"","overlay-type":"","overlay-color":"","overlay-opacity":"","overlay-gradient":""}}},"product_brand":[],"product_cat":[87],"product_tag":[],"class_list":{"0":"post-5938","1":"product","2":"type-product","3":"status-publish","4":"has-post-thumbnail","6":"product_cat-almofada-de-posicionamento","7":"desktop-align-left","8":"tablet-align-left","9":"mobile-align-left","11":"first","12":"instock","13":"shipping-taxable","14":"product-type-simple"},"_links":{"self":[{"href":"https:\/\/www.medical-sponge.com\/pt-br\/wp-json\/wp\/v2\/product\/5938","targetHints":{"allow":["GET"]}}],"collection":[{"href":"https:\/\/www.medical-sponge.com\/pt-br\/wp-json\/wp\/v2\/product"}],"about":[{"href":"https:\/\/www.medical-sponge.com\/pt-br\/wp-json\/wp\/v2\/types\/product"}],"replies":[{"embeddable":true,"href":"https:\/\/www.medical-sponge.com\/pt-br\/wp-json\/wp\/v2\/comments?post=5938"}],"version-history":[{"count":0,"href":"https:\/\/www.medical-sponge.com\/pt-br\/wp-json\/wp\/v2\/product\/5938\/revisions"}],"wp:featuredmedia":[{"embeddable":true,"href":"https:\/\/www.medical-sponge.com\/pt-br\/wp-json\/wp\/v2\/media\/1390"}],"wp:attachment":[{"href":"https:\/\/www.medical-sponge.com\/pt-br\/wp-json\/wp\/v2\/media?parent=5938"}],"wp:term":[{"taxonomy":"product_brand","embeddable":true,"href":"https:\/\/www.medical-sponge.com\/pt-br\/wp-json\/wp\/v2\/product_brand?post=5938"},{"taxonomy":"product_cat","embeddable":true,"href":"https:\/\/www.medical-sponge.com\/pt-br\/wp-json\/wp\/v2\/product_cat?post=5938"},{"taxonomy":"product_tag","embeddable":true,"href":"https:\/\/www.medical-sponge.com\/pt-br\/wp-json\/wp\/v2\/product_tag?post=5938"}],"curies":[{"name":"wp","href":"https:\/\/api.w.org\/{rel}","templated":true}]}}