{"id":5932,"date":"2024-09-19T17:53:43","date_gmt":"2024-09-19T09:53:43","guid":{"rendered":"https:\/\/www.medical-sponge.com\/encostos-de-cabeca-descartaveis-com-fenda-estendida\/"},"modified":"2024-09-19T17:53:43","modified_gmt":"2024-09-19T09:53:43","slug":"encostos-de-cabeca-descartaveis-com-fenda-estendida","status":"publish","type":"product","link":"https:\/\/www.medical-sponge.com\/pt-br\/encostos-de-cabeca-descartaveis-com-fenda-estendida\/","title":{"rendered":"Encostos de cabe\u00e7a descart\u00e1veis \u200b\u200bcom fenda estendida"},"content":{"rendered":"<table>\n<tbody>\n<tr>\n<td>Modelo<\/td>\n<td>Tamanho da base<\/td>\n<td>Tamanho aumentado<\/td>\n<\/tr>\n<tr>\n<td>COM FURO TRAQUEAL 2 CAMADAS 4,5 POLEGADAS<\/td>\n<td>REF-MFL3105A 26,5 cm x 24 cm x 11 cm<\/td>\n<td>5 cm<\/td>\n<\/tr>\n<tr>\n<td>COM FURO TRAQUEAL 3 CAMADAS 7 POLEGADAS<\/td>\n<td>REF-MFL3105B 26,5 cm x 24 cm x 17,5 cm<\/td>\n<td>12 cm<\/td>\n<\/tr>\n<tr>\n<td>Personalizado<\/td>\n<td>Personalizado<\/td>\n<td>Personalizado<\/td>\n<\/tr>\n<\/tbody>\n<\/table>\n<h2>Caracter\u00edsticos<\/h2>\n<ul>\n<li>Fornece suporte est\u00e1vel para a cabe\u00e7a e o pesco\u00e7o do paciente durante os procedimentos.<\/li>\n<li>Destinado para uso \u00fanico apenas para manter pr\u00e1ticas de higiene e evitar contamina\u00e7\u00e3o cruzada.<\/li>\n<li>Possui um design ranhurado para f\u00e1cil acesso e posicionamento.<\/li>\n<li>O comprimento estendido oferece suporte e conforto adicionais. O material descart\u00e1vel reduz a necessidade de limpeza e esteriliza\u00e7\u00e3o. <\/li>\n<li>Ajuda a manter o posicionamento do paciente durante procedimentos longos.<\/li>\n<\/ul>\n<p><img fetchpriority=\"high\" decoding=\"async\" class=\"aligncenter wp-image-1434\" src=\"https:\/\/www.medical-sponge.com\/wp-content\/uploads\/2024\/09\/Disposable-Slotted-Headrests-Extended-1.jpg\" alt=\"Encostos de cabe\u00e7a descart\u00e1veis \u200b\u200bcom fenda estendida-1\" width=\"600\" height=\"600\" srcset=\"https:\/\/www.medical-sponge.com\/wp-content\/uploads\/2024\/09\/Disposable-Slotted-Headrests-Extended-1.jpg 900w, https:\/\/www.medical-sponge.com\/wp-content\/uploads\/2024\/09\/Disposable-Slotted-Headrests-Extended-1-300x300.jpg 300w, https:\/\/www.medical-sponge.com\/wp-content\/uploads\/2024\/09\/Disposable-Slotted-Headrests-Extended-1-150x150.jpg 150w, https:\/\/www.medical-sponge.com\/wp-content\/uploads\/2024\/09\/Disposable-Slotted-Headrests-Extended-1-768x768.jpg 768w, https:\/\/www.medical-sponge.com\/wp-content\/uploads\/2024\/09\/Disposable-Slotted-Headrests-Extended-1-600x600.jpg 600w, https:\/\/www.medical-sponge.com\/wp-content\/uploads\/2024\/09\/Disposable-Slotted-Headrests-Extended-1-100x100.jpg 100w\" sizes=\"(max-width: 600px) 100vw, 600px\" \/><\/p>\n","protected":false},"excerpt":{"rendered":"<ul>\n<li><strong>Modelo:<\/strong> REF-MFL 3104<\/li>\n<li><strong>Tamanho: <\/strong> 26,5 cm x 24 cm x 11 cm\/26,5 cm x 24 cm x 17,5 cm, personalizado<\/li>\n<li><strong>Cor:<\/strong> Amarelo, verde, Panton personalizado<\/li>\n<li><strong>Material: <\/strong> Personalizado<\/li>\n<li>Design multin\u00edvel<\/li>\n<\/ul>\n","protected":false},"featured_media":1433,"comment_status":"open","ping_status":"closed","template":"","meta":{"site-sidebar-layout":"default","site-content-layout":"","ast-site-content-layout":"default","site-content-style":"default","site-sidebar-style":"default","ast-global-header-display":"","ast-banner-title-visibility":"","ast-main-header-display":"","ast-hfb-above-header-display":"","ast-hfb-below-header-display":"","ast-hfb-mobile-header-display":"","site-post-title":"","ast-breadcrumbs-content":"","ast-featured-img":"","footer-sml-layout":"","theme-transparent-header-meta":"default","adv-header-id-meta":"","stick-header-meta":"","header-above-stick-meta":"","header-main-stick-meta":"","header-below-stick-meta":"","astra-migrate-meta-layouts":"default","ast-page-background-enabled":"default","ast-page-background-meta":{"desktop":{"background-color":"var(--ast-global-color-4)","background-image":"","background-repeat":"repeat","background-position":"center center","background-size":"auto","background-attachment":"scroll","background-type":"","background-media":"","overlay-type":"","overlay-color":"","overlay-opacity":"","overlay-gradient":""},"tablet":{"background-color":"","background-image":"","background-repeat":"repeat","background-position":"center center","background-size":"auto","background-attachment":"scroll","background-type":"","background-media":"","overlay-type":"","overlay-color":"","overlay-opacity":"","overlay-gradient":""},"mobile":{"background-color":"","background-image":"","background-repeat":"repeat","background-position":"center center","background-size":"auto","background-attachment":"scroll","background-type":"","background-media":"","overlay-type":"","overlay-color":"","overlay-opacity":"","overlay-gradient":""}},"ast-content-background-meta":{"desktop":{"background-color":"var(--ast-global-color-5)","background-image":"","background-repeat":"repeat","background-position":"center center","background-size":"auto","background-attachment":"scroll","background-type":"","background-media":"","overlay-type":"","overlay-color":"","overlay-opacity":"","overlay-gradient":""},"tablet":{"background-color":"var(--ast-global-color-5)","background-image":"","background-repeat":"repeat","background-position":"center center","background-size":"auto","background-attachment":"scroll","background-type":"","background-media":"","overlay-type":"","overlay-color":"","overlay-opacity":"","overlay-gradient":""},"mobile":{"background-color":"var(--ast-global-color-5)","background-image":"","background-repeat":"repeat","background-position":"center center","background-size":"auto","background-attachment":"scroll","background-type":"","background-media":"","overlay-type":"","overlay-color":"","overlay-opacity":"","overlay-gradient":""}}},"product_brand":[],"product_cat":[87],"product_tag":[],"class_list":{"0":"post-5932","1":"product","2":"type-product","3":"status-publish","4":"has-post-thumbnail","6":"product_cat-almofada-de-posicionamento","7":"desktop-align-left","8":"tablet-align-left","9":"mobile-align-left","11":"first","12":"instock","13":"shipping-taxable","14":"product-type-simple"},"_links":{"self":[{"href":"https:\/\/www.medical-sponge.com\/pt-br\/wp-json\/wp\/v2\/product\/5932","targetHints":{"allow":["GET"]}}],"collection":[{"href":"https:\/\/www.medical-sponge.com\/pt-br\/wp-json\/wp\/v2\/product"}],"about":[{"href":"https:\/\/www.medical-sponge.com\/pt-br\/wp-json\/wp\/v2\/types\/product"}],"replies":[{"embeddable":true,"href":"https:\/\/www.medical-sponge.com\/pt-br\/wp-json\/wp\/v2\/comments?post=5932"}],"version-history":[{"count":0,"href":"https:\/\/www.medical-sponge.com\/pt-br\/wp-json\/wp\/v2\/product\/5932\/revisions"}],"wp:featuredmedia":[{"embeddable":true,"href":"https:\/\/www.medical-sponge.com\/pt-br\/wp-json\/wp\/v2\/media\/1433"}],"wp:attachment":[{"href":"https:\/\/www.medical-sponge.com\/pt-br\/wp-json\/wp\/v2\/media?parent=5932"}],"wp:term":[{"taxonomy":"product_brand","embeddable":true,"href":"https:\/\/www.medical-sponge.com\/pt-br\/wp-json\/wp\/v2\/product_brand?post=5932"},{"taxonomy":"product_cat","embeddable":true,"href":"https:\/\/www.medical-sponge.com\/pt-br\/wp-json\/wp\/v2\/product_cat?post=5932"},{"taxonomy":"product_tag","embeddable":true,"href":"https:\/\/www.medical-sponge.com\/pt-br\/wp-json\/wp\/v2\/product_tag?post=5932"}],"curies":[{"name":"wp","href":"https:\/\/api.w.org\/{rel}","templated":true}]}}