{"id":7532,"date":"2026-04-16T12:04:19","date_gmt":"2026-04-16T04:04:19","guid":{"rendered":"https:\/\/www.medical-sponge.com\/ensemble-deponges-veterinaires-recouvertes-de-pu\/"},"modified":"2026-04-16T12:04:19","modified_gmt":"2026-04-16T04:04:19","slug":"ensemble-deponges-veterinaires-recouvertes-de-pu","status":"publish","type":"product","link":"https:\/\/www.medical-sponge.com\/fr\/product\/ensemble-deponges-veterinaires-recouvertes-de-pu\/","title":{"rendered":"Ensemble d&#8217;\u00e9ponges v\u00e9t\u00e9rinaires recouvertes de PU"},"content":{"rendered":"<h2>Con\u00e7u pour le confort, le soutien et l&#8217;hygi\u00e8ne<\/h2>\n<p>Ce set d&#8217;\u00e9ponges de positionnement v\u00e9t\u00e9rinaires recouvertes de polyur\u00e9thane est con\u00e7u pour assurer le maintien s\u00fbr et confortable des animaux pendant les interventions chirurgicales. Le noyau en mousse l\u00e9g\u00e8re offre une fermet\u00e9 optimale sans poids excessif, tandis que le rev\u00eatement en polyur\u00e9thane cr\u00e9e une couche ext\u00e9rieure plus lisse et plus r\u00e9sistante que les \u00e9ponges de positionnement traditionnelles recouvertes de tissu. <\/p>\n<p>Sa surface non poreuse contribue \u00e0 r\u00e9duire l&#8217;absorption des liquides et facilite le nettoyage post-intervention. Enti\u00e8rement cousue, la housse est con\u00e7ue pour une utilisation clinique r\u00e9p\u00e9t\u00e9e tout en garantissant une hygi\u00e8ne optimale. <\/p>\n<h2>Ensemble d&#8217;\u00e9ponges v\u00e9t\u00e9rinaires recouvertes de PU<\/h2>\n<table>\n<tbody>\n<tr>\n<td>R\u00e9f\u00e9rence<\/td>\n<td>Nom du produit<\/td>\n<td>Dimensions (cm)<\/td>\n<\/tr>\n<tr>\n<td>MFL2F02C<\/td>\n<td>Support de t\u00eate en forme de V recouvert de PU<\/td>\n<td>38,10 \u00d7 35,56 \u00d7 17,15<\/td>\n<\/tr>\n<tr>\n<td>MFL2F03C<\/td>\n<td>Coussin dorsal en \u00e9ponge recouvert de PU, \u00e0 45\u00b0<\/td>\n<td>53,34 \u00d7 17,78 \u00d7 17,78<\/td>\n<\/tr>\n<tr>\n<td>MFL2F04C<\/td>\n<td>\u00c9ponge cun\u00e9iforme 15\u00b0 recouverte de PU<\/td>\n<td>25.40 \u00d7 17.78 \u00d7 5.08<\/td>\n<\/tr>\n<tr>\n<td>MFL2F05C<\/td>\n<td>\u00c9ponge rectangulaire avec rev\u00eatement en PU<\/td>\n<td>15,24 \u00d7 10,16 \u00d7 5,08<\/td>\n<\/tr>\n<tr>\n<td>MFL2F06C<\/td>\n<td>\u00c9ponge rectangulaire avec rev\u00eatement en PU<\/td>\n<td>15,24 \u00d7 10,16 \u00d7 2,54<\/td>\n<\/tr>\n<\/tbody>\n<\/table>\n<h2>Plus de tailles disponibles<\/h2>\n<p>Pour r\u00e9pondre aux diff\u00e9rentes exigences de positionnement des animaux, des tailles suppl\u00e9mentaires sont disponibles :<\/p>\n<table>\n<tbody>\n<tr>\n<td>R\u00e9f\u00e9rence<\/td>\n<td>Nom du produit<\/td>\n<td>Dimensions (cm)<\/td>\n<\/tr>\n<tr>\n<td>MFL2F02C-1<\/td>\n<td>Support de t\u00eate en forme de V recouvert de PU<\/td>\n<td>60 \u00d7 45 \u00d7 30<\/td>\n<\/tr>\n<tr>\n<td>MFL2F04C-1<\/td>\n<td>\u00c9ponge en forme de cale recouverte de PU<\/td>\n<td>40 \u00d7 30 \u00d7 8<\/td>\n<\/tr>\n<tr>\n<td>MFL2F04C-2<\/td>\n<td>\u00c9ponge en forme de cale recouverte de PU<\/td>\n<td>40 \u00d7 30 \u00d7 17<\/td>\n<\/tr>\n<tr>\n<td>MFL2F04C-3<\/td>\n<td>\u00c9ponge en forme de coin recouverte de PU<\/td>\n<td>40 \u00d7 30 \u00d7 30<\/td>\n<\/tr>\n<tr>\n<td>MFL2F05C-S<\/td>\n<td>\u00c9ponge rectangulaire recouverte de PU<\/td>\n<td>30 \u00d7 20 \u00d7 10<\/td>\n<\/tr>\n<tr>\n<td>MFL2F05C-L<\/td>\n<td>\u00c9ponge rectangulaire recouverte de polyur\u00e9thane<\/td>\n<td>40 \u00d7 30 \u00d7 20<\/td>\n<\/tr>\n<\/tbody>\n<\/table>\n<h2>Applications<\/h2>\n<p>Ce kit de positionnement d&#8217;\u00e9ponges v\u00e9t\u00e9rinaires convient pour :<\/p>\n<ul>\n<li>chirurgie v\u00e9t\u00e9rinaire<\/li>\n<li>Examen et traitement des animaux<\/li>\n<li>Positionnement du patient lors d&#8217;interventions prolong\u00e9es<\/li>\n<li>Support pour la t\u00eate, la colonne vert\u00e9brale et le corps des animaux<\/li>\n<li>Utilisation dans les h\u00f4pitaux v\u00e9t\u00e9rinaires, les cliniques et les salles d&#8217;op\u00e9ration<\/li>\n<\/ul>\n<h2>Instructions de nettoyage et d&#8217;entretien<\/h2>\n<p>Veuillez respecter les instructions d&#8217;entretien suivantes afin de pr\u00e9server la fonctionnalit\u00e9 et la dur\u00e9e de vie de vos \u00e9ponges v\u00e9t\u00e9rinaires recouvertes de PU :<\/p>\n<ul>\n<li>Nettoyer imm\u00e9diatement \u00e0 l&#8217;eau froide et au d\u00e9tergent doux apr\u00e8s contact avec les liquides.<\/li>\n<li>Ranger dans un endroit propre et sec lorsqu&#8217;il n&#8217;est pas utilis\u00e9.<\/li>\n<li>Ne pas st\u00e9riliser \u00e0 l&#8217;autoclave ni laver en machine<\/li>\n<li>Ne pas tremper ni immerger les \u00e9ponges dans l&#8217;eau<\/li>\n<\/ul>\n","protected":false},"excerpt":{"rendered":"<ul>\n<li>Mousse l\u00e9g\u00e8re haute densit\u00e9 pour un soutien stable<\/li>\n<li>Rev\u00eatement en PU durable pour un meilleur confort et une meilleure respirabilit\u00e9<\/li>\n<li>Surface lisse et non poreuse pour un nettoyage facile<\/li>\n<li>Coutures int\u00e9grales pour une durabilit\u00e9 et une protection accrues<\/li>\n<li>Permet de positionner correctement les animaux lors d&#8217;interventions longues.<\/li>\n<li>Id\u00e9al pour diverses interventions chirurgicales et examens v\u00e9t\u00e9rinaires.<\/li>\n<\/ul>\n","protected":false},"featured_media":7438,"comment_status":"open","ping_status":"closed","template":"","meta":{"site-sidebar-layout":"default","site-content-layout":"","ast-site-content-layout":"default","site-content-style":"default","site-sidebar-style":"default","ast-global-header-display":"","ast-banner-title-visibility":"","ast-main-header-display":"","ast-hfb-above-header-display":"","ast-hfb-below-header-display":"","ast-hfb-mobile-header-display":"","site-post-title":"","ast-breadcrumbs-content":"","ast-featured-img":"","footer-sml-layout":"","theme-transparent-header-meta":"default","adv-header-id-meta":"","stick-header-meta":"","header-above-stick-meta":"","header-main-stick-meta":"","header-below-stick-meta":"","astra-migrate-meta-layouts":"default","ast-page-background-enabled":"default","ast-page-background-meta":{"desktop":{"background-color":"var(--ast-global-color-4)","background-image":"","background-repeat":"repeat","background-position":"center center","background-size":"auto","background-attachment":"scroll","background-type":"","background-media":"","overlay-type":"","overlay-color":"","overlay-opacity":"","overlay-gradient":""},"tablet":{"background-color":"","background-image":"","background-repeat":"repeat","background-position":"center center","background-size":"auto","background-attachment":"scroll","background-type":"","background-media":"","overlay-type":"","overlay-color":"","overlay-opacity":"","overlay-gradient":""},"mobile":{"background-color":"","background-image":"","background-repeat":"repeat","background-position":"center center","background-size":"auto","background-attachment":"scroll","background-type":"","background-media":"","overlay-type":"","overlay-color":"","overlay-opacity":"","overlay-gradient":""}},"ast-content-background-meta":{"desktop":{"background-color":"var(--ast-global-color-5)","background-image":"","background-repeat":"repeat","background-position":"center center","background-size":"auto","background-attachment":"scroll","background-type":"","background-media":"","overlay-type":"","overlay-color":"","overlay-opacity":"","overlay-gradient":""},"tablet":{"background-color":"var(--ast-global-color-5)","background-image":"","background-repeat":"repeat","background-position":"center center","background-size":"auto","background-attachment":"scroll","background-type":"","background-media":"","overlay-type":"","overlay-color":"","overlay-opacity":"","overlay-gradient":""},"mobile":{"background-color":"var(--ast-global-color-5)","background-image":"","background-repeat":"repeat","background-position":"center center","background-size":"auto","background-attachment":"scroll","background-type":"","background-media":"","overlay-type":"","overlay-color":"","overlay-opacity":"","overlay-gradient":""}}},"product_brand":[],"product_cat":[109,79],"product_tag":[],"class_list":{"0":"post-7532","1":"product","2":"type-product","3":"status-publish","4":"has-post-thumbnail","6":"product_cat-ensemble-deponges-veterinaires-recouvertes-de-pu","7":"product_cat-coussin-de-positionnement","8":"desktop-align-left","9":"tablet-align-left","10":"mobile-align-left","12":"first","13":"instock","14":"shipping-taxable","15":"product-type-simple"},"_links":{"self":[{"href":"https:\/\/www.medical-sponge.com\/fr\/wp-json\/wp\/v2\/product\/7532","targetHints":{"allow":["GET"]}}],"collection":[{"href":"https:\/\/www.medical-sponge.com\/fr\/wp-json\/wp\/v2\/product"}],"about":[{"href":"https:\/\/www.medical-sponge.com\/fr\/wp-json\/wp\/v2\/types\/product"}],"replies":[{"embeddable":true,"href":"https:\/\/www.medical-sponge.com\/fr\/wp-json\/wp\/v2\/comments?post=7532"}],"version-history":[{"count":0,"href":"https:\/\/www.medical-sponge.com\/fr\/wp-json\/wp\/v2\/product\/7532\/revisions"}],"wp:featuredmedia":[{"embeddable":true,"href":"https:\/\/www.medical-sponge.com\/fr\/wp-json\/wp\/v2\/media\/7438"}],"wp:attachment":[{"href":"https:\/\/www.medical-sponge.com\/fr\/wp-json\/wp\/v2\/media?parent=7532"}],"wp:term":[{"taxonomy":"product_brand","embeddable":true,"href":"https:\/\/www.medical-sponge.com\/fr\/wp-json\/wp\/v2\/product_brand?post=7532"},{"taxonomy":"product_cat","embeddable":true,"href":"https:\/\/www.medical-sponge.com\/fr\/wp-json\/wp\/v2\/product_cat?post=7532"},{"taxonomy":"product_tag","embeddable":true,"href":"https:\/\/www.medical-sponge.com\/fr\/wp-json\/wp\/v2\/product_tag?post=7532"}],"curies":[{"name":"wp","href":"https:\/\/api.w.org\/{rel}","templated":true}]}}