{"id":5271,"date":"2024-09-10T16:59:10","date_gmt":"2024-09-10T08:59:10","guid":{"rendered":"https:\/\/www.medical-sponge.com\/brosse-a-dents-a-succion-buccale-en-silicone\/"},"modified":"2024-09-10T16:59:10","modified_gmt":"2024-09-10T08:59:10","slug":"brosse-a-dents-a-succion-buccale-en-silicone","status":"publish","type":"product","link":"https:\/\/www.medical-sponge.com\/fr\/product\/brosse-a-dents-a-succion-buccale-en-silicone\/","title":{"rendered":"Brosse \u00e0 dents \u00e0 succion buccale en silicone"},"content":{"rendered":"<p>Con\u00e7u pour offrir des soins d&#8217;hygi\u00e8ne bucco-dentaire aux patients alit\u00e9s, \u00e0 ceux qui ont des difficult\u00e9s \u00e0 avaler ou \u00e0 mobilit\u00e9 r\u00e9duite, en particulier ceux sous ventilation m\u00e9canique, aidant \u00e0 pr\u00e9venir les complications comme la pneumonie sous ventilation assist\u00e9e (PAV) en r\u00e9duisant la colonisation bact\u00e9rienne dans la bouche et le tube endotrach\u00e9al.<\/p>\n<table>\n<tbody>\n<tr>\n<td>Attribut<\/td>\n<td>Description<\/td>\n<\/tr>\n<tr>\n<td>Mat\u00e9riel<\/td>\n<td>100 % silicone de qualit\u00e9 m\u00e9dicale pour la t\u00eate de brosse et les poils<\/td>\n<\/tr>\n<tr>\n<td>Conception<\/td>\n<td>Conception atraumatique monobloc avec plusieurs ports pour l&#8217;aspiration et l&#8217;irrigation<\/td>\n<\/tr>\n<tr>\n<td>Caract\u00e9ristiques des poils<\/td>\n<td>Poils doux, arrondis et flexibles pour \u00e9viter les l\u00e9sions des muqueuses<\/td>\n<\/tr>\n<tr>\n<td>Fonctionnalit\u00e9s suppl\u00e9mentaires<\/td>\n<td>Cr\u00eates en silicone souple \u00e0 l&#8217;arri\u00e8re pour la stimulation des gencives et de la langue<\/td>\n<\/tr>\n<tr>\n<td>Efficacit\u00e9 d&#8217;aspiration<\/td>\n<td>Des trous strat\u00e9giques dans la t\u00eate de brosse assurent une aspiration efficace<\/td>\n<\/tr>\n<tr>\n<td>Syst\u00e8me d&#8217;irrigation<\/td>\n<td>Comprend une lumi\u00e8re d&#8217;irrigation pour un rin\u00e7age complet de la cavit\u00e9 buccale <\/td>\n<\/tr>\n<tr>\n<td>Mat\u00e9riau de la poign\u00e9e<\/td>\n<td>R\u00e9sine K transparente pour une observation claire du flux de fluide<\/td>\n<\/tr>\n<tr>\n<td>Contr\u00f4le de l&#8217;aspiration<\/td>\n<td>Commande au pouce pour une aspiration intermittente et continue<\/td>\n<\/tr>\n<tr>\n<td>Variantes disponibles<\/td>\n<td>L&#8217;embout de la brosse \u00e0 dents est constitu\u00e9 d&#8217;une ventouse et est livr\u00e9 avec un tube de connexion d&#8217;aspiration.<\/td>\n<\/tr>\n<tr>\n<td>Utilisation pr\u00e9vue<\/td>\n<td>Soins bucco-dentaires, aspiration et nettoyage en milieu m\u00e9dical ou dentaire<\/td>\n<\/tr>\n<tr>\n<td>Types de ports<\/td>\n<td>Equip\u00e9 d&#8217;un port d&#8217;aspiration et d&#8217;un port d&#8217;injection d&#8217;agent nettoyant<\/td>\n<\/tr>\n<tr>\n<td>Dimensions<\/td>\n<td>Tailles personnalisables pour r\u00e9pondre aux diff\u00e9rents besoins des patients<\/td>\n<\/tr>\n<tr>\n<td>St\u00e9rilisation<\/td>\n<td>St\u00e9rilisable pour une r\u00e9utilisation en toute s\u00e9curit\u00e9 ou options jetables disponibles<\/td>\n<\/tr>\n<tr>\n<td>Emballage<\/td>\n<td>Emball\u00e9 individuellement pour plus d&#8217;hygi\u00e8ne et de commodit\u00e9<\/td>\n<\/tr>\n<tr>\n<td>Conformit\u00e9<\/td>\n<td>Conforme aux normes de certification de qualit\u00e9 m\u00e9dicale (par exemple, FDA, CE)<\/td>\n<\/tr>\n<\/tbody>\n<\/table>\n<p><img fetchpriority=\"high\" decoding=\"async\" class=\"aligncenter wp-image-392 size-full\" src=\"https:\/\/www.medical-sponge.com\/wp-content\/uploads\/2024\/09\/Silicone-Oral-Suction-Toothbrush-Parameters-1.webp\" alt=\"Param\u00e8tres de la brosse \u00e0 dents \u00e0 aspiration buccale en silicone-1\" width=\"811\" height=\"742\" srcset=\"https:\/\/www.medical-sponge.com\/wp-content\/uploads\/2024\/09\/Silicone-Oral-Suction-Toothbrush-Parameters-1.webp 811w, https:\/\/www.medical-sponge.com\/wp-content\/uploads\/2024\/09\/Silicone-Oral-Suction-Toothbrush-Parameters-1-300x274.webp 300w, https:\/\/www.medical-sponge.com\/wp-content\/uploads\/2024\/09\/Silicone-Oral-Suction-Toothbrush-Parameters-1-768x703.webp 768w, https:\/\/www.medical-sponge.com\/wp-content\/uploads\/2024\/09\/Silicone-Oral-Suction-Toothbrush-Parameters-1-600x549.webp 600w\" sizes=\"(max-width: 811px) 100vw, 811px\" \/><\/p>\n<p><img decoding=\"async\" class=\"aligncenter wp-image-390 size-full\" src=\"https:\/\/www.medical-sponge.com\/wp-content\/uploads\/2024\/09\/Silicone-Oral-Suction-Toothbrush-Interface.webp\" alt=\"Interface de brosse \u00e0 dents \u00e0 aspiration buccale en silicone\" width=\"1074\" height=\"745\" srcset=\"https:\/\/www.medical-sponge.com\/wp-content\/uploads\/2024\/09\/Silicone-Oral-Suction-Toothbrush-Interface.webp 1074w, https:\/\/www.medical-sponge.com\/wp-content\/uploads\/2024\/09\/Silicone-Oral-Suction-Toothbrush-Interface-300x208.webp 300w, https:\/\/www.medical-sponge.com\/wp-content\/uploads\/2024\/09\/Silicone-Oral-Suction-Toothbrush-Interface-1024x710.webp 1024w, https:\/\/www.medical-sponge.com\/wp-content\/uploads\/2024\/09\/Silicone-Oral-Suction-Toothbrush-Interface-768x533.webp 768w, https:\/\/www.medical-sponge.com\/wp-content\/uploads\/2024\/09\/Silicone-Oral-Suction-Toothbrush-Interface-600x416.webp 600w\" sizes=\"(max-width: 1074px) 100vw, 1074px\" \/><\/p>\n<p><img decoding=\"async\" class=\"wp-image-388 size-full aligncenter\" src=\"https:\/\/www.medical-sponge.com\/wp-content\/uploads\/2024\/09\/Packing-Silicone-Oral-Suction-Toothbrush-Parameter.webp\" alt=\"Emballage Brosse \u00e0 dents \u00e0 aspiration buccale en silicone Param\u00e8tre\" width=\"1001\" height=\"730\" srcset=\"https:\/\/www.medical-sponge.com\/wp-content\/uploads\/2024\/09\/Packing-Silicone-Oral-Suction-Toothbrush-Parameter.webp 1001w, https:\/\/www.medical-sponge.com\/wp-content\/uploads\/2024\/09\/Packing-Silicone-Oral-Suction-Toothbrush-Parameter-300x219.webp 300w, https:\/\/www.medical-sponge.com\/wp-content\/uploads\/2024\/09\/Packing-Silicone-Oral-Suction-Toothbrush-Parameter-768x560.webp 768w, https:\/\/www.medical-sponge.com\/wp-content\/uploads\/2024\/09\/Packing-Silicone-Oral-Suction-Toothbrush-Parameter-600x438.webp 600w\" sizes=\"(max-width: 1001px) 100vw, 1001px\" \/><\/p>\n","protected":false},"excerpt":{"rendered":"<ul>\n<li>Une brosse en silicone atraumatique \u00e0 ouvertures multiples assure une dispersion efficace du bain de bouche et une aspiration.<\/li>\n<li>Poils doux, arrondis et flexibles fabriqu\u00e9s en silicone de qualit\u00e9 m\u00e9dicale.<\/li>\n<li>La commande d&#8217;aspiration par le pouce permet une aspiration intermittente et continue.<\/li>\n<li>La conception monobloc avec ports d\u2019aspiration et d\u2019injection d\u2019agent nettoyant am\u00e9liore l\u2019efficacit\u00e9 et la commodit\u00e9 pour le personnel.<\/li>\n<\/ul>\n","protected":false},"featured_media":395,"comment_status":"open","ping_status":"closed","template":"","meta":{"site-sidebar-layout":"default","site-content-layout":"","ast-site-content-layout":"default","site-content-style":"default","site-sidebar-style":"default","ast-global-header-display":"","ast-banner-title-visibility":"","ast-main-header-display":"","ast-hfb-above-header-display":"","ast-hfb-below-header-display":"","ast-hfb-mobile-header-display":"","site-post-title":"","ast-breadcrumbs-content":"","ast-featured-img":"","footer-sml-layout":"","theme-transparent-header-meta":"default","adv-header-id-meta":"","stick-header-meta":"","header-above-stick-meta":"","header-main-stick-meta":"","header-below-stick-meta":"","astra-migrate-meta-layouts":"default","ast-page-background-enabled":"default","ast-page-background-meta":{"desktop":{"background-color":"var(--ast-global-color-4)","background-image":"","background-repeat":"repeat","background-position":"center center","background-size":"auto","background-attachment":"scroll","background-type":"","background-media":"","overlay-type":"","overlay-color":"","overlay-opacity":"","overlay-gradient":""},"tablet":{"background-color":"","background-image":"","background-repeat":"repeat","background-position":"center center","background-size":"auto","background-attachment":"scroll","background-type":"","background-media":"","overlay-type":"","overlay-color":"","overlay-opacity":"","overlay-gradient":""},"mobile":{"background-color":"","background-image":"","background-repeat":"repeat","background-position":"center center","background-size":"auto","background-attachment":"scroll","background-type":"","background-media":"","overlay-type":"","overlay-color":"","overlay-opacity":"","overlay-gradient":""}},"ast-content-background-meta":{"desktop":{"background-color":"var(--ast-global-color-5)","background-image":"","background-repeat":"repeat","background-position":"center center","background-size":"auto","background-attachment":"scroll","background-type":"","background-media":"","overlay-type":"","overlay-color":"","overlay-opacity":"","overlay-gradient":""},"tablet":{"background-color":"var(--ast-global-color-5)","background-image":"","background-repeat":"repeat","background-position":"center center","background-size":"auto","background-attachment":"scroll","background-type":"","background-media":"","overlay-type":"","overlay-color":"","overlay-opacity":"","overlay-gradient":""},"mobile":{"background-color":"var(--ast-global-color-5)","background-image":"","background-repeat":"repeat","background-position":"center center","background-size":"auto","background-attachment":"scroll","background-type":"","background-media":"","overlay-type":"","overlay-color":"","overlay-opacity":"","overlay-gradient":""}}},"product_brand":[],"product_cat":[80],"product_tag":[],"class_list":{"0":"post-5271","1":"product","2":"type-product","3":"status-publish","4":"has-post-thumbnail","6":"product_cat-ecouvillon-buccal","7":"desktop-align-left","8":"tablet-align-left","9":"mobile-align-left","11":"first","12":"instock","13":"shipping-taxable","14":"product-type-simple"},"_links":{"self":[{"href":"https:\/\/www.medical-sponge.com\/fr\/wp-json\/wp\/v2\/product\/5271","targetHints":{"allow":["GET"]}}],"collection":[{"href":"https:\/\/www.medical-sponge.com\/fr\/wp-json\/wp\/v2\/product"}],"about":[{"href":"https:\/\/www.medical-sponge.com\/fr\/wp-json\/wp\/v2\/types\/product"}],"replies":[{"embeddable":true,"href":"https:\/\/www.medical-sponge.com\/fr\/wp-json\/wp\/v2\/comments?post=5271"}],"version-history":[{"count":0,"href":"https:\/\/www.medical-sponge.com\/fr\/wp-json\/wp\/v2\/product\/5271\/revisions"}],"wp:featuredmedia":[{"embeddable":true,"href":"https:\/\/www.medical-sponge.com\/fr\/wp-json\/wp\/v2\/media\/395"}],"wp:attachment":[{"href":"https:\/\/www.medical-sponge.com\/fr\/wp-json\/wp\/v2\/media?parent=5271"}],"wp:term":[{"taxonomy":"product_brand","embeddable":true,"href":"https:\/\/www.medical-sponge.com\/fr\/wp-json\/wp\/v2\/product_brand?post=5271"},{"taxonomy":"product_cat","embeddable":true,"href":"https:\/\/www.medical-sponge.com\/fr\/wp-json\/wp\/v2\/product_cat?post=5271"},{"taxonomy":"product_tag","embeddable":true,"href":"https:\/\/www.medical-sponge.com\/fr\/wp-json\/wp\/v2\/product_tag?post=5271"}],"curies":[{"name":"wp","href":"https:\/\/api.w.org\/{rel}","templated":true}]}}