{"id":5248,"date":"2024-09-13T17:47:47","date_gmt":"2024-09-13T09:47:47","guid":{"rendered":"https:\/\/www.medical-sponge.com\/kit-de-stabilisation-de-lepaule\/"},"modified":"2024-09-13T17:47:47","modified_gmt":"2024-09-13T09:47:47","slug":"kit-de-stabilisation-de-lepaule","status":"publish","type":"product","link":"https:\/\/www.medical-sponge.com\/fr\/product\/kit-de-stabilisation-de-lepaule\/","title":{"rendered":"Kit de stabilisation de l&#8217;\u00e9paule"},"content":{"rendered":"<table>\n<tbody>\n<tr>\n<td>Nom du produit<\/td>\n<td>Kit de stabilisation de l&#8217;\u00e9paule<\/td>\n<\/tr>\n<tr>\n<td>Contenu<\/td>\n<td>Enveloppement de bras, poign\u00e9e en mousse, drap\u00e9, 4 pouces x 5 verges, enveloppement auto-adh\u00e9sif<\/td>\n<\/tr>\n<tr>\n<td>Code couleur<\/td>\n<td>Cr\u00e8me, bleu, blanc, jaune ou personnalis\u00e9<\/td>\n<\/tr>\n<tr>\n<td>Taille<\/td>\n<td>10 cm x 4,5 cm 3M Coban<\/td>\n<\/tr>\n<tr>\n<td>Application<\/td>\n<td>Kit de stabilisation de l&#8217;\u00e9paule<\/td>\n<\/tr>\n<\/tbody>\n<\/table>\n<h2>Pr\u00e9cautions d&#8217;emploi<\/h2>\n<p>1. Attelle de fixation d&#8217;\u00e9paule : L&#8217;attelle de fixation d&#8217;\u00e9paule est disponible dans une vari\u00e9t\u00e9 de tailles et de styles, et vous devez choisir le mod\u00e8le qui vous convient. 2. Pr\u00e9paration avant le port : Avant de mettre l&#8217;attelle de fixation d&#8217;\u00e9paule, nettoyez la peau de l&#8217;\u00e9paule pour vous assurer que la peau est s\u00e8che et propre. 3. Portez l&#8217;attelle : Enroulez la sangle qui maintient l&#8217;attelle autour de l&#8217;\u00e9paule, ajustez la tension et assurez-vous que l&#8217;attelle s&#8217;adapte parfaitement \u00e0 la peau, mais pas trop serr\u00e9e. 4. Ajustez la position de l&#8217;attelle : Ajustez la position et l&#8217;angle de l&#8217;attelle d&#8217;\u00e9paule pour vous assurer que l&#8217;attelle peut correctement maintenir l&#8217;articulation de l&#8217;\u00e9paule. 5. V\u00e9rifiez r\u00e9guli\u00e8rement : V\u00e9rifiez r\u00e9guli\u00e8rement le serrage et la position de l&#8217;attelle de fixation d&#8217;\u00e9paule pour vous assurer que l&#8217;attelle est toujours dans la bonne position et pour \u00e9viter d&#8217;\u00eatre trop serr\u00e9e ou trop l\u00e2che. 6. \u00c9vitez les mouvements excessifs : \u00c9vitez de trop bouger votre \u00e9paule lorsque vous portez une attelle d&#8217;\u00e9paule pour \u00e9viter la douleur et les blessures. 7. Remplacement r\u00e9gulier : Pour maintenir l&#8217;efficacit\u00e9 du traitement, remplacez r\u00e9guli\u00e8rement l&#8217;attelle de fixation d&#8217;\u00e9paule.<\/p>\n","protected":false},"excerpt":{"rendered":"<ul>\n<li>Bretelles r\u00e9glables pour un ajustement personnalis\u00e9<\/li>\n<li>Support rembourr\u00e9 pour plus de confort lors de l&#8217;utilisation<\/li>\n<li>Fermetures velcro pour une application et un r\u00e9glage faciles<\/li>\n<li>Fournit une compression pour r\u00e9duire l&#8217;inflammation<\/li>\n<li>Con\u00e7u pour stabiliser et restreindre le mouvement de l&#8217;articulation de l&#8217;\u00e9paule.<\/li>\n<li>Mat\u00e9riau con\u00e7u pour la respirabilit\u00e9 afin d&#8217;\u00e9viter l&#8217;accumulation d&#8217;humidit\u00e9.<\/li>\n<\/ul>\n","protected":false},"featured_media":869,"comment_status":"open","ping_status":"closed","template":"","meta":{"site-sidebar-layout":"default","site-content-layout":"","ast-site-content-layout":"default","site-content-style":"default","site-sidebar-style":"default","ast-global-header-display":"","ast-banner-title-visibility":"","ast-main-header-display":"","ast-hfb-above-header-display":"","ast-hfb-below-header-display":"","ast-hfb-mobile-header-display":"","site-post-title":"","ast-breadcrumbs-content":"","ast-featured-img":"","footer-sml-layout":"","theme-transparent-header-meta":"default","adv-header-id-meta":"","stick-header-meta":"","header-above-stick-meta":"","header-main-stick-meta":"","header-below-stick-meta":"","astra-migrate-meta-layouts":"default","ast-page-background-enabled":"default","ast-page-background-meta":{"desktop":{"background-color":"var(--ast-global-color-4)","background-image":"","background-repeat":"repeat","background-position":"center center","background-size":"auto","background-attachment":"scroll","background-type":"","background-media":"","overlay-type":"","overlay-color":"","overlay-opacity":"","overlay-gradient":""},"tablet":{"background-color":"","background-image":"","background-repeat":"repeat","background-position":"center center","background-size":"auto","background-attachment":"scroll","background-type":"","background-media":"","overlay-type":"","overlay-color":"","overlay-opacity":"","overlay-gradient":""},"mobile":{"background-color":"","background-image":"","background-repeat":"repeat","background-position":"center center","background-size":"auto","background-attachment":"scroll","background-type":"","background-media":"","overlay-type":"","overlay-color":"","overlay-opacity":"","overlay-gradient":""}},"ast-content-background-meta":{"desktop":{"background-color":"var(--ast-global-color-5)","background-image":"","background-repeat":"repeat","background-position":"center center","background-size":"auto","background-attachment":"scroll","background-type":"","background-media":"","overlay-type":"","overlay-color":"","overlay-opacity":"","overlay-gradient":""},"tablet":{"background-color":"var(--ast-global-color-5)","background-image":"","background-repeat":"repeat","background-position":"center center","background-size":"auto","background-attachment":"scroll","background-type":"","background-media":"","overlay-type":"","overlay-color":"","overlay-opacity":"","overlay-gradient":""},"mobile":{"background-color":"var(--ast-global-color-5)","background-image":"","background-repeat":"repeat","background-position":"center center","background-size":"auto","background-attachment":"scroll","background-type":"","background-media":"","overlay-type":"","overlay-color":"","overlay-opacity":"","overlay-gradient":""}}},"product_brand":[],"product_cat":[79],"product_tag":[],"class_list":{"0":"post-5248","1":"product","2":"type-product","3":"status-publish","4":"has-post-thumbnail","6":"product_cat-coussin-de-positionnement","7":"desktop-align-left","8":"tablet-align-left","9":"mobile-align-left","11":"first","12":"instock","13":"shipping-taxable","14":"product-type-simple"},"_links":{"self":[{"href":"https:\/\/www.medical-sponge.com\/fr\/wp-json\/wp\/v2\/product\/5248","targetHints":{"allow":["GET"]}}],"collection":[{"href":"https:\/\/www.medical-sponge.com\/fr\/wp-json\/wp\/v2\/product"}],"about":[{"href":"https:\/\/www.medical-sponge.com\/fr\/wp-json\/wp\/v2\/types\/product"}],"replies":[{"embeddable":true,"href":"https:\/\/www.medical-sponge.com\/fr\/wp-json\/wp\/v2\/comments?post=5248"}],"version-history":[{"count":1,"href":"https:\/\/www.medical-sponge.com\/fr\/wp-json\/wp\/v2\/product\/5248\/revisions"}],"predecessor-version":[{"id":5753,"href":"https:\/\/www.medical-sponge.com\/fr\/wp-json\/wp\/v2\/product\/5248\/revisions\/5753"}],"wp:featuredmedia":[{"embeddable":true,"href":"https:\/\/www.medical-sponge.com\/fr\/wp-json\/wp\/v2\/media\/869"}],"wp:attachment":[{"href":"https:\/\/www.medical-sponge.com\/fr\/wp-json\/wp\/v2\/media?parent=5248"}],"wp:term":[{"taxonomy":"product_brand","embeddable":true,"href":"https:\/\/www.medical-sponge.com\/fr\/wp-json\/wp\/v2\/product_brand?post=5248"},{"taxonomy":"product_cat","embeddable":true,"href":"https:\/\/www.medical-sponge.com\/fr\/wp-json\/wp\/v2\/product_cat?post=5248"},{"taxonomy":"product_tag","embeddable":true,"href":"https:\/\/www.medical-sponge.com\/fr\/wp-json\/wp\/v2\/product_tag?post=5248"}],"curies":[{"name":"wp","href":"https:\/\/api.w.org\/{rel}","templated":true}]}}