{"id":5244,"date":"2024-09-14T10:49:14","date_gmt":"2024-09-14T02:49:14","guid":{"rendered":"https:\/\/www.medical-sponge.com\/dispositif-de-positionnement-de-la-tete-en-decubitus-ventral\/"},"modified":"2024-09-14T10:49:14","modified_gmt":"2024-09-14T02:49:14","slug":"dispositif-de-positionnement-de-la-tete-en-decubitus-ventral","status":"publish","type":"product","link":"https:\/\/www.medical-sponge.com\/fr\/product\/dispositif-de-positionnement-de-la-tete-en-decubitus-ventral\/","title":{"rendered":"Dispositif de positionnement de la t\u00eate en d\u00e9cubitus ventral"},"content":{"rendered":"<table>\n<tbody>\n<tr>\n<td width=\"100\">Param\u00e8tre<\/td>\n<td width=\"262\">Sp\u00e9cification <\/td>\n<\/tr>\n<tr>\n<td width=\"100\">Mat\u00e9riel<\/td>\n<td width=\"262\">Mousse de polyur\u00e9thane + micro-mousse 3M<\/td>\n<\/tr>\n<tr>\n<td width=\"100\">Dimensions<\/td>\n<td width=\"262\">22,86 cm x 35,56 cm x 3,81 cm d&#8217;\u00e9paisseur, personnalis\u00e9<\/td>\n<\/tr>\n<tr>\n<td width=\"100\">Poids<\/td>\n<td width=\"262\">0,5 kg (1,1 lb)<\/td>\n<\/tr>\n<tr>\n<td width=\"100\">Couleur<\/td>\n<td width=\"262\">Jaune, vert, bleu, Panton personnalis\u00e9<\/td>\n<\/tr>\n<tr>\n<td width=\"100\">Compatibilit\u00e9<\/td>\n<td width=\"262\">Compatible avec diverses tables chirurgicales<\/td>\n<\/tr>\n<tr>\n<td width=\"100\">Adjustability<\/td>\n<td width=\"262\">Hauteur r\u00e9glable (2&#8243; &#8211; 5&#8243;)<\/td>\n<\/tr>\n<tr>\n<td width=\"100\">Soulagement de la pression<\/td>\n<td width=\"262\">Mousse haute densit\u00e9 soulageant la pression<\/td>\n<\/tr>\n<tr>\n<td width=\"100\">Type de surface<\/td>\n<td width=\"262\">Profil\u00e9, doux au toucher pour plus de confort<\/td>\n<\/tr>\n<tr>\n<td width=\"100\">M\u00e9thode de nettoyage<\/td>\n<td width=\"262\">Facile \u00e0 nettoyer, essuyer avec une solution d\u00e9sinfectante<\/td>\n<\/tr>\n<tr>\n<td width=\"100\">Type d&#8217;utilisation<\/td>\n<td width=\"262\">R\u00e9utilisable<\/td>\n<\/tr>\n<tr>\n<td width=\"100\">St\u00e9rilisation<\/td>\n<td width=\"262\">Non requis (dispositif non st\u00e9rile)<\/td>\n<\/tr>\n<tr>\n<td width=\"100\">Couleur<\/td>\n<td width=\"262\">Blanc ou bleu clair<\/td>\n<\/tr>\n<tr>\n<td width=\"100\">Certifications<\/td>\n<td width=\"262\">Marquage CE, approuv\u00e9 par la FDA<\/td>\n<\/tr>\n<\/tbody>\n<\/table>\n<h2>Caract\u00e9ristiques<\/h2>\n<ul>\n<li>Gr\u00e2ce \u00e0 la conception du miroir \u00e0 fentes, vous pouvez voir et acc\u00e9der \u00e0 la bouche, au nez, aux yeux et au tube trach\u00e9al du patient avec clart\u00e9.<\/li>\n<li>Les contours du berceau offrent confort et soutien \u00e0 la t\u00eate et au cou du patient.<\/li>\n<li>Aidez \u00e0 r\u00e9duire le retraitement et \u00e0 contr\u00f4ler les infections avec une seule utilisation.<\/li>\n<li>Il permet de stabiliser la t\u00eate des patients allong\u00e9s sur le ventre et sur le ventre sur la table d&#8217;op\u00e9ration de mani\u00e8re stable et confortable. L&#8217;appui-t\u00eate est con\u00e7u avec une fen\u00eatre pour placer et connecter des cath\u00e9ters et d&#8217;autres consommables m\u00e9dicaux (tels que des masques laryng\u00e9s, des tubes de ventilation oropharyng\u00e9s, etc.). <\/li>\n<li>Le personnel m\u00e9dical peut observer le visage du patient et l&#8217;\u00e9tat des consommables m\u00e9dicaux tels que les cath\u00e9ters en temps r\u00e9el depuis le miroir correspondant de l&#8217;appui-t\u00eate.<\/li>\n<li>Le point de contact entre l&#8217;appui-t\u00eate et le visage est constitu\u00e9 de patchs de coton m\u00e9dical 3M pour \u00e9viter l&#8217;inconfort et les allergies cutan\u00e9es caus\u00e9s par la pression sur le front et le menton caus\u00e9e par de longues dur\u00e9es d&#8217;op\u00e9ration.<\/li>\n<\/ul>\n<table>\n<tbody>\n<tr>\n<td width=\"284\"><img fetchpriority=\"high\" decoding=\"async\" class=\"size-medium wp-image-876 aligncenter\" src=\"https:\/\/www.medical-sponge.com\/wp-content\/uploads\/2024\/09\/Prone-Head-Positioner-Device-Trial-Picture-300x294.webp\" alt=\"Photo d'essai du dispositif de positionnement de la t\u00eate en d\u00e9cubitus ventral\" width=\"300\" height=\"294\" srcset=\"https:\/\/www.medical-sponge.com\/wp-content\/uploads\/2024\/09\/Prone-Head-Positioner-Device-Trial-Picture-300x294.webp 300w, https:\/\/www.medical-sponge.com\/wp-content\/uploads\/2024\/09\/Prone-Head-Positioner-Device-Trial-Picture-600x587.webp 600w, https:\/\/www.medical-sponge.com\/wp-content\/uploads\/2024\/09\/Prone-Head-Positioner-Device-Trial-Picture.webp 619w\" sizes=\"(max-width: 300px) 100vw, 300px\" \/><\/td>\n<td width=\"284\"><img decoding=\"async\" class=\"size-medium wp-image-875 aligncenter\" src=\"https:\/\/www.medical-sponge.com\/wp-content\/uploads\/2024\/09\/Prone-Head-Positioner-Device-1-300x284.webp\" alt=\"Dispositif de positionnement de la t\u00eate en d\u00e9cubitus ventral -1\" width=\"300\" height=\"284\" srcset=\"https:\/\/www.medical-sponge.com\/wp-content\/uploads\/2024\/09\/Prone-Head-Positioner-Device-1-300x284.webp 300w, https:\/\/www.medical-sponge.com\/wp-content\/uploads\/2024\/09\/Prone-Head-Positioner-Device-1-600x569.webp 600w, https:\/\/www.medical-sponge.com\/wp-content\/uploads\/2024\/09\/Prone-Head-Positioner-Device-1.webp 629w\" sizes=\"(max-width: 300px) 100vw, 300px\" \/><\/td>\n<\/tr>\n<\/tbody>\n<\/table>\n","protected":false},"excerpt":{"rendered":"<ul>\n<li>Offre un soutien ferme de la t\u00eate et du cou en position couch\u00e9e.<\/li>\n<li>Con\u00e7u pour maintenir l&#8217;alignement naturel des voies respiratoires<\/li>\n<li>Hauteur r\u00e9glable pour un ajustement personnalis\u00e9<\/li>\n<li>Compatible avec diverses tables et cadres chirurgicaux<\/li>\n<li>Offre un acc\u00e8s illimit\u00e9 aux proc\u00e9dures m\u00e9dicales<\/li>\n<\/ul>\n","protected":false},"featured_media":5245,"comment_status":"open","ping_status":"closed","template":"","meta":{"site-sidebar-layout":"default","site-content-layout":"","ast-site-content-layout":"default","site-content-style":"default","site-sidebar-style":"default","ast-global-header-display":"","ast-banner-title-visibility":"","ast-main-header-display":"","ast-hfb-above-header-display":"","ast-hfb-below-header-display":"","ast-hfb-mobile-header-display":"","site-post-title":"","ast-breadcrumbs-content":"","ast-featured-img":"","footer-sml-layout":"","theme-transparent-header-meta":"default","adv-header-id-meta":"","stick-header-meta":"","header-above-stick-meta":"","header-main-stick-meta":"","header-below-stick-meta":"","astra-migrate-meta-layouts":"default","ast-page-background-enabled":"default","ast-page-background-meta":{"desktop":{"background-color":"var(--ast-global-color-4)","background-image":"","background-repeat":"repeat","background-position":"center center","background-size":"auto","background-attachment":"scroll","background-type":"","background-media":"","overlay-type":"","overlay-color":"","overlay-opacity":"","overlay-gradient":""},"tablet":{"background-color":"","background-image":"","background-repeat":"repeat","background-position":"center center","background-size":"auto","background-attachment":"scroll","background-type":"","background-media":"","overlay-type":"","overlay-color":"","overlay-opacity":"","overlay-gradient":""},"mobile":{"background-color":"","background-image":"","background-repeat":"repeat","background-position":"center center","background-size":"auto","background-attachment":"scroll","background-type":"","background-media":"","overlay-type":"","overlay-color":"","overlay-opacity":"","overlay-gradient":""}},"ast-content-background-meta":{"desktop":{"background-color":"var(--ast-global-color-5)","background-image":"","background-repeat":"repeat","background-position":"center center","background-size":"auto","background-attachment":"scroll","background-type":"","background-media":"","overlay-type":"","overlay-color":"","overlay-opacity":"","overlay-gradient":""},"tablet":{"background-color":"var(--ast-global-color-5)","background-image":"","background-repeat":"repeat","background-position":"center center","background-size":"auto","background-attachment":"scroll","background-type":"","background-media":"","overlay-type":"","overlay-color":"","overlay-opacity":"","overlay-gradient":""},"mobile":{"background-color":"var(--ast-global-color-5)","background-image":"","background-repeat":"repeat","background-position":"center center","background-size":"auto","background-attachment":"scroll","background-type":"","background-media":"","overlay-type":"","overlay-color":"","overlay-opacity":"","overlay-gradient":""}}},"product_brand":[],"product_cat":[79],"product_tag":[],"class_list":{"0":"post-5244","1":"product","2":"type-product","3":"status-publish","4":"has-post-thumbnail","6":"product_cat-coussin-de-positionnement","7":"desktop-align-left","8":"tablet-align-left","9":"mobile-align-left","11":"first","12":"instock","13":"shipping-taxable","14":"product-type-simple"},"_links":{"self":[{"href":"https:\/\/www.medical-sponge.com\/fr\/wp-json\/wp\/v2\/product\/5244","targetHints":{"allow":["GET"]}}],"collection":[{"href":"https:\/\/www.medical-sponge.com\/fr\/wp-json\/wp\/v2\/product"}],"about":[{"href":"https:\/\/www.medical-sponge.com\/fr\/wp-json\/wp\/v2\/types\/product"}],"replies":[{"embeddable":true,"href":"https:\/\/www.medical-sponge.com\/fr\/wp-json\/wp\/v2\/comments?post=5244"}],"version-history":[{"count":0,"href":"https:\/\/www.medical-sponge.com\/fr\/wp-json\/wp\/v2\/product\/5244\/revisions"}],"wp:featuredmedia":[{"embeddable":true,"href":"https:\/\/www.medical-sponge.com\/fr\/wp-json\/wp\/v2\/media\/5245"}],"wp:attachment":[{"href":"https:\/\/www.medical-sponge.com\/fr\/wp-json\/wp\/v2\/media?parent=5244"}],"wp:term":[{"taxonomy":"product_brand","embeddable":true,"href":"https:\/\/www.medical-sponge.com\/fr\/wp-json\/wp\/v2\/product_brand?post=5244"},{"taxonomy":"product_cat","embeddable":true,"href":"https:\/\/www.medical-sponge.com\/fr\/wp-json\/wp\/v2\/product_cat?post=5244"},{"taxonomy":"product_tag","embeddable":true,"href":"https:\/\/www.medical-sponge.com\/fr\/wp-json\/wp\/v2\/product_tag?post=5244"}],"curies":[{"name":"wp","href":"https:\/\/api.w.org\/{rel}","templated":true}]}}