{"id":5237,"date":"2024-09-14T11:18:12","date_gmt":"2024-09-14T03:18:12","guid":{"rendered":"https:\/\/www.medical-sponge.com\/kit-de-coussin-de-positionnement-m-f-l\/"},"modified":"2024-09-14T11:18:12","modified_gmt":"2024-09-14T03:18:12","slug":"kit-de-coussin-de-positionnement-m-f-l","status":"publish","type":"product","link":"https:\/\/www.medical-sponge.com\/fr\/product\/kit-de-coussin-de-positionnement-m-f-l\/","title":{"rendered":"Kit de coussin de positionnement M.F.L"},"content":{"rendered":"<table>\n<tbody>\n<tr>\n<td>Nom du produit<\/td>\n<td>Kit de coussin de positionnement M.F.L<\/td>\n<\/tr>\n<tr>\n<td>Taille du produit<\/td>\n<td>22,86 cm x 35,56 cm x 3,81 cm d&#8217;\u00e9paisseur, personnalis\u00e9<\/td>\n<\/tr>\n<tr>\n<td>Code couleur<\/td>\n<td>Jaune, Bleu, Vert, Panton Personnalis\u00e9<\/td>\n<\/tr>\n<tr>\n<td>Mat\u00e9riel<\/td>\n<td>\u00c9ponge m\u00e9dicale en PU + polyur\u00e9thane (PU)<\/td>\n<\/tr>\n<tr>\n<td>Type de produit<\/td>\n<td>Coussin de positionnement pour unit\u00e9 de soins intensifs<\/td>\n<\/tr>\n<\/tbody>\n<\/table>\n<h2>Option de kit<\/h2>\n<table>\n<tbody>\n<tr>\n<td>Combinaison 1<\/td>\n<td style=\"text-align: left;\">Combinaison 2<\/td>\n<\/tr>\n<tr>\n<td style=\"text-align: left;\">\u2022 1 coussinet invers\u00e9 Contour de soutien post\u00e9rieur<\/p>\n<p>\u2022 Grands repose-bras<\/p>\n<p>\u2022 1 feuille de levage<\/p>\n<p>\u2022 2 ensembles de sangles corporelles respectueuses de la peau<\/p>\n<p>\u2022 Positionneur de t\u00eate pour adulte \u00e0 usage unique<\/p>\n<p>\u2022 Coussin de marchepied (20&#8243;x12&#8243;x2&#8243;)<\/td>\n<td>\n<p style=\"text-align: left;\">\u2022 1 bloc-notes rose XL<\/p>\n<p style=\"text-align: left;\">\u2022 Grands repose-bras<\/p>\n<p style=\"text-align: left;\">\u2022 1 feuille de levage<\/p>\n<p style=\"text-align: left;\">\u2022 2 ensembles de sangles corporelles respectueuses de la peau<\/p>\n<p style=\"text-align: left;\">\u2022 Positionneur de t\u00eate pour adulte \u00e0 usage unique<\/p>\n<p style=\"text-align: left;\">\u2022 Coussin de pied de lit (20&#8243;x12&#8243;x2&#8243;)<\/p>\n<\/td>\n<\/tr>\n<\/tbody>\n<\/table>\n<h2>Avantages<\/h2>\n<table>\n<tbody>\n<tr>\n<td>Conception innovante<\/td>\n<td>Emp\u00eacher le patient de glisser<\/td>\n<td>\u00c9liminer le risque de blessure du plexus brachial<\/td>\n<\/tr>\n<tr>\n<td><img fetchpriority=\"high\" decoding=\"async\" class=\"size-medium wp-image-886 aligncenter\" src=\"https:\/\/www.medical-sponge.com\/wp-content\/uploads\/2024\/09\/Product-Detail-300x300.webp\" alt=\"D\u00e9tail du produit\" width=\"300\" height=\"300\" srcset=\"https:\/\/www.medical-sponge.com\/wp-content\/uploads\/2024\/09\/Product-Detail-300x300.webp 300w, https:\/\/www.medical-sponge.com\/wp-content\/uploads\/2024\/09\/Product-Detail-150x150.webp 150w, https:\/\/www.medical-sponge.com\/wp-content\/uploads\/2024\/09\/Product-Detail-768x768.webp 768w, https:\/\/www.medical-sponge.com\/wp-content\/uploads\/2024\/09\/Product-Detail-600x600.webp 600w, https:\/\/www.medical-sponge.com\/wp-content\/uploads\/2024\/09\/Product-Detail-100x100.webp 100w, https:\/\/www.medical-sponge.com\/wp-content\/uploads\/2024\/09\/Product-Detail.webp 800w\" sizes=\"(max-width: 300px) 100vw, 300px\" \/><\/td>\n<td><img decoding=\"async\" class=\"size-full wp-image-889 aligncenter\" src=\"https:\/\/www.medical-sponge.com\/wp-content\/uploads\/2024\/09\/Prevent-Patient-Sliding.webp\" alt=\"Emp\u00eacher le patient de glisser\" width=\"267\" height=\"262\"><\/td>\n<td><img decoding=\"async\" class=\"size-full wp-image-890 aligncenter\" src=\"https:\/\/www.medical-sponge.com\/wp-content\/uploads\/2024\/09\/Eliminate-Brachial-Plexus-Injury-Risk.webp\" alt=\"\u00c9liminer le risque de blessure du plexus brachial\" width=\"229\" height=\"225\"><\/td>\n<\/tr>\n<tr>\n<td>La demande croissante en interventions chirurgicales a accru le besoin de solutions de positionnement avanc\u00e9es. Le kit de coussinets M.F.L. am\u00e9liore le soutien, le confort et la r\u00e9cup\u00e9ration, en particulier pour les patients en surpoids. <\/td>\n<td>Le kit de coussin de positionnement M.F.L. emp\u00eache efficacement les glissades du patient, minimisant les blessures li\u00e9es \u00e0 la posture, m\u00eame pour les patients ayant un poids corporel et un IMC plus \u00e9lev\u00e9s, garantissant stabilit\u00e9 et s\u00e9curit\u00e9.<\/td>\n<td>Le kit de coussin de positionnement M.F.L peut r\u00e9duire les douleurs musculaires chez les patients postop\u00e9ratoires. Sa fonction n&#8217;exerce aucune pression sur la t\u00eate, le cou, les \u00e9paules et les jambes, \u00e9liminant et pr\u00e9venant ainsi le risque de l\u00e9sions nerveuses. <\/td>\n<\/tr>\n<\/tbody>\n<\/table>\n","protected":false},"excerpt":{"rendered":"<ul>\n<li><strong>Surface antid\u00e9rapante :<\/strong> assure une meilleure traction et un soutien stable.<\/li>\n<li><strong>Durabilit\u00e9 exceptionnelle : <\/strong> Fabriqu\u00e9 \u00e0 partir de mat\u00e9riaux robustes et r\u00e9sistants \u00e0 l&#8217;usure.<\/li>\n<li><strong>Conception ergonomique :<\/strong> assure confort et positionnement facile lors de l&#8217;utilisation.<\/li>\n<li><strong>Construction l\u00e9g\u00e8re :<\/strong> facile \u00e0 transporter et \u00e0 manipuler.<\/li>\n<li><strong>Absorbant les chocs :<\/strong> R\u00e9duit l&#8217;impact et la pression lors du positionnement.<\/li>\n<li><strong>Fermet\u00e9 r\u00e9glable :<\/strong> Support personnalisable pour diff\u00e9rents besoins.<\/li>\n<\/ul>\n","protected":false},"featured_media":5238,"comment_status":"open","ping_status":"closed","template":"","meta":{"site-sidebar-layout":"default","site-content-layout":"","ast-site-content-layout":"default","site-content-style":"default","site-sidebar-style":"default","ast-global-header-display":"","ast-banner-title-visibility":"","ast-main-header-display":"","ast-hfb-above-header-display":"","ast-hfb-below-header-display":"","ast-hfb-mobile-header-display":"","site-post-title":"","ast-breadcrumbs-content":"","ast-featured-img":"","footer-sml-layout":"","theme-transparent-header-meta":"default","adv-header-id-meta":"","stick-header-meta":"","header-above-stick-meta":"","header-main-stick-meta":"","header-below-stick-meta":"","astra-migrate-meta-layouts":"default","ast-page-background-enabled":"default","ast-page-background-meta":{"desktop":{"background-color":"var(--ast-global-color-4)","background-image":"","background-repeat":"repeat","background-position":"center center","background-size":"auto","background-attachment":"scroll","background-type":"","background-media":"","overlay-type":"","overlay-color":"","overlay-opacity":"","overlay-gradient":""},"tablet":{"background-color":"","background-image":"","background-repeat":"repeat","background-position":"center center","background-size":"auto","background-attachment":"scroll","background-type":"","background-media":"","overlay-type":"","overlay-color":"","overlay-opacity":"","overlay-gradient":""},"mobile":{"background-color":"","background-image":"","background-repeat":"repeat","background-position":"center center","background-size":"auto","background-attachment":"scroll","background-type":"","background-media":"","overlay-type":"","overlay-color":"","overlay-opacity":"","overlay-gradient":""}},"ast-content-background-meta":{"desktop":{"background-color":"var(--ast-global-color-5)","background-image":"","background-repeat":"repeat","background-position":"center center","background-size":"auto","background-attachment":"scroll","background-type":"","background-media":"","overlay-type":"","overlay-color":"","overlay-opacity":"","overlay-gradient":""},"tablet":{"background-color":"var(--ast-global-color-5)","background-image":"","background-repeat":"repeat","background-position":"center center","background-size":"auto","background-attachment":"scroll","background-type":"","background-media":"","overlay-type":"","overlay-color":"","overlay-opacity":"","overlay-gradient":""},"mobile":{"background-color":"var(--ast-global-color-5)","background-image":"","background-repeat":"repeat","background-position":"center center","background-size":"auto","background-attachment":"scroll","background-type":"","background-media":"","overlay-type":"","overlay-color":"","overlay-opacity":"","overlay-gradient":""}}},"product_brand":[],"product_cat":[79],"product_tag":[],"class_list":{"0":"post-5237","1":"product","2":"type-product","3":"status-publish","4":"has-post-thumbnail","6":"product_cat-coussin-de-positionnement","7":"desktop-align-left","8":"tablet-align-left","9":"mobile-align-left","11":"first","12":"instock","13":"shipping-taxable","14":"product-type-simple"},"_links":{"self":[{"href":"https:\/\/www.medical-sponge.com\/fr\/wp-json\/wp\/v2\/product\/5237","targetHints":{"allow":["GET"]}}],"collection":[{"href":"https:\/\/www.medical-sponge.com\/fr\/wp-json\/wp\/v2\/product"}],"about":[{"href":"https:\/\/www.medical-sponge.com\/fr\/wp-json\/wp\/v2\/types\/product"}],"replies":[{"embeddable":true,"href":"https:\/\/www.medical-sponge.com\/fr\/wp-json\/wp\/v2\/comments?post=5237"}],"version-history":[{"count":1,"href":"https:\/\/www.medical-sponge.com\/fr\/wp-json\/wp\/v2\/product\/5237\/revisions"}],"predecessor-version":[{"id":5752,"href":"https:\/\/www.medical-sponge.com\/fr\/wp-json\/wp\/v2\/product\/5237\/revisions\/5752"}],"wp:featuredmedia":[{"embeddable":true,"href":"https:\/\/www.medical-sponge.com\/fr\/wp-json\/wp\/v2\/media\/5238"}],"wp:attachment":[{"href":"https:\/\/www.medical-sponge.com\/fr\/wp-json\/wp\/v2\/media?parent=5237"}],"wp:term":[{"taxonomy":"product_brand","embeddable":true,"href":"https:\/\/www.medical-sponge.com\/fr\/wp-json\/wp\/v2\/product_brand?post=5237"},{"taxonomy":"product_cat","embeddable":true,"href":"https:\/\/www.medical-sponge.com\/fr\/wp-json\/wp\/v2\/product_cat?post=5237"},{"taxonomy":"product_tag","embeddable":true,"href":"https:\/\/www.medical-sponge.com\/fr\/wp-json\/wp\/v2\/product_tag?post=5237"}],"curies":[{"name":"wp","href":"https:\/\/api.w.org\/{rel}","templated":true}]}}