{"id":5231,"date":"2024-09-14T14:22:42","date_gmt":"2024-09-14T06:22:42","guid":{"rendered":"https:\/\/www.medical-sponge.com\/kits-de-positionnement-deponge-pour-cadre-de-table-jetable-jackson\/"},"modified":"2024-09-14T14:22:42","modified_gmt":"2024-09-14T06:22:42","slug":"kits-de-positionnement-deponge-pour-cadre-de-table-jetable-jackson","status":"publish","type":"product","link":"https:\/\/www.medical-sponge.com\/fr\/product\/kits-de-positionnement-deponge-pour-cadre-de-table-jetable-jackson\/","title":{"rendered":"Kits de positionnement d&#8217;\u00e9ponge pour cadre de table jetable Jackson"},"content":{"rendered":"<table>\n<tbody>\n<tr>\n<td width=\"158\">Nom du produit<\/td>\n<td width=\"330\">Kits de positionnement d&#8217;\u00e9ponge pour cadre de table jetable Jackson<\/td>\n<\/tr>\n<tr>\n<td width=\"158\">Taille du produit<\/td>\n<td width=\"330\">28*25*17cm, 62*14*8cm, Personnalis\u00e9<\/td>\n<\/tr>\n<tr>\n<td width=\"158\">Code couleur<\/td>\n<td width=\"330\">Vert, bleu, blanc ou personnalis\u00e9<\/td>\n<\/tr>\n<tr>\n<td width=\"158\">Certification de qualit\u00e9<\/td>\n<td width=\"330\">CE, ISO13485<\/td>\n<\/tr>\n<tr>\n<td width=\"158\">Classification des instruments<\/td>\n<td width=\"330\">Classe I<\/td>\n<\/tr>\n<tr>\n<td width=\"158\">Mat\u00e9riel<\/td>\n<td width=\"330\">\u00c9ponge m\u00e9dicale + tissu non tiss\u00e9<\/td>\n<\/tr>\n<tr>\n<td width=\"158\">Type de produit<\/td>\n<td width=\"330\">Coussin de positionnement pour unit\u00e9 de soins intensifs<\/td>\n<\/tr>\n<\/tbody>\n<\/table>\n<h2>La configuration comprend :<\/h2>\n<ul>\n<li>1 positionneur de t\u00eate fendue avec couche sup\u00e9rieure DermaProx<\/li>\n<li>Supports \u00e0 2 bras<\/li>\n<li>4 housses de protection pour hanches et cuisses avec couche DermaProx<\/li>\n<li>1 housse de protection pour torse avec couche DermaProx<\/li>\n<\/ul>\n<p>&nbsp;<\/p>\n","protected":false},"excerpt":{"rendered":"<ul>\n<li>Assure un positionnement optimal du patient pendant la chirurgie.<\/li>\n<li>Fabriqu\u00e9 \u00e0 partir d&#8217;une \u00e9ponge douce et haute densit\u00e9 pour plus de confort.<\/li>\n<li>L\u00e9ger et facile \u00e0 appliquer.<\/li>\n<li>Jetable pour une hygi\u00e8ne et une commodit\u00e9 accrues.<\/li>\n<li>R\u00e9duit les points de pression et l\u2019inconfort du patient.<\/li>\n<li>Compatible avec les cadres de table Jackson.<\/li>\n<li>La conception \u00e0 usage unique minimise le risque d\u2019infection.<\/li>\n<\/ul>\n","protected":false},"featured_media":5232,"comment_status":"open","ping_status":"closed","template":"","meta":{"site-sidebar-layout":"default","site-content-layout":"","ast-site-content-layout":"default","site-content-style":"default","site-sidebar-style":"default","ast-global-header-display":"","ast-banner-title-visibility":"","ast-main-header-display":"","ast-hfb-above-header-display":"","ast-hfb-below-header-display":"","ast-hfb-mobile-header-display":"","site-post-title":"","ast-breadcrumbs-content":"","ast-featured-img":"","footer-sml-layout":"","theme-transparent-header-meta":"default","adv-header-id-meta":"","stick-header-meta":"","header-above-stick-meta":"","header-main-stick-meta":"","header-below-stick-meta":"","astra-migrate-meta-layouts":"default","ast-page-background-enabled":"default","ast-page-background-meta":{"desktop":{"background-color":"var(--ast-global-color-4)","background-image":"","background-repeat":"repeat","background-position":"center center","background-size":"auto","background-attachment":"scroll","background-type":"","background-media":"","overlay-type":"","overlay-color":"","overlay-opacity":"","overlay-gradient":""},"tablet":{"background-color":"","background-image":"","background-repeat":"repeat","background-position":"center center","background-size":"auto","background-attachment":"scroll","background-type":"","background-media":"","overlay-type":"","overlay-color":"","overlay-opacity":"","overlay-gradient":""},"mobile":{"background-color":"","background-image":"","background-repeat":"repeat","background-position":"center center","background-size":"auto","background-attachment":"scroll","background-type":"","background-media":"","overlay-type":"","overlay-color":"","overlay-opacity":"","overlay-gradient":""}},"ast-content-background-meta":{"desktop":{"background-color":"var(--ast-global-color-5)","background-image":"","background-repeat":"repeat","background-position":"center center","background-size":"auto","background-attachment":"scroll","background-type":"","background-media":"","overlay-type":"","overlay-color":"","overlay-opacity":"","overlay-gradient":""},"tablet":{"background-color":"var(--ast-global-color-5)","background-image":"","background-repeat":"repeat","background-position":"center center","background-size":"auto","background-attachment":"scroll","background-type":"","background-media":"","overlay-type":"","overlay-color":"","overlay-opacity":"","overlay-gradient":""},"mobile":{"background-color":"var(--ast-global-color-5)","background-image":"","background-repeat":"repeat","background-position":"center center","background-size":"auto","background-attachment":"scroll","background-type":"","background-media":"","overlay-type":"","overlay-color":"","overlay-opacity":"","overlay-gradient":""}}},"product_brand":[],"product_cat":[79],"product_tag":[],"class_list":{"0":"post-5231","1":"product","2":"type-product","3":"status-publish","4":"has-post-thumbnail","6":"product_cat-coussin-de-positionnement","7":"desktop-align-left","8":"tablet-align-left","9":"mobile-align-left","11":"first","12":"instock","13":"shipping-taxable","14":"product-type-simple"},"_links":{"self":[{"href":"https:\/\/www.medical-sponge.com\/fr\/wp-json\/wp\/v2\/product\/5231","targetHints":{"allow":["GET"]}}],"collection":[{"href":"https:\/\/www.medical-sponge.com\/fr\/wp-json\/wp\/v2\/product"}],"about":[{"href":"https:\/\/www.medical-sponge.com\/fr\/wp-json\/wp\/v2\/types\/product"}],"replies":[{"embeddable":true,"href":"https:\/\/www.medical-sponge.com\/fr\/wp-json\/wp\/v2\/comments?post=5231"}],"version-history":[{"count":1,"href":"https:\/\/www.medical-sponge.com\/fr\/wp-json\/wp\/v2\/product\/5231\/revisions"}],"predecessor-version":[{"id":5723,"href":"https:\/\/www.medical-sponge.com\/fr\/wp-json\/wp\/v2\/product\/5231\/revisions\/5723"}],"wp:featuredmedia":[{"embeddable":true,"href":"https:\/\/www.medical-sponge.com\/fr\/wp-json\/wp\/v2\/media\/5232"}],"wp:attachment":[{"href":"https:\/\/www.medical-sponge.com\/fr\/wp-json\/wp\/v2\/media?parent=5231"}],"wp:term":[{"taxonomy":"product_brand","embeddable":true,"href":"https:\/\/www.medical-sponge.com\/fr\/wp-json\/wp\/v2\/product_brand?post=5231"},{"taxonomy":"product_cat","embeddable":true,"href":"https:\/\/www.medical-sponge.com\/fr\/wp-json\/wp\/v2\/product_cat?post=5231"},{"taxonomy":"product_tag","embeddable":true,"href":"https:\/\/www.medical-sponge.com\/fr\/wp-json\/wp\/v2\/product_tag?post=5231"}],"curies":[{"name":"wp","href":"https:\/\/api.w.org\/{rel}","templated":true}]}}