{"id":5228,"date":"2024-09-14T14:47:26","date_gmt":"2024-09-14T06:47:26","guid":{"rendered":"https:\/\/www.medical-sponge.com\/oreiller-positionneur-dappui-tete-en-position-couchee\/"},"modified":"2024-09-14T14:47:26","modified_gmt":"2024-09-14T06:47:26","slug":"oreiller-positionneur-dappui-tete-en-position-couchee","status":"publish","type":"product","link":"https:\/\/www.medical-sponge.com\/fr\/product\/oreiller-positionneur-dappui-tete-en-position-couchee\/","title":{"rendered":"Oreiller positionneur d&#8217;appui-t\u00eate en position couch\u00e9e"},"content":{"rendered":"<table>\n<tbody>\n<tr>\n<td>Mod\u00e8le<\/td>\n<td>Taille standard<\/td>\n<\/tr>\n<tr>\n<td>REF-MFL3105S<\/td>\n<td>26,5 cm x 24 cm x 11 cm<\/td>\n<\/tr>\n<tr>\n<td>REF-MFL3105M<\/td>\n<td>26,5 cm x 24 cm x 17,5 cm<\/td>\n<\/tr>\n<tr>\n<td>REF-MFL3105L<\/td>\n<td>26,5 cm x 24 cm x 26 cm<\/td>\n<\/tr>\n<\/tbody>\n<\/table>\n<p><img fetchpriority=\"high\" decoding=\"async\" class=\"aligncenter wp-image-986 size-full\" src=\"https:\/\/www.medical-sponge.com\/wp-content\/uploads\/2024\/09\/Prone-Headrest-Positioner-Pillow-Size.png\" alt=\"Taille de l'oreiller de positionnement de l'appuie-t\u00eate en position couch\u00e9e\" width=\"970\" height=\"970\" srcset=\"https:\/\/www.medical-sponge.com\/wp-content\/uploads\/2024\/09\/Prone-Headrest-Positioner-Pillow-Size.png 970w, https:\/\/www.medical-sponge.com\/wp-content\/uploads\/2024\/09\/Prone-Headrest-Positioner-Pillow-Size-300x300.png 300w, https:\/\/www.medical-sponge.com\/wp-content\/uploads\/2024\/09\/Prone-Headrest-Positioner-Pillow-Size-150x150.png 150w, https:\/\/www.medical-sponge.com\/wp-content\/uploads\/2024\/09\/Prone-Headrest-Positioner-Pillow-Size-768x768.png 768w, https:\/\/www.medical-sponge.com\/wp-content\/uploads\/2024\/09\/Prone-Headrest-Positioner-Pillow-Size-600x600.png 600w, https:\/\/www.medical-sponge.com\/wp-content\/uploads\/2024\/09\/Prone-Headrest-Positioner-Pillow-Size-100x100.png 100w\" sizes=\"(max-width: 970px) 100vw, 970px\" \/><\/p>\n<h2>Crit\u00e8res de positionnement du patient<\/h2>\n<ul>\n<li>Maintenir un bon alignement du corps<\/li>\n<li>\u00c9vitez le m\u00e9tal et les surfaces dures en contact direct.<\/li>\n<li>Assurer un soutien complet du corps<\/li>\n<li>Maximiser la circulation dans toutes les extr\u00e9mit\u00e9s<\/li>\n<li>Points de pression des coussinets<\/li>\n<li>Prot\u00e9ger les zones sujettes \u00e0 la compression nerveuse<\/li>\n<li>Maximiser l&#8217;expansion respiratoire<\/li>\n<li>Assurer l&#8217;accessibilit\u00e9 du site op\u00e9ratoire<\/li>\n<li>Pr\u00e9server la confidentialit\u00e9 des patients<\/li>\n<li>Pr\u00e9venir l\u2019hypothermie inutile<\/li>\n<\/ul>\n<h2>Adapt\u00e9 aux populations \u00e0 risque<\/h2>\n<ul>\n<li>Proc\u00e9dures prolong\u00e9es<\/li>\n<li>Arthrite<\/li>\n<li>Insuffisance cardiaque<\/li>\n<li>Affections vasculaires<\/li>\n<li>Affections respiratoires<\/li>\n<li>Insuffisance r\u00e9nale<\/li>\n<li>Maladies neuromusculaires<\/li>\n<li>Traitements immunosuppresseurs<\/li>\n<li>Patients \u00e2g\u00e9s<\/li>\n<li>Nourrissons\/enfants<\/li>\n<li>Hypotension\/an\u00e9mie<\/li>\n<li>Malnutrition<\/li>\n<li>Hypothermie<\/li>\n<li>Diab\u00e8te<\/li>\n<li>Ob\u00e9sit\u00e9<\/li>\n<li>Cancer\/m\u00e9tastase<\/li>\n<\/ul>\n<div id=\"gtx-trans\" style=\"position: absolute; left: 747px; top: 58.1875px;\">\n<div class=\"gtx-trans-icon\"><\/div>\n<\/div>\n","protected":false},"excerpt":{"rendered":"<ul>\n<li>Double couche pour un confort accru, \u00e9paisseur personnalisable<\/li>\n<li>Convient au positionnement lat\u00e9ral, couch\u00e9 ou couch\u00e9.<\/li>\n<li>Favorise un bon alignement du cou et de la colonne vert\u00e9brale.<\/li>\n<li>Disponible en diff\u00e9rentes tailles.<\/li>\n<li>Emballage compact et compress\u00e9 pour un stockage facile.<\/li>\n<li>Jetable et \u00e0 usage unique.<\/li>\n<\/ul>\n","protected":false},"featured_media":980,"comment_status":"open","ping_status":"closed","template":"","meta":{"site-sidebar-layout":"default","site-content-layout":"","ast-site-content-layout":"default","site-content-style":"default","site-sidebar-style":"default","ast-global-header-display":"","ast-banner-title-visibility":"","ast-main-header-display":"","ast-hfb-above-header-display":"","ast-hfb-below-header-display":"","ast-hfb-mobile-header-display":"","site-post-title":"","ast-breadcrumbs-content":"","ast-featured-img":"","footer-sml-layout":"","theme-transparent-header-meta":"default","adv-header-id-meta":"","stick-header-meta":"","header-above-stick-meta":"","header-main-stick-meta":"","header-below-stick-meta":"","astra-migrate-meta-layouts":"default","ast-page-background-enabled":"default","ast-page-background-meta":{"desktop":{"background-color":"var(--ast-global-color-4)","background-image":"","background-repeat":"repeat","background-position":"center center","background-size":"auto","background-attachment":"scroll","background-type":"","background-media":"","overlay-type":"","overlay-color":"","overlay-opacity":"","overlay-gradient":""},"tablet":{"background-color":"","background-image":"","background-repeat":"repeat","background-position":"center center","background-size":"auto","background-attachment":"scroll","background-type":"","background-media":"","overlay-type":"","overlay-color":"","overlay-opacity":"","overlay-gradient":""},"mobile":{"background-color":"","background-image":"","background-repeat":"repeat","background-position":"center center","background-size":"auto","background-attachment":"scroll","background-type":"","background-media":"","overlay-type":"","overlay-color":"","overlay-opacity":"","overlay-gradient":""}},"ast-content-background-meta":{"desktop":{"background-color":"var(--ast-global-color-5)","background-image":"","background-repeat":"repeat","background-position":"center center","background-size":"auto","background-attachment":"scroll","background-type":"","background-media":"","overlay-type":"","overlay-color":"","overlay-opacity":"","overlay-gradient":""},"tablet":{"background-color":"var(--ast-global-color-5)","background-image":"","background-repeat":"repeat","background-position":"center center","background-size":"auto","background-attachment":"scroll","background-type":"","background-media":"","overlay-type":"","overlay-color":"","overlay-opacity":"","overlay-gradient":""},"mobile":{"background-color":"var(--ast-global-color-5)","background-image":"","background-repeat":"repeat","background-position":"center center","background-size":"auto","background-attachment":"scroll","background-type":"","background-media":"","overlay-type":"","overlay-color":"","overlay-opacity":"","overlay-gradient":""}}},"product_brand":[],"product_cat":[79],"product_tag":[],"class_list":{"0":"post-5228","1":"product","2":"type-product","3":"status-publish","4":"has-post-thumbnail","6":"product_cat-coussin-de-positionnement","7":"desktop-align-left","8":"tablet-align-left","9":"mobile-align-left","11":"first","12":"instock","13":"shipping-taxable","14":"product-type-simple"},"_links":{"self":[{"href":"https:\/\/www.medical-sponge.com\/fr\/wp-json\/wp\/v2\/product\/5228","targetHints":{"allow":["GET"]}}],"collection":[{"href":"https:\/\/www.medical-sponge.com\/fr\/wp-json\/wp\/v2\/product"}],"about":[{"href":"https:\/\/www.medical-sponge.com\/fr\/wp-json\/wp\/v2\/types\/product"}],"replies":[{"embeddable":true,"href":"https:\/\/www.medical-sponge.com\/fr\/wp-json\/wp\/v2\/comments?post=5228"}],"version-history":[{"count":1,"href":"https:\/\/www.medical-sponge.com\/fr\/wp-json\/wp\/v2\/product\/5228\/revisions"}],"predecessor-version":[{"id":5725,"href":"https:\/\/www.medical-sponge.com\/fr\/wp-json\/wp\/v2\/product\/5228\/revisions\/5725"}],"wp:featuredmedia":[{"embeddable":true,"href":"https:\/\/www.medical-sponge.com\/fr\/wp-json\/wp\/v2\/media\/980"}],"wp:attachment":[{"href":"https:\/\/www.medical-sponge.com\/fr\/wp-json\/wp\/v2\/media?parent=5228"}],"wp:term":[{"taxonomy":"product_brand","embeddable":true,"href":"https:\/\/www.medical-sponge.com\/fr\/wp-json\/wp\/v2\/product_brand?post=5228"},{"taxonomy":"product_cat","embeddable":true,"href":"https:\/\/www.medical-sponge.com\/fr\/wp-json\/wp\/v2\/product_cat?post=5228"},{"taxonomy":"product_tag","embeddable":true,"href":"https:\/\/www.medical-sponge.com\/fr\/wp-json\/wp\/v2\/product_tag?post=5228"}],"curies":[{"name":"wp","href":"https:\/\/api.w.org\/{rel}","templated":true}]}}