{"id":5226,"date":"2024-09-14T15:07:07","date_gmt":"2024-09-14T07:07:07","guid":{"rendered":"https:\/\/www.medical-sponge.com\/coussinets-jetables-pour-beignets\/"},"modified":"2024-09-14T15:07:07","modified_gmt":"2024-09-14T07:07:07","slug":"coussinets-jetables-pour-beignets","status":"publish","type":"product","link":"https:\/\/www.medical-sponge.com\/fr\/product\/coussinets-jetables-pour-beignets\/","title":{"rendered":"Coussinets jetables pour beignets<br>"},"content":{"rendered":"<table>\n<tbody>\n<tr>\n<td>Mod\u00e8le<\/td>\n<td>Taille standard<\/td>\n<td>Couleur<\/td>\n<td>Mat\u00e9riel<\/td>\n<\/tr>\n<tr>\n<td>REF-MFL3107<\/td>\n<td>23cm x 25cm x 3cm, ou personnalis\u00e9<\/td>\n<td>Jaune, vert, bleu, Panton personnalis\u00e9<\/td>\n<td>Personnalis\u00e9<\/td>\n<\/tr>\n<\/tbody>\n<\/table>\n<h2>Instructions d&#8217;utilisation<\/h2>\n<ul>\n<li>Placez le coussinet pour beignet sur une surface plane.<\/li>\n<li>Positionnez la zone affect\u00e9e au centre du trou du tampon.<\/li>\n<li>Jetez le tampon apr\u00e8s utilisation, comme recommand\u00e9 par votre professionnel de la sant\u00e9.<\/li>\n<li>Chaque beignet est amovible<\/li>\n<\/ul>\n<h2>Certifications et normes<\/h2>\n<ul>\n<li>Certifi\u00e9 ISO 13485<\/li>\n<li>Approuv\u00e9 par la FDA<\/li>\n<li>Sans latex<\/li>\n<li>Conforme aux normes de qualit\u00e9 m\u00e9dicale<\/li>\n<\/ul>\n","protected":false},"excerpt":{"rendered":"<ul>\n<li>Construction en polymousse haute densit\u00e9<\/li>\n<li>Disponible en trois tailles pratiques<\/li>\n<li>Bagues jetables \u00e0 usage unique<\/li>\n<li>Vendu en caisses avec des quantit\u00e9s variables<\/li>\n<li>Dispositif de r\u00e9duction de pression.<\/li>\n<li>\u00c0 usage unique uniquement.<\/li>\n<li>Utilis\u00e9 dans plusieurs interventions chirurgicales.<\/li>\n<\/ul>\n","protected":false},"featured_media":991,"comment_status":"open","ping_status":"closed","template":"","meta":{"site-sidebar-layout":"default","site-content-layout":"","ast-site-content-layout":"default","site-content-style":"default","site-sidebar-style":"default","ast-global-header-display":"","ast-banner-title-visibility":"","ast-main-header-display":"","ast-hfb-above-header-display":"","ast-hfb-below-header-display":"","ast-hfb-mobile-header-display":"","site-post-title":"","ast-breadcrumbs-content":"","ast-featured-img":"","footer-sml-layout":"","theme-transparent-header-meta":"default","adv-header-id-meta":"","stick-header-meta":"","header-above-stick-meta":"","header-main-stick-meta":"","header-below-stick-meta":"","astra-migrate-meta-layouts":"default","ast-page-background-enabled":"default","ast-page-background-meta":{"desktop":{"background-color":"var(--ast-global-color-4)","background-image":"","background-repeat":"repeat","background-position":"center center","background-size":"auto","background-attachment":"scroll","background-type":"","background-media":"","overlay-type":"","overlay-color":"","overlay-opacity":"","overlay-gradient":""},"tablet":{"background-color":"","background-image":"","background-repeat":"repeat","background-position":"center center","background-size":"auto","background-attachment":"scroll","background-type":"","background-media":"","overlay-type":"","overlay-color":"","overlay-opacity":"","overlay-gradient":""},"mobile":{"background-color":"","background-image":"","background-repeat":"repeat","background-position":"center center","background-size":"auto","background-attachment":"scroll","background-type":"","background-media":"","overlay-type":"","overlay-color":"","overlay-opacity":"","overlay-gradient":""}},"ast-content-background-meta":{"desktop":{"background-color":"var(--ast-global-color-5)","background-image":"","background-repeat":"repeat","background-position":"center center","background-size":"auto","background-attachment":"scroll","background-type":"","background-media":"","overlay-type":"","overlay-color":"","overlay-opacity":"","overlay-gradient":""},"tablet":{"background-color":"var(--ast-global-color-5)","background-image":"","background-repeat":"repeat","background-position":"center center","background-size":"auto","background-attachment":"scroll","background-type":"","background-media":"","overlay-type":"","overlay-color":"","overlay-opacity":"","overlay-gradient":""},"mobile":{"background-color":"var(--ast-global-color-5)","background-image":"","background-repeat":"repeat","background-position":"center center","background-size":"auto","background-attachment":"scroll","background-type":"","background-media":"","overlay-type":"","overlay-color":"","overlay-opacity":"","overlay-gradient":""}}},"product_brand":[],"product_cat":[79],"product_tag":[],"class_list":{"0":"post-5226","1":"product","2":"type-product","3":"status-publish","4":"has-post-thumbnail","6":"product_cat-coussin-de-positionnement","7":"desktop-align-left","8":"tablet-align-left","9":"mobile-align-left","11":"first","12":"instock","13":"shipping-taxable","14":"product-type-simple"},"_links":{"self":[{"href":"https:\/\/www.medical-sponge.com\/fr\/wp-json\/wp\/v2\/product\/5226","targetHints":{"allow":["GET"]}}],"collection":[{"href":"https:\/\/www.medical-sponge.com\/fr\/wp-json\/wp\/v2\/product"}],"about":[{"href":"https:\/\/www.medical-sponge.com\/fr\/wp-json\/wp\/v2\/types\/product"}],"replies":[{"embeddable":true,"href":"https:\/\/www.medical-sponge.com\/fr\/wp-json\/wp\/v2\/comments?post=5226"}],"version-history":[{"count":1,"href":"https:\/\/www.medical-sponge.com\/fr\/wp-json\/wp\/v2\/product\/5226\/revisions"}],"predecessor-version":[{"id":5748,"href":"https:\/\/www.medical-sponge.com\/fr\/wp-json\/wp\/v2\/product\/5226\/revisions\/5748"}],"wp:featuredmedia":[{"embeddable":true,"href":"https:\/\/www.medical-sponge.com\/fr\/wp-json\/wp\/v2\/media\/991"}],"wp:attachment":[{"href":"https:\/\/www.medical-sponge.com\/fr\/wp-json\/wp\/v2\/media?parent=5226"}],"wp:term":[{"taxonomy":"product_brand","embeddable":true,"href":"https:\/\/www.medical-sponge.com\/fr\/wp-json\/wp\/v2\/product_brand?post=5226"},{"taxonomy":"product_cat","embeddable":true,"href":"https:\/\/www.medical-sponge.com\/fr\/wp-json\/wp\/v2\/product_cat?post=5226"},{"taxonomy":"product_tag","embeddable":true,"href":"https:\/\/www.medical-sponge.com\/fr\/wp-json\/wp\/v2\/product_tag?post=5226"}],"curies":[{"name":"wp","href":"https:\/\/api.w.org\/{rel}","templated":true}]}}