{"id":5223,"date":"2024-09-14T16:05:13","date_gmt":"2024-09-14T08:05:13","guid":{"rendered":"https:\/\/www.medical-sponge.com\/rouleaux-de-poitrine-jetables\/"},"modified":"2024-09-14T16:05:13","modified_gmt":"2024-09-14T08:05:13","slug":"rouleaux-de-poitrine-jetables","status":"publish","type":"product","link":"https:\/\/www.medical-sponge.com\/fr\/product\/rouleaux-de-poitrine-jetables\/","title":{"rendered":"Rouleaux de poitrine jetables"},"content":{"rendered":"<table>\n<tbody>\n<tr>\n<td>Fonctionnalit\u00e9<\/td>\n<td>Description<\/td>\n<\/tr>\n<tr>\n<td>Mat\u00e9riel<\/td>\n<td>Personnalis\u00e9<\/td>\n<\/tr>\n<tr>\n<td>Dimensions<\/td>\n<td>Disponible en plusieurs tailles pour s&#8217;adapter aux diff\u00e9rentes tables et aux besoins des patients (par exemple, 12&#8243;, 18&#8243;, 21&#8243; de largeur)<\/td>\n<\/tr>\n<tr>\n<td>Emballage<\/td>\n<td>Emball\u00e9s individuellement ou en vrac pour plus de commodit\u00e9<\/td>\n<\/tr>\n<tr>\n<td>Hygi\u00e9nique<\/td>\n<td>La conception \u00e0 usage unique r\u00e9duit le risque de contamination crois\u00e9e<\/td>\n<\/tr>\n<tr>\n<td>Couche r\u00e9sistante \u00e0 l&#8217;eau<\/td>\n<td>Emp\u00eache l&#8217;humidit\u00e9 de p\u00e9n\u00e9trer dans la table de traitement<\/td>\n<\/tr>\n<tr>\n<td>Couleur<\/td>\n<td>Blanc (autres couleurs disponibles sur demande)<\/td>\n<\/tr>\n<tr>\n<td>Perfor\u00e9 pour un d\u00e9chirement facile :<\/td>\n<td>Pratique \u00e0 utiliser, d\u00e9chirez la longueur requise<\/td>\n<\/tr>\n<tr>\n<td>Emballage<\/td>\n<td>Emball\u00e9 individuellement ou en vrac<\/td>\n<\/tr>\n<tr>\n<td>Certifications<\/td>\n<td>ISO 13485, marquage CE, approuv\u00e9 par la FDA<\/td>\n<\/tr>\n<\/tbody>\n<\/table>\n<h2>Soutien<br \/><\/h2>\n<ul>\n<li>Vendu \u00e0 l&#8217;unit\u00e9.<\/li>\n<li>Confortable.<\/li>\n<li>\u00c0 usage unique uniquement.<\/li>\n<li>\u00c9conomique.<\/li>\n<li>Sans latex.<\/li>\n<li>Des positionneurs en polymousse haute densit\u00e9 pour chaque exigence de positionnement sont disponibles dans une vari\u00e9t\u00e9 de formes et de tailles.<\/li>\n<\/ul>\n<p><img fetchpriority=\"high\" decoding=\"async\" class=\"aligncenter wp-image-1336\" src=\"https:\/\/www.medical-sponge.com\/wp-content\/uploads\/2024\/09\/Disposable-Chest-Rolls-1.jpeg\" alt=\"Rouleaux de poitrine jetables-1\" width=\"600\" height=\"600\" srcset=\"https:\/\/www.medical-sponge.com\/wp-content\/uploads\/2024\/09\/Disposable-Chest-Rolls-1.jpeg 750w, https:\/\/www.medical-sponge.com\/wp-content\/uploads\/2024\/09\/Disposable-Chest-Rolls-1-300x300.jpeg 300w, https:\/\/www.medical-sponge.com\/wp-content\/uploads\/2024\/09\/Disposable-Chest-Rolls-1-150x150.jpeg 150w, https:\/\/www.medical-sponge.com\/wp-content\/uploads\/2024\/09\/Disposable-Chest-Rolls-1-600x600.jpeg 600w, https:\/\/www.medical-sponge.com\/wp-content\/uploads\/2024\/09\/Disposable-Chest-Rolls-1-100x100.jpeg 100w\" sizes=\"(max-width: 600px) 100vw, 600px\" \/><\/p>\n","protected":false},"excerpt":{"rendered":"<ul>\n<li>Conception \u00e0 usage unique pour l&#8217;hygi\u00e8ne et la commodit\u00e9<\/li>\n<li>Taille : 5&#8243;P x 17&#8243;L (13 cm x 43 cm)<\/li>\n<li>L\u00e9ger et facile \u00e0 manipuler<\/li>\n<li>Emballage individuel ou en vrac<\/li>\n<li>R\u00e9duit le risque de contamination crois\u00e9e<\/li>\n<li>Convient \u00e0 une vari\u00e9t\u00e9 de contextes m\u00e9dicaux et th\u00e9rapeutiques<\/li>\n<\/ul>\n","protected":false},"featured_media":1015,"comment_status":"open","ping_status":"closed","template":"","meta":{"site-sidebar-layout":"default","site-content-layout":"","ast-site-content-layout":"default","site-content-style":"default","site-sidebar-style":"default","ast-global-header-display":"","ast-banner-title-visibility":"","ast-main-header-display":"","ast-hfb-above-header-display":"","ast-hfb-below-header-display":"","ast-hfb-mobile-header-display":"","site-post-title":"","ast-breadcrumbs-content":"","ast-featured-img":"","footer-sml-layout":"","theme-transparent-header-meta":"default","adv-header-id-meta":"","stick-header-meta":"","header-above-stick-meta":"","header-main-stick-meta":"","header-below-stick-meta":"","astra-migrate-meta-layouts":"default","ast-page-background-enabled":"default","ast-page-background-meta":{"desktop":{"background-color":"var(--ast-global-color-4)","background-image":"","background-repeat":"repeat","background-position":"center center","background-size":"auto","background-attachment":"scroll","background-type":"","background-media":"","overlay-type":"","overlay-color":"","overlay-opacity":"","overlay-gradient":""},"tablet":{"background-color":"","background-image":"","background-repeat":"repeat","background-position":"center center","background-size":"auto","background-attachment":"scroll","background-type":"","background-media":"","overlay-type":"","overlay-color":"","overlay-opacity":"","overlay-gradient":""},"mobile":{"background-color":"","background-image":"","background-repeat":"repeat","background-position":"center center","background-size":"auto","background-attachment":"scroll","background-type":"","background-media":"","overlay-type":"","overlay-color":"","overlay-opacity":"","overlay-gradient":""}},"ast-content-background-meta":{"desktop":{"background-color":"var(--ast-global-color-5)","background-image":"","background-repeat":"repeat","background-position":"center center","background-size":"auto","background-attachment":"scroll","background-type":"","background-media":"","overlay-type":"","overlay-color":"","overlay-opacity":"","overlay-gradient":""},"tablet":{"background-color":"var(--ast-global-color-5)","background-image":"","background-repeat":"repeat","background-position":"center center","background-size":"auto","background-attachment":"scroll","background-type":"","background-media":"","overlay-type":"","overlay-color":"","overlay-opacity":"","overlay-gradient":""},"mobile":{"background-color":"var(--ast-global-color-5)","background-image":"","background-repeat":"repeat","background-position":"center center","background-size":"auto","background-attachment":"scroll","background-type":"","background-media":"","overlay-type":"","overlay-color":"","overlay-opacity":"","overlay-gradient":""}}},"product_brand":[],"product_cat":[79],"product_tag":[],"class_list":{"0":"post-5223","1":"product","2":"type-product","3":"status-publish","4":"has-post-thumbnail","6":"product_cat-coussin-de-positionnement","7":"desktop-align-left","8":"tablet-align-left","9":"mobile-align-left","11":"first","12":"instock","13":"shipping-taxable","14":"product-type-simple"},"_links":{"self":[{"href":"https:\/\/www.medical-sponge.com\/fr\/wp-json\/wp\/v2\/product\/5223","targetHints":{"allow":["GET"]}}],"collection":[{"href":"https:\/\/www.medical-sponge.com\/fr\/wp-json\/wp\/v2\/product"}],"about":[{"href":"https:\/\/www.medical-sponge.com\/fr\/wp-json\/wp\/v2\/types\/product"}],"replies":[{"embeddable":true,"href":"https:\/\/www.medical-sponge.com\/fr\/wp-json\/wp\/v2\/comments?post=5223"}],"version-history":[{"count":0,"href":"https:\/\/www.medical-sponge.com\/fr\/wp-json\/wp\/v2\/product\/5223\/revisions"}],"wp:featuredmedia":[{"embeddable":true,"href":"https:\/\/www.medical-sponge.com\/fr\/wp-json\/wp\/v2\/media\/1015"}],"wp:attachment":[{"href":"https:\/\/www.medical-sponge.com\/fr\/wp-json\/wp\/v2\/media?parent=5223"}],"wp:term":[{"taxonomy":"product_brand","embeddable":true,"href":"https:\/\/www.medical-sponge.com\/fr\/wp-json\/wp\/v2\/product_brand?post=5223"},{"taxonomy":"product_cat","embeddable":true,"href":"https:\/\/www.medical-sponge.com\/fr\/wp-json\/wp\/v2\/product_cat?post=5223"},{"taxonomy":"product_tag","embeddable":true,"href":"https:\/\/www.medical-sponge.com\/fr\/wp-json\/wp\/v2\/product_tag?post=5223"}],"curies":[{"name":"wp","href":"https:\/\/api.w.org\/{rel}","templated":true}]}}