{"id":5220,"date":"2024-09-14T16:25:54","date_gmt":"2024-09-14T08:25:54","guid":{"rendered":"https:\/\/www.medical-sponge.com\/positionneur-de-tete-jetable\/"},"modified":"2024-09-14T16:25:54","modified_gmt":"2024-09-14T08:25:54","slug":"positionneur-de-tete-jetable","status":"publish","type":"product","link":"https:\/\/www.medical-sponge.com\/fr\/product\/positionneur-de-tete-jetable\/","title":{"rendered":"Positionneur de t\u00eate jetable"},"content":{"rendered":"<table>\n<tbody>\n<tr>\n<td>Mod\u00e8le<\/td>\n<td>Taille standard<\/td>\n<td>Mat\u00e9riel<\/td>\n<td>Couleur<\/td>\n<\/tr>\n<tr>\n<td>REF MFL3101P (pour p\u00e9diatrique)<\/td>\n<td>6 1\/2&#8243;L x 7&#8243;l x 3 1\/4&#8243;H (17 cm x 18 cm x 8 cm)<\/td>\n<td rowspan=\"2\">Personnalis\u00e9<\/td>\n<td rowspan=\"2\">Jaune, Vert, Panton Personnalis\u00e9<\/td>\n<\/tr>\n<tr>\n<td>REF MFL3101A (pour adulte)<\/td>\n<td> 9&#8243;L x 8&#8243;l x 3 1\/2&#8243;H (23 cm x 20 cm x 9 cm)<\/td>\n<\/tr>\n<\/tbody>\n<\/table>\n<h2>Caract\u00e9ristiques<\/h2>\n<ul>\n<li>Aide \u00e0 l\u2019alignement appropri\u00e9 de la colonne vert\u00e9brale et du cou.<\/li>\n<li>Les positionneurs en polymousse haute densit\u00e9 offrent un excellent soutien, un confort et une rentabilit\u00e9.<\/li>\n<li>La conception ergonomique est con\u00e7ue pour maximiser le confort en soutenant doucement la t\u00eate et le cou.<\/li>\n<li>La conception de l&#8217;ouverture minimise la pression et s&#8217;adapte aux contours du visage et occipitaux.<\/li>\n<li>La d\u00e9coupe en trou de serrure permet un placement s\u00e9curis\u00e9 du tube endotrach\u00e9al.<\/li>\n<li>Emballage compress\u00e9 pour un stockage efficace<\/li>\n<li>\u00c0 usage unique uniquement<\/li>\n<li>Sans latex<\/li>\n<\/ul>\n<p><img fetchpriority=\"high\" decoding=\"async\" class=\"aligncenter wp-image-1360\" src=\"https:\/\/www.medical-sponge.com\/wp-content\/uploads\/2024\/09\/Disposable-Head-Supports-1.jpg\" alt=\"Supports de t\u00eate jetables-1\" width=\"600\" height=\"600\" srcset=\"https:\/\/www.medical-sponge.com\/wp-content\/uploads\/2024\/09\/Disposable-Head-Supports-1.jpg 840w, https:\/\/www.medical-sponge.com\/wp-content\/uploads\/2024\/09\/Disposable-Head-Supports-1-300x300.jpg 300w, https:\/\/www.medical-sponge.com\/wp-content\/uploads\/2024\/09\/Disposable-Head-Supports-1-150x150.jpg 150w, https:\/\/www.medical-sponge.com\/wp-content\/uploads\/2024\/09\/Disposable-Head-Supports-1-768x768.jpg 768w, https:\/\/www.medical-sponge.com\/wp-content\/uploads\/2024\/09\/Disposable-Head-Supports-1-600x600.jpg 600w, https:\/\/www.medical-sponge.com\/wp-content\/uploads\/2024\/09\/Disposable-Head-Supports-1-100x100.jpg 100w\" sizes=\"(max-width: 600px) 100vw, 600px\" \/><\/p>\n<p>&nbsp;<\/p>\n<div id=\"gtx-trans\" style=\"position: absolute; left: 432px; top: 58.1875px;\">\n<div class=\"gtx-trans-icon\"><\/div>\n<\/div>\n","protected":false},"excerpt":{"rendered":"<ul>\n<li><strong>Jetable :<\/strong> \u00c0 usage unique pour minimiser le risque d\u2019infection.<\/li>\n<li><strong>Mat\u00e9riau hypoallerg\u00e9nique :<\/strong> fabriqu\u00e9 \u00e0 partir de mat\u00e9riaux doux et respectueux de la peau.<\/li>\n<li><strong>L\u00e9ger : <\/strong> assure une facilit\u00e9 d&#8217;utilisation et d&#8217;\u00e9limination.<\/li>\n<li><strong>Compact :<\/strong> empilable pour un rangement pratique.<\/li>\n<li><strong>Taille : <\/strong> Elle peut \u00eatre personnalis\u00e9e, y compris l&#8217;\u00e9paisseur.<\/li>\n<\/ul>\n","protected":false},"featured_media":5221,"comment_status":"open","ping_status":"closed","template":"","meta":{"site-sidebar-layout":"default","site-content-layout":"","ast-site-content-layout":"default","site-content-style":"default","site-sidebar-style":"default","ast-global-header-display":"","ast-banner-title-visibility":"","ast-main-header-display":"","ast-hfb-above-header-display":"","ast-hfb-below-header-display":"","ast-hfb-mobile-header-display":"","site-post-title":"","ast-breadcrumbs-content":"","ast-featured-img":"","footer-sml-layout":"","theme-transparent-header-meta":"default","adv-header-id-meta":"","stick-header-meta":"","header-above-stick-meta":"","header-main-stick-meta":"","header-below-stick-meta":"","astra-migrate-meta-layouts":"default","ast-page-background-enabled":"default","ast-page-background-meta":{"desktop":{"background-color":"var(--ast-global-color-4)","background-image":"","background-repeat":"repeat","background-position":"center center","background-size":"auto","background-attachment":"scroll","background-type":"","background-media":"","overlay-type":"","overlay-color":"","overlay-opacity":"","overlay-gradient":""},"tablet":{"background-color":"","background-image":"","background-repeat":"repeat","background-position":"center center","background-size":"auto","background-attachment":"scroll","background-type":"","background-media":"","overlay-type":"","overlay-color":"","overlay-opacity":"","overlay-gradient":""},"mobile":{"background-color":"","background-image":"","background-repeat":"repeat","background-position":"center center","background-size":"auto","background-attachment":"scroll","background-type":"","background-media":"","overlay-type":"","overlay-color":"","overlay-opacity":"","overlay-gradient":""}},"ast-content-background-meta":{"desktop":{"background-color":"var(--ast-global-color-5)","background-image":"","background-repeat":"repeat","background-position":"center center","background-size":"auto","background-attachment":"scroll","background-type":"","background-media":"","overlay-type":"","overlay-color":"","overlay-opacity":"","overlay-gradient":""},"tablet":{"background-color":"var(--ast-global-color-5)","background-image":"","background-repeat":"repeat","background-position":"center center","background-size":"auto","background-attachment":"scroll","background-type":"","background-media":"","overlay-type":"","overlay-color":"","overlay-opacity":"","overlay-gradient":""},"mobile":{"background-color":"var(--ast-global-color-5)","background-image":"","background-repeat":"repeat","background-position":"center center","background-size":"auto","background-attachment":"scroll","background-type":"","background-media":"","overlay-type":"","overlay-color":"","overlay-opacity":"","overlay-gradient":""}}},"product_brand":[],"product_cat":[79],"product_tag":[],"class_list":{"0":"post-5220","1":"product","2":"type-product","3":"status-publish","4":"has-post-thumbnail","6":"product_cat-coussin-de-positionnement","7":"desktop-align-left","8":"tablet-align-left","9":"mobile-align-left","11":"first","12":"instock","13":"shipping-taxable","14":"product-type-simple"},"_links":{"self":[{"href":"https:\/\/www.medical-sponge.com\/fr\/wp-json\/wp\/v2\/product\/5220","targetHints":{"allow":["GET"]}}],"collection":[{"href":"https:\/\/www.medical-sponge.com\/fr\/wp-json\/wp\/v2\/product"}],"about":[{"href":"https:\/\/www.medical-sponge.com\/fr\/wp-json\/wp\/v2\/types\/product"}],"replies":[{"embeddable":true,"href":"https:\/\/www.medical-sponge.com\/fr\/wp-json\/wp\/v2\/comments?post=5220"}],"version-history":[{"count":0,"href":"https:\/\/www.medical-sponge.com\/fr\/wp-json\/wp\/v2\/product\/5220\/revisions"}],"wp:featuredmedia":[{"embeddable":true,"href":"https:\/\/www.medical-sponge.com\/fr\/wp-json\/wp\/v2\/media\/5221"}],"wp:attachment":[{"href":"https:\/\/www.medical-sponge.com\/fr\/wp-json\/wp\/v2\/media?parent=5220"}],"wp:term":[{"taxonomy":"product_brand","embeddable":true,"href":"https:\/\/www.medical-sponge.com\/fr\/wp-json\/wp\/v2\/product_brand?post=5220"},{"taxonomy":"product_cat","embeddable":true,"href":"https:\/\/www.medical-sponge.com\/fr\/wp-json\/wp\/v2\/product_cat?post=5220"},{"taxonomy":"product_tag","embeddable":true,"href":"https:\/\/www.medical-sponge.com\/fr\/wp-json\/wp\/v2\/product_tag?post=5220"}],"curies":[{"name":"wp","href":"https:\/\/api.w.org\/{rel}","templated":true}]}}