{"id":5218,"date":"2024-09-14T16:42:31","date_gmt":"2024-09-14T08:42:31","guid":{"rendered":"https:\/\/www.medical-sponge.com\/appuie-tetes-jetables-a-fentes\/"},"modified":"2024-09-14T16:42:31","modified_gmt":"2024-09-14T08:42:31","slug":"appuie-tetes-jetables-a-fentes","status":"publish","type":"product","link":"https:\/\/www.medical-sponge.com\/fr\/product\/appuie-tetes-jetables-a-fentes\/","title":{"rendered":"Appuie-t\u00eates jetables \u00e0 fentes<br>"},"content":{"rendered":"<table>\n<tbody>\n<tr>\n<td>Mod\u00e8le<\/td>\n<td>Taille standard<\/td>\n<td>Couleur<\/td>\n<td>Mat\u00e9riel<\/td>\n<\/tr>\n<tr>\n<td>REF MFL3103<\/td>\n<td>22cm x 20cm x 10cm, ou personnalis\u00e9<\/td>\n<td>Jaune, vert, bleu, Panton personnalis\u00e9<\/td>\n<td>Personnalis\u00e9<\/td>\n<\/tr>\n<\/tbody>\n<\/table>\n<h2>Applications :<\/h2>\n<ul>\n<li>Examens m\u00e9dicaux<\/li>\n<li>Sp\u00e9cialement con\u00e7u pour accueillir confortablement un tube endotrach\u00e9al.<\/li>\n<li>Con\u00e7u pour \u00eatre utilis\u00e9 en position couch\u00e9e et ventrale.<\/li>\n<li>Interventions dentaires<\/li>\n<li>S\u00e9ances de physioth\u00e9rapie<\/li>\n<li>Op\u00e9rations chirurgicales<\/li>\n<li>Soins cosm\u00e9tiques<\/li>\n<\/ul>\n","protected":false},"excerpt":{"rendered":"<ul>\n<li><strong>Propret\u00e9 :<\/strong> R\u00e9duit la possibilit\u00e9 de contamination crois\u00e9e<\/li>\n<li><strong>Sans effort : <\/strong> s&#8217;\u00e9limine facilement apr\u00e8s utilisation, \u00e9liminant ainsi le besoin de nettoyage.<\/li>\n<li><strong>Confortable :<\/strong> le mat\u00e9riau doux et agr\u00e9able pour la peau \u00e9vite les irritations lors des proc\u00e9dures prolong\u00e9es<\/li>\n<li><strong>Adaptable : <\/strong> Adapt\u00e9 \u00e0 une vari\u00e9t\u00e9 d&#8217;usages m\u00e9dicaux<\/li>\n<li><strong>Rentable : <\/strong> option jetable \u00e0 faible co\u00fbt pour les cliniques et les h\u00f4pitaux<\/li>\n<\/ul>\n","protected":false},"featured_media":1050,"comment_status":"open","ping_status":"closed","template":"","meta":{"site-sidebar-layout":"default","site-content-layout":"","ast-site-content-layout":"default","site-content-style":"default","site-sidebar-style":"default","ast-global-header-display":"","ast-banner-title-visibility":"","ast-main-header-display":"","ast-hfb-above-header-display":"","ast-hfb-below-header-display":"","ast-hfb-mobile-header-display":"","site-post-title":"","ast-breadcrumbs-content":"","ast-featured-img":"","footer-sml-layout":"","theme-transparent-header-meta":"default","adv-header-id-meta":"","stick-header-meta":"","header-above-stick-meta":"","header-main-stick-meta":"","header-below-stick-meta":"","astra-migrate-meta-layouts":"default","ast-page-background-enabled":"default","ast-page-background-meta":{"desktop":{"background-color":"var(--ast-global-color-4)","background-image":"","background-repeat":"repeat","background-position":"center center","background-size":"auto","background-attachment":"scroll","background-type":"","background-media":"","overlay-type":"","overlay-color":"","overlay-opacity":"","overlay-gradient":""},"tablet":{"background-color":"","background-image":"","background-repeat":"repeat","background-position":"center center","background-size":"auto","background-attachment":"scroll","background-type":"","background-media":"","overlay-type":"","overlay-color":"","overlay-opacity":"","overlay-gradient":""},"mobile":{"background-color":"","background-image":"","background-repeat":"repeat","background-position":"center center","background-size":"auto","background-attachment":"scroll","background-type":"","background-media":"","overlay-type":"","overlay-color":"","overlay-opacity":"","overlay-gradient":""}},"ast-content-background-meta":{"desktop":{"background-color":"var(--ast-global-color-5)","background-image":"","background-repeat":"repeat","background-position":"center center","background-size":"auto","background-attachment":"scroll","background-type":"","background-media":"","overlay-type":"","overlay-color":"","overlay-opacity":"","overlay-gradient":""},"tablet":{"background-color":"var(--ast-global-color-5)","background-image":"","background-repeat":"repeat","background-position":"center center","background-size":"auto","background-attachment":"scroll","background-type":"","background-media":"","overlay-type":"","overlay-color":"","overlay-opacity":"","overlay-gradient":""},"mobile":{"background-color":"var(--ast-global-color-5)","background-image":"","background-repeat":"repeat","background-position":"center center","background-size":"auto","background-attachment":"scroll","background-type":"","background-media":"","overlay-type":"","overlay-color":"","overlay-opacity":"","overlay-gradient":""}}},"product_brand":[],"product_cat":[79],"product_tag":[],"class_list":{"0":"post-5218","1":"product","2":"type-product","3":"status-publish","4":"has-post-thumbnail","6":"product_cat-coussin-de-positionnement","7":"desktop-align-left","8":"tablet-align-left","9":"mobile-align-left","11":"first","12":"instock","13":"shipping-taxable","14":"product-type-simple"},"_links":{"self":[{"href":"https:\/\/www.medical-sponge.com\/fr\/wp-json\/wp\/v2\/product\/5218","targetHints":{"allow":["GET"]}}],"collection":[{"href":"https:\/\/www.medical-sponge.com\/fr\/wp-json\/wp\/v2\/product"}],"about":[{"href":"https:\/\/www.medical-sponge.com\/fr\/wp-json\/wp\/v2\/types\/product"}],"replies":[{"embeddable":true,"href":"https:\/\/www.medical-sponge.com\/fr\/wp-json\/wp\/v2\/comments?post=5218"}],"version-history":[{"count":0,"href":"https:\/\/www.medical-sponge.com\/fr\/wp-json\/wp\/v2\/product\/5218\/revisions"}],"wp:featuredmedia":[{"embeddable":true,"href":"https:\/\/www.medical-sponge.com\/fr\/wp-json\/wp\/v2\/media\/1050"}],"wp:attachment":[{"href":"https:\/\/www.medical-sponge.com\/fr\/wp-json\/wp\/v2\/media?parent=5218"}],"wp:term":[{"taxonomy":"product_brand","embeddable":true,"href":"https:\/\/www.medical-sponge.com\/fr\/wp-json\/wp\/v2\/product_brand?post=5218"},{"taxonomy":"product_cat","embeddable":true,"href":"https:\/\/www.medical-sponge.com\/fr\/wp-json\/wp\/v2\/product_cat?post=5218"},{"taxonomy":"product_tag","embeddable":true,"href":"https:\/\/www.medical-sponge.com\/fr\/wp-json\/wp\/v2\/product_tag?post=5218"}],"curies":[{"name":"wp","href":"https:\/\/api.w.org\/{rel}","templated":true}]}}