{"id":5210,"date":"2024-09-19T10:36:30","date_gmt":"2024-09-19T02:36:30","guid":{"rendered":"https:\/\/www.medical-sponge.com\/serviettes-jetables-alveolees\/"},"modified":"2024-09-19T10:36:30","modified_gmt":"2024-09-19T02:36:30","slug":"serviettes-jetables-alveolees","status":"publish","type":"product","link":"https:\/\/www.medical-sponge.com\/fr\/product\/serviettes-jetables-alveolees\/","title":{"rendered":"Serviettes jetables alv\u00e9ol\u00e9es"},"content":{"rendered":"<table>\n<tbody>\n<tr>\n<td>Mod\u00e8le<\/td>\n<td>Taille standard<\/td>\n<\/tr>\n<tr>\n<td>DCP-MFL2201A<\/td>\n<td>2cm x 8cm x 20cm<\/td>\n<\/tr>\n<tr>\n<td>DCP-MFL2201B<\/td>\n<td>2cm x 8cm x 26cm<\/td>\n<\/tr>\n<tr>\n<td>DCP-MFL2201C<\/td>\n<td>2cm x 9cm x 16cm<\/td>\n<\/tr>\n<tr>\n<td>DCP-MFL2201D<\/td>\n<td>2cm x 6cm x 16cm<\/td>\n<\/tr>\n<\/tbody>\n<\/table>\n<h2>Fonction<\/h2>\n<ul>\n<li><strong>R\u00e9partition de la tension :<\/strong> En redistribuant le poids uniform\u00e9ment, la forme alv\u00e9ol\u00e9e (en forme de bo\u00eete \u00e0 \u0153ufs) r\u00e9duit la tension sur les r\u00e9gions importantes, notamment les talons, les hanches et le dos.<\/li>\n<li><strong>Pr\u00e9vient les escarres : <\/strong> En minimisant la pression sur les zones vuln\u00e9rables, les coussinets aident \u00e0 r\u00e9duire le risque de d\u00e9velopper des escarres ou des ulc\u00e8res de pression. <\/li>\n<li><strong>Circulation de l\u2019air : <\/strong> la conception permet une meilleure circulation de l\u2019air, ce qui aide \u00e0 r\u00e9duire l\u2019accumulation de chaleur et d\u2019humidit\u00e9, gardant la peau du patient s\u00e8che et confortable.<\/li>\n<li><strong>Am\u00e9liore le confort :<\/strong> Fournit un effet d&#8217;amortissement qui ajoute au confort du patient, en particulier pour ceux qui sont alit\u00e9s ou qui restent assis pendant de longues p\u00e9riodes.<\/li>\n<li><strong>Entretien de l&#8217;hygi\u00e8ne :<\/strong> \u00c9tant donn\u00e9 que les serviettes sont jetables et con\u00e7ues pour un usage unique, le risque d&#8217;infection est moindre et il s&#8217;agit d&#8217;une option plus hygi\u00e9nique pour les soins aux patients.<\/li>\n<\/ul>\n<p><img fetchpriority=\"high\" decoding=\"async\" class=\"size-full wp-image-1325 aligncenter\" src=\"https:\/\/www.medical-sponge.com\/wp-content\/uploads\/2024\/09\/Disposable-Convoluted-Pads.jpeg\" alt=\"Serviettes jetables alv\u00e9ol\u00e9es\" width=\"750\" height=\"750\" srcset=\"https:\/\/www.medical-sponge.com\/wp-content\/uploads\/2024\/09\/Disposable-Convoluted-Pads.jpeg 750w, https:\/\/www.medical-sponge.com\/wp-content\/uploads\/2024\/09\/Disposable-Convoluted-Pads-300x300.jpeg 300w, https:\/\/www.medical-sponge.com\/wp-content\/uploads\/2024\/09\/Disposable-Convoluted-Pads-150x150.jpeg 150w, https:\/\/www.medical-sponge.com\/wp-content\/uploads\/2024\/09\/Disposable-Convoluted-Pads-600x600.jpeg 600w, https:\/\/www.medical-sponge.com\/wp-content\/uploads\/2024\/09\/Disposable-Convoluted-Pads-100x100.jpeg 100w\" sizes=\"(max-width: 750px) 100vw, 750px\" \/><\/p>\n<div id=\"gtx-trans\" style=\"position: absolute; left: 781px; top: 10.1875px;\">\n<div class=\"gtx-trans-icon\"><\/div>\n<\/div>\n","protected":false},"excerpt":{"rendered":"<ul>\n<li><strong>Mod\u00e8le :<\/strong> DCP-MFL2201A-D<\/li>\n<li><strong>Taille : <\/strong> 51 cm x 31 cm x 5 cm, personnalis\u00e9<\/li>\n<li><strong>Couleur :<\/strong> Jaune, vert, bleu, Panton personnalis\u00e9<\/li>\n<li><strong>Mat\u00e9riau : <\/strong> Personnalis\u00e9<\/li>\n<li><strong>Sc\u00e9narios d&#8217;application : <\/strong> \u00c9tablissements de soins de sant\u00e9, tels que les h\u00f4pitaux, les maisons de retraite<\/li>\n<\/ul>\n","protected":false},"featured_media":1322,"comment_status":"open","ping_status":"closed","template":"","meta":{"site-sidebar-layout":"default","site-content-layout":"","ast-site-content-layout":"default","site-content-style":"default","site-sidebar-style":"default","ast-global-header-display":"","ast-banner-title-visibility":"","ast-main-header-display":"","ast-hfb-above-header-display":"","ast-hfb-below-header-display":"","ast-hfb-mobile-header-display":"","site-post-title":"","ast-breadcrumbs-content":"","ast-featured-img":"","footer-sml-layout":"","theme-transparent-header-meta":"default","adv-header-id-meta":"","stick-header-meta":"","header-above-stick-meta":"","header-main-stick-meta":"","header-below-stick-meta":"","astra-migrate-meta-layouts":"default","ast-page-background-enabled":"default","ast-page-background-meta":{"desktop":{"background-color":"var(--ast-global-color-4)","background-image":"","background-repeat":"repeat","background-position":"center center","background-size":"auto","background-attachment":"scroll","background-type":"","background-media":"","overlay-type":"","overlay-color":"","overlay-opacity":"","overlay-gradient":""},"tablet":{"background-color":"","background-image":"","background-repeat":"repeat","background-position":"center center","background-size":"auto","background-attachment":"scroll","background-type":"","background-media":"","overlay-type":"","overlay-color":"","overlay-opacity":"","overlay-gradient":""},"mobile":{"background-color":"","background-image":"","background-repeat":"repeat","background-position":"center center","background-size":"auto","background-attachment":"scroll","background-type":"","background-media":"","overlay-type":"","overlay-color":"","overlay-opacity":"","overlay-gradient":""}},"ast-content-background-meta":{"desktop":{"background-color":"var(--ast-global-color-5)","background-image":"","background-repeat":"repeat","background-position":"center center","background-size":"auto","background-attachment":"scroll","background-type":"","background-media":"","overlay-type":"","overlay-color":"","overlay-opacity":"","overlay-gradient":""},"tablet":{"background-color":"var(--ast-global-color-5)","background-image":"","background-repeat":"repeat","background-position":"center center","background-size":"auto","background-attachment":"scroll","background-type":"","background-media":"","overlay-type":"","overlay-color":"","overlay-opacity":"","overlay-gradient":""},"mobile":{"background-color":"var(--ast-global-color-5)","background-image":"","background-repeat":"repeat","background-position":"center center","background-size":"auto","background-attachment":"scroll","background-type":"","background-media":"","overlay-type":"","overlay-color":"","overlay-opacity":"","overlay-gradient":""}}},"product_brand":[],"product_cat":[79],"product_tag":[],"class_list":{"0":"post-5210","1":"product","2":"type-product","3":"status-publish","4":"has-post-thumbnail","6":"product_cat-coussin-de-positionnement","7":"desktop-align-left","8":"tablet-align-left","9":"mobile-align-left","11":"first","12":"instock","13":"shipping-taxable","14":"product-type-simple"},"_links":{"self":[{"href":"https:\/\/www.medical-sponge.com\/fr\/wp-json\/wp\/v2\/product\/5210","targetHints":{"allow":["GET"]}}],"collection":[{"href":"https:\/\/www.medical-sponge.com\/fr\/wp-json\/wp\/v2\/product"}],"about":[{"href":"https:\/\/www.medical-sponge.com\/fr\/wp-json\/wp\/v2\/types\/product"}],"replies":[{"embeddable":true,"href":"https:\/\/www.medical-sponge.com\/fr\/wp-json\/wp\/v2\/comments?post=5210"}],"version-history":[{"count":0,"href":"https:\/\/www.medical-sponge.com\/fr\/wp-json\/wp\/v2\/product\/5210\/revisions"}],"wp:featuredmedia":[{"embeddable":true,"href":"https:\/\/www.medical-sponge.com\/fr\/wp-json\/wp\/v2\/media\/1322"}],"wp:attachment":[{"href":"https:\/\/www.medical-sponge.com\/fr\/wp-json\/wp\/v2\/media?parent=5210"}],"wp:term":[{"taxonomy":"product_brand","embeddable":true,"href":"https:\/\/www.medical-sponge.com\/fr\/wp-json\/wp\/v2\/product_brand?post=5210"},{"taxonomy":"product_cat","embeddable":true,"href":"https:\/\/www.medical-sponge.com\/fr\/wp-json\/wp\/v2\/product_cat?post=5210"},{"taxonomy":"product_tag","embeddable":true,"href":"https:\/\/www.medical-sponge.com\/fr\/wp-json\/wp\/v2\/product_tag?post=5210"}],"curies":[{"name":"wp","href":"https:\/\/api.w.org\/{rel}","templated":true}]}}