{"id":5204,"date":"2024-09-19T13:57:31","date_gmt":"2024-09-19T05:57:31","guid":{"rendered":"https:\/\/www.medical-sponge.com\/protecteur-de-talon-en-mousse-jetable\/"},"modified":"2024-09-19T13:57:31","modified_gmt":"2024-09-19T05:57:31","slug":"protecteur-de-talon-en-mousse-jetable","status":"publish","type":"product","link":"https:\/\/www.medical-sponge.com\/fr\/product\/protecteur-de-talon-en-mousse-jetable\/","title":{"rendered":"Protecteur de talon en mousse jetable"},"content":{"rendered":"<table>\n<tbody>\n<tr>\n<td>Mod\u00e8le<\/td>\n<td>Taille standard<\/td>\n<\/tr>\n<tr>\n<td>HFP3210<\/td>\n<td>30cm x 45cm x 4cm<\/td>\n<\/tr>\n<tr>\n<td>HFP3208<\/td>\n<td>22.86cm x 35.56cm x 3.81cm<\/td>\n<\/tr>\n<tr>\n<td>HFP3205<\/td>\n<td>20cm x 33cm x 3.81cm<\/td>\n<\/tr>\n<\/tbody>\n<\/table>\n<h2>Avantage<\/h2>\n<ul>\n<li><strong>Soulagement de la pression :<\/strong> il amortit le talon, r\u00e9duisant la pression et la friction pour aider \u00e0 pr\u00e9venir les escarres et les ulc\u00e8res, en particulier chez les patients confin\u00e9s au lit pendant de longues p\u00e9riodes.<\/li>\n<li><strong>Protection : <\/strong> Prot\u00e8ge le talon des blessures et des irritations caus\u00e9es par le contact avec des surfaces telles que des draps ou du mat\u00e9riel m\u00e9dical.<\/li>\n<li><strong>Soutien et confort :<\/strong> offre un soutien doux et confortable au talon, am\u00e9liorant ainsi le confort g\u00e9n\u00e9ral du patient pendant la r\u00e9cup\u00e9ration ou l&#8217;immobilit\u00e9.<\/li>\n<li><strong>Flux d&#8217;air am\u00e9lior\u00e9 : <\/strong> la conception en mousse permet une meilleure ventilation autour du talon, aidant \u00e0 garder la zone s\u00e8che et fra\u00eeche, ce qui favorise la sant\u00e9 de la peau.<\/li>\n<li><strong>Entretien d&#8217;hygi\u00e8ne : <\/strong> \u00c9tant jetable, il assure une solution hygi\u00e9nique, r\u00e9duisant le risque d&#8217;infection ou de contamination en milieu m\u00e9dical.<\/li>\n<\/ul>\n<div id=\"gtx-trans\" style=\"position: absolute; left: 79px; top: 10.1875px;\">\n<div class=\"gtx-trans-icon\"><\/div>\n<\/div>\n","protected":false},"excerpt":{"rendered":"<ul>\n<li><strong>Mod\u00e8le : <\/strong> HFP3205-3210<\/li>\n<li><strong>Taille : <\/strong> 22,86 cm x 35,56 cm x 3,81 cm\u00c9paisseur, Personnalis\u00e9<\/li>\n<li><strong>Couleur : <\/strong> Jaune, vert, bleu, Panton personnalis\u00e9<\/li>\n<li><strong>Mat\u00e9riau :<\/strong> Personnalis\u00e9<\/li>\n<\/ul>\n","protected":false},"featured_media":1342,"comment_status":"open","ping_status":"closed","template":"","meta":{"site-sidebar-layout":"default","site-content-layout":"","ast-site-content-layout":"default","site-content-style":"default","site-sidebar-style":"default","ast-global-header-display":"","ast-banner-title-visibility":"","ast-main-header-display":"","ast-hfb-above-header-display":"","ast-hfb-below-header-display":"","ast-hfb-mobile-header-display":"","site-post-title":"","ast-breadcrumbs-content":"","ast-featured-img":"","footer-sml-layout":"","theme-transparent-header-meta":"default","adv-header-id-meta":"","stick-header-meta":"","header-above-stick-meta":"","header-main-stick-meta":"","header-below-stick-meta":"","astra-migrate-meta-layouts":"default","ast-page-background-enabled":"default","ast-page-background-meta":{"desktop":{"background-color":"var(--ast-global-color-4)","background-image":"","background-repeat":"repeat","background-position":"center center","background-size":"auto","background-attachment":"scroll","background-type":"","background-media":"","overlay-type":"","overlay-color":"","overlay-opacity":"","overlay-gradient":""},"tablet":{"background-color":"","background-image":"","background-repeat":"repeat","background-position":"center center","background-size":"auto","background-attachment":"scroll","background-type":"","background-media":"","overlay-type":"","overlay-color":"","overlay-opacity":"","overlay-gradient":""},"mobile":{"background-color":"","background-image":"","background-repeat":"repeat","background-position":"center center","background-size":"auto","background-attachment":"scroll","background-type":"","background-media":"","overlay-type":"","overlay-color":"","overlay-opacity":"","overlay-gradient":""}},"ast-content-background-meta":{"desktop":{"background-color":"var(--ast-global-color-5)","background-image":"","background-repeat":"repeat","background-position":"center center","background-size":"auto","background-attachment":"scroll","background-type":"","background-media":"","overlay-type":"","overlay-color":"","overlay-opacity":"","overlay-gradient":""},"tablet":{"background-color":"var(--ast-global-color-5)","background-image":"","background-repeat":"repeat","background-position":"center center","background-size":"auto","background-attachment":"scroll","background-type":"","background-media":"","overlay-type":"","overlay-color":"","overlay-opacity":"","overlay-gradient":""},"mobile":{"background-color":"var(--ast-global-color-5)","background-image":"","background-repeat":"repeat","background-position":"center center","background-size":"auto","background-attachment":"scroll","background-type":"","background-media":"","overlay-type":"","overlay-color":"","overlay-opacity":"","overlay-gradient":""}}},"product_brand":[],"product_cat":[79],"product_tag":[],"class_list":{"0":"post-5204","1":"product","2":"type-product","3":"status-publish","4":"has-post-thumbnail","6":"product_cat-coussin-de-positionnement","7":"desktop-align-left","8":"tablet-align-left","9":"mobile-align-left","11":"first","12":"instock","13":"shipping-taxable","14":"product-type-simple"},"_links":{"self":[{"href":"https:\/\/www.medical-sponge.com\/fr\/wp-json\/wp\/v2\/product\/5204","targetHints":{"allow":["GET"]}}],"collection":[{"href":"https:\/\/www.medical-sponge.com\/fr\/wp-json\/wp\/v2\/product"}],"about":[{"href":"https:\/\/www.medical-sponge.com\/fr\/wp-json\/wp\/v2\/types\/product"}],"replies":[{"embeddable":true,"href":"https:\/\/www.medical-sponge.com\/fr\/wp-json\/wp\/v2\/comments?post=5204"}],"version-history":[{"count":1,"href":"https:\/\/www.medical-sponge.com\/fr\/wp-json\/wp\/v2\/product\/5204\/revisions"}],"predecessor-version":[{"id":5724,"href":"https:\/\/www.medical-sponge.com\/fr\/wp-json\/wp\/v2\/product\/5204\/revisions\/5724"}],"wp:featuredmedia":[{"embeddable":true,"href":"https:\/\/www.medical-sponge.com\/fr\/wp-json\/wp\/v2\/media\/1342"}],"wp:attachment":[{"href":"https:\/\/www.medical-sponge.com\/fr\/wp-json\/wp\/v2\/media?parent=5204"}],"wp:term":[{"taxonomy":"product_brand","embeddable":true,"href":"https:\/\/www.medical-sponge.com\/fr\/wp-json\/wp\/v2\/product_brand?post=5204"},{"taxonomy":"product_cat","embeddable":true,"href":"https:\/\/www.medical-sponge.com\/fr\/wp-json\/wp\/v2\/product_cat?post=5204"},{"taxonomy":"product_tag","embeddable":true,"href":"https:\/\/www.medical-sponge.com\/fr\/wp-json\/wp\/v2\/product_tag?post=5204"}],"curies":[{"name":"wp","href":"https:\/\/api.w.org\/{rel}","templated":true}]}}