{"id":5192,"date":"2024-09-19T17:53:43","date_gmt":"2024-09-19T09:53:43","guid":{"rendered":"https:\/\/www.medical-sponge.com\/appuie-tetes-jetables-a-fentes-allonges\/"},"modified":"2024-09-19T17:53:43","modified_gmt":"2024-09-19T09:53:43","slug":"appuie-tetes-jetables-a-fentes-allonges","status":"publish","type":"product","link":"https:\/\/www.medical-sponge.com\/fr\/product\/appuie-tetes-jetables-a-fentes-allonges\/","title":{"rendered":"Appuie-t\u00eates jetables \u00e0 fentes allong\u00e9s"},"content":{"rendered":"<table>\n<tbody>\n<tr>\n<td>Mod\u00e8le<\/td>\n<td>Taille de la base<\/td>\n<td>Taille augment\u00e9e<\/td>\n<\/tr>\n<tr>\n<td>AVEC TROU DE TRACHURE 2 COUCHES 4,5 POUCES<\/td>\n<td>REF-MFL3105A 26,5 cm x 24 cm x 11 cm<\/td>\n<td>5 cm<\/td>\n<\/tr>\n<tr>\n<td>AVEC TROU DE TRACHURE 3 COUCHES 7 POUCES<\/td>\n<td>REF-MFL3105B 26,5 cm x 24 cm x 17,5 cm<\/td>\n<td>12 cm<\/td>\n<\/tr>\n<tr>\n<td>Personnalis\u00e9<\/td>\n<td>Personnalis\u00e9<\/td>\n<td>Personnalis\u00e9<\/td>\n<\/tr>\n<\/tbody>\n<\/table>\n<h2>Caract\u00e9ristiques<\/h2>\n<ul>\n<li>Fournit un soutien stable \u00e0 la t\u00eate et au cou du patient pendant les proc\u00e9dures.<\/li>\n<li>Destin\u00e9 \u00e0 un usage unique uniquement afin de maintenir des pratiques d&#8217;hygi\u00e8ne et d&#8217;\u00e9viter la contamination crois\u00e9e.<\/li>\n<li>Dispose d&#8217;une conception \u00e0 fentes pour un acc\u00e8s et un positionnement faciles.<\/li>\n<li>La longueur allong\u00e9e offre un soutien et un confort suppl\u00e9mentaires. Le mat\u00e9riau jetable r\u00e9duit les besoins de nettoyage et de st\u00e9rilisation. <\/li>\n<li>Aide \u00e0 maintenir le positionnement du patient pendant les longues proc\u00e9dures.<\/li>\n<\/ul>\n<p><img fetchpriority=\"high\" decoding=\"async\" width=\"900\" height=\"900\" class=\"aligncenter wp-image-1434\" src=\"https:\/\/www.medical-sponge.com\/wp-content\/uploads\/2024\/09\/Disposable-Slotted-Headrests-Extended-1.jpg\" alt=\"Appuie-t\u00eates jetables \u00e0 fentes \u00e9tendus-1<br srcset=\"https:\/\/www.medical-sponge.com\/wp-content\/uploads\/2024\/09\/Disposable-Slotted-Headrests-Extended-1.jpg 900w, https:\/\/www.medical-sponge.com\/wp-content\/uploads\/2024\/09\/Disposable-Slotted-Headrests-Extended-1-300x300.jpg 300w, https:\/\/www.medical-sponge.com\/wp-content\/uploads\/2024\/09\/Disposable-Slotted-Headrests-Extended-1-150x150.jpg 150w, https:\/\/www.medical-sponge.com\/wp-content\/uploads\/2024\/09\/Disposable-Slotted-Headrests-Extended-1-768x768.jpg 768w, https:\/\/www.medical-sponge.com\/wp-content\/uploads\/2024\/09\/Disposable-Slotted-Headrests-Extended-1-600x600.jpg 600w, https:\/\/www.medical-sponge.com\/wp-content\/uploads\/2024\/09\/Disposable-Slotted-Headrests-Extended-1-100x100.jpg 100w\" sizes=\"(max-width: 900px) 100vw, 900px\" \/>&#8221; width=&#8221;600&#8243; height=&#8221;600&#8243;><\/p>\n","protected":false},"excerpt":{"rendered":"<ul>\n<li><strong>Mod\u00e8le : <\/strong> REF-MFL 3104<\/li>\n<li><strong>Taille :<\/strong> 26,5 cm x 24 cm x 11 cm\/26,5 cm x 24 cm x 17,5 cm, personnalis\u00e9<\/li>\n<li><strong>Couleur :<\/strong> jaune, vert, Panton personnalis\u00e9<\/li>\n<li><strong>Mat\u00e9riau :<\/strong> Personnalis\u00e9<\/li>\n<li>Conception \u00e0 plusieurs niveaux<\/li>\n<\/ul>\n","protected":false},"featured_media":1433,"comment_status":"open","ping_status":"closed","template":"","meta":{"site-sidebar-layout":"default","site-content-layout":"","ast-site-content-layout":"default","site-content-style":"default","site-sidebar-style":"default","ast-global-header-display":"","ast-banner-title-visibility":"","ast-main-header-display":"","ast-hfb-above-header-display":"","ast-hfb-below-header-display":"","ast-hfb-mobile-header-display":"","site-post-title":"","ast-breadcrumbs-content":"","ast-featured-img":"","footer-sml-layout":"","theme-transparent-header-meta":"default","adv-header-id-meta":"","stick-header-meta":"","header-above-stick-meta":"","header-main-stick-meta":"","header-below-stick-meta":"","astra-migrate-meta-layouts":"default","ast-page-background-enabled":"default","ast-page-background-meta":{"desktop":{"background-color":"var(--ast-global-color-4)","background-image":"","background-repeat":"repeat","background-position":"center center","background-size":"auto","background-attachment":"scroll","background-type":"","background-media":"","overlay-type":"","overlay-color":"","overlay-opacity":"","overlay-gradient":""},"tablet":{"background-color":"","background-image":"","background-repeat":"repeat","background-position":"center center","background-size":"auto","background-attachment":"scroll","background-type":"","background-media":"","overlay-type":"","overlay-color":"","overlay-opacity":"","overlay-gradient":""},"mobile":{"background-color":"","background-image":"","background-repeat":"repeat","background-position":"center center","background-size":"auto","background-attachment":"scroll","background-type":"","background-media":"","overlay-type":"","overlay-color":"","overlay-opacity":"","overlay-gradient":""}},"ast-content-background-meta":{"desktop":{"background-color":"var(--ast-global-color-5)","background-image":"","background-repeat":"repeat","background-position":"center center","background-size":"auto","background-attachment":"scroll","background-type":"","background-media":"","overlay-type":"","overlay-color":"","overlay-opacity":"","overlay-gradient":""},"tablet":{"background-color":"var(--ast-global-color-5)","background-image":"","background-repeat":"repeat","background-position":"center center","background-size":"auto","background-attachment":"scroll","background-type":"","background-media":"","overlay-type":"","overlay-color":"","overlay-opacity":"","overlay-gradient":""},"mobile":{"background-color":"var(--ast-global-color-5)","background-image":"","background-repeat":"repeat","background-position":"center center","background-size":"auto","background-attachment":"scroll","background-type":"","background-media":"","overlay-type":"","overlay-color":"","overlay-opacity":"","overlay-gradient":""}}},"product_brand":[],"product_cat":[79],"product_tag":[],"class_list":{"0":"post-5192","1":"product","2":"type-product","3":"status-publish","4":"has-post-thumbnail","6":"product_cat-coussin-de-positionnement","7":"desktop-align-left","8":"tablet-align-left","9":"mobile-align-left","11":"first","12":"instock","13":"shipping-taxable","14":"product-type-simple"},"_links":{"self":[{"href":"https:\/\/www.medical-sponge.com\/fr\/wp-json\/wp\/v2\/product\/5192","targetHints":{"allow":["GET"]}}],"collection":[{"href":"https:\/\/www.medical-sponge.com\/fr\/wp-json\/wp\/v2\/product"}],"about":[{"href":"https:\/\/www.medical-sponge.com\/fr\/wp-json\/wp\/v2\/types\/product"}],"replies":[{"embeddable":true,"href":"https:\/\/www.medical-sponge.com\/fr\/wp-json\/wp\/v2\/comments?post=5192"}],"version-history":[{"count":0,"href":"https:\/\/www.medical-sponge.com\/fr\/wp-json\/wp\/v2\/product\/5192\/revisions"}],"wp:featuredmedia":[{"embeddable":true,"href":"https:\/\/www.medical-sponge.com\/fr\/wp-json\/wp\/v2\/media\/1433"}],"wp:attachment":[{"href":"https:\/\/www.medical-sponge.com\/fr\/wp-json\/wp\/v2\/media?parent=5192"}],"wp:term":[{"taxonomy":"product_brand","embeddable":true,"href":"https:\/\/www.medical-sponge.com\/fr\/wp-json\/wp\/v2\/product_brand?post=5192"},{"taxonomy":"product_cat","embeddable":true,"href":"https:\/\/www.medical-sponge.com\/fr\/wp-json\/wp\/v2\/product_cat?post=5192"},{"taxonomy":"product_tag","embeddable":true,"href":"https:\/\/www.medical-sponge.com\/fr\/wp-json\/wp\/v2\/product_tag?post=5192"}],"curies":[{"name":"wp","href":"https:\/\/api.w.org\/{rel}","templated":true}]}}