{"id":3584,"date":"2024-09-13T17:20:03","date_gmt":"2024-09-13T09:20:03","guid":{"rendered":"https:\/\/www.medical-sponge.com\/mascarilla-facial-de-espuma-desechable-para-silla-de-playa\/"},"modified":"2024-09-13T17:20:03","modified_gmt":"2024-09-13T09:20:03","slug":"mascarilla-facial-de-espuma-desechable-para-silla-de-playa","status":"publish","type":"product","link":"https:\/\/www.medical-sponge.com\/es\/mascarilla-facial-de-espuma-desechable-para-silla-de-playa.html","title":{"rendered":"Mascarilla facial de espuma desechable para silla de playa"},"content":{"rendered":"<table>\n<tbody>\n<tr>\n<td>Nombre del producto<\/td>\n<td>Mascarilla facial de espuma desechable para silla de playak<\/td>\n<\/tr>\n<tr>\n<td>Modelo:<\/td>\n<td>MFL3205<\/td>\n<\/tr>\n<tr>\n<td>Tama\u00f1o del producto<\/td>\n<td>22,86 cm x 35,56 cm x 3,81 cm de grosor, personalizado<\/td>\n<\/tr>\n<tr>\n<td>C\u00f3digo de colores<\/td>\n<td>Azul, blanco, amarillo, verde o personalizado<\/td>\n<\/tr>\n<tr>\n<td>Peso del producto<\/td>\n<td>1,6 onzas<\/td>\n<\/tr>\n<tr>\n<td>Material<\/td>\n<td>Esponja m\u00e9dica, sin l\u00e1tex o personalizada<\/td>\n<\/tr>\n<tr>\n<td>Origen<\/td>\n<td>China (Continental)<\/td>\n<\/tr>\n<\/tbody>\n<\/table>\n<h2>Precauciones de uso<\/h2>\n<ul>\n<li>Aseg\u00farese de que la m\u00e1scara est\u00e9 correctamente alineada sobre los ojos y la nariz, siguiendo las instrucciones proporcionadas en el diagrama para una colocaci\u00f3n precisa.<\/li>\n<li>Al asegurar el dispositivo, aseg\u00farese de que tanto la piel como el cabello est\u00e9n completamente libres de las correas para evitar molestias o interferencias.<\/li>\n<li>Aseg\u00farese de que las correas est\u00e9n bien sujetas al dispositivo de posicionamiento para un ajuste estable y un rendimiento confiable durante el uso.<\/li>\n<li>Tenga cuidado de no apretar demasiado las correas, ya que esto puede ejercer demasiada presi\u00f3n sobre la cara o causar dolor.<\/li>\n<li>Este dispositivo est\u00e1 dise\u00f1ado para un solo uso y debe desecharse despu\u00e9s de cada uso para garantizar su limpieza y un rendimiento \u00f3ptimo.<\/li>\n<li>Dado que el dispositivo est\u00e1 dise\u00f1ado para usarse una sola vez y no se puede esterilizar, no intente esterilizarlo.<\/li>\n<\/ul>\n","protected":false},"excerpt":{"rendered":"<ul>\n<li>El material de espuma suave garantiza comodidad durante el uso.<\/li>\n<li>Dise\u00f1o desechable para aplicaci\u00f3n higi\u00e9nica de un solo uso.<\/li>\n<li>Contorneado para adaptarse a la forma del rostro, brindando el m\u00e1ximo soporte.<\/li>\n<li>Proporciona una barrera protectora entre la cara y la superficie de la silla.<\/li>\n<li>El material hipoalerg\u00e9nico minimiza la irritaci\u00f3n de la piel.<\/li>\n<\/ul>\n","protected":false},"featured_media":838,"comment_status":"open","ping_status":"closed","template":"","meta":{"site-sidebar-layout":"default","site-content-layout":"","ast-site-content-layout":"default","site-content-style":"default","site-sidebar-style":"default","ast-global-header-display":"","ast-banner-title-visibility":"","ast-main-header-display":"","ast-hfb-above-header-display":"","ast-hfb-below-header-display":"","ast-hfb-mobile-header-display":"","site-post-title":"","ast-breadcrumbs-content":"","ast-featured-img":"","footer-sml-layout":"","theme-transparent-header-meta":"default","adv-header-id-meta":"","stick-header-meta":"","header-above-stick-meta":"","header-main-stick-meta":"","header-below-stick-meta":"","astra-migrate-meta-layouts":"default","ast-page-background-enabled":"default","ast-page-background-meta":{"desktop":{"background-color":"var(--ast-global-color-4)","background-image":"","background-repeat":"repeat","background-position":"center center","background-size":"auto","background-attachment":"scroll","background-type":"","background-media":"","overlay-type":"","overlay-color":"","overlay-opacity":"","overlay-gradient":""},"tablet":{"background-color":"","background-image":"","background-repeat":"repeat","background-position":"center center","background-size":"auto","background-attachment":"scroll","background-type":"","background-media":"","overlay-type":"","overlay-color":"","overlay-opacity":"","overlay-gradient":""},"mobile":{"background-color":"","background-image":"","background-repeat":"repeat","background-position":"center center","background-size":"auto","background-attachment":"scroll","background-type":"","background-media":"","overlay-type":"","overlay-color":"","overlay-opacity":"","overlay-gradient":""}},"ast-content-background-meta":{"desktop":{"background-color":"var(--ast-global-color-5)","background-image":"","background-repeat":"repeat","background-position":"center center","background-size":"auto","background-attachment":"scroll","background-type":"","background-media":"","overlay-type":"","overlay-color":"","overlay-opacity":"","overlay-gradient":""},"tablet":{"background-color":"var(--ast-global-color-5)","background-image":"","background-repeat":"repeat","background-position":"center center","background-size":"auto","background-attachment":"scroll","background-type":"","background-media":"","overlay-type":"","overlay-color":"","overlay-opacity":"","overlay-gradient":""},"mobile":{"background-color":"var(--ast-global-color-5)","background-image":"","background-repeat":"repeat","background-position":"center center","background-size":"auto","background-attachment":"scroll","background-type":"","background-media":"","overlay-type":"","overlay-color":"","overlay-opacity":"","overlay-gradient":""}}},"product_brand":[],"product_cat":[63],"product_tag":[],"class_list":{"0":"post-3584","1":"product","2":"type-product","3":"status-publish","4":"has-post-thumbnail","6":"product_cat-almohadilla-de-posicionamiento","7":"desktop-align-left","8":"tablet-align-left","9":"mobile-align-left","11":"first","12":"instock","13":"shipping-taxable","14":"product-type-simple"},"_links":{"self":[{"href":"https:\/\/www.medical-sponge.com\/es\/wp-json\/wp\/v2\/product\/3584","targetHints":{"allow":["GET"]}}],"collection":[{"href":"https:\/\/www.medical-sponge.com\/es\/wp-json\/wp\/v2\/product"}],"about":[{"href":"https:\/\/www.medical-sponge.com\/es\/wp-json\/wp\/v2\/types\/product"}],"replies":[{"embeddable":true,"href":"https:\/\/www.medical-sponge.com\/es\/wp-json\/wp\/v2\/comments?post=3584"}],"version-history":[{"count":0,"href":"https:\/\/www.medical-sponge.com\/es\/wp-json\/wp\/v2\/product\/3584\/revisions"}],"wp:featuredmedia":[{"embeddable":true,"href":"https:\/\/www.medical-sponge.com\/es\/wp-json\/wp\/v2\/media\/838"}],"wp:attachment":[{"href":"https:\/\/www.medical-sponge.com\/es\/wp-json\/wp\/v2\/media?parent=3584"}],"wp:term":[{"taxonomy":"product_brand","embeddable":true,"href":"https:\/\/www.medical-sponge.com\/es\/wp-json\/wp\/v2\/product_brand?post=3584"},{"taxonomy":"product_cat","embeddable":true,"href":"https:\/\/www.medical-sponge.com\/es\/wp-json\/wp\/v2\/product_cat?post=3584"},{"taxonomy":"product_tag","embeddable":true,"href":"https:\/\/www.medical-sponge.com\/es\/wp-json\/wp\/v2\/product_tag?post=3584"}],"curies":[{"name":"wp","href":"https:\/\/api.w.org\/{rel}","templated":true}]}}