{"id":3577,"date":"2024-09-14T10:49:14","date_gmt":"2024-09-14T02:49:14","guid":{"rendered":"https:\/\/www.medical-sponge.com\/dispositivo-posicionador-de-cabeza-en-decubito-prono\/"},"modified":"2024-09-14T10:49:14","modified_gmt":"2024-09-14T02:49:14","slug":"dispositivo-posicionador-de-cabeza-en-decubito-prono","status":"publish","type":"product","link":"https:\/\/www.medical-sponge.com\/es\/dispositivo-posicionador-de-cabeza-en-decubito-prono.html","title":{"rendered":"Dispositivo posicionador de cabeza en dec\u00fabito prono"},"content":{"rendered":"<table>\n<tbody>\n<tr>\n<td width=\"100\">Par\u00e1metro<\/td>\n<td width=\"262\">Especificaci\u00f3n<\/td>\n<\/tr>\n<tr>\n<td width=\"100\">Material<\/td>\n<td width=\"262\">Espuma de poliuretano + microespuma 3M<\/td>\n<\/tr>\n<tr>\n<td width=\"100\">Dimensiones<\/td>\n<td width=\"262\">22,86 cm x 35,56 cm x 3,81 cm de grosor, personalizado<\/td>\n<\/tr>\n<tr>\n<td width=\"100\">Peso<\/td>\n<td width=\"262\">0,5 kg (1,1 libras)<\/td>\n<\/tr>\n<tr>\n<td width=\"100\">Color<\/td>\n<td width=\"262\">Amarillo, verde, azul, Panton personalizado<\/td>\n<\/tr>\n<tr>\n<td width=\"100\">Compatibilidad<\/td>\n<td width=\"262\">Compatible con varias mesas quir\u00fargicas<\/td>\n<\/tr>\n<tr>\n<td width=\"100\">Ajustabilidad<\/td>\n<td width=\"262\">Altura ajustable (2&#8243; &#8211; 5&#8243;)<\/td>\n<\/tr>\n<tr>\n<td width=\"100\">Alivio de presi\u00f3n<\/td>\n<td width=\"262\">Espuma de alta densidad que alivia la presi\u00f3n<\/td>\n<\/tr>\n<tr>\n<td width=\"100\">Tipo de superficie<\/td>\n<td width=\"262\">Contorneado, suave al tacto para mayor comodidad<\/td>\n<\/tr>\n<tr>\n<td width=\"100\">M\u00e9todo de limpieza<\/td>\n<td width=\"262\">F\u00e1cil de limpiar, limpiar con soluci\u00f3n desinfectante.<\/td>\n<\/tr>\n<tr>\n<td width=\"100\">Tipo de uso<\/td>\n<td width=\"262\">Reutilizable<\/td>\n<\/tr>\n<tr>\n<td width=\"100\">Esterilizaci\u00f3n<\/td>\n<td width=\"262\">No requerido (dispositivo no est\u00e9ril)<\/td>\n<\/tr>\n<tr>\n<td width=\"100\">Color<\/td>\n<td width=\"262\">Blanco o azul claro<\/td>\n<\/tr>\n<tr>\n<td width=\"100\">Certificaciones<\/td>\n<td width=\"262\">Marcado CE, aprobado por la FDA<\/td>\n<\/tr>\n<\/tbody>\n<\/table>\n<h2>Caracter\u00edsticas<\/h2>\n<ul>\n<li>A trav\u00e9s del dise\u00f1o del espejo ranurado, puede ver y acceder a la boca, la nariz, los ojos y el tubo traqueal del paciente con claridad.<\/li>\n<li>Los contornos de la cuna brindan comodidad y apoyo para la cabeza y el cuello del paciente.<\/li>\n<li>Ayude a reducir el reprocesamiento y controlar las infecciones con un solo uso.<\/li>\n<li>Puede estabilizar la cabeza de los pacientes que se encuentran boca abajo y boca abajo en la mesa de operaciones de manera estable y c\u00f3moda. El reposacabezas est\u00e1 dise\u00f1ado con una ventana para colocar y conectar cat\u00e9teres y otros consumibles m\u00e9dicos (como m\u00e1scaras lar\u00edngeas, tubos de ventilaci\u00f3n orofar\u00edngeos, etc.). <\/li>\n<li>El personal m\u00e9dico puede observar el rostro del paciente y el estado de los consumibles m\u00e9dicos, como los cat\u00e9teres, en tiempo real desde el espejo correspondiente del reposacabezas.<\/li>\n<li>El punto de contacto entre el reposacabezas y la cara est\u00e1 hecho con parches de algod\u00f3n m\u00e9dico 3M para evitar molestias y alergias en la piel causadas por la presi\u00f3n en la frente y el ment\u00f3n causada por largos tiempos de operaci\u00f3n.<\/li>\n<\/ul>\n<table>\n<tbody>\n<tr>\n<td width=\"284\"><img fetchpriority=\"high\" decoding=\"async\" class=\"size-medium wp-image-876 aligncenter\" src=\"https:\/\/www.medical-sponge.com\/wp-content\/uploads\/2024\/09\/Prone-Head-Positioner-Device-Trial-Picture-300x294.webp\" alt=\"Imagen de prueba del dispositivo posicionador de cabeza en dec\u00fabito prono\" width=\"300\" height=\"294\" srcset=\"https:\/\/www.medical-sponge.com\/wp-content\/uploads\/2024\/09\/Prone-Head-Positioner-Device-Trial-Picture-300x294.webp 300w, https:\/\/www.medical-sponge.com\/wp-content\/uploads\/2024\/09\/Prone-Head-Positioner-Device-Trial-Picture-600x587.webp 600w, https:\/\/www.medical-sponge.com\/wp-content\/uploads\/2024\/09\/Prone-Head-Positioner-Device-Trial-Picture.webp 619w\" sizes=\"(max-width: 300px) 100vw, 300px\" \/><\/td>\n<td width=\"284\"><img decoding=\"async\" class=\"size-medium wp-image-875 aligncenter\" src=\"https:\/\/www.medical-sponge.com\/wp-content\/uploads\/2024\/09\/Prone-Head-Positioner-Device-1-300x284.webp\" alt=\"Dispositivo de posicionamiento de cabeza propenso -1\" width=\"300\" height=\"284\" srcset=\"https:\/\/www.medical-sponge.com\/wp-content\/uploads\/2024\/09\/Prone-Head-Positioner-Device-1-300x284.webp 300w, https:\/\/www.medical-sponge.com\/wp-content\/uploads\/2024\/09\/Prone-Head-Positioner-Device-1-600x569.webp 600w, https:\/\/www.medical-sponge.com\/wp-content\/uploads\/2024\/09\/Prone-Head-Positioner-Device-1.webp 629w\" sizes=\"(max-width: 300px) 100vw, 300px\" \/><\/td>\n<\/tr>\n<\/tbody>\n<\/table>\n","protected":false},"excerpt":{"rendered":"<ul>\n<li>Ofrecer un apoyo firme para la cabeza y el cuello cuando se est\u00e1 acostado boca abajo.<\/li>\n<li>Dise\u00f1ado para mantener la alineaci\u00f3n natural de las v\u00edas respiratorias.<\/li>\n<li>Altura ajustable para un ajuste personalizado.<\/li>\n<li>Compatible con varias mesas y marcos quir\u00fargicos.<\/li>\n<li>Proporciona acceso sin restricciones a procedimientos m\u00e9dicos.<\/li>\n<\/ul>\n","protected":false},"featured_media":3578,"comment_status":"open","ping_status":"closed","template":"","meta":{"site-sidebar-layout":"default","site-content-layout":"","ast-site-content-layout":"default","site-content-style":"default","site-sidebar-style":"default","ast-global-header-display":"","ast-banner-title-visibility":"","ast-main-header-display":"","ast-hfb-above-header-display":"","ast-hfb-below-header-display":"","ast-hfb-mobile-header-display":"","site-post-title":"","ast-breadcrumbs-content":"","ast-featured-img":"","footer-sml-layout":"","theme-transparent-header-meta":"default","adv-header-id-meta":"","stick-header-meta":"","header-above-stick-meta":"","header-main-stick-meta":"","header-below-stick-meta":"","astra-migrate-meta-layouts":"default","ast-page-background-enabled":"default","ast-page-background-meta":{"desktop":{"background-color":"var(--ast-global-color-4)","background-image":"","background-repeat":"repeat","background-position":"center center","background-size":"auto","background-attachment":"scroll","background-type":"","background-media":"","overlay-type":"","overlay-color":"","overlay-opacity":"","overlay-gradient":""},"tablet":{"background-color":"","background-image":"","background-repeat":"repeat","background-position":"center center","background-size":"auto","background-attachment":"scroll","background-type":"","background-media":"","overlay-type":"","overlay-color":"","overlay-opacity":"","overlay-gradient":""},"mobile":{"background-color":"","background-image":"","background-repeat":"repeat","background-position":"center center","background-size":"auto","background-attachment":"scroll","background-type":"","background-media":"","overlay-type":"","overlay-color":"","overlay-opacity":"","overlay-gradient":""}},"ast-content-background-meta":{"desktop":{"background-color":"var(--ast-global-color-5)","background-image":"","background-repeat":"repeat","background-position":"center center","background-size":"auto","background-attachment":"scroll","background-type":"","background-media":"","overlay-type":"","overlay-color":"","overlay-opacity":"","overlay-gradient":""},"tablet":{"background-color":"var(--ast-global-color-5)","background-image":"","background-repeat":"repeat","background-position":"center center","background-size":"auto","background-attachment":"scroll","background-type":"","background-media":"","overlay-type":"","overlay-color":"","overlay-opacity":"","overlay-gradient":""},"mobile":{"background-color":"var(--ast-global-color-5)","background-image":"","background-repeat":"repeat","background-position":"center center","background-size":"auto","background-attachment":"scroll","background-type":"","background-media":"","overlay-type":"","overlay-color":"","overlay-opacity":"","overlay-gradient":""}}},"product_brand":[],"product_cat":[63],"product_tag":[],"class_list":{"0":"post-3577","1":"product","2":"type-product","3":"status-publish","4":"has-post-thumbnail","6":"product_cat-almohadilla-de-posicionamiento","7":"desktop-align-left","8":"tablet-align-left","9":"mobile-align-left","11":"first","12":"instock","13":"shipping-taxable","14":"product-type-simple"},"_links":{"self":[{"href":"https:\/\/www.medical-sponge.com\/es\/wp-json\/wp\/v2\/product\/3577","targetHints":{"allow":["GET"]}}],"collection":[{"href":"https:\/\/www.medical-sponge.com\/es\/wp-json\/wp\/v2\/product"}],"about":[{"href":"https:\/\/www.medical-sponge.com\/es\/wp-json\/wp\/v2\/types\/product"}],"replies":[{"embeddable":true,"href":"https:\/\/www.medical-sponge.com\/es\/wp-json\/wp\/v2\/comments?post=3577"}],"version-history":[{"count":0,"href":"https:\/\/www.medical-sponge.com\/es\/wp-json\/wp\/v2\/product\/3577\/revisions"}],"wp:featuredmedia":[{"embeddable":true,"href":"https:\/\/www.medical-sponge.com\/es\/wp-json\/wp\/v2\/media\/3578"}],"wp:attachment":[{"href":"https:\/\/www.medical-sponge.com\/es\/wp-json\/wp\/v2\/media?parent=3577"}],"wp:term":[{"taxonomy":"product_brand","embeddable":true,"href":"https:\/\/www.medical-sponge.com\/es\/wp-json\/wp\/v2\/product_brand?post=3577"},{"taxonomy":"product_cat","embeddable":true,"href":"https:\/\/www.medical-sponge.com\/es\/wp-json\/wp\/v2\/product_cat?post=3577"},{"taxonomy":"product_tag","embeddable":true,"href":"https:\/\/www.medical-sponge.com\/es\/wp-json\/wp\/v2\/product_tag?post=3577"}],"curies":[{"name":"wp","href":"https:\/\/api.w.org\/{rel}","templated":true}]}}