{"id":3570,"date":"2024-09-14T11:18:12","date_gmt":"2024-09-14T03:18:12","guid":{"rendered":"https:\/\/www.medical-sponge.com\/kit-de-almohadillas-de-posicionamiento-m-f-l\/"},"modified":"2024-09-14T11:18:12","modified_gmt":"2024-09-14T03:18:12","slug":"kit-de-almohadillas-de-posicionamiento-m-f-l","status":"publish","type":"product","link":"https:\/\/www.medical-sponge.com\/es\/kit-de-almohadillas-de-posicionamiento-m-f-l.html","title":{"rendered":"Kit de almohadillas de posicionamiento M.F.L."},"content":{"rendered":"<table>\n<tbody>\n<tr>\n<td>Nombre del producto<\/td>\n<td>Kit de almohadilla de posicionamiento M.F.L.<\/td>\n<\/tr>\n<tr>\n<td>Tama\u00f1o del producto<\/td>\n<td>22,86 cm x 35,56 cm x 3,81 cm de grosor, personalizado<\/td>\n<\/tr>\n<tr>\n<td>C\u00f3digo de colores<\/td>\n<td>Amarillo, Azul, Verde, Panton Personalizado<\/td>\n<\/tr>\n<tr>\n<td>Material<\/td>\n<td>Esponja m\u00e9dica de PU + poliuretano (PU)<\/td>\n<\/tr>\n<tr>\n<td>Tipo de producto<\/td>\n<td>Almohadilla de posicionamiento para UCI<\/td>\n<\/tr>\n<\/tbody>\n<\/table>\n<h2>Opci\u00f3n de kit<\/h2>\n<table>\n<tbody>\n<tr>\n<td>Combinaci\u00f3n1<\/td>\n<td style=\"text-align: left;\">Combinaci\u00f3n2<\/td>\n<\/tr>\n<tr>\n<td style=\"text-align: left;\">&#8211; 1 Contorno de Apoyo Posterior con Almohadilla Reversible<\/p>\n<p>&#8211; Tablas de brazos grandes<\/p>\n<p>&#8211; 1 S\u00e1bana de Elevaci\u00f3n<\/p>\n<p>&#8211; 2 Juegos de Correas Corporales Amigables con la Piel<\/p>\n<p>&#8211; Posicionador de Cabeza para Adultos de un Solo Uso<\/p>\n<p>&#8211; Almohadilla para el Reposapi\u00e9s (20 &#8220;x12 &#8220;x2&#8221;)<\/td>\n<td>\n<p style=\"text-align: left;\">\u2022 1 almohadilla rosa XL<\/p>\n<p style=\"text-align: left;\">\u2022 Brazos grandes<\/p>\n<p style=\"text-align: left;\">\u2022 1 s\u00e1bana elevadora<\/p>\n<p style=\"text-align: left;\">\u2022 2 juegos de correas corporales que no da\u00f1an la piel<\/p>\n<p style=\"text-align: left;\">\u2022 Posicionador de cabeza de un solo uso para adultos<\/p>\n<p style=\"text-align: left;\">\u2022 Almohadilla para el pie de cama (20&#8243; x 12&#8243; x 2&#8243;)<\/p>\n<\/td>\n<\/tr>\n<\/tbody>\n<\/table>\n<h2>Ventajas<\/h2>\n<table>\n<tbody>\n<tr>\n<td>Dise\u00f1o innovador<\/td>\n<td>Prevenir el deslizamiento del paciente<\/td>\n<td>Elimina el riesgo de lesi\u00f3n del plexo braquial<\/td>\n<\/tr>\n<tr>\n<td><img fetchpriority=\"high\" decoding=\"async\" class=\"size-medium wp-image-886 aligncenter\" src=\"https:\/\/www.medical-sponge.com\/wp-content\/uploads\/2024\/09\/Product-Detail-300x300.webp\" alt=\"Detalle del producto\" width=\"300\" height=\"300\" srcset=\"https:\/\/www.medical-sponge.com\/wp-content\/uploads\/2024\/09\/Product-Detail-300x300.webp 300w, https:\/\/www.medical-sponge.com\/wp-content\/uploads\/2024\/09\/Product-Detail-150x150.webp 150w, https:\/\/www.medical-sponge.com\/wp-content\/uploads\/2024\/09\/Product-Detail-768x768.webp 768w, https:\/\/www.medical-sponge.com\/wp-content\/uploads\/2024\/09\/Product-Detail-600x600.webp 600w, https:\/\/www.medical-sponge.com\/wp-content\/uploads\/2024\/09\/Product-Detail-100x100.webp 100w, https:\/\/www.medical-sponge.com\/wp-content\/uploads\/2024\/09\/Product-Detail.webp 800w\" sizes=\"(max-width: 300px) 100vw, 300px\" \/><\/td>\n<td><img decoding=\"async\" class=\"size-full wp-image-889 aligncenter\" src=\"https:\/\/www.medical-sponge.com\/wp-content\/uploads\/2024\/09\/Prevent-Patient-Sliding.webp\" alt=\"Prevenir el deslizamiento del paciente\" width=\"267\" height=\"262\"><\/td>\n<td><img decoding=\"async\" class=\"size-full wp-image-890 aligncenter\" src=\"https:\/\/www.medical-sponge.com\/wp-content\/uploads\/2024\/09\/Eliminate-Brachial-Plexus-Injury-Risk.webp\" alt=\"Elimina el riesgo de lesi\u00f3n del plexo braquial\" width=\"229\" height=\"225\"><\/td>\n<\/tr>\n<tr>\n<td>La creciente demanda de cirug\u00edas ha impulsado la necesidad de soluciones de posicionamiento avanzadas. El kit de almohadillas M.F.L. mejora el soporte, la comodidad y la recuperaci\u00f3n, especialmente para pacientes con sobrepeso. <\/td>\n<td>El kit de almohadillas de posicionamiento M.F.L. previene eficazmente los resbalones del paciente, minimizando las lesiones relacionadas con la postura, incluso para pacientes con mayor peso corporal e IMC, garantizando estabilidad y seguridad.<\/td>\n<td>El kit de almohadillas de posicionamiento M.F.L puede reducir el dolor muscular en pacientes posoperatorios. Su funci\u00f3n es no ejercer presi\u00f3n sobre la cabeza, el cuello, los hombros y las piernas, eliminando y previniendo el riesgo de da\u00f1o a los nervios. <\/td>\n<\/tr>\n<\/tbody>\n<\/table>\n","protected":false},"excerpt":{"rendered":"<ul>\n<li><strong>Superficie antideslizante: <\/strong> garantiza una mejor tracci\u00f3n y un soporte constante.<\/li>\n<li><strong>Durabilidad excepcional:<\/strong> construido con materiales robustos y resistentes al desgaste.<\/li>\n<li><strong>Dise\u00f1o ergon\u00f3mico: <\/strong> Garantiza comodidad y f\u00e1cil posicionamiento durante el uso.<\/li>\n<li><strong>Construcci\u00f3n ligera: <\/strong> F\u00e1cil de transportar y manipular.<\/li>\n<li><strong>Absorbente de impactos: <\/strong> Reduce el impacto y la presi\u00f3n durante el posicionamiento.<\/li>\n<li><strong>Firmeza ajustable: <\/strong> Soporte personalizable para diversas necesidades.<\/li>\n<\/ul>\n","protected":false},"featured_media":3571,"comment_status":"open","ping_status":"closed","template":"","meta":{"site-sidebar-layout":"default","site-content-layout":"","ast-site-content-layout":"default","site-content-style":"default","site-sidebar-style":"default","ast-global-header-display":"","ast-banner-title-visibility":"","ast-main-header-display":"","ast-hfb-above-header-display":"","ast-hfb-below-header-display":"","ast-hfb-mobile-header-display":"","site-post-title":"","ast-breadcrumbs-content":"","ast-featured-img":"","footer-sml-layout":"","theme-transparent-header-meta":"default","adv-header-id-meta":"","stick-header-meta":"","header-above-stick-meta":"","header-main-stick-meta":"","header-below-stick-meta":"","astra-migrate-meta-layouts":"default","ast-page-background-enabled":"default","ast-page-background-meta":{"desktop":{"background-color":"var(--ast-global-color-4)","background-image":"","background-repeat":"repeat","background-position":"center center","background-size":"auto","background-attachment":"scroll","background-type":"","background-media":"","overlay-type":"","overlay-color":"","overlay-opacity":"","overlay-gradient":""},"tablet":{"background-color":"","background-image":"","background-repeat":"repeat","background-position":"center center","background-size":"auto","background-attachment":"scroll","background-type":"","background-media":"","overlay-type":"","overlay-color":"","overlay-opacity":"","overlay-gradient":""},"mobile":{"background-color":"","background-image":"","background-repeat":"repeat","background-position":"center center","background-size":"auto","background-attachment":"scroll","background-type":"","background-media":"","overlay-type":"","overlay-color":"","overlay-opacity":"","overlay-gradient":""}},"ast-content-background-meta":{"desktop":{"background-color":"var(--ast-global-color-5)","background-image":"","background-repeat":"repeat","background-position":"center center","background-size":"auto","background-attachment":"scroll","background-type":"","background-media":"","overlay-type":"","overlay-color":"","overlay-opacity":"","overlay-gradient":""},"tablet":{"background-color":"var(--ast-global-color-5)","background-image":"","background-repeat":"repeat","background-position":"center center","background-size":"auto","background-attachment":"scroll","background-type":"","background-media":"","overlay-type":"","overlay-color":"","overlay-opacity":"","overlay-gradient":""},"mobile":{"background-color":"var(--ast-global-color-5)","background-image":"","background-repeat":"repeat","background-position":"center center","background-size":"auto","background-attachment":"scroll","background-type":"","background-media":"","overlay-type":"","overlay-color":"","overlay-opacity":"","overlay-gradient":""}}},"product_brand":[],"product_cat":[63],"product_tag":[],"class_list":{"0":"post-3570","1":"product","2":"type-product","3":"status-publish","4":"has-post-thumbnail","6":"product_cat-almohadilla-de-posicionamiento","7":"desktop-align-left","8":"tablet-align-left","9":"mobile-align-left","11":"first","12":"instock","13":"shipping-taxable","14":"product-type-simple"},"_links":{"self":[{"href":"https:\/\/www.medical-sponge.com\/es\/wp-json\/wp\/v2\/product\/3570","targetHints":{"allow":["GET"]}}],"collection":[{"href":"https:\/\/www.medical-sponge.com\/es\/wp-json\/wp\/v2\/product"}],"about":[{"href":"https:\/\/www.medical-sponge.com\/es\/wp-json\/wp\/v2\/types\/product"}],"replies":[{"embeddable":true,"href":"https:\/\/www.medical-sponge.com\/es\/wp-json\/wp\/v2\/comments?post=3570"}],"version-history":[{"count":1,"href":"https:\/\/www.medical-sponge.com\/es\/wp-json\/wp\/v2\/product\/3570\/revisions"}],"predecessor-version":[{"id":5750,"href":"https:\/\/www.medical-sponge.com\/es\/wp-json\/wp\/v2\/product\/3570\/revisions\/5750"}],"wp:featuredmedia":[{"embeddable":true,"href":"https:\/\/www.medical-sponge.com\/es\/wp-json\/wp\/v2\/media\/3571"}],"wp:attachment":[{"href":"https:\/\/www.medical-sponge.com\/es\/wp-json\/wp\/v2\/media?parent=3570"}],"wp:term":[{"taxonomy":"product_brand","embeddable":true,"href":"https:\/\/www.medical-sponge.com\/es\/wp-json\/wp\/v2\/product_brand?post=3570"},{"taxonomy":"product_cat","embeddable":true,"href":"https:\/\/www.medical-sponge.com\/es\/wp-json\/wp\/v2\/product_cat?post=3570"},{"taxonomy":"product_tag","embeddable":true,"href":"https:\/\/www.medical-sponge.com\/es\/wp-json\/wp\/v2\/product_tag?post=3570"}],"curies":[{"name":"wp","href":"https:\/\/api.w.org\/{rel}","templated":true}]}}