{"id":3564,"date":"2024-09-14T14:22:42","date_gmt":"2024-09-14T06:22:42","guid":{"rendered":"https:\/\/www.medical-sponge.com\/kits-de-posicionadores-de-esponja-para-marcos-de-mesa-desechables-jackson\/"},"modified":"2024-09-14T14:22:42","modified_gmt":"2024-09-14T06:22:42","slug":"kits-de-posicionadores-de-esponja-para-marcos-de-mesa-desechables-jackson","status":"publish","type":"product","link":"https:\/\/www.medical-sponge.com\/es\/kits-de-posicionadores-de-esponja-para-marcos-de-mesa-desechables-jackson.html","title":{"rendered":"Kits de posicionadores de esponja para marcos de mesa desechables Jackson"},"content":{"rendered":"<table>\n<tbody>\n<tr>\n<td width=\"158\">Nombre del producto<\/td>\n<td width=\"330\">Kits desechables de posicionadores de esponja para bastidor de mesa Jackson<\/td>\n<\/tr>\n<tr>\n<td width=\"158\">Tama\u00f1o del producto<\/td>\n<td width=\"330\">28*25*17cm, 62*14*8cm Personalizado<\/td>\n<\/tr>\n<tr>\n<td width=\"158\">C\u00f3digo de colores<\/td>\n<td width=\"330\">Verde, Azul, Blanco o personalizado<\/td>\n<\/tr>\n<tr>\n<td width=\"158\">Certificaci\u00f3n de calidad<\/td>\n<td width=\"330\">Certificaci\u00f3n CE, ISO13485<\/td>\n<\/tr>\n<tr>\n<td width=\"158\">Clasificaci\u00f3n de instrumentos<\/td>\n<td width=\"330\">Clase I<\/td>\n<\/tr>\n<tr>\n<td width=\"158\">Material<\/td>\n<td width=\"330\">Esponja m\u00e9dica + tela no tejida<\/td>\n<\/tr>\n<tr>\n<td width=\"158\">Tipo de producto<\/td>\n<td width=\"330\">Almohadilla de posicionamiento para UCI<\/td>\n<\/tr>\n<\/tbody>\n<\/table>\n<h2>La configuraci\u00f3n incluye:<\/h2>\n<ul>\n<li>1 posicionador de cabezal ranurado con capa superior DermaProx<\/li>\n<li>Cunas de 2 brazos<\/li>\n<li>4 fundas para almohadillas para caderas y muslos con capa DermaProx<\/li>\n<li>1 funda para levantamiento de torso con capa DermaProx<\/li>\n<\/ul>\n<p>&nbsp;<\/p>\n","protected":false},"excerpt":{"rendered":"<ul>\n<li>Garantiza una posici\u00f3n \u00f3ptima del paciente durante la cirug\u00eda.<\/li>\n<li>Fabricado con una esponja suave de alta densidad para mayor comodidad.<\/li>\n<li>Ligero y f\u00e1cil de aplicar.<\/li>\n<li>Desechable para mayor higiene y comodidad.<\/li>\n<li>Reduce los puntos de presi\u00f3n y la incomodidad del paciente.<\/li>\n<li>Compatible con marcos de mesa Jackson.<\/li>\n<li>El dise\u00f1o de un solo uso minimiza el riesgo de infecci\u00f3n.<\/li>\n<\/ul>\n","protected":false},"featured_media":3565,"comment_status":"open","ping_status":"closed","template":"","meta":{"site-sidebar-layout":"default","site-content-layout":"","ast-site-content-layout":"default","site-content-style":"default","site-sidebar-style":"default","ast-global-header-display":"","ast-banner-title-visibility":"","ast-main-header-display":"","ast-hfb-above-header-display":"","ast-hfb-below-header-display":"","ast-hfb-mobile-header-display":"","site-post-title":"","ast-breadcrumbs-content":"","ast-featured-img":"","footer-sml-layout":"","theme-transparent-header-meta":"default","adv-header-id-meta":"","stick-header-meta":"","header-above-stick-meta":"","header-main-stick-meta":"","header-below-stick-meta":"","astra-migrate-meta-layouts":"default","ast-page-background-enabled":"default","ast-page-background-meta":{"desktop":{"background-color":"var(--ast-global-color-4)","background-image":"","background-repeat":"repeat","background-position":"center center","background-size":"auto","background-attachment":"scroll","background-type":"","background-media":"","overlay-type":"","overlay-color":"","overlay-opacity":"","overlay-gradient":""},"tablet":{"background-color":"","background-image":"","background-repeat":"repeat","background-position":"center center","background-size":"auto","background-attachment":"scroll","background-type":"","background-media":"","overlay-type":"","overlay-color":"","overlay-opacity":"","overlay-gradient":""},"mobile":{"background-color":"","background-image":"","background-repeat":"repeat","background-position":"center center","background-size":"auto","background-attachment":"scroll","background-type":"","background-media":"","overlay-type":"","overlay-color":"","overlay-opacity":"","overlay-gradient":""}},"ast-content-background-meta":{"desktop":{"background-color":"var(--ast-global-color-5)","background-image":"","background-repeat":"repeat","background-position":"center center","background-size":"auto","background-attachment":"scroll","background-type":"","background-media":"","overlay-type":"","overlay-color":"","overlay-opacity":"","overlay-gradient":""},"tablet":{"background-color":"var(--ast-global-color-5)","background-image":"","background-repeat":"repeat","background-position":"center center","background-size":"auto","background-attachment":"scroll","background-type":"","background-media":"","overlay-type":"","overlay-color":"","overlay-opacity":"","overlay-gradient":""},"mobile":{"background-color":"var(--ast-global-color-5)","background-image":"","background-repeat":"repeat","background-position":"center center","background-size":"auto","background-attachment":"scroll","background-type":"","background-media":"","overlay-type":"","overlay-color":"","overlay-opacity":"","overlay-gradient":""}}},"product_brand":[],"product_cat":[63],"product_tag":[],"class_list":{"0":"post-3564","1":"product","2":"type-product","3":"status-publish","4":"has-post-thumbnail","6":"product_cat-almohadilla-de-posicionamiento","7":"desktop-align-left","8":"tablet-align-left","9":"mobile-align-left","11":"first","12":"instock","13":"shipping-taxable","14":"product-type-simple"},"_links":{"self":[{"href":"https:\/\/www.medical-sponge.com\/es\/wp-json\/wp\/v2\/product\/3564","targetHints":{"allow":["GET"]}}],"collection":[{"href":"https:\/\/www.medical-sponge.com\/es\/wp-json\/wp\/v2\/product"}],"about":[{"href":"https:\/\/www.medical-sponge.com\/es\/wp-json\/wp\/v2\/types\/product"}],"replies":[{"embeddable":true,"href":"https:\/\/www.medical-sponge.com\/es\/wp-json\/wp\/v2\/comments?post=3564"}],"version-history":[{"count":1,"href":"https:\/\/www.medical-sponge.com\/es\/wp-json\/wp\/v2\/product\/3564\/revisions"}],"predecessor-version":[{"id":5732,"href":"https:\/\/www.medical-sponge.com\/es\/wp-json\/wp\/v2\/product\/3564\/revisions\/5732"}],"wp:featuredmedia":[{"embeddable":true,"href":"https:\/\/www.medical-sponge.com\/es\/wp-json\/wp\/v2\/media\/3565"}],"wp:attachment":[{"href":"https:\/\/www.medical-sponge.com\/es\/wp-json\/wp\/v2\/media?parent=3564"}],"wp:term":[{"taxonomy":"product_brand","embeddable":true,"href":"https:\/\/www.medical-sponge.com\/es\/wp-json\/wp\/v2\/product_brand?post=3564"},{"taxonomy":"product_cat","embeddable":true,"href":"https:\/\/www.medical-sponge.com\/es\/wp-json\/wp\/v2\/product_cat?post=3564"},{"taxonomy":"product_tag","embeddable":true,"href":"https:\/\/www.medical-sponge.com\/es\/wp-json\/wp\/v2\/product_tag?post=3564"}],"curies":[{"name":"wp","href":"https:\/\/api.w.org\/{rel}","templated":true}]}}