{"id":3553,"date":"2024-09-14T16:25:54","date_gmt":"2024-09-14T08:25:54","guid":{"rendered":"https:\/\/www.medical-sponge.com\/posicionador-de-cabeza-desechable\/"},"modified":"2024-09-14T16:25:54","modified_gmt":"2024-09-14T08:25:54","slug":"posicionador-de-cabeza-desechable","status":"publish","type":"product","link":"https:\/\/www.medical-sponge.com\/es\/posicionador-de-cabeza-desechable.html","title":{"rendered":"Posicionador de cabeza desechable"},"content":{"rendered":"<table>\n<tbody>\n<tr>\n<td>Modelo<\/td>\n<td>Tama\u00f1o est\u00e1ndar<\/td>\n<td>Material<\/td>\n<td>Color<\/td>\n<\/tr>\n<tr>\n<td>REF MFL3101P (Para Pediatr\u00eda)<\/td>\n<td>6 1\/2&#8243;L x 7&#8243;W x 3 1\/4&#8243;H (17cm x 18cm x 8cm)<\/td>\n<td rowspan=\"2\">Personalizado<\/td>\n<td rowspan=\"2\">Panton amarillo, verde y personalizado<\/td>\n<\/tr>\n<tr>\n<td>REF MFL3101A (Para adultos)<\/td>\n<td> 23 cm de largo x 20 cm de ancho x 9 cm de alto (9&#8243; de largo x 8&#8243; de ancho x 3 1\/2&#8243; de alto)<\/td>\n<\/tr>\n<\/tbody>\n<\/table>\n<h2>Caracter\u00edsticas<\/h2>\n<ul>\n<li>Ayuda a la alineaci\u00f3n adecuada de la columna y el cuello.<\/li>\n<li>Los posicionadores de poliespuma de alta densidad brindan excelente soporte, comodidad y rentabilidad.<\/li>\n<li>El dise\u00f1o ergon\u00f3mico est\u00e1 elaborado para maximizar la comodidad al apoyar suavemente la cabeza y el cuello.<\/li>\n<li>El dise\u00f1o de la apertura minimiza la presi\u00f3n y se adapta a los contornos faciales y occipitales.<\/li>\n<li>El corte en forma de ojo de cerradura permite la colocaci\u00f3n segura del tubo endotraqueal.<\/li>\n<li>Embalaje comprimido para un almacenamiento eficiente<\/li>\n<li>Uso exclusivo para un solo paciente<\/li>\n<li>Sin l\u00e1tex<\/li>\n<\/ul>\n<p><img fetchpriority=\"high\" decoding=\"async\" class=\"aligncenter wp-image-1360\" src=\"https:\/\/www.medical-sponge.com\/wp-content\/uploads\/2024\/09\/Disposable-Head-Supports-1.jpg\" alt=\"Soportes de cabeza desechables - 1\" width=\"600\" height=\"600\" srcset=\"https:\/\/www.medical-sponge.com\/wp-content\/uploads\/2024\/09\/Disposable-Head-Supports-1.jpg 840w, https:\/\/www.medical-sponge.com\/wp-content\/uploads\/2024\/09\/Disposable-Head-Supports-1-300x300.jpg 300w, https:\/\/www.medical-sponge.com\/wp-content\/uploads\/2024\/09\/Disposable-Head-Supports-1-150x150.jpg 150w, https:\/\/www.medical-sponge.com\/wp-content\/uploads\/2024\/09\/Disposable-Head-Supports-1-768x768.jpg 768w, https:\/\/www.medical-sponge.com\/wp-content\/uploads\/2024\/09\/Disposable-Head-Supports-1-600x600.jpg 600w, https:\/\/www.medical-sponge.com\/wp-content\/uploads\/2024\/09\/Disposable-Head-Supports-1-100x100.jpg 100w\" sizes=\"(max-width: 600px) 100vw, 600px\" \/><\/p>\n<p>&nbsp;<\/p>\n<div id=\"gtx-trans\" style=\"position: absolute; left: 432px; top: 58.1875px;\">\n<div class=\"gtx-trans-icon\"><\/div>\n<\/div>\n","protected":false},"excerpt":{"rendered":"<ul>\n<li><strong>Desechable: <\/strong> De un solo uso para minimizar el riesgo de infecci\u00f3n.<\/li>\n<li><strong>Material hipoalerg\u00e9nico: <\/strong> fabricado con materiales suaves y agradables para la piel.<\/li>\n<li><strong>Ligero:<\/strong> Asegura la facilidad de uso y eliminaci\u00f3n.<\/li>\n<li><strong>Compacto: <\/strong> apilable para un almacenamiento c\u00f3modo.<\/li>\n<li><strong>Tama\u00f1o:<\/strong> Se puede personalizar, incluido el grosor.<\/li>\n<\/ul>\n","protected":false},"featured_media":3554,"comment_status":"open","ping_status":"closed","template":"","meta":{"site-sidebar-layout":"default","site-content-layout":"","ast-site-content-layout":"default","site-content-style":"default","site-sidebar-style":"default","ast-global-header-display":"","ast-banner-title-visibility":"","ast-main-header-display":"","ast-hfb-above-header-display":"","ast-hfb-below-header-display":"","ast-hfb-mobile-header-display":"","site-post-title":"","ast-breadcrumbs-content":"","ast-featured-img":"","footer-sml-layout":"","theme-transparent-header-meta":"default","adv-header-id-meta":"","stick-header-meta":"","header-above-stick-meta":"","header-main-stick-meta":"","header-below-stick-meta":"","astra-migrate-meta-layouts":"default","ast-page-background-enabled":"default","ast-page-background-meta":{"desktop":{"background-color":"var(--ast-global-color-4)","background-image":"","background-repeat":"repeat","background-position":"center center","background-size":"auto","background-attachment":"scroll","background-type":"","background-media":"","overlay-type":"","overlay-color":"","overlay-opacity":"","overlay-gradient":""},"tablet":{"background-color":"","background-image":"","background-repeat":"repeat","background-position":"center center","background-size":"auto","background-attachment":"scroll","background-type":"","background-media":"","overlay-type":"","overlay-color":"","overlay-opacity":"","overlay-gradient":""},"mobile":{"background-color":"","background-image":"","background-repeat":"repeat","background-position":"center center","background-size":"auto","background-attachment":"scroll","background-type":"","background-media":"","overlay-type":"","overlay-color":"","overlay-opacity":"","overlay-gradient":""}},"ast-content-background-meta":{"desktop":{"background-color":"var(--ast-global-color-5)","background-image":"","background-repeat":"repeat","background-position":"center center","background-size":"auto","background-attachment":"scroll","background-type":"","background-media":"","overlay-type":"","overlay-color":"","overlay-opacity":"","overlay-gradient":""},"tablet":{"background-color":"var(--ast-global-color-5)","background-image":"","background-repeat":"repeat","background-position":"center center","background-size":"auto","background-attachment":"scroll","background-type":"","background-media":"","overlay-type":"","overlay-color":"","overlay-opacity":"","overlay-gradient":""},"mobile":{"background-color":"var(--ast-global-color-5)","background-image":"","background-repeat":"repeat","background-position":"center center","background-size":"auto","background-attachment":"scroll","background-type":"","background-media":"","overlay-type":"","overlay-color":"","overlay-opacity":"","overlay-gradient":""}}},"product_brand":[],"product_cat":[63],"product_tag":[],"class_list":{"0":"post-3553","1":"product","2":"type-product","3":"status-publish","4":"has-post-thumbnail","6":"product_cat-almohadilla-de-posicionamiento","7":"desktop-align-left","8":"tablet-align-left","9":"mobile-align-left","11":"first","12":"instock","13":"shipping-taxable","14":"product-type-simple"},"_links":{"self":[{"href":"https:\/\/www.medical-sponge.com\/es\/wp-json\/wp\/v2\/product\/3553","targetHints":{"allow":["GET"]}}],"collection":[{"href":"https:\/\/www.medical-sponge.com\/es\/wp-json\/wp\/v2\/product"}],"about":[{"href":"https:\/\/www.medical-sponge.com\/es\/wp-json\/wp\/v2\/types\/product"}],"replies":[{"embeddable":true,"href":"https:\/\/www.medical-sponge.com\/es\/wp-json\/wp\/v2\/comments?post=3553"}],"version-history":[{"count":0,"href":"https:\/\/www.medical-sponge.com\/es\/wp-json\/wp\/v2\/product\/3553\/revisions"}],"wp:featuredmedia":[{"embeddable":true,"href":"https:\/\/www.medical-sponge.com\/es\/wp-json\/wp\/v2\/media\/3554"}],"wp:attachment":[{"href":"https:\/\/www.medical-sponge.com\/es\/wp-json\/wp\/v2\/media?parent=3553"}],"wp:term":[{"taxonomy":"product_brand","embeddable":true,"href":"https:\/\/www.medical-sponge.com\/es\/wp-json\/wp\/v2\/product_brand?post=3553"},{"taxonomy":"product_cat","embeddable":true,"href":"https:\/\/www.medical-sponge.com\/es\/wp-json\/wp\/v2\/product_cat?post=3553"},{"taxonomy":"product_tag","embeddable":true,"href":"https:\/\/www.medical-sponge.com\/es\/wp-json\/wp\/v2\/product_tag?post=3553"}],"curies":[{"name":"wp","href":"https:\/\/api.w.org\/{rel}","templated":true}]}}