{"id":3551,"date":"2024-09-14T16:42:31","date_gmt":"2024-09-14T08:42:31","guid":{"rendered":"https:\/\/www.medical-sponge.com\/reposacabezas-desechables-con-ranuras\/"},"modified":"2024-09-14T16:42:31","modified_gmt":"2024-09-14T08:42:31","slug":"reposacabezas-desechables-con-ranuras","status":"publish","type":"product","link":"https:\/\/www.medical-sponge.com\/es\/reposacabezas-desechables-con-ranuras.html","title":{"rendered":"Reposacabezas desechables con ranuras"},"content":{"rendered":"<table>\n<tbody>\n<tr>\n<td>Modelo<\/td>\n<td>Tama\u00f1o est\u00e1ndar<\/td>\n<td>Color<\/td>\n<td>Material<\/td>\n<\/tr>\n<tr>\n<td>REF MFL3103<\/td>\n<td>22cm x 20cm x 10cm, o personalizado<\/td>\n<td>Amarillo, verde, azul, Panton personalizado<\/td>\n<td>Personalizado<\/td>\n<\/tr>\n<\/tbody>\n<\/table>\n<h2>Aplicaciones:<\/h2>\n<ul>\n<li>Ex\u00e1menes m\u00e9dicos<\/li>\n<li>Dise\u00f1ado espec\u00edficamente para acomodar c\u00f3modamente un tubo endotraqueal.<\/li>\n<li>Dise\u00f1ado para su uso tanto en posici\u00f3n prona como supina.<\/li>\n<li>Procedimientos dentales<\/li>\n<li>Sesiones de fisioterapia<\/li>\n<li>Operaciones quir\u00fargicas<\/li>\n<li>Tratamientos cosm\u00e9ticos<\/li>\n<\/ul>\n","protected":false},"excerpt":{"rendered":"<ul>\n<li><strong>Limpieza: <\/strong> Reduce la posibilidad de contaminaci\u00f3n cruzada.<\/li>\n<li><strong>Sin esfuerzo:<\/strong> se desecha f\u00e1cilmente despu\u00e9s del uso, lo que elimina la necesidad de limpieza.<\/li>\n<li><strong>C\u00f3modo:<\/strong> El material suave y agradable para la piel evita la irritaci\u00f3n durante procedimientos prolongados.<\/li>\n<li><strong>Adaptable: <\/strong> apto para una variedad de prop\u00f3sitos m\u00e9dicos.<\/li>\n<li><strong>Rentable: <\/strong> Opci\u00f3n desechable de bajo costo para cl\u00ednicas y hospitales<\/li>\n<\/ul>\n","protected":false},"featured_media":1050,"comment_status":"open","ping_status":"closed","template":"","meta":{"site-sidebar-layout":"default","site-content-layout":"","ast-site-content-layout":"default","site-content-style":"default","site-sidebar-style":"default","ast-global-header-display":"","ast-banner-title-visibility":"","ast-main-header-display":"","ast-hfb-above-header-display":"","ast-hfb-below-header-display":"","ast-hfb-mobile-header-display":"","site-post-title":"","ast-breadcrumbs-content":"","ast-featured-img":"","footer-sml-layout":"","theme-transparent-header-meta":"default","adv-header-id-meta":"","stick-header-meta":"","header-above-stick-meta":"","header-main-stick-meta":"","header-below-stick-meta":"","astra-migrate-meta-layouts":"default","ast-page-background-enabled":"default","ast-page-background-meta":{"desktop":{"background-color":"var(--ast-global-color-4)","background-image":"","background-repeat":"repeat","background-position":"center center","background-size":"auto","background-attachment":"scroll","background-type":"","background-media":"","overlay-type":"","overlay-color":"","overlay-opacity":"","overlay-gradient":""},"tablet":{"background-color":"","background-image":"","background-repeat":"repeat","background-position":"center center","background-size":"auto","background-attachment":"scroll","background-type":"","background-media":"","overlay-type":"","overlay-color":"","overlay-opacity":"","overlay-gradient":""},"mobile":{"background-color":"","background-image":"","background-repeat":"repeat","background-position":"center center","background-size":"auto","background-attachment":"scroll","background-type":"","background-media":"","overlay-type":"","overlay-color":"","overlay-opacity":"","overlay-gradient":""}},"ast-content-background-meta":{"desktop":{"background-color":"var(--ast-global-color-5)","background-image":"","background-repeat":"repeat","background-position":"center center","background-size":"auto","background-attachment":"scroll","background-type":"","background-media":"","overlay-type":"","overlay-color":"","overlay-opacity":"","overlay-gradient":""},"tablet":{"background-color":"var(--ast-global-color-5)","background-image":"","background-repeat":"repeat","background-position":"center center","background-size":"auto","background-attachment":"scroll","background-type":"","background-media":"","overlay-type":"","overlay-color":"","overlay-opacity":"","overlay-gradient":""},"mobile":{"background-color":"var(--ast-global-color-5)","background-image":"","background-repeat":"repeat","background-position":"center center","background-size":"auto","background-attachment":"scroll","background-type":"","background-media":"","overlay-type":"","overlay-color":"","overlay-opacity":"","overlay-gradient":""}}},"product_brand":[],"product_cat":[63],"product_tag":[],"class_list":{"0":"post-3551","1":"product","2":"type-product","3":"status-publish","4":"has-post-thumbnail","6":"product_cat-almohadilla-de-posicionamiento","7":"desktop-align-left","8":"tablet-align-left","9":"mobile-align-left","11":"first","12":"instock","13":"shipping-taxable","14":"product-type-simple"},"_links":{"self":[{"href":"https:\/\/www.medical-sponge.com\/es\/wp-json\/wp\/v2\/product\/3551","targetHints":{"allow":["GET"]}}],"collection":[{"href":"https:\/\/www.medical-sponge.com\/es\/wp-json\/wp\/v2\/product"}],"about":[{"href":"https:\/\/www.medical-sponge.com\/es\/wp-json\/wp\/v2\/types\/product"}],"replies":[{"embeddable":true,"href":"https:\/\/www.medical-sponge.com\/es\/wp-json\/wp\/v2\/comments?post=3551"}],"version-history":[{"count":0,"href":"https:\/\/www.medical-sponge.com\/es\/wp-json\/wp\/v2\/product\/3551\/revisions"}],"wp:featuredmedia":[{"embeddable":true,"href":"https:\/\/www.medical-sponge.com\/es\/wp-json\/wp\/v2\/media\/1050"}],"wp:attachment":[{"href":"https:\/\/www.medical-sponge.com\/es\/wp-json\/wp\/v2\/media?parent=3551"}],"wp:term":[{"taxonomy":"product_brand","embeddable":true,"href":"https:\/\/www.medical-sponge.com\/es\/wp-json\/wp\/v2\/product_brand?post=3551"},{"taxonomy":"product_cat","embeddable":true,"href":"https:\/\/www.medical-sponge.com\/es\/wp-json\/wp\/v2\/product_cat?post=3551"},{"taxonomy":"product_tag","embeddable":true,"href":"https:\/\/www.medical-sponge.com\/es\/wp-json\/wp\/v2\/product_tag?post=3551"}],"curies":[{"name":"wp","href":"https:\/\/api.w.org\/{rel}","templated":true}]}}