{"id":3549,"date":"2024-09-14T16:43:51","date_gmt":"2024-09-14T08:43:51","guid":{"rendered":"https:\/\/www.medical-sponge.com\/reposacabezas-desechables\/"},"modified":"2024-09-14T16:43:51","modified_gmt":"2024-09-14T08:43:51","slug":"reposacabezas-desechables","status":"publish","type":"product","link":"https:\/\/www.medical-sponge.com\/es\/reposacabezas-desechables.html","title":{"rendered":"Reposacabezas desechables"},"content":{"rendered":"<table>\n<tbody>\n<tr>\n<td>Modelo<\/td>\n<td>Tama\u00f1o est\u00e1ndar<\/td>\n<td>Material<\/td>\n<td>Color<\/td>\n<\/tr>\n<tr>\n<td>REF MFL3103<\/td>\n<td>22cm x 20cm x 10cm, o personalizado<\/td>\n<td rowspan=\"2\">Personalizado<\/td>\n<td rowspan=\"2\">Panton amarillo, verde y personalizado<\/td>\n<\/tr>\n<tr>\n<td>REF MFL3108<\/td>\n<td>23cm x 21cm x12cm, o personalizado<\/td>\n<\/tr>\n<\/tbody>\n<\/table>\n<p>&nbsp;<\/p>\n","protected":false},"excerpt":{"rendered":"<ul>\n<li><strong>Material de alta calidad: <\/strong> Tejido suave y transpirable para mayor durabilidad y comodidad.<\/li>\n<li><strong>C\u00f3modo:<\/strong> La textura suave mejora la comodidad del cliente durante el uso.<\/li>\n<li><strong>Ajuste universal:<\/strong> se adapta a la mayor\u00eda de las mesas de masaje y camas m\u00e9dicas est\u00e1ndar.<\/li>\n<li><strong>Hipoalerg\u00e9nico: <\/strong> Seguro para pieles sensibles, reduciendo el riesgo de irritaci\u00f3n.<\/li>\n<li><strong>Absorbente de humedad: <\/strong> absorbe la humedad, manteniendo las superficies secas y c\u00f3modas.<\/li>\n<\/ul>\n","protected":false},"featured_media":1056,"comment_status":"open","ping_status":"closed","template":"","meta":{"site-sidebar-layout":"default","site-content-layout":"","ast-site-content-layout":"default","site-content-style":"default","site-sidebar-style":"default","ast-global-header-display":"","ast-banner-title-visibility":"","ast-main-header-display":"","ast-hfb-above-header-display":"","ast-hfb-below-header-display":"","ast-hfb-mobile-header-display":"","site-post-title":"","ast-breadcrumbs-content":"","ast-featured-img":"","footer-sml-layout":"","theme-transparent-header-meta":"default","adv-header-id-meta":"","stick-header-meta":"","header-above-stick-meta":"","header-main-stick-meta":"","header-below-stick-meta":"","astra-migrate-meta-layouts":"default","ast-page-background-enabled":"default","ast-page-background-meta":{"desktop":{"background-color":"var(--ast-global-color-4)","background-image":"","background-repeat":"repeat","background-position":"center center","background-size":"auto","background-attachment":"scroll","background-type":"","background-media":"","overlay-type":"","overlay-color":"","overlay-opacity":"","overlay-gradient":""},"tablet":{"background-color":"","background-image":"","background-repeat":"repeat","background-position":"center center","background-size":"auto","background-attachment":"scroll","background-type":"","background-media":"","overlay-type":"","overlay-color":"","overlay-opacity":"","overlay-gradient":""},"mobile":{"background-color":"","background-image":"","background-repeat":"repeat","background-position":"center center","background-size":"auto","background-attachment":"scroll","background-type":"","background-media":"","overlay-type":"","overlay-color":"","overlay-opacity":"","overlay-gradient":""}},"ast-content-background-meta":{"desktop":{"background-color":"var(--ast-global-color-5)","background-image":"","background-repeat":"repeat","background-position":"center center","background-size":"auto","background-attachment":"scroll","background-type":"","background-media":"","overlay-type":"","overlay-color":"","overlay-opacity":"","overlay-gradient":""},"tablet":{"background-color":"var(--ast-global-color-5)","background-image":"","background-repeat":"repeat","background-position":"center center","background-size":"auto","background-attachment":"scroll","background-type":"","background-media":"","overlay-type":"","overlay-color":"","overlay-opacity":"","overlay-gradient":""},"mobile":{"background-color":"var(--ast-global-color-5)","background-image":"","background-repeat":"repeat","background-position":"center center","background-size":"auto","background-attachment":"scroll","background-type":"","background-media":"","overlay-type":"","overlay-color":"","overlay-opacity":"","overlay-gradient":""}}},"product_brand":[],"product_cat":[63],"product_tag":[],"class_list":{"0":"post-3549","1":"product","2":"type-product","3":"status-publish","4":"has-post-thumbnail","6":"product_cat-almohadilla-de-posicionamiento","7":"desktop-align-left","8":"tablet-align-left","9":"mobile-align-left","11":"first","12":"instock","13":"shipping-taxable","14":"product-type-simple"},"_links":{"self":[{"href":"https:\/\/www.medical-sponge.com\/es\/wp-json\/wp\/v2\/product\/3549","targetHints":{"allow":["GET"]}}],"collection":[{"href":"https:\/\/www.medical-sponge.com\/es\/wp-json\/wp\/v2\/product"}],"about":[{"href":"https:\/\/www.medical-sponge.com\/es\/wp-json\/wp\/v2\/types\/product"}],"replies":[{"embeddable":true,"href":"https:\/\/www.medical-sponge.com\/es\/wp-json\/wp\/v2\/comments?post=3549"}],"version-history":[{"count":0,"href":"https:\/\/www.medical-sponge.com\/es\/wp-json\/wp\/v2\/product\/3549\/revisions"}],"wp:featuredmedia":[{"embeddable":true,"href":"https:\/\/www.medical-sponge.com\/es\/wp-json\/wp\/v2\/media\/1056"}],"wp:attachment":[{"href":"https:\/\/www.medical-sponge.com\/es\/wp-json\/wp\/v2\/media?parent=3549"}],"wp:term":[{"taxonomy":"product_brand","embeddable":true,"href":"https:\/\/www.medical-sponge.com\/es\/wp-json\/wp\/v2\/product_brand?post=3549"},{"taxonomy":"product_cat","embeddable":true,"href":"https:\/\/www.medical-sponge.com\/es\/wp-json\/wp\/v2\/product_cat?post=3549"},{"taxonomy":"product_tag","embeddable":true,"href":"https:\/\/www.medical-sponge.com\/es\/wp-json\/wp\/v2\/product_tag?post=3549"}],"curies":[{"name":"wp","href":"https:\/\/api.w.org\/{rel}","templated":true}]}}