{"id":3543,"date":"2024-09-19T10:36:30","date_gmt":"2024-09-19T02:36:30","guid":{"rendered":"https:\/\/www.medical-sponge.com\/almohadillas-desechables-con-espirales\/"},"modified":"2024-12-09T16:11:06","modified_gmt":"2024-12-09T08:11:06","slug":"almohadillas-desechables-con-espirales","status":"publish","type":"product","link":"https:\/\/www.medical-sponge.com\/es\/almohadillas-desechables-con-espirales.html","title":{"rendered":"Almohadillas desechables con espirales"},"content":{"rendered":"<table>\n<tbody>\n<tr>\n<td>Modelo<\/td>\n<td>Tama\u00f1o est\u00e1ndar<\/td>\n<\/tr>\n<tr>\n<td>DCP-MFL2201A<\/td>\n<td>2 cm x 8 cm x 20 cm<\/td>\n<\/tr>\n<tr>\n<td>DCP-MFL2201B<\/td>\n<td>2 cm x 8 cm x 26 cm<\/td>\n<\/tr>\n<tr>\n<td>DCP-MFL2201C<\/td>\n<td>2 cm x 9 cm x 16 cm<\/td>\n<\/tr>\n<tr>\n<td>DCP-MFL2201D<\/td>\n<td>2 cm x 6 cm x 16 cm<\/td>\n<\/tr>\n<\/tbody>\n<\/table>\n<h2>Funci\u00f3n<\/h2>\n<ul>\n<li><strong>Distribuci\u00f3n de la tensi\u00f3n:<\/strong> al redistribuir el peso de manera uniforme, la forma ondulada (en forma de huevo) reduce la tensi\u00f3n en regiones importantes, incluidos los talones, las caderas y la espalda.<\/li>\n<li><strong>Previene las escaras: <\/strong> al minimizar la presi\u00f3n en las \u00e1reas vulnerables, las almohadillas ayudan a reducir el riesgo de desarrollar escaras o \u00falceras por presi\u00f3n. <\/li>\n<li><strong>Circulaci\u00f3n de aire: <\/strong> El dise\u00f1o permite un mejor flujo de aire, lo que ayuda a reducir la acumulaci\u00f3n de calor y humedad, manteniendo la piel del paciente seca y c\u00f3moda.<\/li>\n<li><strong>Mejora la comodidad: <\/strong> proporciona un efecto de amortiguaci\u00f3n que aumenta la comodidad del paciente, especialmente para aquellos que est\u00e1n postrados en cama o sentados durante per\u00edodos prolongados.<\/li>\n<li><strong>Mantenimiento de la higiene:<\/strong> Debido a que las almohadillas son desechables y est\u00e1n hechas para un solo uso, hay una menor probabilidad de infecci\u00f3n y una opci\u00f3n m\u00e1s higi\u00e9nica para el cuidado del paciente.<\/li>\n<\/ul>\n<p><img fetchpriority=\"high\" decoding=\"async\" class=\"size-full wp-image-1325 aligncenter\" src=\"https:\/\/www.medical-sponge.com\/wp-content\/uploads\/2024\/09\/Disposable-Convoluted-Pads.jpeg\" alt=\"Almohadillas desechables con espirales\" width=\"750\" height=\"750\" srcset=\"https:\/\/www.medical-sponge.com\/wp-content\/uploads\/2024\/09\/Disposable-Convoluted-Pads.jpeg 750w, https:\/\/www.medical-sponge.com\/wp-content\/uploads\/2024\/09\/Disposable-Convoluted-Pads-300x300.jpeg 300w, https:\/\/www.medical-sponge.com\/wp-content\/uploads\/2024\/09\/Disposable-Convoluted-Pads-150x150.jpeg 150w, https:\/\/www.medical-sponge.com\/wp-content\/uploads\/2024\/09\/Disposable-Convoluted-Pads-600x600.jpeg 600w, https:\/\/www.medical-sponge.com\/wp-content\/uploads\/2024\/09\/Disposable-Convoluted-Pads-100x100.jpeg 100w\" sizes=\"(max-width: 750px) 100vw, 750px\" \/><\/p>\n<div id=\"gtx-trans\" style=\"position: absolute; left: 781px; top: 10.1875px;\">\n<div class=\"gtx-trans-icon\"><\/div>\n<\/div>\n","protected":false},"excerpt":{"rendered":"<ul>\n<li><strong>Modelo:<\/strong> DCP-MFL2201A-D<\/li>\n<li><strong>Tama\u00f1o:<\/strong> 51 cm x 31 cm x 5 cm, personalizado<\/li>\n<li><strong>Color: <\/strong> Amarillo, verde, azul, Panton personalizado.<\/li>\n<li><strong>Material: <\/strong> Personalizado<\/li>\n<li><strong>Escenarios de aplicaci\u00f3n: <\/strong> entornos sanitarios, como hospitales y residencias de ancianos.<\/li>\n<\/ul>\n","protected":false},"featured_media":1322,"comment_status":"open","ping_status":"closed","template":"","meta":{"site-sidebar-layout":"default","site-content-layout":"","ast-site-content-layout":"default","site-content-style":"default","site-sidebar-style":"default","ast-global-header-display":"","ast-banner-title-visibility":"","ast-main-header-display":"","ast-hfb-above-header-display":"","ast-hfb-below-header-display":"","ast-hfb-mobile-header-display":"","site-post-title":"","ast-breadcrumbs-content":"","ast-featured-img":"","footer-sml-layout":"","theme-transparent-header-meta":"default","adv-header-id-meta":"","stick-header-meta":"","header-above-stick-meta":"","header-main-stick-meta":"","header-below-stick-meta":"","astra-migrate-meta-layouts":"default","ast-page-background-enabled":"default","ast-page-background-meta":{"desktop":{"background-color":"var(--ast-global-color-4)","background-image":"","background-repeat":"repeat","background-position":"center center","background-size":"auto","background-attachment":"scroll","background-type":"","background-media":"","overlay-type":"","overlay-color":"","overlay-opacity":"","overlay-gradient":""},"tablet":{"background-color":"","background-image":"","background-repeat":"repeat","background-position":"center center","background-size":"auto","background-attachment":"scroll","background-type":"","background-media":"","overlay-type":"","overlay-color":"","overlay-opacity":"","overlay-gradient":""},"mobile":{"background-color":"","background-image":"","background-repeat":"repeat","background-position":"center center","background-size":"auto","background-attachment":"scroll","background-type":"","background-media":"","overlay-type":"","overlay-color":"","overlay-opacity":"","overlay-gradient":""}},"ast-content-background-meta":{"desktop":{"background-color":"var(--ast-global-color-5)","background-image":"","background-repeat":"repeat","background-position":"center center","background-size":"auto","background-attachment":"scroll","background-type":"","background-media":"","overlay-type":"","overlay-color":"","overlay-opacity":"","overlay-gradient":""},"tablet":{"background-color":"var(--ast-global-color-5)","background-image":"","background-repeat":"repeat","background-position":"center center","background-size":"auto","background-attachment":"scroll","background-type":"","background-media":"","overlay-type":"","overlay-color":"","overlay-opacity":"","overlay-gradient":""},"mobile":{"background-color":"var(--ast-global-color-5)","background-image":"","background-repeat":"repeat","background-position":"center center","background-size":"auto","background-attachment":"scroll","background-type":"","background-media":"","overlay-type":"","overlay-color":"","overlay-opacity":"","overlay-gradient":""}}},"product_brand":[],"product_cat":[63],"product_tag":[],"class_list":{"0":"post-3543","1":"product","2":"type-product","3":"status-publish","4":"has-post-thumbnail","6":"product_cat-almohadilla-de-posicionamiento","7":"desktop-align-left","8":"tablet-align-left","9":"mobile-align-left","11":"first","12":"instock","13":"shipping-taxable","14":"product-type-simple"},"_links":{"self":[{"href":"https:\/\/www.medical-sponge.com\/es\/wp-json\/wp\/v2\/product\/3543","targetHints":{"allow":["GET"]}}],"collection":[{"href":"https:\/\/www.medical-sponge.com\/es\/wp-json\/wp\/v2\/product"}],"about":[{"href":"https:\/\/www.medical-sponge.com\/es\/wp-json\/wp\/v2\/types\/product"}],"replies":[{"embeddable":true,"href":"https:\/\/www.medical-sponge.com\/es\/wp-json\/wp\/v2\/comments?post=3543"}],"version-history":[{"count":1,"href":"https:\/\/www.medical-sponge.com\/es\/wp-json\/wp\/v2\/product\/3543\/revisions"}],"predecessor-version":[{"id":3546,"href":"https:\/\/www.medical-sponge.com\/es\/wp-json\/wp\/v2\/product\/3543\/revisions\/3546"}],"wp:featuredmedia":[{"embeddable":true,"href":"https:\/\/www.medical-sponge.com\/es\/wp-json\/wp\/v2\/media\/1322"}],"wp:attachment":[{"href":"https:\/\/www.medical-sponge.com\/es\/wp-json\/wp\/v2\/media?parent=3543"}],"wp:term":[{"taxonomy":"product_brand","embeddable":true,"href":"https:\/\/www.medical-sponge.com\/es\/wp-json\/wp\/v2\/product_brand?post=3543"},{"taxonomy":"product_cat","embeddable":true,"href":"https:\/\/www.medical-sponge.com\/es\/wp-json\/wp\/v2\/product_cat?post=3543"},{"taxonomy":"product_tag","embeddable":true,"href":"https:\/\/www.medical-sponge.com\/es\/wp-json\/wp\/v2\/product_tag?post=3543"}],"curies":[{"name":"wp","href":"https:\/\/api.w.org\/{rel}","templated":true}]}}