{"id":3536,"date":"2024-09-19T13:57:31","date_gmt":"2024-09-19T05:57:31","guid":{"rendered":"https:\/\/www.medical-sponge.com\/protector-de-espuma-desechable-para-talon\/"},"modified":"2024-09-19T13:57:31","modified_gmt":"2024-09-19T05:57:31","slug":"protector-de-espuma-desechable-para-talon","status":"publish","type":"product","link":"https:\/\/www.medical-sponge.com\/es\/protector-de-espuma-desechable-para-talon.html","title":{"rendered":"Protector de espuma desechable para tal\u00f3n"},"content":{"rendered":"<table>\n<tbody>\n<tr>\n<td>Modelo<\/td>\n<td>Tama\u00f1o est\u00e1ndar<\/td>\n<\/tr>\n<tr>\n<td>HFP3210<\/td>\n<td>30 cm x 45 cm x 4 cm<\/td>\n<\/tr>\n<tr>\n<td>HFP3208<\/td>\n<td>22,86 cm x 35,56 cm x 3,81 cm<\/td>\n<\/tr>\n<tr>\n<td>HFP3205<\/td>\n<td>20 cm x 33 cm x 3,81 cm<\/td>\n<\/tr>\n<\/tbody>\n<\/table>\n<h2>Ventaja<\/h2>\n<ul>\n<li><strong>Alivio de presi\u00f3n: <\/strong> Amortigua el tal\u00f3n, reduciendo la presi\u00f3n y la fricci\u00f3n para ayudar a prevenir las \u00falceras y las llagas por presi\u00f3n, especialmente en pacientes confinados en cama durante per\u00edodos prolongados.<\/li>\n<li><strong>Protecci\u00f3n: <\/strong> Protege el tal\u00f3n de lesiones e irritaciones causadas por el contacto con superficies como s\u00e1banas o equipos m\u00e9dicos.<\/li>\n<li><strong>Soporte y comodidad:<\/strong> proporciona un soporte suave y c\u00f3modo al tal\u00f3n, mejorando la comodidad general del paciente durante la recuperaci\u00f3n o la inmovilidad.<\/li>\n<li><strong>Flujo de aire mejorado:<\/strong> el dise\u00f1o de espuma permite una mejor ventilaci\u00f3n alrededor del tal\u00f3n, lo que ayuda a mantener el \u00e1rea seca y fresca, lo que promueve la salud de la piel.<\/li>\n<li><strong>Mantenimiento de la Higiene: <\/strong> Al ser desechable, asegura una soluci\u00f3n higi\u00e9nica, reduciendo el riesgo de infecci\u00f3n o contaminaci\u00f3n en entornos m\u00e9dicos.<\/li>\n<\/ul>\n<div id=\"gtx-trans\" style=\"position: absolute; left: 79px; top: 10.1875px;\">\n<div class=\"gtx-trans-icon\"><\/div>\n<\/div>\n","protected":false},"excerpt":{"rendered":"<ul>\n<li><strong>Modelo:<\/strong> HFP3205-3210<\/li>\n<li><strong>Tama\u00f1o:<\/strong> 22,86 cm x 35,56 cm x 3,81 cm de grosor, personalizado<\/li>\n<li><strong>Color:<\/strong> Amarillo, verde, azul, Panton personalizado.<\/li>\n<li><strong>Material: <\/strong> Personalizado<\/li>\n<\/ul>\n","protected":false},"featured_media":1342,"comment_status":"open","ping_status":"closed","template":"","meta":{"site-sidebar-layout":"default","site-content-layout":"","ast-site-content-layout":"default","site-content-style":"default","site-sidebar-style":"default","ast-global-header-display":"","ast-banner-title-visibility":"","ast-main-header-display":"","ast-hfb-above-header-display":"","ast-hfb-below-header-display":"","ast-hfb-mobile-header-display":"","site-post-title":"","ast-breadcrumbs-content":"","ast-featured-img":"","footer-sml-layout":"","theme-transparent-header-meta":"default","adv-header-id-meta":"","stick-header-meta":"","header-above-stick-meta":"","header-main-stick-meta":"","header-below-stick-meta":"","astra-migrate-meta-layouts":"default","ast-page-background-enabled":"default","ast-page-background-meta":{"desktop":{"background-color":"var(--ast-global-color-4)","background-image":"","background-repeat":"repeat","background-position":"center center","background-size":"auto","background-attachment":"scroll","background-type":"","background-media":"","overlay-type":"","overlay-color":"","overlay-opacity":"","overlay-gradient":""},"tablet":{"background-color":"","background-image":"","background-repeat":"repeat","background-position":"center center","background-size":"auto","background-attachment":"scroll","background-type":"","background-media":"","overlay-type":"","overlay-color":"","overlay-opacity":"","overlay-gradient":""},"mobile":{"background-color":"","background-image":"","background-repeat":"repeat","background-position":"center center","background-size":"auto","background-attachment":"scroll","background-type":"","background-media":"","overlay-type":"","overlay-color":"","overlay-opacity":"","overlay-gradient":""}},"ast-content-background-meta":{"desktop":{"background-color":"var(--ast-global-color-5)","background-image":"","background-repeat":"repeat","background-position":"center center","background-size":"auto","background-attachment":"scroll","background-type":"","background-media":"","overlay-type":"","overlay-color":"","overlay-opacity":"","overlay-gradient":""},"tablet":{"background-color":"var(--ast-global-color-5)","background-image":"","background-repeat":"repeat","background-position":"center center","background-size":"auto","background-attachment":"scroll","background-type":"","background-media":"","overlay-type":"","overlay-color":"","overlay-opacity":"","overlay-gradient":""},"mobile":{"background-color":"var(--ast-global-color-5)","background-image":"","background-repeat":"repeat","background-position":"center center","background-size":"auto","background-attachment":"scroll","background-type":"","background-media":"","overlay-type":"","overlay-color":"","overlay-opacity":"","overlay-gradient":""}}},"product_brand":[],"product_cat":[63],"product_tag":[],"class_list":{"0":"post-3536","1":"product","2":"type-product","3":"status-publish","4":"has-post-thumbnail","6":"product_cat-almohadilla-de-posicionamiento","7":"desktop-align-left","8":"tablet-align-left","9":"mobile-align-left","11":"first","12":"instock","13":"shipping-taxable","14":"product-type-simple"},"_links":{"self":[{"href":"https:\/\/www.medical-sponge.com\/es\/wp-json\/wp\/v2\/product\/3536","targetHints":{"allow":["GET"]}}],"collection":[{"href":"https:\/\/www.medical-sponge.com\/es\/wp-json\/wp\/v2\/product"}],"about":[{"href":"https:\/\/www.medical-sponge.com\/es\/wp-json\/wp\/v2\/types\/product"}],"replies":[{"embeddable":true,"href":"https:\/\/www.medical-sponge.com\/es\/wp-json\/wp\/v2\/comments?post=3536"}],"version-history":[{"count":1,"href":"https:\/\/www.medical-sponge.com\/es\/wp-json\/wp\/v2\/product\/3536\/revisions"}],"predecessor-version":[{"id":5729,"href":"https:\/\/www.medical-sponge.com\/es\/wp-json\/wp\/v2\/product\/3536\/revisions\/5729"}],"wp:featuredmedia":[{"embeddable":true,"href":"https:\/\/www.medical-sponge.com\/es\/wp-json\/wp\/v2\/media\/1342"}],"wp:attachment":[{"href":"https:\/\/www.medical-sponge.com\/es\/wp-json\/wp\/v2\/media?parent=3536"}],"wp:term":[{"taxonomy":"product_brand","embeddable":true,"href":"https:\/\/www.medical-sponge.com\/es\/wp-json\/wp\/v2\/product_brand?post=3536"},{"taxonomy":"product_cat","embeddable":true,"href":"https:\/\/www.medical-sponge.com\/es\/wp-json\/wp\/v2\/product_cat?post=3536"},{"taxonomy":"product_tag","embeddable":true,"href":"https:\/\/www.medical-sponge.com\/es\/wp-json\/wp\/v2\/product_tag?post=3536"}],"curies":[{"name":"wp","href":"https:\/\/api.w.org\/{rel}","templated":true}]}}