{"id":3407,"date":"2024-09-10T17:04:15","date_gmt":"2024-09-10T09:04:15","guid":{"rendered":"https:\/\/www.medical-sponge.com\/apoyo\/"},"modified":"2025-02-06T09:47:05","modified_gmt":"2025-02-06T01:47:05","slug":"apoyo","status":"publish","type":"page","link":"https:\/\/www.medical-sponge.com\/es\/apoyo\/","title":{"rendered":"Apoyo"},"content":{"rendered":"\t\t<div data-elementor-type=\"wp-page\" data-elementor-id=\"3407\" class=\"elementor elementor-3407 elementor-411\" data-elementor-post-type=\"page\">\n\t\t\t\t<div class=\"elementor-element elementor-element-76cd632 e-flex e-con-boxed wpr-particle-no wpr-jarallax-no wpr-parallax-no wpr-sticky-section-no e-con e-parent\" data-id=\"76cd632\" data-element_type=\"container\" data-settings=\"{&quot;background_background&quot;:&quot;classic&quot;,&quot;_ha_eqh_enable&quot;:false}\">\n\t\t\t\t\t<div class=\"e-con-inner\">\n\t\t<div class=\"elementor-element elementor-element-9d3cfa5 e-con-full e-flex wpr-particle-no wpr-jarallax-no wpr-parallax-no wpr-sticky-section-no e-con e-child\" data-id=\"9d3cfa5\" data-element_type=\"container\" data-settings=\"{&quot;_ha_eqh_enable&quot;:false}\">\n\t\t\t\t<div class=\"elementor-element elementor-element-2bdd958 elementor-widget elementor-widget-heading\" data-id=\"2bdd958\" data-element_type=\"widget\" data-widget_type=\"heading.default\">\n\t\t\t\t<div class=\"elementor-widget-container\">\n\t\t\t<h2 class=\"elementor-heading-title elementor-size-default\">Apoyo<br><\/h2>\t\t<\/div>\n\t\t\t\t<\/div>\n\t\t\t\t<div class=\"elementor-element elementor-element-b90a861 elementor-widget elementor-widget-text-editor\" data-id=\"b90a861\" data-element_type=\"widget\" data-widget_type=\"text-editor.default\">\n\t\t\t\t<div class=\"elementor-widget-container\">\n\t\t\t\t\t\t\t<p>Nuestro objetivo es brindar a los SOCIOS el mejor servicio y soporte posible.<\/p>\n\t\t\t\t\t\t<\/div>\n\t\t\t\t<\/div>\n\t\t\t\t<\/div>\n\t\t\t\t\t<\/div>\n\t\t\t\t<\/div>\n\t\t<div class=\"elementor-element elementor-element-dadc02d e-flex e-con-boxed wpr-particle-no wpr-jarallax-no wpr-parallax-no wpr-sticky-section-no e-con e-parent\" data-id=\"dadc02d\" data-element_type=\"container\" data-settings=\"{&quot;_ha_eqh_enable&quot;:false}\">\n\t\t\t\t\t<div class=\"e-con-inner\">\n\t\t<div class=\"elementor-element elementor-element-b36d2d5 e-con-full e-flex wpr-particle-no wpr-jarallax-no wpr-parallax-no wpr-sticky-section-no e-con e-child\" data-id=\"b36d2d5\" data-element_type=\"container\" data-settings=\"{&quot;background_background&quot;:&quot;classic&quot;,&quot;_ha_eqh_enable&quot;:false}\">\n\t\t\t\t<div class=\"elementor-element elementor-element-15c5d80 elementor-widget elementor-widget-heading\" data-id=\"15c5d80\" data-element_type=\"widget\" data-widget_type=\"heading.default\">\n\t\t\t\t<div class=\"elementor-widget-container\">\n\t\t\t<h2 class=\"elementor-heading-title elementor-size-default\">NUESTRO OBJETIVO<\/h2>\t\t<\/div>\n\t\t\t\t<\/div>\n\t\t\t\t<div class=\"elementor-element elementor-element-6a1f138 elementor-widget-divider--view-line elementor-widget elementor-widget-divider\" data-id=\"6a1f138\" data-element_type=\"widget\" data-widget_type=\"divider.default\">\n\t\t\t\t<div class=\"elementor-widget-container\">\n\t\t\t\t\t<div class=\"elementor-divider\">\n\t\t\t<span class=\"elementor-divider-separator\">\n\t\t\t\t\t\t<\/span>\n\t\t<\/div>\n\t\t\t\t<\/div>\n\t\t\t\t<\/div>\n\t\t\t\t<div class=\"elementor-element elementor-element-1f8d00c elementor-widget elementor-widget-text-editor\" data-id=\"1f8d00c\" data-element_type=\"widget\" data-widget_type=\"text-editor.default\">\n\t\t\t\t<div class=\"elementor-widget-container\">\n\t\t\t\t\t\t\t<p>Estamos comprometidos a proporcionar los mejores suministros m\u00e9dicos y un servicio al cliente excepcional a nuestros clientes.<\/p>\n<p>Nuestro objetivo es ayudarlo a satisfacer todas sus necesidades de suministros m\u00e9dicos de manera r\u00e1pida y eficiente.<\/p>\n<p>Independientemente de su ubicaci\u00f3n en el planeta.<\/p>\n\t\t\t\t\t\t<\/div>\n\t\t\t\t<\/div>\n\t\t\t\t<div class=\"elementor-element elementor-element-93edda3 elementor-widget elementor-widget-text-editor\" data-id=\"93edda3\" data-element_type=\"widget\" data-widget_type=\"text-editor.default\">\n\t\t\t\t<div class=\"elementor-widget-container\">\n\t\t\t\t\t\t\t<p>Para lograr este objetivo, ofrecemos una gama de servicios de apoyo a nuestros clientes.<\/p>\n\t\t\t\t\t\t<\/div>\n\t\t\t\t<\/div>\n\t\t\t\t<\/div>\n\t\t\t\t\t<\/div>\n\t\t\t\t<\/div>\n\t\t<div class=\"elementor-element elementor-element-741f61a e-flex e-con-boxed wpr-particle-no wpr-jarallax-no wpr-parallax-no wpr-sticky-section-no e-con e-parent\" data-id=\"741f61a\" data-element_type=\"container\" data-settings=\"{&quot;_ha_eqh_enable&quot;:false}\">\n\t\t\t\t\t<div class=\"e-con-inner\">\n\t\t<div class=\"elementor-element elementor-element-0893038 e-con-full e-flex wpr-particle-no wpr-jarallax-no wpr-parallax-no wpr-sticky-section-no e-con e-child\" data-id=\"0893038\" data-element_type=\"container\" data-settings=\"{&quot;_ha_eqh_enable&quot;:false}\">\n\t\t\t\t<div class=\"elementor-element elementor-element-8386490 elementor-widget elementor-widget-heading\" data-id=\"8386490\" data-element_type=\"widget\" data-widget_type=\"heading.default\">\n\t\t\t\t<div class=\"elementor-widget-container\">\n\t\t\t<h2 class=\"elementor-heading-title elementor-size-default\">SERVICIOS DE SOPORTE<\/h2>\t\t<\/div>\n\t\t\t\t<\/div>\n\t\t\t\t<div class=\"elementor-element elementor-element-d57cafb elementor-widget-divider--view-line elementor-widget elementor-widget-divider\" data-id=\"d57cafb\" data-element_type=\"widget\" data-widget_type=\"divider.default\">\n\t\t\t\t<div class=\"elementor-widget-container\">\n\t\t\t\t\t<div class=\"elementor-divider\">\n\t\t\t<span class=\"elementor-divider-separator\">\n\t\t\t\t\t\t<\/span>\n\t\t<\/div>\n\t\t\t\t<\/div>\n\t\t\t\t<\/div>\n\t\t\t\t<\/div>\n\t\t<div class=\"elementor-element elementor-element-0b83029 e-con-full e-grid wpr-particle-no wpr-jarallax-no wpr-parallax-no wpr-sticky-section-no e-con e-child\" data-id=\"0b83029\" data-element_type=\"container\" data-settings=\"{&quot;_ha_eqh_enable&quot;:false}\">\n\t\t<div class=\"elementor-element elementor-element-037fb6b e-con-full e-flex wpr-particle-no wpr-jarallax-no wpr-parallax-no wpr-sticky-section-no e-con e-child\" data-id=\"037fb6b\" data-element_type=\"container\" data-settings=\"{&quot;_ha_eqh_enable&quot;:false}\">\n\t\t\t\t<div class=\"elementor-element elementor-element-c865c83 elementor-position-left elementor-vertical-align-middle elementor-widget elementor-widget-image-box\" data-id=\"c865c83\" data-element_type=\"widget\" data-widget_type=\"image-box.default\">\n\t\t\t\t<div class=\"elementor-widget-container\">\n\t\t\t<div class=\"elementor-image-box-wrapper\"><figure class=\"elementor-image-box-img\"><img decoding=\"async\" width=\"52\" height=\"52\" src=\"https:\/\/www.medical-sponge.com\/wp-content\/uploads\/2024\/09\/International-Shipping.png\" class=\"attachment-full size-full wp-image-3413\" alt=\"Env\u00edos internacionales\" \/><\/figure><div class=\"elementor-image-box-content\"><h3 class=\"elementor-image-box-title\">Env\u00edos internacionales<\/h3><\/div><\/div>\t\t<\/div>\n\t\t\t\t<\/div>\n\t\t\t\t<div class=\"elementor-element elementor-element-2f5743c elementor-widget elementor-widget-image\" data-id=\"2f5743c\" data-element_type=\"widget\" data-widget_type=\"image.default\">\n\t\t\t\t<div class=\"elementor-widget-container\">\n\t\t\t\t\t\t\t\t\t\t\t\t\t<img fetchpriority=\"high\" decoding=\"async\" width=\"600\" height=\"350\" src=\"https:\/\/www.medical-sponge.com\/wp-content\/uploads\/2024\/09\/International-Shipping.jpg\" class=\"attachment-full size-full wp-image-3412\" alt=\"Env\u00edos internacionales\" srcset=\"https:\/\/www.medical-sponge.com\/wp-content\/uploads\/2024\/09\/International-Shipping.jpg 600w, https:\/\/www.medical-sponge.com\/wp-content\/uploads\/2024\/09\/International-Shipping-300x175.jpg 300w\" sizes=\"(max-width: 600px) 100vw, 600px\" \/>\t\t\t\t\t\t\t\t\t\t\t\t\t<\/div>\n\t\t\t\t<\/div>\n\t\t\t\t<div class=\"elementor-element elementor-element-68aa771 elementor-widget elementor-widget-text-editor\" data-id=\"68aa771\" data-element_type=\"widget\" data-widget_type=\"text-editor.default\">\n\t\t\t\t<div class=\"elementor-widget-container\">\n\t\t\t\t\t\t\t<p>Tenemos la capacidad de enviar nuestros productos a casi cualquier lugar de la Tierra.<\/p>\n<p>Juntos, usted y nuestro personal se asegurar\u00e1n de que su producto se entregue r\u00e1pidamente y sin da\u00f1os.<\/p>\n\t\t\t\t\t\t<\/div>\n\t\t\t\t<\/div>\n\t\t\t\t<\/div>\n\t\t<div class=\"elementor-element elementor-element-8d88f47 e-con-full e-flex wpr-particle-no wpr-jarallax-no wpr-parallax-no wpr-sticky-section-no e-con e-child\" data-id=\"8d88f47\" data-element_type=\"container\" data-settings=\"{&quot;_ha_eqh_enable&quot;:false}\">\n\t\t\t\t<div class=\"elementor-element elementor-element-dc39664 elementor-position-left elementor-vertical-align-middle elementor-widget elementor-widget-image-box\" data-id=\"dc39664\" data-element_type=\"widget\" data-widget_type=\"image-box.default\">\n\t\t\t\t<div class=\"elementor-widget-container\">\n\t\t\t<div class=\"elementor-image-box-wrapper\"><figure class=\"elementor-image-box-img\"><img decoding=\"async\" width=\"52\" height=\"52\" src=\"https:\/\/www.medical-sponge.com\/wp-content\/uploads\/2024\/09\/Product-Customazation.png\" class=\"attachment-full size-full wp-image-3414\" alt=\"Personalizaci\u00f3n del producto\" \/><\/figure><div class=\"elementor-image-box-content\"><h3 class=\"elementor-image-box-title\">Personalizaci\u00f3n del producto<\/h3><\/div><\/div>\t\t<\/div>\n\t\t\t\t<\/div>\n\t\t\t\t<div class=\"elementor-element elementor-element-9fdd879 elementor-widget elementor-widget-image\" data-id=\"9fdd879\" data-element_type=\"widget\" data-widget_type=\"image.default\">\n\t\t\t\t<div class=\"elementor-widget-container\">\n\t\t\t\t\t\t\t\t\t\t\t\t\t<img loading=\"lazy\" decoding=\"async\" width=\"600\" height=\"350\" src=\"https:\/\/www.medical-sponge.com\/wp-content\/uploads\/2024\/09\/Product-Customazation.jpg\" class=\"attachment-full size-full wp-image-3417\" alt=\"Personalizaci\u00f3n del producto\" srcset=\"https:\/\/www.medical-sponge.com\/wp-content\/uploads\/2024\/09\/Product-Customazation.jpg 600w, https:\/\/www.medical-sponge.com\/wp-content\/uploads\/2024\/09\/Product-Customazation-300x175.jpg 300w\" sizes=\"(max-width: 600px) 100vw, 600px\" \/>\t\t\t\t\t\t\t\t\t\t\t\t\t<\/div>\n\t\t\t\t<\/div>\n\t\t\t\t<div class=\"elementor-element elementor-element-42d3c00 elementor-widget elementor-widget-text-editor\" data-id=\"42d3c00\" data-element_type=\"widget\" data-widget_type=\"text-editor.default\">\n\t\t\t\t<div class=\"elementor-widget-container\">\n\t\t\t\t\t\t\t<p>Entendemos que cada centro de atenci\u00f3n m\u00e9dica tiene necesidades \u00fanicas.<\/p>\n<p>Por eso ofrecemos servicios de personalizaci\u00f3n para ayudarle a adaptar nuestros productos a sus necesidades espec\u00edficas.<\/p>\n\t\t\t\t\t\t<\/div>\n\t\t\t\t<\/div>\n\t\t\t\t<\/div>\n\t\t<div class=\"elementor-element elementor-element-8348183 e-con-full e-flex wpr-particle-no wpr-jarallax-no wpr-parallax-no wpr-sticky-section-no e-con e-child\" data-id=\"8348183\" data-element_type=\"container\" data-settings=\"{&quot;_ha_eqh_enable&quot;:false}\">\n\t\t\t\t<div class=\"elementor-element elementor-element-83f5f7b elementor-position-left elementor-vertical-align-middle elementor-widget elementor-widget-image-box\" data-id=\"83f5f7b\" data-element_type=\"widget\" data-widget_type=\"image-box.default\">\n\t\t\t\t<div class=\"elementor-widget-container\">\n\t\t\t<div class=\"elementor-image-box-wrapper\"><figure class=\"elementor-image-box-img\"><img loading=\"lazy\" decoding=\"async\" width=\"52\" height=\"52\" src=\"https:\/\/www.medical-sponge.com\/wp-content\/uploads\/2024\/09\/Technical-Support.png\" class=\"attachment-full size-full wp-image-3415\" alt=\"Apoyo t\u00e9cnico\" \/><\/figure><div class=\"elementor-image-box-content\"><h3 class=\"elementor-image-box-title\">Apoyo t\u00e9cnico<\/h3><\/div><\/div>\t\t<\/div>\n\t\t\t\t<\/div>\n\t\t\t\t<div class=\"elementor-element elementor-element-bca1b97 elementor-widget elementor-widget-image\" data-id=\"bca1b97\" data-element_type=\"widget\" data-widget_type=\"image.default\">\n\t\t\t\t<div class=\"elementor-widget-container\">\n\t\t\t\t\t\t\t\t\t\t\t\t\t<img loading=\"lazy\" decoding=\"async\" width=\"600\" height=\"350\" src=\"https:\/\/www.medical-sponge.com\/wp-content\/uploads\/2024\/09\/Technical-Support.jpg\" class=\"attachment-full size-full wp-image-3410\" alt=\"Apoyo t\u00e9cnico\" srcset=\"https:\/\/www.medical-sponge.com\/wp-content\/uploads\/2024\/09\/Technical-Support.jpg 600w, https:\/\/www.medical-sponge.com\/wp-content\/uploads\/2024\/09\/Technical-Support-300x175.jpg 300w\" sizes=\"(max-width: 600px) 100vw, 600px\" \/>\t\t\t\t\t\t\t\t\t\t\t\t\t<\/div>\n\t\t\t\t<\/div>\n\t\t\t\t<div class=\"elementor-element elementor-element-c2f9cff elementor-widget elementor-widget-text-editor\" data-id=\"c2f9cff\" data-element_type=\"widget\" data-widget_type=\"text-editor.default\">\n\t\t\t\t<div class=\"elementor-widget-container\">\n\t\t\t\t\t\t\t<p>Nuestro equipo de expertos est\u00e1 listo para ayudarle con cualquier necesidad de soporte t\u00e9cnico o inquietud que pueda tener sobre los productos. Podemos brindarle orientaci\u00f3n y asesoramiento sobre la elecci\u00f3n, aplicaci\u00f3n y mantenimiento de los productos.<\/p>\n\t\t\t\t\t\t<\/div>\n\t\t\t\t<\/div>\n\t\t\t\t<\/div>\n\t\t<div class=\"elementor-element elementor-element-250310d e-con-full e-flex wpr-particle-no wpr-jarallax-no wpr-parallax-no wpr-sticky-section-no e-con e-child\" data-id=\"250310d\" data-element_type=\"container\" data-settings=\"{&quot;_ha_eqh_enable&quot;:false}\">\n\t\t\t\t<div class=\"elementor-element elementor-element-c0b337f elementor-position-left elementor-vertical-align-middle elementor-widget elementor-widget-image-box\" data-id=\"c0b337f\" data-element_type=\"widget\" data-widget_type=\"image-box.default\">\n\t\t\t\t<div class=\"elementor-widget-container\">\n\t\t\t<div class=\"elementor-image-box-wrapper\"><figure class=\"elementor-image-box-img\"><img loading=\"lazy\" decoding=\"async\" width=\"52\" height=\"52\" src=\"https:\/\/www.medical-sponge.com\/wp-content\/uploads\/2024\/09\/After-Sales-Support.png\" class=\"attachment-full size-full wp-image-3416\" alt=\"Soporte posventa\" \/><\/figure><div class=\"elementor-image-box-content\"><h3 class=\"elementor-image-box-title\">Soporte posventa<\/h3><\/div><\/div>\t\t<\/div>\n\t\t\t\t<\/div>\n\t\t\t\t<div class=\"elementor-element elementor-element-4092894 elementor-widget elementor-widget-image\" data-id=\"4092894\" data-element_type=\"widget\" data-widget_type=\"image.default\">\n\t\t\t\t<div class=\"elementor-widget-container\">\n\t\t\t\t\t\t\t\t\t\t\t\t\t<img loading=\"lazy\" decoding=\"async\" width=\"600\" height=\"350\" src=\"https:\/\/www.medical-sponge.com\/wp-content\/uploads\/2024\/09\/After-Sales-Support.jpg\" class=\"attachment-full size-full wp-image-3411\" alt=\"Soporte posventa\" srcset=\"https:\/\/www.medical-sponge.com\/wp-content\/uploads\/2024\/09\/After-Sales-Support.jpg 600w, https:\/\/www.medical-sponge.com\/wp-content\/uploads\/2024\/09\/After-Sales-Support-300x175.jpg 300w\" sizes=\"(max-width: 600px) 100vw, 600px\" \/>\t\t\t\t\t\t\t\t\t\t\t\t\t<\/div>\n\t\t\t\t<\/div>\n\t\t\t\t<div class=\"elementor-element elementor-element-f490f4e elementor-widget elementor-widget-text-editor\" data-id=\"f490f4e\" data-element_type=\"widget\" data-widget_type=\"text-editor.default\">\n\t\t\t\t<div class=\"elementor-widget-container\">\n\t\t\t\t\t\t\t<p>Nos comprometemos a garantizar su satisfacci\u00f3n y respaldamos plenamente nuestros productos. Si tiene alg\u00fan problema con su pedido, nuestro equipo trabajar\u00e1 con usted para resolverlo de manera r\u00e1pida y eficiente. El equipo de consultor\u00eda en l\u00ednea est\u00e1 disponible las 24 horas del d\u00eda, los 7 d\u00edas de la semana. <\/p>\n\t\t\t\t\t\t<\/div>\n\t\t\t\t<\/div>\n\t\t\t\t<\/div>\n\t\t\t\t<\/div>\n\t\t\t\t\t<\/div>\n\t\t\t\t<\/div>\n\t\t<div class=\"elementor-element elementor-element-e8f4d19 e-flex e-con-boxed wpr-particle-no wpr-jarallax-no wpr-parallax-no wpr-sticky-section-no e-con e-parent\" data-id=\"e8f4d19\" data-element_type=\"container\" data-settings=\"{&quot;background_background&quot;:&quot;classic&quot;,&quot;_ha_eqh_enable&quot;:false}\">\n\t\t\t\t\t<div class=\"e-con-inner\">\n\t\t\t\t<div class=\"elementor-element elementor-element-0ad903d elementor-widget elementor-widget-text-editor\" data-id=\"0ad903d\" data-element_type=\"widget\" data-widget_type=\"text-editor.default\">\n\t\t\t\t<div class=\"elementor-widget-container\">\n\t\t\t\t\t\t\t<p>Nos dedicamos a brindar a nuestros <a>SOCIOS<\/a> el mejor servicio y soporte posibles.<\/p>\n<p>Creemos que al trabajar juntos,<\/p>\n<p>Podemos ayudarle a alcanzar sus objetivos de atenci\u00f3n m\u00e9dica y mejorar los resultados de los pacientes.<\/p>\n\t\t\t\t\t\t<\/div>\n\t\t\t\t<\/div>\n\t\t\t\t\t<\/div>\n\t\t\t\t<\/div>\n\t\t\t\t<\/div>\n\t\t","protected":false},"excerpt":{"rendered":"<p>Apoyo Nuestro objetivo es brindar a los SOCIOS el mejor servicio y soporte posible. NUESTRO OBJETIVO Estamos comprometidos a proporcionar los mejores suministros m\u00e9dicos y un servicio al cliente excepcional a nuestros clientes. Nuestro objetivo es ayudarlo a satisfacer todas sus necesidades de suministros m\u00e9dicos de manera r\u00e1pida y eficiente. Independientemente de su ubicaci\u00f3n en el planeta. Para lograr este objetivo, ofrecemos una gama de servicios de apoyo a nuestros clientes. SERVICIOS DE SOPORTE Env\u00edos internacionales Tenemos la capacidad de enviar nuestros productos a casi cualquier lugar de la Tierra. Juntos, usted y nuestro personal se asegurar\u00e1n de que su producto se entregue r\u00e1pidamente y sin da\u00f1os. Personalizaci\u00f3n del producto Entendemos que cada centro de atenci\u00f3n m\u00e9dica tiene necesidades \u00fanicas. Por eso ofrecemos servicios de personalizaci\u00f3n para ayudarle a adaptar nuestros productos a sus necesidades espec\u00edficas. Apoyo t\u00e9cnico Nuestro equipo de expertos est\u00e1 listo para ayudarle con cualquier necesidad de soporte t\u00e9cnico o inquietud que pueda tener sobre los productos. Podemos brindarle orientaci\u00f3n y asesoramiento sobre la elecci\u00f3n, aplicaci\u00f3n y mantenimiento de los productos. Soporte posventa Nos comprometemos a garantizar su satisfacci\u00f3n y respaldamos plenamente nuestros productos. Si tiene alg\u00fan problema con su pedido, nuestro equipo trabajar\u00e1 con usted para resolverlo de manera r\u00e1pida y eficiente. El equipo de consultor\u00eda en l\u00ednea est\u00e1 disponible las 24 horas del d\u00eda, los 7 d\u00edas de la semana. Nos dedicamos a brindar a nuestros SOCIOS el mejor servicio y soporte posibles. Creemos que al trabajar juntos, Podemos ayudarle a alcanzar sus objetivos de atenci\u00f3n m\u00e9dica y mejorar los resultados de los pacientes.<\/p>\n","protected":false},"author":1,"featured_media":0,"parent":0,"menu_order":0,"comment_status":"closed","ping_status":"closed","template":"","meta":{"site-sidebar-layout":"no-sidebar","site-content-layout":"","ast-site-content-layout":"full-width-container","site-content-style":"default","site-sidebar-style":"default","ast-global-header-display":"","ast-banner-title-visibility":"","ast-main-header-display":"","ast-hfb-above-header-display":"","ast-hfb-below-header-display":"","ast-hfb-mobile-header-display":"","site-post-title":"disabled","ast-breadcrumbs-content":"","ast-featured-img":"disabled","footer-sml-layout":"","theme-transparent-header-meta":"default","adv-header-id-meta":"","stick-header-meta":"","header-above-stick-meta":"","header-main-stick-meta":"","header-below-stick-meta":"","astra-migrate-meta-layouts":"set","ast-page-background-enabled":"default","ast-page-background-meta":{"desktop":{"background-color":"var(--ast-global-color-4)","background-image":"","background-repeat":"repeat","background-position":"center center","background-size":"auto","background-attachment":"scroll","background-type":"","background-media":"","overlay-type":"","overlay-color":"","overlay-opacity":"","overlay-gradient":""},"tablet":{"background-color":"","background-image":"","background-repeat":"repeat","background-position":"center center","background-size":"auto","background-attachment":"scroll","background-type":"","background-media":"","overlay-type":"","overlay-color":"","overlay-opacity":"","overlay-gradient":""},"mobile":{"background-color":"","background-image":"","background-repeat":"repeat","background-position":"center center","background-size":"auto","background-attachment":"scroll","background-type":"","background-media":"","overlay-type":"","overlay-color":"","overlay-opacity":"","overlay-gradient":""}},"ast-content-background-meta":{"desktop":{"background-color":"var(--ast-global-color-5)","background-image":"","background-repeat":"repeat","background-position":"center center","background-size":"auto","background-attachment":"scroll","background-type":"","background-media":"","overlay-type":"","overlay-color":"","overlay-opacity":"","overlay-gradient":""},"tablet":{"background-color":"var(--ast-global-color-5)","background-image":"","background-repeat":"repeat","background-position":"center center","background-size":"auto","background-attachment":"scroll","background-type":"","background-media":"","overlay-type":"","overlay-color":"","overlay-opacity":"","overlay-gradient":""},"mobile":{"background-color":"var(--ast-global-color-5)","background-image":"","background-repeat":"repeat","background-position":"center center","background-size":"auto","background-attachment":"scroll","background-type":"","background-media":"","overlay-type":"","overlay-color":"","overlay-opacity":"","overlay-gradient":""}},"footnotes":""},"class_list":["post-3407","page","type-page","status-publish","hentry"],"_links":{"self":[{"href":"https:\/\/www.medical-sponge.com\/es\/wp-json\/wp\/v2\/pages\/3407","targetHints":{"allow":["GET"]}}],"collection":[{"href":"https:\/\/www.medical-sponge.com\/es\/wp-json\/wp\/v2\/pages"}],"about":[{"href":"https:\/\/www.medical-sponge.com\/es\/wp-json\/wp\/v2\/types\/page"}],"author":[{"embeddable":true,"href":"https:\/\/www.medical-sponge.com\/es\/wp-json\/wp\/v2\/users\/1"}],"replies":[{"embeddable":true,"href":"https:\/\/www.medical-sponge.com\/es\/wp-json\/wp\/v2\/comments?post=3407"}],"version-history":[{"count":2,"href":"https:\/\/www.medical-sponge.com\/es\/wp-json\/wp\/v2\/pages\/3407\/revisions"}],"predecessor-version":[{"id":5513,"href":"https:\/\/www.medical-sponge.com\/es\/wp-json\/wp\/v2\/pages\/3407\/revisions\/5513"}],"wp:attachment":[{"href":"https:\/\/www.medical-sponge.com\/es\/wp-json\/wp\/v2\/media?parent=3407"}],"curies":[{"name":"wp","href":"https:\/\/api.w.org\/{rel}","templated":true}]}}