{"id":3976,"date":"2024-09-10T16:59:10","date_gmt":"2024-09-10T08:59:10","guid":{"rendered":"https:\/\/www.medical-sponge.com\/silikon-zahnbuerste-mit-saugnapf\/"},"modified":"2024-09-10T16:59:10","modified_gmt":"2024-09-10T08:59:10","slug":"silikon-zahnbuerste-mit-saugnapf","status":"publish","type":"product","link":"https:\/\/www.medical-sponge.com\/de\/silikon-zahnbuerste-mit-saugnapf.html","title":{"rendered":"Silikon-Zahnb\u00fcrste mit Saugnapf"},"content":{"rendered":"<p>Entwickelt f\u00fcr die Mundhygiene bettl\u00e4geriger Patienten, Patienten mit Schluckbeschwerden oder eingeschr\u00e4nkter Mobilit\u00e4t, insbesondere Patienten mit k\u00fcnstlicher Beatmung. Es tr\u00e4gt dazu bei, Komplikationen wie beatmungsassoziierte Pneumonie (VAP) durch die Verringerung der Bakterienbesiedlung im Mund und Endotrachealtubus zu verhindern.<\/p>\n<table>\n<tbody>\n<tr>\n<td>Attribut<\/td>\n<td>Beschreibung<\/td>\n<\/tr>\n<tr>\n<td>Material<\/td>\n<td>100 % medizinisches Silikon f\u00fcr B\u00fcrstenkopf und Borsten<\/td>\n<\/tr>\n<tr>\n<td>Gestaltung<\/td>\n<td>Atraumatisches, einteiliges Design mit mehreren Anschl\u00fcssen zum Absaugen und Sp\u00fclen<\/td>\n<\/tr>\n<tr>\n<td>Borstenmerkmale<\/td>\n<td>Weiche, abgerundete und flexible Borsten zur Vermeidung von Schleimhautverletzungen<\/td>\n<\/tr>\n<tr>\n<td>Zus\u00e4tzliche Funktions<\/td>\n<td>Weiche Silikonrippen auf der R\u00fcckseite zur Stimulation von Zahnfleisch und Zunge<\/td>\n<\/tr>\n<tr>\n<td>Saugleistung<\/td>\n<td>Strategische L\u00f6cher im B\u00fcrstenkopf sorgen f\u00fcr effektives Saugen<\/td>\n<\/tr>\n<tr>\n<td>Bew\u00e4sserungssystem<\/td>\n<td>Inklusive Sp\u00fcllumen zum gr\u00fcndlichen Sp\u00fclen der Mundh\u00f6hle<\/td>\n<\/tr>\n<tr>\n<td>Material des Griffs<\/td>\n<td>Transparentes K-Harz zur klaren Beobachtung des Fl\u00fcssigkeitsstroms<\/td>\n<\/tr>\n<tr>\n<td>Steuerung der Absaugung<\/td>\n<td>Daumensteuerung f\u00fcr intermittierende und kontinuierliche Absaugung<\/td>\n<\/tr>\n<tr>\n<td>Verf\u00fcgbare Varianten<\/td>\n<td>Der Zahnb\u00fcrstenkopf ist aus Saugmaterial und wird mit einem Saugschlauch geliefert.<\/td>\n<\/tr>\n<tr>\n<td>Verwendungszweck<\/td>\n<td>Mundpflege, Absaugen und Reinigung in medizinischen oder zahnmedizinischen Einrichtungen<\/td>\n<\/tr>\n<tr>\n<td>Hafen-Typen<\/td>\n<td>Ausgestattet mit Sauganschluss und Reinigungsmittel-Injektionsanschluss<\/td>\n<\/tr>\n<tr>\n<td>Abmessungen<\/td>\n<td>Anpassbare Gr\u00f6\u00dfen f\u00fcr unterschiedliche Patientenbed\u00fcrfnisse<\/td>\n<\/tr>\n<tr>\n<td>Sterilisation<\/td>\n<td>Sterilisierbar zur sicheren Wiederverwendung oder als Einwegoption erh\u00e4ltlich<\/td>\n<\/tr>\n<tr>\n<td>Verpackung<\/td>\n<td>Einzeln verpackt f\u00fcr Hygiene und Komfort<\/td>\n<\/tr>\n<tr>\n<td>Einhaltung der Vorschriften<\/td>\n<td>Erf\u00fcllt die Zertifizierungsstandards f\u00fcr medizinische Anwendungen (z. B. FDA, CE)<\/td>\n<\/tr>\n<\/tbody>\n<\/table>\n<p><img fetchpriority=\"high\" decoding=\"async\" class=\"aligncenter wp-image-392 size-full\" src=\"https:\/\/www.medical-sponge.com\/wp-content\/uploads\/2024\/09\/Silicone-Oral-Suction-Toothbrush-Parameters-1.webp\" alt=\"Silikon-Zahnb\u00fcrste mit Saugnapf Parameter-1\" width=\"811\" height=\"742\" srcset=\"https:\/\/www.medical-sponge.com\/wp-content\/uploads\/2024\/09\/Silicone-Oral-Suction-Toothbrush-Parameters-1.webp 811w, https:\/\/www.medical-sponge.com\/wp-content\/uploads\/2024\/09\/Silicone-Oral-Suction-Toothbrush-Parameters-1-300x274.webp 300w, https:\/\/www.medical-sponge.com\/wp-content\/uploads\/2024\/09\/Silicone-Oral-Suction-Toothbrush-Parameters-1-768x703.webp 768w, https:\/\/www.medical-sponge.com\/wp-content\/uploads\/2024\/09\/Silicone-Oral-Suction-Toothbrush-Parameters-1-600x549.webp 600w\" sizes=\"(max-width: 811px) 100vw, 811px\" \/><\/p>\n<p><img decoding=\"async\" class=\"aligncenter wp-image-390 size-full\" src=\"https:\/\/www.medical-sponge.com\/wp-content\/uploads\/2024\/09\/Silicone-Oral-Suction-Toothbrush-Interface.webp\" alt=\"Silikon-Zahnb\u00fcrstenschnittstelle mit Saugnapf\" width=\"1074\" height=\"745\" srcset=\"https:\/\/www.medical-sponge.com\/wp-content\/uploads\/2024\/09\/Silicone-Oral-Suction-Toothbrush-Interface.webp 1074w, https:\/\/www.medical-sponge.com\/wp-content\/uploads\/2024\/09\/Silicone-Oral-Suction-Toothbrush-Interface-300x208.webp 300w, https:\/\/www.medical-sponge.com\/wp-content\/uploads\/2024\/09\/Silicone-Oral-Suction-Toothbrush-Interface-1024x710.webp 1024w, https:\/\/www.medical-sponge.com\/wp-content\/uploads\/2024\/09\/Silicone-Oral-Suction-Toothbrush-Interface-768x533.webp 768w, https:\/\/www.medical-sponge.com\/wp-content\/uploads\/2024\/09\/Silicone-Oral-Suction-Toothbrush-Interface-600x416.webp 600w\" sizes=\"(max-width: 1074px) 100vw, 1074px\" \/><\/p>\n<p><img decoding=\"async\" class=\"wp-image-388 size-full aligncenter\" src=\"https:\/\/www.medical-sponge.com\/wp-content\/uploads\/2024\/09\/Packing-Silicone-Oral-Suction-Toothbrush-Parameter.webp\" alt=\"Verpackung Silikon Oral Saugzahnb\u00fcrste Parameter\" width=\"1001\" height=\"730\" srcset=\"https:\/\/www.medical-sponge.com\/wp-content\/uploads\/2024\/09\/Packing-Silicone-Oral-Suction-Toothbrush-Parameter.webp 1001w, https:\/\/www.medical-sponge.com\/wp-content\/uploads\/2024\/09\/Packing-Silicone-Oral-Suction-Toothbrush-Parameter-300x219.webp 300w, https:\/\/www.medical-sponge.com\/wp-content\/uploads\/2024\/09\/Packing-Silicone-Oral-Suction-Toothbrush-Parameter-768x560.webp 768w, https:\/\/www.medical-sponge.com\/wp-content\/uploads\/2024\/09\/Packing-Silicone-Oral-Suction-Toothbrush-Parameter-600x438.webp 600w\" sizes=\"(max-width: 1001px) 100vw, 1001px\" \/><\/p>\n","protected":false},"excerpt":{"rendered":"<ul>\n<li>Eine atraumatische Silikonb\u00fcrste mit mehreren \u00d6ffnungen sorgt f\u00fcr eine effiziente Verteilung der Mundsp\u00fclung und Saugkraft.<\/li>\n<li>Weiche, abgerundete und flexible Borsten aus medizinischem Silikon.<\/li>\n<li>Die Saugsteuerung mit dem Daumen erm\u00f6glicht sowohl intermittierendes als auch kontinuierliches Saugen.<\/li>\n<li>Das einteilige Design mit Saug- und Reinigungsmittel-Injektions\u00f6ffnungen verbessert die Effizienz und den Komfort f\u00fcr das Personal.<\/li>\n<\/ul>\n","protected":false},"featured_media":395,"comment_status":"open","ping_status":"closed","template":"","meta":{"site-sidebar-layout":"default","site-content-layout":"","ast-site-content-layout":"default","site-content-style":"default","site-sidebar-style":"default","ast-global-header-display":"","ast-banner-title-visibility":"","ast-main-header-display":"","ast-hfb-above-header-display":"","ast-hfb-below-header-display":"","ast-hfb-mobile-header-display":"","site-post-title":"","ast-breadcrumbs-content":"","ast-featured-img":"","footer-sml-layout":"","theme-transparent-header-meta":"default","adv-header-id-meta":"","stick-header-meta":"","header-above-stick-meta":"","header-main-stick-meta":"","header-below-stick-meta":"","astra-migrate-meta-layouts":"default","ast-page-background-enabled":"default","ast-page-background-meta":{"desktop":{"background-color":"var(--ast-global-color-4)","background-image":"","background-repeat":"repeat","background-position":"center center","background-size":"auto","background-attachment":"scroll","background-type":"","background-media":"","overlay-type":"","overlay-color":"","overlay-opacity":"","overlay-gradient":""},"tablet":{"background-color":"","background-image":"","background-repeat":"repeat","background-position":"center center","background-size":"auto","background-attachment":"scroll","background-type":"","background-media":"","overlay-type":"","overlay-color":"","overlay-opacity":"","overlay-gradient":""},"mobile":{"background-color":"","background-image":"","background-repeat":"repeat","background-position":"center center","background-size":"auto","background-attachment":"scroll","background-type":"","background-media":"","overlay-type":"","overlay-color":"","overlay-opacity":"","overlay-gradient":""}},"ast-content-background-meta":{"desktop":{"background-color":"var(--ast-global-color-5)","background-image":"","background-repeat":"repeat","background-position":"center center","background-size":"auto","background-attachment":"scroll","background-type":"","background-media":"","overlay-type":"","overlay-color":"","overlay-opacity":"","overlay-gradient":""},"tablet":{"background-color":"var(--ast-global-color-5)","background-image":"","background-repeat":"repeat","background-position":"center center","background-size":"auto","background-attachment":"scroll","background-type":"","background-media":"","overlay-type":"","overlay-color":"","overlay-opacity":"","overlay-gradient":""},"mobile":{"background-color":"var(--ast-global-color-5)","background-image":"","background-repeat":"repeat","background-position":"center center","background-size":"auto","background-attachment":"scroll","background-type":"","background-media":"","overlay-type":"","overlay-color":"","overlay-opacity":"","overlay-gradient":""}}},"product_brand":[],"product_cat":[72],"product_tag":[],"class_list":{"0":"post-3976","1":"product","2":"type-product","3":"status-publish","4":"has-post-thumbnail","6":"product_cat-mundschwamm","7":"desktop-align-left","8":"tablet-align-left","9":"mobile-align-left","11":"first","12":"instock","13":"shipping-taxable","14":"product-type-simple"},"_links":{"self":[{"href":"https:\/\/www.medical-sponge.com\/de\/wp-json\/wp\/v2\/product\/3976","targetHints":{"allow":["GET"]}}],"collection":[{"href":"https:\/\/www.medical-sponge.com\/de\/wp-json\/wp\/v2\/product"}],"about":[{"href":"https:\/\/www.medical-sponge.com\/de\/wp-json\/wp\/v2\/types\/product"}],"replies":[{"embeddable":true,"href":"https:\/\/www.medical-sponge.com\/de\/wp-json\/wp\/v2\/comments?post=3976"}],"version-history":[{"count":0,"href":"https:\/\/www.medical-sponge.com\/de\/wp-json\/wp\/v2\/product\/3976\/revisions"}],"wp:featuredmedia":[{"embeddable":true,"href":"https:\/\/www.medical-sponge.com\/de\/wp-json\/wp\/v2\/media\/395"}],"wp:attachment":[{"href":"https:\/\/www.medical-sponge.com\/de\/wp-json\/wp\/v2\/media?parent=3976"}],"wp:term":[{"taxonomy":"product_brand","embeddable":true,"href":"https:\/\/www.medical-sponge.com\/de\/wp-json\/wp\/v2\/product_brand?post=3976"},{"taxonomy":"product_cat","embeddable":true,"href":"https:\/\/www.medical-sponge.com\/de\/wp-json\/wp\/v2\/product_cat?post=3976"},{"taxonomy":"product_tag","embeddable":true,"href":"https:\/\/www.medical-sponge.com\/de\/wp-json\/wp\/v2\/product_tag?post=3976"}],"curies":[{"name":"wp","href":"https:\/\/api.w.org\/{rel}","templated":true}]}}