{"id":3970,"date":"2024-09-10T16:59:28","date_gmt":"2024-09-10T08:59:28","guid":{"rendered":"https:\/\/www.medical-sponge.com\/einweg-absaugschwamm-fuer-die-mundpflege\/"},"modified":"2024-09-10T16:59:28","modified_gmt":"2024-09-10T08:59:28","slug":"einweg-absaugschwamm-fuer-die-mundpflege","status":"publish","type":"product","link":"https:\/\/www.medical-sponge.com\/de\/einweg-absaugschwamm-fuer-die-mundpflege.html","title":{"rendered":"Einweg-Absaugschwamm f\u00fcr die Mundpflege"},"content":{"rendered":"<table>\n<tbody>\n<tr>\n<td>Produktname<\/td>\n<td>Schwamm Saugschwamm Zahnb\u00fcrste<\/td>\n<\/tr>\n<tr>\n<td>Produktgr\u00f6\u00dfe<\/td>\n<td>L\u00e4nge 136mm*Au\u00dfendurchmesser 6mm<\/td>\n<\/tr>\n<tr>\n<td>Farbcode<\/td>\n<td>Blau, Gr\u00fcn, Wei\u00df oder individuell<\/td>\n<\/tr>\n<tr>\n<td>Anschluss<\/td>\n<td>entspricht 16Fr (internationaler Standard)<\/td>\n<\/tr>\n<tr>\n<td>Material<\/td>\n<td>Medizinischer Pu-Schwamm + PP-Griff<\/td>\n<\/tr>\n<tr>\n<td>Produkttyp<\/td>\n<td>Mundpflege f\u00fcr die Intensivstation<\/td>\n<\/tr>\n<tr>\n<td>Paket<\/td>\n<td>Verpackt in Papier-Kunststoff-Verpackung + Farbbox + Karton<\/td>\n<\/tr>\n<tr>\n<td>Modell Nr.<\/td>\n<td>REF-MFL2001 Mundpflegeschwamm Saugsputumschlauch Schwamm+PP-Griff<\/td>\n<\/tr>\n<tr>\n<td>Sterilisation<\/td>\n<td>Durch EO-Gas<\/td>\n<\/tr>\n<tr>\n<td>Herkunft<\/td>\n<td>China (Festland)<\/td>\n<\/tr>\n<\/tbody>\n<\/table>\n<p><img fetchpriority=\"high\" decoding=\"async\" class=\"size-medium wp-image-759 alignleft\" src=\"https:\/\/www.medical-sponge.com\/wp-content\/uploads\/2024\/09\/Disposable-Suction-Oral-Care-Swab-Sponge-Toothbrush-head-300x300.webp\" alt=\"Einweg-Saugnapf-Mundpflege-Tupfer-Schwamm-Zahnb\u00fcrstenkopf\" width=\"300\" height=\"300\" srcset=\"https:\/\/www.medical-sponge.com\/wp-content\/uploads\/2024\/09\/Disposable-Suction-Oral-Care-Swab-Sponge-Toothbrush-head-300x300.webp 300w, https:\/\/www.medical-sponge.com\/wp-content\/uploads\/2024\/09\/Disposable-Suction-Oral-Care-Swab-Sponge-Toothbrush-head-150x150.webp 150w, https:\/\/www.medical-sponge.com\/wp-content\/uploads\/2024\/09\/Disposable-Suction-Oral-Care-Swab-Sponge-Toothbrush-head-768x768.webp 768w, https:\/\/www.medical-sponge.com\/wp-content\/uploads\/2024\/09\/Disposable-Suction-Oral-Care-Swab-Sponge-Toothbrush-head-600x600.webp 600w, https:\/\/www.medical-sponge.com\/wp-content\/uploads\/2024\/09\/Disposable-Suction-Oral-Care-Swab-Sponge-Toothbrush-head-100x100.webp 100w, https:\/\/www.medical-sponge.com\/wp-content\/uploads\/2024\/09\/Disposable-Suction-Oral-Care-Swab-Sponge-Toothbrush-head.webp 1000w\" sizes=\"(max-width: 300px) 100vw, 300px\" \/><\/p>\n<p>&nbsp;<\/p>\n<p>&nbsp;<\/p>\n<p>Entwickelt f\u00fcr den professionellen Einsatz bei Patienten, die nicht in der Lage sind, auszuspucken oder ihre Mundpflege selbst durchzuf\u00fchren. Erm\u00f6glicht gleichzeitiges Z\u00e4hneputzen, Sp\u00fclen und Absaugen. Weiche Borsten entfernen Plaque effektiv beim Z\u00e4hneputzen. Bietet umfassende Mundhygiene mit Absaugen, ideal f\u00fcr Patienten mit leichten bis schweren oralen Funktionsst\u00f6rungen.<\/p>\n<p>&nbsp;<\/p>\n<p>&nbsp;<\/p>\n<h2>Bausatz &#8211; Option<\/h2>\n<table>\n<tbody>\n<tr>\n<td width=\"568\">2 x Mundpflegeschwamm mit Saugnapf<\/td>\n<\/tr>\n<tr>\n<td width=\"568\">Mundwasser Chlorhexidin<\/td>\n<\/tr>\n<tr>\n<td width=\"568\">Feuchtigkeitsgel f\u00fcr den Mund<\/td>\n<\/tr>\n<\/tbody>\n<\/table>\n<p><img decoding=\"async\" class=\"aligncenter wp-image-799\" src=\"https:\/\/www.medical-sponge.com\/wp-content\/uploads\/2024\/09\/Oral-Care-Set-With-Sponge-And-Chlorhexidine.webp\" alt=\"Mundpflegeset mit Schwamm und Chlorhexidin\" width=\"600\" height=\"600\" srcset=\"https:\/\/www.medical-sponge.com\/wp-content\/uploads\/2024\/09\/Oral-Care-Set-With-Sponge-And-Chlorhexidine.webp 800w, https:\/\/www.medical-sponge.com\/wp-content\/uploads\/2024\/09\/Oral-Care-Set-With-Sponge-And-Chlorhexidine-300x300.webp 300w, https:\/\/www.medical-sponge.com\/wp-content\/uploads\/2024\/09\/Oral-Care-Set-With-Sponge-And-Chlorhexidine-150x150.webp 150w, https:\/\/www.medical-sponge.com\/wp-content\/uploads\/2024\/09\/Oral-Care-Set-With-Sponge-And-Chlorhexidine-768x768.webp 768w, https:\/\/www.medical-sponge.com\/wp-content\/uploads\/2024\/09\/Oral-Care-Set-With-Sponge-And-Chlorhexidine-600x600.webp 600w, https:\/\/www.medical-sponge.com\/wp-content\/uploads\/2024\/09\/Oral-Care-Set-With-Sponge-And-Chlorhexidine-100x100.webp 100w\" sizes=\"(max-width: 600px) 100vw, 600px\" \/><\/p>\n","protected":false},"excerpt":{"rendered":"<ul>\n<li>Geeignet f\u00fcr den Einsatz bei bewusstlosen Patienten auf der Intensivstation<\/li>\n<li>Einfacher Anschluss an Standard-Saugleitungen<\/li>\n<li>Hilft bei der Entfernung von Plaque, Ablagerungen und Mundsekreten<\/li>\n<li>Erm\u00f6glicht gleichzeitiges Reinigen, Sp\u00fclen und Absaugen<\/li>\n<li>Entfernt effektiv Ablagerungen und Schleim von Z\u00e4hnen und Zahnfleisch<\/li>\n<\/ul>\n","protected":false},"featured_media":756,"comment_status":"open","ping_status":"closed","template":"","meta":{"site-sidebar-layout":"default","site-content-layout":"","ast-site-content-layout":"default","site-content-style":"default","site-sidebar-style":"default","ast-global-header-display":"","ast-banner-title-visibility":"","ast-main-header-display":"","ast-hfb-above-header-display":"","ast-hfb-below-header-display":"","ast-hfb-mobile-header-display":"","site-post-title":"","ast-breadcrumbs-content":"","ast-featured-img":"","footer-sml-layout":"","theme-transparent-header-meta":"default","adv-header-id-meta":"","stick-header-meta":"","header-above-stick-meta":"","header-main-stick-meta":"","header-below-stick-meta":"","astra-migrate-meta-layouts":"default","ast-page-background-enabled":"default","ast-page-background-meta":{"desktop":{"background-color":"var(--ast-global-color-4)","background-image":"","background-repeat":"repeat","background-position":"center center","background-size":"auto","background-attachment":"scroll","background-type":"","background-media":"","overlay-type":"","overlay-color":"","overlay-opacity":"","overlay-gradient":""},"tablet":{"background-color":"","background-image":"","background-repeat":"repeat","background-position":"center center","background-size":"auto","background-attachment":"scroll","background-type":"","background-media":"","overlay-type":"","overlay-color":"","overlay-opacity":"","overlay-gradient":""},"mobile":{"background-color":"","background-image":"","background-repeat":"repeat","background-position":"center center","background-size":"auto","background-attachment":"scroll","background-type":"","background-media":"","overlay-type":"","overlay-color":"","overlay-opacity":"","overlay-gradient":""}},"ast-content-background-meta":{"desktop":{"background-color":"var(--ast-global-color-5)","background-image":"","background-repeat":"repeat","background-position":"center center","background-size":"auto","background-attachment":"scroll","background-type":"","background-media":"","overlay-type":"","overlay-color":"","overlay-opacity":"","overlay-gradient":""},"tablet":{"background-color":"var(--ast-global-color-5)","background-image":"","background-repeat":"repeat","background-position":"center center","background-size":"auto","background-attachment":"scroll","background-type":"","background-media":"","overlay-type":"","overlay-color":"","overlay-opacity":"","overlay-gradient":""},"mobile":{"background-color":"var(--ast-global-color-5)","background-image":"","background-repeat":"repeat","background-position":"center center","background-size":"auto","background-attachment":"scroll","background-type":"","background-media":"","overlay-type":"","overlay-color":"","overlay-opacity":"","overlay-gradient":""}}},"product_brand":[],"product_cat":[72],"product_tag":[],"class_list":{"0":"post-3970","1":"product","2":"type-product","3":"status-publish","4":"has-post-thumbnail","6":"product_cat-mundschwamm","7":"desktop-align-left","8":"tablet-align-left","9":"mobile-align-left","11":"first","12":"instock","13":"shipping-taxable","14":"product-type-simple"},"_links":{"self":[{"href":"https:\/\/www.medical-sponge.com\/de\/wp-json\/wp\/v2\/product\/3970","targetHints":{"allow":["GET"]}}],"collection":[{"href":"https:\/\/www.medical-sponge.com\/de\/wp-json\/wp\/v2\/product"}],"about":[{"href":"https:\/\/www.medical-sponge.com\/de\/wp-json\/wp\/v2\/types\/product"}],"replies":[{"embeddable":true,"href":"https:\/\/www.medical-sponge.com\/de\/wp-json\/wp\/v2\/comments?post=3970"}],"version-history":[{"count":1,"href":"https:\/\/www.medical-sponge.com\/de\/wp-json\/wp\/v2\/product\/3970\/revisions"}],"predecessor-version":[{"id":5779,"href":"https:\/\/www.medical-sponge.com\/de\/wp-json\/wp\/v2\/product\/3970\/revisions\/5779"}],"wp:featuredmedia":[{"embeddable":true,"href":"https:\/\/www.medical-sponge.com\/de\/wp-json\/wp\/v2\/media\/756"}],"wp:attachment":[{"href":"https:\/\/www.medical-sponge.com\/de\/wp-json\/wp\/v2\/media?parent=3970"}],"wp:term":[{"taxonomy":"product_brand","embeddable":true,"href":"https:\/\/www.medical-sponge.com\/de\/wp-json\/wp\/v2\/product_brand?post=3970"},{"taxonomy":"product_cat","embeddable":true,"href":"https:\/\/www.medical-sponge.com\/de\/wp-json\/wp\/v2\/product_cat?post=3970"},{"taxonomy":"product_tag","embeddable":true,"href":"https:\/\/www.medical-sponge.com\/de\/wp-json\/wp\/v2\/product_tag?post=3970"}],"curies":[{"name":"wp","href":"https:\/\/api.w.org\/{rel}","templated":true}]}}