{"id":3956,"date":"2024-09-13T17:20:03","date_gmt":"2024-09-13T09:20:03","guid":{"rendered":"https:\/\/www.medical-sponge.com\/einweg-gesichtsmaske-aus-schaumstoff-fuer-strandstuehle\/"},"modified":"2024-09-13T17:20:03","modified_gmt":"2024-09-13T09:20:03","slug":"einweg-gesichtsmaske-aus-schaumstoff-fuer-strandstuehle","status":"publish","type":"product","link":"https:\/\/www.medical-sponge.com\/de\/einweg-gesichtsmaske-aus-schaumstoff-fuer-strandstuehle.html","title":{"rendered":"Einweg-Gesichtsmaske aus Schaumstoff f\u00fcr Strandst\u00fchle"},"content":{"rendered":"<table>\n<tbody>\n<tr>\n<td>Produktname<\/td>\n<td>Einweg-Gesichtsmaske aus Schaumstoff f\u00fcr Strandst\u00fchle<\/td>\n<\/tr>\n<tr>\n<td>Modell:<\/td>\n<td>MFL3205<\/td>\n<\/tr>\n<tr>\n<td>Produktgr\u00f6\u00dfe<\/td>\n<td>22,86 cm x 35,56 cm x 3,81 cm dick, individuell angepasst<\/td>\n<\/tr>\n<tr>\n<td>Farbcode<\/td>\n<td>Blau, Wei\u00df, Gelb, Gr\u00fcn oder individuell<\/td>\n<\/tr>\n<tr>\n<td>Produktgewicht<\/td>\n<td>1,6 Unzen<\/td>\n<\/tr>\n<tr>\n<td>Material<\/td>\n<td>Medizinischer Schwamm, latexfrei oder individuell angepasst<\/td>\n<\/tr>\n<tr>\n<td>Herkunft<\/td>\n<td>China (Festland)<\/td>\n<\/tr>\n<\/tbody>\n<\/table>\n<h2>Vorsichtsma\u00dfnahmen beim Tragen<\/h2>\n<ul>\n<li>Stellen Sie sicher, dass die Maske richtig \u00fcber Augen und Nase ausgerichtet ist. Befolgen Sie zur genauen Positionierung die Anweisungen im Diagramm.<\/li>\n<li>Achten Sie beim Befestigen des Ger\u00e4ts darauf, dass weder Haut noch Haare die Riemen ber\u00fchren, um Unbehagen oder St\u00f6rungen zu vermeiden.<\/li>\n<li>Stellen Sie sicher, dass die Gurte fest am Positionierungsger\u00e4t befestigt sind, um einen stabilen Sitz und eine zuverl\u00e4ssige Leistung w\u00e4hrend des Gebrauchs zu gew\u00e4hrleisten.<\/li>\n<li>Achten Sie darauf, die B\u00e4nder nicht zu fest anzuziehen, da dies zu einem zu starken Druck auf das Gesicht f\u00fchren oder Schmerzen verursachen kann.<\/li>\n<li>Dieses Ger\u00e4t ist f\u00fcr den einmaligen Gebrauch bestimmt und sollte nach jedem Gebrauch entsorgt werden, um Sauberkeit und optimale Leistung zu gew\u00e4hrleisten.<\/li>\n<li>Da das Ger\u00e4t nur f\u00fcr den Einmalgebrauch bestimmt ist und nicht sterilisiert werden kann, versuchen Sie nicht, es zu sterilisieren.<\/li>\n<\/ul>\n","protected":false},"excerpt":{"rendered":"<ul>\n<li>Weiches Schaumstoffmaterial sorgt f\u00fcr Tragekomfort bei der Anwendung<\/li>\n<li>Einwegdesign f\u00fcr hygienische Einmalanwendung<\/li>\n<li>Passt sich der Gesichtsform an und bietet maximale Unterst\u00fctzung<\/li>\n<li>Bietet eine Schutzbarriere zwischen Gesicht und Stuhloberfl\u00e4che<\/li>\n<li>Hypoallergenes Material minimiert Hautirritationen<\/li>\n<\/ul>\n","protected":false},"featured_media":838,"comment_status":"open","ping_status":"closed","template":"","meta":{"site-sidebar-layout":"default","site-content-layout":"","ast-site-content-layout":"default","site-content-style":"default","site-sidebar-style":"default","ast-global-header-display":"","ast-banner-title-visibility":"","ast-main-header-display":"","ast-hfb-above-header-display":"","ast-hfb-below-header-display":"","ast-hfb-mobile-header-display":"","site-post-title":"","ast-breadcrumbs-content":"","ast-featured-img":"","footer-sml-layout":"","theme-transparent-header-meta":"default","adv-header-id-meta":"","stick-header-meta":"","header-above-stick-meta":"","header-main-stick-meta":"","header-below-stick-meta":"","astra-migrate-meta-layouts":"default","ast-page-background-enabled":"default","ast-page-background-meta":{"desktop":{"background-color":"var(--ast-global-color-4)","background-image":"","background-repeat":"repeat","background-position":"center center","background-size":"auto","background-attachment":"scroll","background-type":"","background-media":"","overlay-type":"","overlay-color":"","overlay-opacity":"","overlay-gradient":""},"tablet":{"background-color":"","background-image":"","background-repeat":"repeat","background-position":"center center","background-size":"auto","background-attachment":"scroll","background-type":"","background-media":"","overlay-type":"","overlay-color":"","overlay-opacity":"","overlay-gradient":""},"mobile":{"background-color":"","background-image":"","background-repeat":"repeat","background-position":"center center","background-size":"auto","background-attachment":"scroll","background-type":"","background-media":"","overlay-type":"","overlay-color":"","overlay-opacity":"","overlay-gradient":""}},"ast-content-background-meta":{"desktop":{"background-color":"var(--ast-global-color-5)","background-image":"","background-repeat":"repeat","background-position":"center center","background-size":"auto","background-attachment":"scroll","background-type":"","background-media":"","overlay-type":"","overlay-color":"","overlay-opacity":"","overlay-gradient":""},"tablet":{"background-color":"var(--ast-global-color-5)","background-image":"","background-repeat":"repeat","background-position":"center center","background-size":"auto","background-attachment":"scroll","background-type":"","background-media":"","overlay-type":"","overlay-color":"","overlay-opacity":"","overlay-gradient":""},"mobile":{"background-color":"var(--ast-global-color-5)","background-image":"","background-repeat":"repeat","background-position":"center center","background-size":"auto","background-attachment":"scroll","background-type":"","background-media":"","overlay-type":"","overlay-color":"","overlay-opacity":"","overlay-gradient":""}}},"product_brand":[],"product_cat":[71],"product_tag":[],"class_list":{"0":"post-3956","1":"product","2":"type-product","3":"status-publish","4":"has-post-thumbnail","6":"product_cat-lagerungskissen","7":"desktop-align-left","8":"tablet-align-left","9":"mobile-align-left","11":"first","12":"instock","13":"shipping-taxable","14":"product-type-simple"},"_links":{"self":[{"href":"https:\/\/www.medical-sponge.com\/de\/wp-json\/wp\/v2\/product\/3956","targetHints":{"allow":["GET"]}}],"collection":[{"href":"https:\/\/www.medical-sponge.com\/de\/wp-json\/wp\/v2\/product"}],"about":[{"href":"https:\/\/www.medical-sponge.com\/de\/wp-json\/wp\/v2\/types\/product"}],"replies":[{"embeddable":true,"href":"https:\/\/www.medical-sponge.com\/de\/wp-json\/wp\/v2\/comments?post=3956"}],"version-history":[{"count":0,"href":"https:\/\/www.medical-sponge.com\/de\/wp-json\/wp\/v2\/product\/3956\/revisions"}],"wp:featuredmedia":[{"embeddable":true,"href":"https:\/\/www.medical-sponge.com\/de\/wp-json\/wp\/v2\/media\/838"}],"wp:attachment":[{"href":"https:\/\/www.medical-sponge.com\/de\/wp-json\/wp\/v2\/media?parent=3956"}],"wp:term":[{"taxonomy":"product_brand","embeddable":true,"href":"https:\/\/www.medical-sponge.com\/de\/wp-json\/wp\/v2\/product_brand?post=3956"},{"taxonomy":"product_cat","embeddable":true,"href":"https:\/\/www.medical-sponge.com\/de\/wp-json\/wp\/v2\/product_cat?post=3956"},{"taxonomy":"product_tag","embeddable":true,"href":"https:\/\/www.medical-sponge.com\/de\/wp-json\/wp\/v2\/product_tag?post=3956"}],"curies":[{"name":"wp","href":"https:\/\/api.w.org\/{rel}","templated":true}]}}