{"id":3953,"date":"2024-09-13T17:47:47","date_gmt":"2024-09-13T09:47:47","guid":{"rendered":"https:\/\/www.medical-sponge.com\/schulterstabilisierungsset\/"},"modified":"2024-09-13T17:47:47","modified_gmt":"2024-09-13T09:47:47","slug":"schulterstabilisierungsset","status":"publish","type":"product","link":"https:\/\/www.medical-sponge.com\/de\/schulterstabilisierungsset.html","title":{"rendered":"Schulterstabilisierungsset"},"content":{"rendered":"<table>\n<tbody>\n<tr>\n<td>Produktname<\/td>\n<td>Schulterstabilisierungsset<\/td>\n<\/tr>\n<tr>\n<td>Inhalt<\/td>\n<td>Armwickel, Schaumstoffgriff, Tuch, 4 Zoll x 5 Yard selbsthaftender Wickel<\/td>\n<\/tr>\n<tr>\n<td>Farbcode<\/td>\n<td>Creme, Blau, Wei\u00df, Gelb oder individuell<\/td>\n<\/tr>\n<tr>\n<td>Gr\u00f6\u00dfe<\/td>\n<td>10 cm * 4,5 cm 3M Coban<\/td>\n<\/tr>\n<tr>\n<td>Anwendung<\/td>\n<td>Schulterstabilisierungsset<\/td>\n<\/tr>\n<\/tbody>\n<\/table>\n<h2>Vorsichtsma\u00dfnahmen f\u00fcr die Anwendung<\/h2>\n<p>1. Schulterfixierungsorthese: Schulterfixierungsorthesen sind in verschiedenen Gr\u00f6\u00dfen und Ausf\u00fchrungen erh\u00e4ltlich. W\u00e4hlen Sie das Modell aus, das am besten zu Ihnen passt. 2. Vorbereitung vor dem Tragen: Reinigen Sie die Haut an der Schulter, bevor Sie die Schulterfixierungsorthese anlegen, um sicherzustellen, dass sie trocken und sauber ist. 3. Tragen Sie die Orthese: Legen Sie den Gurt, mit dem die Orthese befestigt ist, um die Schulter, stellen Sie die Straffheit ein und stellen Sie sicher, dass die Orthese eng an der Haut anliegt, aber nicht zu straff ist. 4. Passen Sie die Position der Orthese an: Passen Sie die Position und den Winkel der Schulterorthese an, um sicherzustellen, dass die Orthese das Schultergelenk richtig halten kann. 5. Regelm\u00e4\u00dfig pr\u00fcfen: \u00dcberpr\u00fcfen Sie regelm\u00e4\u00dfig die Straffheit und Position der Schulterfixierungsorthese, um sicherzustellen, dass sich die Orthese immer in der richtigen Position befindet und um zu vermeiden, dass sie zu straff oder zu locker sitzt. 6. \u00dcberbewegung vermeiden: Vermeiden Sie \u00dcberbewegungen Ihrer Schulter beim Tragen einer Schulterorthese, um Schmerzen und Verletzungen zu vermeiden. 7. Regelm\u00e4\u00dfiger Austausch: Um die Wirksamkeit der Behandlung aufrechtzuerhalten, ersetzen Sie die Schulterfixierungsorthese regelm\u00e4\u00dfig.<\/p>\n","protected":false},"excerpt":{"rendered":"<ul>\n<li>Verstellbare Tr\u00e4ger f\u00fcr eine individuelle Passform<\/li>\n<li>Gepolsterte St\u00fctze f\u00fcr Komfort w\u00e4hrend der Nutzung<\/li>\n<li>Klettverschl\u00fcsse f\u00fcr einfaches Anlegen und Anpassen<\/li>\n<li>Sorgt f\u00fcr Kompression zur Reduzierung von Entz\u00fcndungen<\/li>\n<li>Entwickelt, um die Bewegung des Schultergelenks zu stabilisieren und einzuschr\u00e4nken.<\/li>\n<li>Das Material ist auf Atmungsaktivit\u00e4t ausgelegt, um Feuchtigkeitsansammlungen zu verhindern.<\/li>\n<\/ul>\n","protected":false},"featured_media":869,"comment_status":"open","ping_status":"closed","template":"","meta":{"site-sidebar-layout":"default","site-content-layout":"","ast-site-content-layout":"default","site-content-style":"default","site-sidebar-style":"default","ast-global-header-display":"","ast-banner-title-visibility":"","ast-main-header-display":"","ast-hfb-above-header-display":"","ast-hfb-below-header-display":"","ast-hfb-mobile-header-display":"","site-post-title":"","ast-breadcrumbs-content":"","ast-featured-img":"","footer-sml-layout":"","theme-transparent-header-meta":"default","adv-header-id-meta":"","stick-header-meta":"","header-above-stick-meta":"","header-main-stick-meta":"","header-below-stick-meta":"","astra-migrate-meta-layouts":"default","ast-page-background-enabled":"default","ast-page-background-meta":{"desktop":{"background-color":"var(--ast-global-color-4)","background-image":"","background-repeat":"repeat","background-position":"center center","background-size":"auto","background-attachment":"scroll","background-type":"","background-media":"","overlay-type":"","overlay-color":"","overlay-opacity":"","overlay-gradient":""},"tablet":{"background-color":"","background-image":"","background-repeat":"repeat","background-position":"center center","background-size":"auto","background-attachment":"scroll","background-type":"","background-media":"","overlay-type":"","overlay-color":"","overlay-opacity":"","overlay-gradient":""},"mobile":{"background-color":"","background-image":"","background-repeat":"repeat","background-position":"center center","background-size":"auto","background-attachment":"scroll","background-type":"","background-media":"","overlay-type":"","overlay-color":"","overlay-opacity":"","overlay-gradient":""}},"ast-content-background-meta":{"desktop":{"background-color":"var(--ast-global-color-5)","background-image":"","background-repeat":"repeat","background-position":"center center","background-size":"auto","background-attachment":"scroll","background-type":"","background-media":"","overlay-type":"","overlay-color":"","overlay-opacity":"","overlay-gradient":""},"tablet":{"background-color":"var(--ast-global-color-5)","background-image":"","background-repeat":"repeat","background-position":"center center","background-size":"auto","background-attachment":"scroll","background-type":"","background-media":"","overlay-type":"","overlay-color":"","overlay-opacity":"","overlay-gradient":""},"mobile":{"background-color":"var(--ast-global-color-5)","background-image":"","background-repeat":"repeat","background-position":"center center","background-size":"auto","background-attachment":"scroll","background-type":"","background-media":"","overlay-type":"","overlay-color":"","overlay-opacity":"","overlay-gradient":""}}},"product_brand":[],"product_cat":[71],"product_tag":[],"class_list":{"0":"post-3953","1":"product","2":"type-product","3":"status-publish","4":"has-post-thumbnail","6":"product_cat-lagerungskissen","7":"desktop-align-left","8":"tablet-align-left","9":"mobile-align-left","11":"first","12":"instock","13":"shipping-taxable","14":"product-type-simple"},"_links":{"self":[{"href":"https:\/\/www.medical-sponge.com\/de\/wp-json\/wp\/v2\/product\/3953","targetHints":{"allow":["GET"]}}],"collection":[{"href":"https:\/\/www.medical-sponge.com\/de\/wp-json\/wp\/v2\/product"}],"about":[{"href":"https:\/\/www.medical-sponge.com\/de\/wp-json\/wp\/v2\/types\/product"}],"replies":[{"embeddable":true,"href":"https:\/\/www.medical-sponge.com\/de\/wp-json\/wp\/v2\/comments?post=3953"}],"version-history":[{"count":0,"href":"https:\/\/www.medical-sponge.com\/de\/wp-json\/wp\/v2\/product\/3953\/revisions"}],"wp:featuredmedia":[{"embeddable":true,"href":"https:\/\/www.medical-sponge.com\/de\/wp-json\/wp\/v2\/media\/869"}],"wp:attachment":[{"href":"https:\/\/www.medical-sponge.com\/de\/wp-json\/wp\/v2\/media?parent=3953"}],"wp:term":[{"taxonomy":"product_brand","embeddable":true,"href":"https:\/\/www.medical-sponge.com\/de\/wp-json\/wp\/v2\/product_brand?post=3953"},{"taxonomy":"product_cat","embeddable":true,"href":"https:\/\/www.medical-sponge.com\/de\/wp-json\/wp\/v2\/product_cat?post=3953"},{"taxonomy":"product_tag","embeddable":true,"href":"https:\/\/www.medical-sponge.com\/de\/wp-json\/wp\/v2\/product_tag?post=3953"}],"curies":[{"name":"wp","href":"https:\/\/api.w.org\/{rel}","templated":true}]}}