{"id":3949,"date":"2024-09-14T10:49:14","date_gmt":"2024-09-14T02:49:14","guid":{"rendered":"https:\/\/www.medical-sponge.com\/geraet-zur-positionierung-des-kopfes-in-bauchlage\/"},"modified":"2024-09-14T10:49:14","modified_gmt":"2024-09-14T02:49:14","slug":"geraet-zur-positionierung-des-kopfes-in-bauchlage","status":"publish","type":"product","link":"https:\/\/www.medical-sponge.com\/de\/geraet-zur-positionierung-des-kopfes-in-bauchlage.html","title":{"rendered":"Ger\u00e4t zur Positionierung des Kopfes in Bauchlage"},"content":{"rendered":"<table>\n<tbody>\n<tr>\n<td width=\"100\">Parameter<\/td>\n<td width=\"262\">Spezifikation<\/td>\n<\/tr>\n<tr>\n<td width=\"100\">Material<\/td>\n<td width=\"262\">Polyurethanschaum + 3M Mikroschaum<\/td>\n<\/tr>\n<tr>\n<td width=\"100\">Abmessungen<\/td>\n<td width=\"262\">22,86cm x 35,56cm x 3,81cm, kundenspezifisch<\/td>\n<\/tr>\n<tr>\n<td width=\"100\">Gewicht<\/td>\n<td width=\"262\">0,5 kg<\/td>\n<\/tr>\n<tr>\n<td width=\"100\">Farbe<\/td>\n<td width=\"262\">Gelb, gr\u00fcn, blau, Kundenspezifische Panton<\/td>\n<\/tr>\n<tr>\n<td width=\"100\">Kompatibilit\u00e4t<\/td>\n<td width=\"262\">Kompatibel mit verschiedenen Operationstischen<\/td>\n<\/tr>\n<tr>\n<td width=\"100\">Einstellbarkeit<\/td>\n<td width=\"262\">Einstellbare H\u00f6he (2&#8243; &#8211; 5&#8243;)<\/td>\n<\/tr>\n<tr>\n<td width=\"100\">Druckentlastung<\/td>\n<td width=\"262\">Hochdichter, druckentlastender Schaumstoff<\/td>\n<\/tr>\n<tr>\n<td width=\"100\">Oberfl\u00e4chentyp<\/td>\n<td width=\"262\">Konturierte Soft-Touch-Oberfl\u00e4che f\u00fcr mehr Komfort<\/td>\n<\/tr>\n<tr>\n<td width=\"100\">Reinigungsmethode<\/td>\n<td width=\"262\">Leicht zu reinigen, mit Desinfektionsl\u00f6sung abwischen<\/td>\n<\/tr>\n<tr>\n<td width=\"100\">Verwendungstyp<\/td>\n<td width=\"262\">Wiederverwendbar<\/td>\n<\/tr>\n<tr>\n<td width=\"100\">Sterilisation<\/td>\n<td width=\"262\">Nicht erforderlich (nicht steriles Ger\u00e4t)<\/td>\n<\/tr>\n<tr>\n<td width=\"100\">Farbe<\/td>\n<td width=\"262\">Wei\u00df oder Hellblau<\/td>\n<\/tr>\n<tr>\n<td width=\"100\">Zertifizierungen<\/td>\n<td width=\"262\">CE-Kennzeichnung, FDA-Zulassung<\/td>\n<\/tr>\n<\/tbody>\n<\/table>\n<h2>Merkmale<\/h2>\n<ul>\n<li>Durch das Schlitzspiegeldesign k\u00f6nnen Sie Mund, Nase, Augen und Trachealtubus des Patienten klar sehen und darauf zugreifen.<\/li>\n<li>Die Konturen der Wiege bieten Komfort und Unterst\u00fctzung f\u00fcr Kopf und Nacken des Patienten.<\/li>\n<li>Helfen Sie mit, die Wiederaufbereitung zu reduzieren und Infektionen durch eine einmalige Anwendung unter Kontrolle zu halten.<\/li>\n<li>Es kann den Kopf von Patienten, die mit dem Gesicht nach unten oder in Bauchlage auf dem Operationstisch liegen, stabil und bequem stabilisieren. Die Kopfst\u00fctze ist mit einem Fenster zum Platzieren und Anschlie\u00dfen von Kathetern und anderen medizinischen Verbrauchsmaterialien (wie Kehlkopfmasken, oropharyngealen Beatmungsschl\u00e4uchen usw.) ausgestattet. <\/li>\n<li>\u00dcber den passenden Spiegel an der Kopfst\u00fctze kann das medizinische Personal das Gesicht des Patienten sowie den Status von medizinischem Verbrauchsmaterial wie Kathetern in Echtzeit beobachten.<\/li>\n<li>Die Kontaktstelle zwischen Kopfst\u00fctze und Gesicht besteht aus medizinischen Baumwollpflastern von 3M, um Beschwerden und Hautallergien durch Druck auf Stirn und Kinn aufgrund langer Operationszeiten vorzubeugen.<\/li>\n<\/ul>\n<table>\n<tbody>\n<tr>\n<td width=\"284\"><img fetchpriority=\"high\" decoding=\"async\" class=\"size-medium wp-image-876 aligncenter\" src=\"https:\/\/www.medical-sponge.com\/wp-content\/uploads\/2024\/09\/Prone-Head-Positioner-Device-Trial-Picture-300x294.webp\" alt=\"Testbild des Ger\u00e4ts zur Kopfpositionierung in Bauchlage\" width=\"300\" height=\"294\" srcset=\"https:\/\/www.medical-sponge.com\/wp-content\/uploads\/2024\/09\/Prone-Head-Positioner-Device-Trial-Picture-300x294.webp 300w, https:\/\/www.medical-sponge.com\/wp-content\/uploads\/2024\/09\/Prone-Head-Positioner-Device-Trial-Picture-600x587.webp 600w, https:\/\/www.medical-sponge.com\/wp-content\/uploads\/2024\/09\/Prone-Head-Positioner-Device-Trial-Picture.webp 619w\" sizes=\"(max-width: 300px) 100vw, 300px\" \/><\/td>\n<td width=\"284\"><img decoding=\"async\" class=\"size-medium wp-image-875 aligncenter\" src=\"https:\/\/www.medical-sponge.com\/wp-content\/uploads\/2024\/09\/Prone-Head-Positioner-Device-1-300x284.webp\" alt=\"Ger\u00e4t zur Positionierung des Kopfes in Bauchlage -1\" width=\"300\" height=\"284\" srcset=\"https:\/\/www.medical-sponge.com\/wp-content\/uploads\/2024\/09\/Prone-Head-Positioner-Device-1-300x284.webp 300w, https:\/\/www.medical-sponge.com\/wp-content\/uploads\/2024\/09\/Prone-Head-Positioner-Device-1-600x569.webp 600w, https:\/\/www.medical-sponge.com\/wp-content\/uploads\/2024\/09\/Prone-Head-Positioner-Device-1.webp 629w\" sizes=\"(max-width: 300px) 100vw, 300px\" \/><\/td>\n<\/tr>\n<\/tbody>\n<\/table>\n","protected":false},"excerpt":{"rendered":"<ul>\n<li>Bietet feste Kopf- und Nackenst\u00fctze in der Bauchlage.<\/li>\n<li>Entwickelt, um die nat\u00fcrliche Ausrichtung der Atemwege aufrechtzuerhalten<\/li>\n<li>Einstellbare H\u00f6he f\u00fcr eine individuelle Passform<\/li>\n<li>Kompatibel mit verschiedenen Operationstischen und -gestellen<\/li>\n<li>Bietet uneingeschr\u00e4nkten Zugang zu medizinischen Verfahren<\/li>\n<\/ul>\n","protected":false},"featured_media":3950,"comment_status":"open","ping_status":"closed","template":"","meta":{"site-sidebar-layout":"default","site-content-layout":"","ast-site-content-layout":"default","site-content-style":"default","site-sidebar-style":"default","ast-global-header-display":"","ast-banner-title-visibility":"","ast-main-header-display":"","ast-hfb-above-header-display":"","ast-hfb-below-header-display":"","ast-hfb-mobile-header-display":"","site-post-title":"","ast-breadcrumbs-content":"","ast-featured-img":"","footer-sml-layout":"","theme-transparent-header-meta":"default","adv-header-id-meta":"","stick-header-meta":"","header-above-stick-meta":"","header-main-stick-meta":"","header-below-stick-meta":"","astra-migrate-meta-layouts":"default","ast-page-background-enabled":"default","ast-page-background-meta":{"desktop":{"background-color":"var(--ast-global-color-4)","background-image":"","background-repeat":"repeat","background-position":"center center","background-size":"auto","background-attachment":"scroll","background-type":"","background-media":"","overlay-type":"","overlay-color":"","overlay-opacity":"","overlay-gradient":""},"tablet":{"background-color":"","background-image":"","background-repeat":"repeat","background-position":"center center","background-size":"auto","background-attachment":"scroll","background-type":"","background-media":"","overlay-type":"","overlay-color":"","overlay-opacity":"","overlay-gradient":""},"mobile":{"background-color":"","background-image":"","background-repeat":"repeat","background-position":"center center","background-size":"auto","background-attachment":"scroll","background-type":"","background-media":"","overlay-type":"","overlay-color":"","overlay-opacity":"","overlay-gradient":""}},"ast-content-background-meta":{"desktop":{"background-color":"var(--ast-global-color-5)","background-image":"","background-repeat":"repeat","background-position":"center center","background-size":"auto","background-attachment":"scroll","background-type":"","background-media":"","overlay-type":"","overlay-color":"","overlay-opacity":"","overlay-gradient":""},"tablet":{"background-color":"var(--ast-global-color-5)","background-image":"","background-repeat":"repeat","background-position":"center center","background-size":"auto","background-attachment":"scroll","background-type":"","background-media":"","overlay-type":"","overlay-color":"","overlay-opacity":"","overlay-gradient":""},"mobile":{"background-color":"var(--ast-global-color-5)","background-image":"","background-repeat":"repeat","background-position":"center center","background-size":"auto","background-attachment":"scroll","background-type":"","background-media":"","overlay-type":"","overlay-color":"","overlay-opacity":"","overlay-gradient":""}}},"product_brand":[],"product_cat":[71],"product_tag":[],"class_list":{"0":"post-3949","1":"product","2":"type-product","3":"status-publish","4":"has-post-thumbnail","6":"product_cat-lagerungskissen","7":"desktop-align-left","8":"tablet-align-left","9":"mobile-align-left","11":"first","12":"instock","13":"shipping-taxable","14":"product-type-simple"},"_links":{"self":[{"href":"https:\/\/www.medical-sponge.com\/de\/wp-json\/wp\/v2\/product\/3949","targetHints":{"allow":["GET"]}}],"collection":[{"href":"https:\/\/www.medical-sponge.com\/de\/wp-json\/wp\/v2\/product"}],"about":[{"href":"https:\/\/www.medical-sponge.com\/de\/wp-json\/wp\/v2\/types\/product"}],"replies":[{"embeddable":true,"href":"https:\/\/www.medical-sponge.com\/de\/wp-json\/wp\/v2\/comments?post=3949"}],"version-history":[{"count":0,"href":"https:\/\/www.medical-sponge.com\/de\/wp-json\/wp\/v2\/product\/3949\/revisions"}],"wp:featuredmedia":[{"embeddable":true,"href":"https:\/\/www.medical-sponge.com\/de\/wp-json\/wp\/v2\/media\/3950"}],"wp:attachment":[{"href":"https:\/\/www.medical-sponge.com\/de\/wp-json\/wp\/v2\/media?parent=3949"}],"wp:term":[{"taxonomy":"product_brand","embeddable":true,"href":"https:\/\/www.medical-sponge.com\/de\/wp-json\/wp\/v2\/product_brand?post=3949"},{"taxonomy":"product_cat","embeddable":true,"href":"https:\/\/www.medical-sponge.com\/de\/wp-json\/wp\/v2\/product_cat?post=3949"},{"taxonomy":"product_tag","embeddable":true,"href":"https:\/\/www.medical-sponge.com\/de\/wp-json\/wp\/v2\/product_tag?post=3949"}],"curies":[{"name":"wp","href":"https:\/\/api.w.org\/{rel}","templated":true}]}}