{"id":3931,"date":"2024-09-14T15:07:07","date_gmt":"2024-09-14T07:07:07","guid":{"rendered":"https:\/\/www.medical-sponge.com\/einweg-donut-pads\/"},"modified":"2024-09-14T15:07:07","modified_gmt":"2024-09-14T07:07:07","slug":"einweg-donut-pads","status":"publish","type":"product","link":"https:\/\/www.medical-sponge.com\/de\/einweg-donut-pads.html","title":{"rendered":"Einweg-Donut-Pads"},"content":{"rendered":"<table>\n<tbody>\n<tr>\n<td>Modell<\/td>\n<td>Standardgr\u00f6\u00dfe<\/td>\n<td>Farbe<\/td>\n<td>Material<\/td>\n<\/tr>\n<tr>\n<td>REF-MFL3107<\/td>\n<td>23cm x 25cm x 3cm, oder individuell anpassend<\/td>\n<td>Gelb, gr\u00fcn, blau, kundenspezifisches Panton<\/td>\n<td>Individuell<\/td>\n<\/tr>\n<\/tbody>\n<\/table>\n<h2>Gebrauchsanweisung<\/h2>\n<ul>\n<li>Legen Sie das Donut-Pad auf eine flache Oberfl\u00e4che.<\/li>\n<li>Positionieren Sie den betroffenen Bereich in der Mitte der \u00d6ffnung im Pad.<\/li>\n<li>Entsorgen Sie das Pad nach dem Gebrauch gem\u00e4\u00df den Empfehlungen Ihres Arztes.<\/li>\n<li>Jeder Donut ist abnehmbar<\/li>\n<\/ul>\n<h2>Zertifizierungen &amp; Standards<\/h2>\n<ul>\n<li>ISO 13485 zertifiziert<\/li>\n<li>FDA-Zulassung<\/li>\n<li>Latexfrei<\/li>\n<li>Erf\u00fcllt medizinische Standards<\/li>\n<\/ul>\n","protected":false},"excerpt":{"rendered":"<ul>\n<li>Hochdichte Polyschaumkonstruktion<\/li>\n<li>Erh\u00e4ltlich in drei praktischen Gr\u00f6\u00dfen<\/li>\n<li>Einwegringe zum Einmalgebrauch<\/li>\n<li>Verkauft in Kisten mit unterschiedlichen Mengen<\/li>\n<li>Druckminderer.<\/li>\n<li>Nur zur Verwendung bei einem einzigen Patienten.<\/li>\n<li>Wird bei verschiedenen chirurgischen Eingriffen verwendet.<\/li>\n<\/ul>\n","protected":false},"featured_media":991,"comment_status":"open","ping_status":"closed","template":"","meta":{"site-sidebar-layout":"default","site-content-layout":"","ast-site-content-layout":"default","site-content-style":"default","site-sidebar-style":"default","ast-global-header-display":"","ast-banner-title-visibility":"","ast-main-header-display":"","ast-hfb-above-header-display":"","ast-hfb-below-header-display":"","ast-hfb-mobile-header-display":"","site-post-title":"","ast-breadcrumbs-content":"","ast-featured-img":"","footer-sml-layout":"","theme-transparent-header-meta":"default","adv-header-id-meta":"","stick-header-meta":"","header-above-stick-meta":"","header-main-stick-meta":"","header-below-stick-meta":"","astra-migrate-meta-layouts":"default","ast-page-background-enabled":"default","ast-page-background-meta":{"desktop":{"background-color":"var(--ast-global-color-4)","background-image":"","background-repeat":"repeat","background-position":"center center","background-size":"auto","background-attachment":"scroll","background-type":"","background-media":"","overlay-type":"","overlay-color":"","overlay-opacity":"","overlay-gradient":""},"tablet":{"background-color":"","background-image":"","background-repeat":"repeat","background-position":"center center","background-size":"auto","background-attachment":"scroll","background-type":"","background-media":"","overlay-type":"","overlay-color":"","overlay-opacity":"","overlay-gradient":""},"mobile":{"background-color":"","background-image":"","background-repeat":"repeat","background-position":"center center","background-size":"auto","background-attachment":"scroll","background-type":"","background-media":"","overlay-type":"","overlay-color":"","overlay-opacity":"","overlay-gradient":""}},"ast-content-background-meta":{"desktop":{"background-color":"var(--ast-global-color-5)","background-image":"","background-repeat":"repeat","background-position":"center center","background-size":"auto","background-attachment":"scroll","background-type":"","background-media":"","overlay-type":"","overlay-color":"","overlay-opacity":"","overlay-gradient":""},"tablet":{"background-color":"var(--ast-global-color-5)","background-image":"","background-repeat":"repeat","background-position":"center center","background-size":"auto","background-attachment":"scroll","background-type":"","background-media":"","overlay-type":"","overlay-color":"","overlay-opacity":"","overlay-gradient":""},"mobile":{"background-color":"var(--ast-global-color-5)","background-image":"","background-repeat":"repeat","background-position":"center center","background-size":"auto","background-attachment":"scroll","background-type":"","background-media":"","overlay-type":"","overlay-color":"","overlay-opacity":"","overlay-gradient":""}}},"product_brand":[],"product_cat":[71],"product_tag":[],"class_list":{"0":"post-3931","1":"product","2":"type-product","3":"status-publish","4":"has-post-thumbnail","6":"product_cat-lagerungskissen","7":"desktop-align-left","8":"tablet-align-left","9":"mobile-align-left","11":"first","12":"instock","13":"shipping-taxable","14":"product-type-simple"},"_links":{"self":[{"href":"https:\/\/www.medical-sponge.com\/de\/wp-json\/wp\/v2\/product\/3931","targetHints":{"allow":["GET"]}}],"collection":[{"href":"https:\/\/www.medical-sponge.com\/de\/wp-json\/wp\/v2\/product"}],"about":[{"href":"https:\/\/www.medical-sponge.com\/de\/wp-json\/wp\/v2\/types\/product"}],"replies":[{"embeddable":true,"href":"https:\/\/www.medical-sponge.com\/de\/wp-json\/wp\/v2\/comments?post=3931"}],"version-history":[{"count":0,"href":"https:\/\/www.medical-sponge.com\/de\/wp-json\/wp\/v2\/product\/3931\/revisions"}],"wp:featuredmedia":[{"embeddable":true,"href":"https:\/\/www.medical-sponge.com\/de\/wp-json\/wp\/v2\/media\/991"}],"wp:attachment":[{"href":"https:\/\/www.medical-sponge.com\/de\/wp-json\/wp\/v2\/media?parent=3931"}],"wp:term":[{"taxonomy":"product_brand","embeddable":true,"href":"https:\/\/www.medical-sponge.com\/de\/wp-json\/wp\/v2\/product_brand?post=3931"},{"taxonomy":"product_cat","embeddable":true,"href":"https:\/\/www.medical-sponge.com\/de\/wp-json\/wp\/v2\/product_cat?post=3931"},{"taxonomy":"product_tag","embeddable":true,"href":"https:\/\/www.medical-sponge.com\/de\/wp-json\/wp\/v2\/product_tag?post=3931"}],"curies":[{"name":"wp","href":"https:\/\/api.w.org\/{rel}","templated":true}]}}