{"id":3928,"date":"2024-09-14T16:05:13","date_gmt":"2024-09-14T08:05:13","guid":{"rendered":"https:\/\/www.medical-sponge.com\/einweg-brustrollen\/"},"modified":"2024-09-14T16:05:13","modified_gmt":"2024-09-14T08:05:13","slug":"einweg-brustrollen","status":"publish","type":"product","link":"https:\/\/www.medical-sponge.com\/de\/einweg-brustrollen.html","title":{"rendered":"Einweg-Brustrollen"},"content":{"rendered":"<table>\n<tbody>\n<tr>\n<td>Funktion<\/td>\n<td>Beschreibung<\/td>\n<\/tr>\n<tr>\n<td>Material<\/td>\n<td>Individuell<\/td>\n<\/tr>\n<tr>\n<td>Abmessungen<\/td>\n<td>In mehreren Gr\u00f6\u00dfen erh\u00e4ltlich, passend f\u00fcr unterschiedliche Tische und Patientenanforderungen (z. B. 12&#8243;, 18&#8243;, 21&#8243; Breite)<\/td>\n<\/tr>\n<tr>\n<td>Verpackung<\/td>\n<td>Einzeln verpackt oder in gro\u00dfen Mengen f\u00fcr mehr Komfort <\/td>\n<\/tr>\n<tr>\n<td>Hygienisch<\/td>\n<td>Das Design zur Einmalverwendung verringert das Risiko einer Kreuzkontamination<\/td>\n<\/tr>\n<tr>\n<td>Wasserabweisende Schicht<\/td>\n<td>Verhindert das Durchdringen von Feuchtigkeit auf die Behandlungsliege<\/td>\n<\/tr>\n<tr>\n<td>Farbe<\/td>\n<td>Wei\u00df (andere Farben auf Anfrage erh\u00e4ltlich)<\/td>\n<\/tr>\n<tr>\n<td>Perforiert zum einfachen Abrei\u00dfen:<\/td>\n<td>Bequem zu verwenden, die gew\u00fcnschte L\u00e4nge abrei\u00dfen<\/td>\n<\/tr>\n<tr>\n<td>Verpackung<\/td>\n<td>Einzeln verpackt oder lose<\/td>\n<\/tr>\n<tr>\n<td>Zertifizierungen<\/td>\n<td>ISO 13485, CE-Kennzeichnung, FDA-Zulassung<\/td>\n<\/tr>\n<\/tbody>\n<\/table>\n<h2>Unterst\u00fctzend<\/h2>\n<ul>\n<li>Einzeln verkauft.<\/li>\n<li>Komfortabel.<\/li>\n<li>Nur zur Verwendung bei einem einzigen Patienten.<\/li>\n<li>Wirtschaftlich.<\/li>\n<li>Latexfrei.<\/li>\n<li>Positionierer aus hochdichtem Polyschaum sind in zahlreichen Formen und Gr\u00f6\u00dfen f\u00fcr jede Positionierungsanforderung erh\u00e4ltlich.<\/li>\n<\/ul>\n<p><img fetchpriority=\"high\" decoding=\"async\" class=\"aligncenter wp-image-1336\" src=\"https:\/\/www.medical-sponge.com\/wp-content\/uploads\/2024\/09\/Disposable-Chest-Rolls-1.jpeg\" alt=\"Einweg-Brustrollen-1\" width=\"600\" height=\"600\" srcset=\"https:\/\/www.medical-sponge.com\/wp-content\/uploads\/2024\/09\/Disposable-Chest-Rolls-1.jpeg 750w, https:\/\/www.medical-sponge.com\/wp-content\/uploads\/2024\/09\/Disposable-Chest-Rolls-1-300x300.jpeg 300w, https:\/\/www.medical-sponge.com\/wp-content\/uploads\/2024\/09\/Disposable-Chest-Rolls-1-150x150.jpeg 150w, https:\/\/www.medical-sponge.com\/wp-content\/uploads\/2024\/09\/Disposable-Chest-Rolls-1-600x600.jpeg 600w, https:\/\/www.medical-sponge.com\/wp-content\/uploads\/2024\/09\/Disposable-Chest-Rolls-1-100x100.jpeg 100w\" sizes=\"(max-width: 600px) 100vw, 600px\" \/><\/p>\n","protected":false},"excerpt":{"rendered":"<ul>\n<li>Einwegdesign f\u00fcr Hygiene und Komfort<\/li>\n<li>Gr\u00f6\u00dfe: 5&#8243;T x 17&#8243;L (13cm x 43cm)<\/li>\n<li>Leicht und einfach zu handhaben<\/li>\n<li>Einzeln verpackt oder Gro\u00dfpackungen<\/li>\n<li>Reduziert das Risiko einer Kreuzkontamination<\/li>\n<li>Geeignet f\u00fcr zahlreiche medizinische und therapeutische Anwendungen<\/li>\n<\/ul>\n","protected":false},"featured_media":1015,"comment_status":"open","ping_status":"closed","template":"","meta":{"site-sidebar-layout":"default","site-content-layout":"","ast-site-content-layout":"default","site-content-style":"default","site-sidebar-style":"default","ast-global-header-display":"","ast-banner-title-visibility":"","ast-main-header-display":"","ast-hfb-above-header-display":"","ast-hfb-below-header-display":"","ast-hfb-mobile-header-display":"","site-post-title":"","ast-breadcrumbs-content":"","ast-featured-img":"","footer-sml-layout":"","theme-transparent-header-meta":"default","adv-header-id-meta":"","stick-header-meta":"","header-above-stick-meta":"","header-main-stick-meta":"","header-below-stick-meta":"","astra-migrate-meta-layouts":"default","ast-page-background-enabled":"default","ast-page-background-meta":{"desktop":{"background-color":"var(--ast-global-color-4)","background-image":"","background-repeat":"repeat","background-position":"center center","background-size":"auto","background-attachment":"scroll","background-type":"","background-media":"","overlay-type":"","overlay-color":"","overlay-opacity":"","overlay-gradient":""},"tablet":{"background-color":"","background-image":"","background-repeat":"repeat","background-position":"center center","background-size":"auto","background-attachment":"scroll","background-type":"","background-media":"","overlay-type":"","overlay-color":"","overlay-opacity":"","overlay-gradient":""},"mobile":{"background-color":"","background-image":"","background-repeat":"repeat","background-position":"center center","background-size":"auto","background-attachment":"scroll","background-type":"","background-media":"","overlay-type":"","overlay-color":"","overlay-opacity":"","overlay-gradient":""}},"ast-content-background-meta":{"desktop":{"background-color":"var(--ast-global-color-5)","background-image":"","background-repeat":"repeat","background-position":"center center","background-size":"auto","background-attachment":"scroll","background-type":"","background-media":"","overlay-type":"","overlay-color":"","overlay-opacity":"","overlay-gradient":""},"tablet":{"background-color":"var(--ast-global-color-5)","background-image":"","background-repeat":"repeat","background-position":"center center","background-size":"auto","background-attachment":"scroll","background-type":"","background-media":"","overlay-type":"","overlay-color":"","overlay-opacity":"","overlay-gradient":""},"mobile":{"background-color":"var(--ast-global-color-5)","background-image":"","background-repeat":"repeat","background-position":"center center","background-size":"auto","background-attachment":"scroll","background-type":"","background-media":"","overlay-type":"","overlay-color":"","overlay-opacity":"","overlay-gradient":""}}},"product_brand":[],"product_cat":[71],"product_tag":[],"class_list":{"0":"post-3928","1":"product","2":"type-product","3":"status-publish","4":"has-post-thumbnail","6":"product_cat-lagerungskissen","7":"desktop-align-left","8":"tablet-align-left","9":"mobile-align-left","11":"first","12":"instock","13":"shipping-taxable","14":"product-type-simple"},"_links":{"self":[{"href":"https:\/\/www.medical-sponge.com\/de\/wp-json\/wp\/v2\/product\/3928","targetHints":{"allow":["GET"]}}],"collection":[{"href":"https:\/\/www.medical-sponge.com\/de\/wp-json\/wp\/v2\/product"}],"about":[{"href":"https:\/\/www.medical-sponge.com\/de\/wp-json\/wp\/v2\/types\/product"}],"replies":[{"embeddable":true,"href":"https:\/\/www.medical-sponge.com\/de\/wp-json\/wp\/v2\/comments?post=3928"}],"version-history":[{"count":0,"href":"https:\/\/www.medical-sponge.com\/de\/wp-json\/wp\/v2\/product\/3928\/revisions"}],"wp:featuredmedia":[{"embeddable":true,"href":"https:\/\/www.medical-sponge.com\/de\/wp-json\/wp\/v2\/media\/1015"}],"wp:attachment":[{"href":"https:\/\/www.medical-sponge.com\/de\/wp-json\/wp\/v2\/media?parent=3928"}],"wp:term":[{"taxonomy":"product_brand","embeddable":true,"href":"https:\/\/www.medical-sponge.com\/de\/wp-json\/wp\/v2\/product_brand?post=3928"},{"taxonomy":"product_cat","embeddable":true,"href":"https:\/\/www.medical-sponge.com\/de\/wp-json\/wp\/v2\/product_cat?post=3928"},{"taxonomy":"product_tag","embeddable":true,"href":"https:\/\/www.medical-sponge.com\/de\/wp-json\/wp\/v2\/product_tag?post=3928"}],"curies":[{"name":"wp","href":"https:\/\/api.w.org\/{rel}","templated":true}]}}