{"id":3925,"date":"2024-09-14T16:25:54","date_gmt":"2024-09-14T08:25:54","guid":{"rendered":"https:\/\/www.medical-sponge.com\/einweg-kopfpositionierer\/"},"modified":"2024-09-14T16:25:54","modified_gmt":"2024-09-14T08:25:54","slug":"einweg-kopfpositionierer","status":"publish","type":"product","link":"https:\/\/www.medical-sponge.com\/de\/einweg-kopfpositionierer.html","title":{"rendered":"Einweg-Kopfpositionierer"},"content":{"rendered":"<table>\n<tbody>\n<tr>\n<td>Modell<\/td>\n<td>Standardgr\u00f6\u00dfe<\/td>\n<td>Material<\/td>\n<td>Farbe<\/td>\n<\/tr>\n<tr>\n<td>REF MFL3101P(For Pediatric)<\/td>\n<td>6 1\/2&#8243;L x 7&#8243;B x 3 1\/4&#8243;H (17cm x 18cm x 8cm)<\/td>\n<td rowspan=\"2\">Individuell<\/td>\n<td rowspan=\"2\">Gelb, Gr\u00fcn, Individuelles Panton<\/td>\n<\/tr>\n<tr>\n<td>REF MFL3101A (F\u00fcr Erwachsene)<\/td>\n<td> 9&#8243;L x 8&#8243;B x 3 1\/2&#8243;H (23cm x 20cm x 9cm)<\/td>\n<\/tr>\n<\/tbody>\n<\/table>\n<h2>Merkmale<\/h2>\n<ul>\n<li>Hilft bei der richtigen Ausrichtung der Wirbels\u00e4ule und des Nackens.<\/li>\n<li>Positionierer aus hochdichtem Polyschaum bieten hervorragende Unterst\u00fctzung, Komfort und Kosteneffizienz.<\/li>\n<li>Das ergonomische Design ist auf maximalen Komfort ausgelegt, indem es Kopf und Nacken sanft st\u00fctzt.<\/li>\n<li>Das \u00d6ffnungsdesign minimiert den Druck und passt sich den Gesichts- und Hinterkopfkonturen an.<\/li>\n<li>Der schl\u00fcssellochf\u00f6rmige Ausschnitt erm\u00f6glicht eine sichere Platzierung des Endotrachealtubus.<\/li>\n<li>Komprimieren Sie die Verpackung f\u00fcr eine effiziente Lagerung<\/li>\n<li>Nur zur Verwendung bei einem Patienten<\/li>\n<li>Latexfrei<\/li>\n<\/ul>\n<p><img fetchpriority=\"high\" decoding=\"async\" class=\"aligncenter wp-image-1360\" src=\"https:\/\/www.medical-sponge.com\/wp-content\/uploads\/2024\/09\/Disposable-Head-Supports-1.jpg\" alt=\"Einweg-Kopfst\u00fctzen-1\" width=\"600\" height=\"600\" srcset=\"https:\/\/www.medical-sponge.com\/wp-content\/uploads\/2024\/09\/Disposable-Head-Supports-1.jpg 840w, https:\/\/www.medical-sponge.com\/wp-content\/uploads\/2024\/09\/Disposable-Head-Supports-1-300x300.jpg 300w, https:\/\/www.medical-sponge.com\/wp-content\/uploads\/2024\/09\/Disposable-Head-Supports-1-150x150.jpg 150w, https:\/\/www.medical-sponge.com\/wp-content\/uploads\/2024\/09\/Disposable-Head-Supports-1-768x768.jpg 768w, https:\/\/www.medical-sponge.com\/wp-content\/uploads\/2024\/09\/Disposable-Head-Supports-1-600x600.jpg 600w, https:\/\/www.medical-sponge.com\/wp-content\/uploads\/2024\/09\/Disposable-Head-Supports-1-100x100.jpg 100w\" sizes=\"(max-width: 600px) 100vw, 600px\" \/><\/p>\n<p>&nbsp;<\/p>\n<div id=\"gtx-trans\" style=\"position: absolute; left: 432px; top: 58.1875px;\">\n<div class=\"gtx-trans-icon\"><\/div>\n<\/div>\n","protected":false},"excerpt":{"rendered":"<ul>\n<li><strong>Einweg: <\/strong> Zur einmaligen Verwendung, um das Infektionsrisiko zu minimieren.<\/li>\n<li><strong>Hypoallergenes Material:<\/strong> Hergestellt aus weichen, hautfreundlichen Materialien.<\/li>\n<li><strong>Geringes Gewicht: <\/strong> Sorgt f\u00fcr einfache Handhabung und Entsorgung.<\/li>\n<li><strong>Kompakt:<\/strong> Stapelbar f\u00fcr bequeme Lagerung.<\/li>\n<li><strong>Gr\u00f6\u00dfe:<\/strong> Diese kann einschlie\u00dflich der Dicke angepasst werden.<\/li>\n<\/ul>\n","protected":false},"featured_media":3926,"comment_status":"open","ping_status":"closed","template":"","meta":{"site-sidebar-layout":"default","site-content-layout":"","ast-site-content-layout":"default","site-content-style":"default","site-sidebar-style":"default","ast-global-header-display":"","ast-banner-title-visibility":"","ast-main-header-display":"","ast-hfb-above-header-display":"","ast-hfb-below-header-display":"","ast-hfb-mobile-header-display":"","site-post-title":"","ast-breadcrumbs-content":"","ast-featured-img":"","footer-sml-layout":"","theme-transparent-header-meta":"default","adv-header-id-meta":"","stick-header-meta":"","header-above-stick-meta":"","header-main-stick-meta":"","header-below-stick-meta":"","astra-migrate-meta-layouts":"default","ast-page-background-enabled":"default","ast-page-background-meta":{"desktop":{"background-color":"var(--ast-global-color-4)","background-image":"","background-repeat":"repeat","background-position":"center center","background-size":"auto","background-attachment":"scroll","background-type":"","background-media":"","overlay-type":"","overlay-color":"","overlay-opacity":"","overlay-gradient":""},"tablet":{"background-color":"","background-image":"","background-repeat":"repeat","background-position":"center center","background-size":"auto","background-attachment":"scroll","background-type":"","background-media":"","overlay-type":"","overlay-color":"","overlay-opacity":"","overlay-gradient":""},"mobile":{"background-color":"","background-image":"","background-repeat":"repeat","background-position":"center center","background-size":"auto","background-attachment":"scroll","background-type":"","background-media":"","overlay-type":"","overlay-color":"","overlay-opacity":"","overlay-gradient":""}},"ast-content-background-meta":{"desktop":{"background-color":"var(--ast-global-color-5)","background-image":"","background-repeat":"repeat","background-position":"center center","background-size":"auto","background-attachment":"scroll","background-type":"","background-media":"","overlay-type":"","overlay-color":"","overlay-opacity":"","overlay-gradient":""},"tablet":{"background-color":"var(--ast-global-color-5)","background-image":"","background-repeat":"repeat","background-position":"center center","background-size":"auto","background-attachment":"scroll","background-type":"","background-media":"","overlay-type":"","overlay-color":"","overlay-opacity":"","overlay-gradient":""},"mobile":{"background-color":"var(--ast-global-color-5)","background-image":"","background-repeat":"repeat","background-position":"center center","background-size":"auto","background-attachment":"scroll","background-type":"","background-media":"","overlay-type":"","overlay-color":"","overlay-opacity":"","overlay-gradient":""}}},"product_brand":[],"product_cat":[71],"product_tag":[],"class_list":{"0":"post-3925","1":"product","2":"type-product","3":"status-publish","4":"has-post-thumbnail","6":"product_cat-lagerungskissen","7":"desktop-align-left","8":"tablet-align-left","9":"mobile-align-left","11":"first","12":"instock","13":"shipping-taxable","14":"product-type-simple"},"_links":{"self":[{"href":"https:\/\/www.medical-sponge.com\/de\/wp-json\/wp\/v2\/product\/3925","targetHints":{"allow":["GET"]}}],"collection":[{"href":"https:\/\/www.medical-sponge.com\/de\/wp-json\/wp\/v2\/product"}],"about":[{"href":"https:\/\/www.medical-sponge.com\/de\/wp-json\/wp\/v2\/types\/product"}],"replies":[{"embeddable":true,"href":"https:\/\/www.medical-sponge.com\/de\/wp-json\/wp\/v2\/comments?post=3925"}],"version-history":[{"count":0,"href":"https:\/\/www.medical-sponge.com\/de\/wp-json\/wp\/v2\/product\/3925\/revisions"}],"wp:featuredmedia":[{"embeddable":true,"href":"https:\/\/www.medical-sponge.com\/de\/wp-json\/wp\/v2\/media\/3926"}],"wp:attachment":[{"href":"https:\/\/www.medical-sponge.com\/de\/wp-json\/wp\/v2\/media?parent=3925"}],"wp:term":[{"taxonomy":"product_brand","embeddable":true,"href":"https:\/\/www.medical-sponge.com\/de\/wp-json\/wp\/v2\/product_brand?post=3925"},{"taxonomy":"product_cat","embeddable":true,"href":"https:\/\/www.medical-sponge.com\/de\/wp-json\/wp\/v2\/product_cat?post=3925"},{"taxonomy":"product_tag","embeddable":true,"href":"https:\/\/www.medical-sponge.com\/de\/wp-json\/wp\/v2\/product_tag?post=3925"}],"curies":[{"name":"wp","href":"https:\/\/api.w.org\/{rel}","templated":true}]}}