{"id":3921,"date":"2024-09-14T16:42:31","date_gmt":"2024-09-14T08:42:31","guid":{"rendered":"https:\/\/www.medical-sponge.com\/einweg-kopfstuetzen-mit-schlitzen\/"},"modified":"2024-09-14T16:42:31","modified_gmt":"2024-09-14T08:42:31","slug":"einweg-kopfstuetzen-mit-schlitzen","status":"publish","type":"product","link":"https:\/\/www.medical-sponge.com\/de\/einweg-kopfstuetzen-mit-schlitzen.html","title":{"rendered":"Einweg-Kopfst\u00fctzen mit Schlitzen"},"content":{"rendered":"<table>\n<tbody>\n<tr>\n<td>Modell<\/td>\n<td>Standardgr\u00f6\u00dfe<\/td>\n<td>Farbe<\/td>\n<td>Material<\/td>\n<\/tr>\n<tr>\n<td>REF MFL3103<\/td>\n<td>22 cm x 20 cm x 10 cm oder individuell angepasst<\/td>\n<td>Gelb, gr\u00fcn, blau, kundenspezifisches Panton<\/td>\n<td>Individuell<\/td>\n<\/tr>\n<\/tbody>\n<\/table>\n<h2>Anwendungen:<\/h2>\n<ul>\n<li>Medizinische Untersuchungen<\/li>\n<li>Speziell f\u00fcr die bequeme Aufnahme eines Endotrachealtubus konzipiert.<\/li>\n<li>F\u00fcr die Verwendung sowohl in Bauch- als auch in R\u00fcckenlage konzipiert.<\/li>\n<li>Zahn\u00e4rztliche Behandlungen<\/li>\n<li>Physiotherapiesitzungen<\/li>\n<li>Chirurgische Eingriffe<\/li>\n<li>Kosmetische Behandlungen<\/li>\n<\/ul>\n","protected":false},"excerpt":{"rendered":"<ul>\n<li><strong>Sauberkeit: <\/strong> Reduziert die M\u00f6glichkeit einer Kreuzkontamination<\/li>\n<li><strong>M\u00fchelos: <\/strong> Kann nach Gebrauch einfach entsorgt werden, sodass keine Reinigung erforderlich ist.<\/li>\n<li><strong>Komfortabel: <\/strong> Weiches, hautfreundliches Material verhindert Irritationen bei l\u00e4ngeren Eingriffen<\/li>\n<li><strong>Anpassbar:<\/strong> Geeignet f\u00fcr eine Vielzahl medizinischer Zwecke<\/li>\n<li><strong>Kosteng\u00fcnstig: <\/strong> Kosteng\u00fcnstige Einwegoption f\u00fcr Kliniken und Krankenh\u00e4user<\/li>\n<\/ul>\n","protected":false},"featured_media":1050,"comment_status":"open","ping_status":"closed","template":"","meta":{"site-sidebar-layout":"default","site-content-layout":"","ast-site-content-layout":"default","site-content-style":"default","site-sidebar-style":"default","ast-global-header-display":"","ast-banner-title-visibility":"","ast-main-header-display":"","ast-hfb-above-header-display":"","ast-hfb-below-header-display":"","ast-hfb-mobile-header-display":"","site-post-title":"","ast-breadcrumbs-content":"","ast-featured-img":"","footer-sml-layout":"","theme-transparent-header-meta":"default","adv-header-id-meta":"","stick-header-meta":"","header-above-stick-meta":"","header-main-stick-meta":"","header-below-stick-meta":"","astra-migrate-meta-layouts":"default","ast-page-background-enabled":"default","ast-page-background-meta":{"desktop":{"background-color":"var(--ast-global-color-4)","background-image":"","background-repeat":"repeat","background-position":"center center","background-size":"auto","background-attachment":"scroll","background-type":"","background-media":"","overlay-type":"","overlay-color":"","overlay-opacity":"","overlay-gradient":""},"tablet":{"background-color":"","background-image":"","background-repeat":"repeat","background-position":"center center","background-size":"auto","background-attachment":"scroll","background-type":"","background-media":"","overlay-type":"","overlay-color":"","overlay-opacity":"","overlay-gradient":""},"mobile":{"background-color":"","background-image":"","background-repeat":"repeat","background-position":"center center","background-size":"auto","background-attachment":"scroll","background-type":"","background-media":"","overlay-type":"","overlay-color":"","overlay-opacity":"","overlay-gradient":""}},"ast-content-background-meta":{"desktop":{"background-color":"var(--ast-global-color-5)","background-image":"","background-repeat":"repeat","background-position":"center center","background-size":"auto","background-attachment":"scroll","background-type":"","background-media":"","overlay-type":"","overlay-color":"","overlay-opacity":"","overlay-gradient":""},"tablet":{"background-color":"var(--ast-global-color-5)","background-image":"","background-repeat":"repeat","background-position":"center center","background-size":"auto","background-attachment":"scroll","background-type":"","background-media":"","overlay-type":"","overlay-color":"","overlay-opacity":"","overlay-gradient":""},"mobile":{"background-color":"var(--ast-global-color-5)","background-image":"","background-repeat":"repeat","background-position":"center center","background-size":"auto","background-attachment":"scroll","background-type":"","background-media":"","overlay-type":"","overlay-color":"","overlay-opacity":"","overlay-gradient":""}}},"product_brand":[],"product_cat":[71],"product_tag":[],"class_list":{"0":"post-3921","1":"product","2":"type-product","3":"status-publish","4":"has-post-thumbnail","6":"product_cat-lagerungskissen","7":"desktop-align-left","8":"tablet-align-left","9":"mobile-align-left","11":"first","12":"instock","13":"shipping-taxable","14":"product-type-simple"},"_links":{"self":[{"href":"https:\/\/www.medical-sponge.com\/de\/wp-json\/wp\/v2\/product\/3921","targetHints":{"allow":["GET"]}}],"collection":[{"href":"https:\/\/www.medical-sponge.com\/de\/wp-json\/wp\/v2\/product"}],"about":[{"href":"https:\/\/www.medical-sponge.com\/de\/wp-json\/wp\/v2\/types\/product"}],"replies":[{"embeddable":true,"href":"https:\/\/www.medical-sponge.com\/de\/wp-json\/wp\/v2\/comments?post=3921"}],"version-history":[{"count":0,"href":"https:\/\/www.medical-sponge.com\/de\/wp-json\/wp\/v2\/product\/3921\/revisions"}],"wp:featuredmedia":[{"embeddable":true,"href":"https:\/\/www.medical-sponge.com\/de\/wp-json\/wp\/v2\/media\/1050"}],"wp:attachment":[{"href":"https:\/\/www.medical-sponge.com\/de\/wp-json\/wp\/v2\/media?parent=3921"}],"wp:term":[{"taxonomy":"product_brand","embeddable":true,"href":"https:\/\/www.medical-sponge.com\/de\/wp-json\/wp\/v2\/product_brand?post=3921"},{"taxonomy":"product_cat","embeddable":true,"href":"https:\/\/www.medical-sponge.com\/de\/wp-json\/wp\/v2\/product_cat?post=3921"},{"taxonomy":"product_tag","embeddable":true,"href":"https:\/\/www.medical-sponge.com\/de\/wp-json\/wp\/v2\/product_tag?post=3921"}],"curies":[{"name":"wp","href":"https:\/\/api.w.org\/{rel}","templated":true}]}}